{"id":18390,"date":"2024-05-06T06:17:43","date_gmt":"2024-05-06T06:17:43","guid":{"rendered":"https:\/\/reanpackaging.com\/product\/brown-clothing-corrugated-cardboard-packaging-mailer-box-luxury-branded-apparel-shipping-paper-tear-strip-zipper-box-recyclable\/"},"modified":"2024-10-01T16:27:50","modified_gmt":"2024-10-01T16:27:50","slug":"brown-clothing-corrugated-cardboard-packaging-mailer-box-luxury-branded-apparel-shipping-paper-tear-strip-zipper-box-recyclable","status":"publish","type":"product","link":"https:\/\/reanpackaging.com\/pl\/produkt\/brown-clothing-corrugated-cardboard-packaging-mailer-box-luxury-branded-apparel-shipping-paper-tear-strip-zipper-box-recyclable\/","title":{"rendered":"Br\u0105zowa odzie\u017c Opakowanie z tektury falistej Pude\u0142ko pocztowe Luksusowa markowa odzie\u017c Wysy\u0142ka Papierowy pasek do rozdarcia Zamek b\u0142yskawiczny Pude\u0142ko nadaj\u0105ce si\u0119 do recyklingu"},"content":{"rendered":"<h4>Atrybuty specyficzne dla bran\u017cy<\/h4>\n<table border=\"1\">\n<tbody>\n<tr>\n<td><strong>Zastosowanie przemys\u0142owe<\/strong><\/td>\n<td>Buty i odzie\u017c<\/td>\n<\/tr>\n<tr>\n<td><strong>Rodzaj papieru<\/strong><\/td>\n<td>Tektura falista<\/td>\n<\/tr>\n<tr>\n<td><strong>Cecha<\/strong><\/td>\n<td>Ulega biodegradacji<\/td>\n<\/tr>\n<\/tbody>\n<\/table>\n<h4>Inne atrybuty<\/h4>\n<table border=\"1\">\n<tbody>\n<tr>\n<td><strong>Miejsce pochodzenia<\/strong><\/td>\n<td>Guangdong, Chiny<\/td>\n<\/tr>\n<tr>\n<td><strong>Typ pude\u0142ka<\/strong><\/td>\n<td>Sztywne pude\u0142ka<\/td>\n<\/tr>\n<tr>\n<td><strong>Numer modelu<\/strong><\/td>\n<td>M00801<\/td>\n<\/tr>\n<tr>\n<td><strong>Obs\u0142uga drukowania<\/strong><\/td>\n<td>Laminowanie matowe, lakierowanie, t\u0142oczenie, wyt\u0142aczanie, laminowanie b\u0142yszcz\u0105ce, powlekanie UV, VANISHING, z\u0142ota folia<\/td>\n<\/tr>\n<tr>\n<td><strong>Zam\u00f3wienie niestandardowe<\/strong><\/td>\n<td>Akceptuj<\/td>\n<\/tr>\n<tr>\n<td><strong>Kszta\u0142t<\/strong><\/td>\n<td>kwadrat, prostok\u0105t lub kszta\u0142t specjalny<\/td>\n<\/tr>\n<tr>\n<td><strong>Drukowanie logo<\/strong><\/td>\n<td>Akceptuj<\/td>\n<\/tr>\n<tr>\n<td><strong>Materia\u0142<\/strong><\/td>\n<td>Papier Kraft, 3-warstwowa tektura falista E\/B, ta\u015bma dwustronna...<\/td>\n<\/tr>\n<tr>\n<td><strong>Styl pude\u0142ka<\/strong><\/td>\n<td>Pude\u0142ko z zamkiem b\u0142yskawicznym lub personalizacja<\/td>\n<\/tr>\n<tr>\n<td><strong>Projektowanie\/drukowanie<\/strong><\/td>\n<td>Cutomized, CMYK, kolor Pantone, druk UV itp.<\/td>\n<\/tr>\n<tr>\n<td><strong>Rozmiar<\/strong><\/td>\n<td>15x15x5, 20x13x3, 20x14x4, 20x15x5, 40x30x6, 45x35x9cm<\/td>\n<\/tr>\n<tr>\n<td><strong>U\u017cycie<\/strong><\/td>\n<td>Wysy\u0142ka prezent\u00f3w, bi\u017cuterii, odzie\u017cy, produkt\u00f3w kosmetycznych, skarpet...<\/td>\n<\/tr>\n<tr>\n<td><strong>Logo<\/strong><\/td>\n<td>Cutomized<\/td>\n<\/tr>\n<tr>\n<td><strong>Czas dostawy<\/strong><\/td>\n<td>1-7 dni roboczych<\/td>\n<\/tr>\n<tr>\n<td><strong>MOQ<\/strong><\/td>\n<td>100 szt.<\/td>\n<\/tr>\n<tr>\n<td><strong>OEM\/ODM<\/strong><\/td>\n<td>Dopuszczalny<\/td>\n<\/tr>\n<tr>\n<td><strong>P\u0142atno\u015b\u0107<\/strong><\/td>\n<td>T \/ T, Alipay, PayPal, L \/ C itp.<\/td>\n<\/tr>\n<\/tbody>\n<\/table>\n<p><img decoding=\"async\" class=\"detail-desc-decorate-image\" style=\"max-width: 100%; height: auto; display: block; margin: 0 auto;\" src=\"https:\/\/reanpackaging.com\/wp-content\/uploads\/2024\/05\/2-description-Brown-Clothing-Corrugated-Cardboard-Packaging-Mailer-Box-luxury-Branded-Apparel-Shipping-Paper-Tear-Strip-Zipper-Box-Recyclable.jpg\" \/><br \/>\n<img decoding=\"async\" class=\"detail-desc-decorate-image\" style=\"max-width: 100%; height: auto; display: block; margin: 0 auto;\" src=\"https:\/\/reanpackaging.com\/wp-content\/uploads\/2024\/05\/3-description-Brown-Clothing-Corrugated-Cardboard-Packaging-Mailer-Box-luxury-Branded-Apparel-Shipping-Paper-Tear-Strip-Zipper-Box-Recyclable.jpg\" \/><br \/>\n<img decoding=\"async\" class=\"detail-desc-decorate-image\" style=\"max-width: 100%; height: auto; display: block; margin: 0 auto;\" src=\"https:\/\/reanpackaging.com\/wp-content\/uploads\/2024\/05\/4-description-Brown-Clothing-Corrugated-Cardboard-Packaging-Mailer-Box-luxury-Branded-Apparel-Shipping-Paper-Tear-Strip-Zipper-Box-Recyclable.jpg\" \/><br \/>\n<img decoding=\"async\" class=\"detail-desc-decorate-image\" style=\"max-width: 100%; height: auto; display: block; margin: 0 auto;\" src=\"https:\/\/reanpackaging.com\/wp-content\/uploads\/2024\/05\/5-description-Brown-Clothing-Corrugated-Cardboard-Packaging-Mailer-Box-luxury-Branded-Apparel-Shipping-Paper-Tear-Strip-Zipper-Box-Recyclable.jpg\" \/><br \/>\n<img decoding=\"async\" class=\"detail-desc-decorate-image\" style=\"max-width: 100%; height: auto; display: block; margin: 0 auto;\" src=\"https:\/\/reanpackaging.com\/wp-content\/uploads\/2024\/05\/6-description-Brown-Clothing-Corrugated-Cardboard-Packaging-Mailer-Box-luxury-Branded-Apparel-Shipping-Paper-Tear-Strip-Zipper-Box-Recyclable.png\" \/><\/p>","protected":false},"excerpt":{"rendered":"<p>Industry-Specific Attributes Industrial Use Shoes &amp; clothing Paper Type Corrugated Board Feature Bio-degradable Other Attributes Place of Origin Guangdong, China Box Type Rigid Boxes Model Number M00801 Printing Handling Matt Lamination, Varnishing, Stamping, Embossing, Glossy Lamination, UV Coating, VANISHING, Gold Foil Custom Order Accept Shape square, rectangle or special shape Logo printing Accept Material Kraft [&hellip;]<\/p>\n","protected":false},"featured_media":18287,"template":"","meta":{"_seopress_robots_primary_cat":"none","_seopress_titles_title":"","_seopress_titles_desc":"","_seopress_robots_index":"","site-sidebar-layout":"default","site-content-layout":"","ast-site-content-layout":"default","site-content-style":"default","site-sidebar-style":"default","ast-global-header-display":"","ast-banner-title-visibility":"","ast-main-header-display":"","ast-hfb-above-header-display":"","ast-hfb-below-header-display":"","ast-hfb-mobile-header-display":"","site-post-title":"","ast-breadcrumbs-content":"","ast-featured-img":"","footer-sml-layout":"","ast-disable-related-posts":"","theme-transparent-header-meta":"default","adv-header-id-meta":"","stick-header-meta":"default","header-above-stick-meta":"","header-main-stick-meta":"","header-below-stick-meta":"","astra-migrate-meta-layouts":"set","ast-page-background-enabled":"default","ast-page-background-meta":{"desktop":{"background-color":"","background-image":"","background-repeat":"repeat","background-position":"center center","background-size":"auto","background-attachment":"scroll","background-type":"","background-media":"","overlay-type":"","overlay-color":"","overlay-opacity":"","overlay-gradient":""},"tablet":{"background-color":"","background-image":"","background-repeat":"repeat","background-position":"center center","background-size":"auto","background-attachment":"scroll","background-type":"","background-media":"","overlay-type":"","overlay-color":"","overlay-opacity":"","overlay-gradient":""},"mobile":{"background-color":"","background-image":"","background-repeat":"repeat","background-position":"center center","background-size":"auto","background-attachment":"scroll","background-type":"","background-media":"","overlay-type":"","overlay-color":"","overlay-opacity":"","overlay-gradient":""}},"ast-content-background-meta":{"desktop":{"background-color":"var(--ast-global-color-5)","background-image":"","background-repeat":"repeat","background-position":"center center","background-size":"auto","background-attachment":"scroll","background-type":"","background-media":"","overlay-type":"","overlay-color":"","overlay-opacity":"","overlay-gradient":""},"tablet":{"background-color":"var(--ast-global-color-5)","background-image":"","background-repeat":"repeat","background-position":"center center","background-size":"auto","background-attachment":"scroll","background-type":"","background-media":"","overlay-type":"","overlay-color":"","overlay-opacity":"","overlay-gradient":""},"mobile":{"background-color":"var(--ast-global-color-5)","background-image":"","background-repeat":"repeat","background-position":"center center","background-size":"auto","background-attachment":"scroll","background-type":"","background-media":"","overlay-type":"","overlay-color":"","overlay-opacity":"","overlay-gradient":""}}},"product_brand":[],"product_cat":[47],"product_tag":[],"class_list":{"0":"post-18390","1":"product","2":"type-product","3":"status-publish","4":"has-post-thumbnail","6":"product_cat-mailer-boxes","7":"desktop-align-left","8":"tablet-align-left","9":"mobile-align-left","10":"ast-product-gallery-layout-horizontal","11":"ast-product-tabs-layout-horizontal","13":"first","14":"instock","15":"purchasable","16":"product-type-simple"},"_links":{"self":[{"href":"https:\/\/reanpackaging.com\/pl\/wp-json\/wp\/v2\/product\/18390","targetHints":{"allow":["GET"]}}],"collection":[{"href":"https:\/\/reanpackaging.com\/pl\/wp-json\/wp\/v2\/product"}],"about":[{"href":"https:\/\/reanpackaging.com\/pl\/wp-json\/wp\/v2\/types\/product"}],"wp:featuredmedia":[{"embeddable":true,"href":"https:\/\/reanpackaging.com\/pl\/wp-json\/wp\/v2\/media\/18287"}],"wp:attachment":[{"href":"https:\/\/reanpackaging.com\/pl\/wp-json\/wp\/v2\/media?parent=18390"}],"wp:term":[{"taxonomy":"product_brand","embeddable":true,"href":"https:\/\/reanpackaging.com\/pl\/wp-json\/wp\/v2\/product_brand?post=18390"},{"taxonomy":"product_cat","embeddable":true,"href":"https:\/\/reanpackaging.com\/pl\/wp-json\/wp\/v2\/product_cat?post=18390"},{"taxonomy":"product_tag","embeddable":true,"href":"https:\/\/reanpackaging.com\/pl\/wp-json\/wp\/v2\/product_tag?post=18390"}],"curies":[{"name":"wp","href":"https:\/\/api.w.org\/{rel}","templated":true}]}}