{"id":20745,"date":"2024-07-14T16:20:37","date_gmt":"2024-07-14T16:20:37","guid":{"rendered":"https:\/\/reanpackaging.com\/product\/led-jewellery-box-black-lacquer-logo-silk-screen-luxury-led-jewellery-package-custom-ring-boxes-jewelry-box-with-lights\/"},"modified":"2024-10-01T16:23:23","modified_gmt":"2024-10-01T16:23:23","slug":"led-jewellery-box-black-lacquer-logo-silk-screen-luxury-led-jewellery-package-custom-ring-boxes-jewelry-box-with-lights","status":"publish","type":"product","link":"https:\/\/reanpackaging.com\/pl\/produkt\/led-jewellery-box-black-lacquer-logo-silk-screen-luxury-led-jewellery-package-custom-ring-boxes-jewelry-box-with-lights\/","title":{"rendered":"Pude\u0142ko na bi\u017cuteri\u0119 LED czarny lakier logo sitodruk luksusowy pakiet bi\u017cuterii led niestandardowe pude\u0142ka na pier\u015bcionki pude\u0142ko na bi\u017cuteri\u0119 ze \u015bwiat\u0142ami"},"content":{"rendered":"<h4>Atrybuty specyficzne dla bran\u017cy<\/h4>\n<table border=\"1\">\n<tbody>\n<tr>\n<td><strong>Pude\u0142ka na bi\u017cuteri\u0119 Materia\u0142<\/strong><\/td>\n<td>plastik<\/td>\n<\/tr>\n<\/tbody>\n<\/table>\n<h4>Inne atrybuty<\/h4>\n<table border=\"1\">\n<tbody>\n<tr>\n<td><strong>Numer modelu<\/strong><\/td>\n<td>FT0014<\/td>\n<\/tr>\n<tr>\n<td><strong>rozmiar<\/strong><\/td>\n<td>dostosowany<\/td>\n<\/tr>\n<tr>\n<td><strong>Certyfikat<\/strong><\/td>\n<td>ISO 9001\/ SGS\/FAMA\/MSDS itp.<\/td>\n<\/tr>\n<tr>\n<td><strong>Nazwa produktu<\/strong><\/td>\n<td>Luksusowe pude\u0142ko na bi\u017cuteri\u0119 z o\u015bwietleniem LED<\/td>\n<\/tr>\n<tr>\n<td><strong>Rozmiar<\/strong><\/td>\n<td>Pier\u015bcionek\/wisior\/kolczyki\/bransoletka\/du\u017cy naszyjnik\/podw\u00f3jny pier\u015bcionek\/du\u017cy zestaw<\/td>\n<\/tr>\n<tr>\n<td><strong>Logo<\/strong><\/td>\n<td>Bezp\u0142atne dostosowywanie<\/td>\n<\/tr>\n<tr>\n<td><strong>Logo rzemios\u0142a<\/strong><\/td>\n<td>T\u0142oczenie na gor\u0105co\/nadruk jedwabny\/t\u0142oczony\/druk 3D<\/td>\n<\/tr>\n<tr>\n<td><strong>Materia\u0142<\/strong><\/td>\n<td>Tworzywo sztuczne<\/td>\n<\/tr>\n<tr>\n<td><strong>Kolor<\/strong><\/td>\n<td>Czarny\/Bia\u0142y\/Niebieski\/Purpurowy\/R\u00f3\u017cowy\/Czerwony\/Z\u0142oty\/Zielony<\/td>\n<\/tr>\n<tr>\n<td><strong>Czas pr\u00f3by<\/strong><\/td>\n<td>2-5 dni roboczych<\/td>\n<\/tr>\n<tr>\n<td><strong>OEM<\/strong><\/td>\n<td>Zapewnij us\u0142ug\u0119 dostosowywania OEM<\/td>\n<\/tr>\n<tr>\n<td><strong>MOQ<\/strong><\/td>\n<td>50szt<\/td>\n<\/tr>\n<\/tbody>\n<\/table>\n<p><img decoding=\"async\" class=\"detail-desc-decorate-image\" style=\"max-width: 100%; height: auto; display: block; margin: 0 auto;\" src=\"https:\/\/reanpackaging.com\/wp-content\/uploads\/2024\/07\/6-description-Led-jewellery-box-black-lacquer-logo-silk-screen-luxury-led-jewellery-package-custom-ring-boxes-jewelry-box-with-lights.png\" \/><br \/>\n<img decoding=\"async\" class=\"detail-desc-decorate-image\" style=\"max-width: 100%; height: auto; display: block; margin: 0 auto;\" src=\"https:\/\/reanpackaging.com\/wp-content\/uploads\/2024\/07\/7-description-Led-jewellery-box-black-lacquer-logo-silk-screen-luxury-led-jewellery-package-custom-ring-boxes-jewelry-box-with-lights.jpg\" \/><br \/>\n<img decoding=\"async\" class=\"detail-desc-decorate-image\" style=\"max-width: 100%; height: auto; display: block; margin: 0 auto;\" src=\"https:\/\/reanpackaging.com\/wp-content\/uploads\/2024\/07\/8-description-Led-jewellery-box-black-lacquer-logo-silk-screen-luxury-led-jewellery-package-custom-ring-boxes-jewelry-box-with-lights.jpg\" \/><br \/>\n<img decoding=\"async\" class=\"detail-desc-decorate-image\" style=\"max-width: 100%; height: auto; display: block; margin: 0 auto;\" src=\"https:\/\/reanpackaging.com\/wp-content\/uploads\/2024\/07\/9-description-Led-jewellery-box-black-lacquer-logo-silk-screen-luxury-led-jewellery-package-custom-ring-boxes-jewelry-box-with-lights.jpg\" \/><br \/>\n<img decoding=\"async\" class=\"detail-desc-decorate-image\" style=\"max-width: 100%; height: auto; display: block; margin: 0 auto;\" src=\"https:\/\/reanpackaging.com\/wp-content\/uploads\/2024\/07\/10-description-Led-jewellery-box-black-lacquer-logo-silk-screen-luxury-led-jewellery-package-custom-ring-boxes-jewelry-box-with-lights.jpg\" \/><br \/>\n<img decoding=\"async\" class=\"detail-desc-decorate-image\" style=\"max-width: 100%; height: auto; display: block; margin: 0 auto;\" src=\"https:\/\/reanpackaging.com\/wp-content\/uploads\/2024\/07\/11-description-Led-jewellery-box-black-lacquer-logo-silk-screen-luxury-led-jewellery-package-custom-ring-boxes-jewelry-box-with-lights.jpg\" \/><br \/>\n<img decoding=\"async\" class=\"detail-desc-decorate-image\" style=\"max-width: 100%; height: auto; display: block; margin: 0 auto;\" src=\"https:\/\/reanpackaging.com\/wp-content\/uploads\/2024\/07\/12-description-Led-jewellery-box-black-lacquer-logo-silk-screen-luxury-led-jewellery-package-custom-ring-boxes-jewelry-box-with-lights.jpg\" \/><br \/>\n<img decoding=\"async\" class=\"detail-desc-decorate-image\" style=\"max-width: 100%; height: auto; display: block; margin: 0 auto;\" src=\"https:\/\/reanpackaging.com\/wp-content\/uploads\/2024\/07\/13-description-Led-jewellery-box-black-lacquer-logo-silk-screen-luxury-led-jewellery-package-custom-ring-boxes-jewelry-box-with-lights.jpg\" \/><br \/>\n<img decoding=\"async\" class=\"detail-desc-decorate-image\" style=\"max-width: 100%; height: auto; display: block; margin: 0 auto;\" src=\"https:\/\/reanpackaging.com\/wp-content\/uploads\/2024\/07\/14-description-Led-jewellery-box-black-lacquer-logo-silk-screen-luxury-led-jewellery-package-custom-ring-boxes-jewelry-box-with-lights.jpg\" \/><br \/>\n<img decoding=\"async\" class=\"detail-desc-decorate-image\" style=\"max-width: 100%; height: auto; display: block; margin: 0 auto;\" src=\"https:\/\/reanpackaging.com\/wp-content\/uploads\/2024\/07\/15-description-Led-jewellery-box-black-lacquer-logo-silk-screen-luxury-led-jewellery-package-custom-ring-boxes-jewelry-box-with-lights.jpg\" \/><br \/>\n<img decoding=\"async\" class=\"detail-desc-decorate-image\" style=\"max-width: 100%; height: auto; display: block; margin: 0 auto;\" src=\"https:\/\/reanpackaging.com\/wp-content\/uploads\/2024\/07\/16-description-Led-jewellery-box-black-lacquer-logo-silk-screen-luxury-led-jewellery-package-custom-ring-boxes-jewelry-box-with-lights.jpg\" \/><br \/>\n<img decoding=\"async\" class=\"detail-desc-decorate-image\" style=\"max-width: 100%; height: auto; display: block; margin: 0 auto;\" src=\"https:\/\/reanpackaging.com\/wp-content\/uploads\/2024\/07\/17-description-Led-jewellery-box-black-lacquer-logo-silk-screen-luxury-led-jewellery-package-custom-ring-boxes-jewelry-box-with-lights.jpg\" \/><br \/>\n<img decoding=\"async\" class=\"detail-desc-decorate-image\" style=\"max-width: 100%; height: auto; display: block; margin: 0 auto;\" src=\"https:\/\/reanpackaging.com\/wp-content\/uploads\/2024\/07\/18-description-Led-jewellery-box-black-lacquer-logo-silk-screen-luxury-led-jewellery-package-custom-ring-boxes-jewelry-box-with-lights.png\" \/><\/p>","protected":false},"excerpt":{"rendered":"<p>Industry-Specific Attributes Jewelry Boxes Material plastic Other Attributes Model Number FT0014 size customized Certificate ISO 9001\/ SGS\/FAMA\/MSDS etc. Product Name Luxury Jewelry Box With Led light Size Ring\/Pendant\/Earring\/Bangle\/Big Necklace\/Double Ring\/Big set Logo Free Customize Logo craft Hot-stamping\/silk print\/embossed\/debossed\/3D print Material Plastic Color Black\/White\/Blue\/Purple\/Pink\/Red\/Gold\/Green Sample Time 2-5 Working Day OEM Provide OEM Customize Service MOQ 50pcs<\/p>","protected":false},"featured_media":20622,"template":"","meta":{"_seopress_robots_primary_cat":"none","_seopress_titles_title":"","_seopress_titles_desc":"","_seopress_robots_index":"","site-sidebar-layout":"default","site-content-layout":"","ast-site-content-layout":"default","site-content-style":"default","site-sidebar-style":"default","ast-global-header-display":"","ast-banner-title-visibility":"","ast-main-header-display":"","ast-hfb-above-header-display":"","ast-hfb-below-header-display":"","ast-hfb-mobile-header-display":"","site-post-title":"","ast-breadcrumbs-content":"","ast-featured-img":"","footer-sml-layout":"","ast-disable-related-posts":"","theme-transparent-header-meta":"default","adv-header-id-meta":"","stick-header-meta":"default","header-above-stick-meta":"","header-main-stick-meta":"","header-below-stick-meta":"","astra-migrate-meta-layouts":"set","ast-page-background-enabled":"default","ast-page-background-meta":{"desktop":{"background-color":"","background-image":"","background-repeat":"repeat","background-position":"center center","background-size":"auto","background-attachment":"scroll","background-type":"","background-media":"","overlay-type":"","overlay-color":"","overlay-opacity":"","overlay-gradient":""},"tablet":{"background-color":"","background-image":"","background-repeat":"repeat","background-position":"center center","background-size":"auto","background-attachment":"scroll","background-type":"","background-media":"","overlay-type":"","overlay-color":"","overlay-opacity":"","overlay-gradient":""},"mobile":{"background-color":"","background-image":"","background-repeat":"repeat","background-position":"center center","background-size":"auto","background-attachment":"scroll","background-type":"","background-media":"","overlay-type":"","overlay-color":"","overlay-opacity":"","overlay-gradient":""}},"ast-content-background-meta":{"desktop":{"background-color":"var(--ast-global-color-5)","background-image":"","background-repeat":"repeat","background-position":"center center","background-size":"auto","background-attachment":"scroll","background-type":"","background-media":"","overlay-type":"","overlay-color":"","overlay-opacity":"","overlay-gradient":""},"tablet":{"background-color":"var(--ast-global-color-5)","background-image":"","background-repeat":"repeat","background-position":"center center","background-size":"auto","background-attachment":"scroll","background-type":"","background-media":"","overlay-type":"","overlay-color":"","overlay-opacity":"","overlay-gradient":""},"mobile":{"background-color":"var(--ast-global-color-5)","background-image":"","background-repeat":"repeat","background-position":"center center","background-size":"auto","background-attachment":"scroll","background-type":"","background-media":"","overlay-type":"","overlay-color":"","overlay-opacity":"","overlay-gradient":""}}},"product_brand":[],"product_cat":[64],"product_tag":[],"class_list":{"0":"post-20745","1":"product","2":"type-product","3":"status-publish","4":"has-post-thumbnail","6":"product_cat-jewelry-gift-boxes","7":"desktop-align-left","8":"tablet-align-left","9":"mobile-align-left","10":"ast-product-gallery-layout-horizontal","11":"ast-product-tabs-layout-horizontal","13":"first","14":"instock","15":"purchasable","16":"product-type-simple"},"_links":{"self":[{"href":"https:\/\/reanpackaging.com\/pl\/wp-json\/wp\/v2\/product\/20745","targetHints":{"allow":["GET"]}}],"collection":[{"href":"https:\/\/reanpackaging.com\/pl\/wp-json\/wp\/v2\/product"}],"about":[{"href":"https:\/\/reanpackaging.com\/pl\/wp-json\/wp\/v2\/types\/product"}],"wp:featuredmedia":[{"embeddable":true,"href":"https:\/\/reanpackaging.com\/pl\/wp-json\/wp\/v2\/media\/20622"}],"wp:attachment":[{"href":"https:\/\/reanpackaging.com\/pl\/wp-json\/wp\/v2\/media?parent=20745"}],"wp:term":[{"taxonomy":"product_brand","embeddable":true,"href":"https:\/\/reanpackaging.com\/pl\/wp-json\/wp\/v2\/product_brand?post=20745"},{"taxonomy":"product_cat","embeddable":true,"href":"https:\/\/reanpackaging.com\/pl\/wp-json\/wp\/v2\/product_cat?post=20745"},{"taxonomy":"product_tag","embeddable":true,"href":"https:\/\/reanpackaging.com\/pl\/wp-json\/wp\/v2\/product_tag?post=20745"}],"curies":[{"name":"wp","href":"https:\/\/api.w.org\/{rel}","templated":true}]}}