{"id":21229,"date":"2024-07-17T17:10:45","date_gmt":"2024-07-17T17:10:45","guid":{"rendered":"https:\/\/reanpackaging.com\/product\/newly-custom-logo-transparent-gift-box-with-lid-clear-cake-boxes-carrier-packing-wedding-gift-box\/"},"modified":"2024-10-01T16:21:20","modified_gmt":"2024-10-01T16:21:20","slug":"newly-custom-logo-transparent-gift-box-with-lid-clear-cake-boxes-carrier-packing-wedding-gift-box","status":"publish","type":"product","link":"https:\/\/reanpackaging.com\/pl\/produkt\/newly-custom-logo-transparent-gift-box-with-lid-clear-cake-boxes-carrier-packing-wedding-gift-box\/","title":{"rendered":"Nowe niestandardowe logo Przezroczyste pude\u0142ko na prezenty z pokrywk\u0105 Przezroczyste pude\u0142ka na ciasto Opakowanie na prezent \u015blubny"},"content":{"rendered":"<h4>Atrybuty specyficzne dla bran\u017cy<\/h4>\n<table border=\"1\">\n<tr>\n<td><strong>Zastosowanie przemys\u0142owe<\/strong><\/td>\n<td>\u017bywno\u015b\u0107<\/td>\n<\/tr>\n<tr>\n<td><strong>Cecha<\/strong><\/td>\n<td>Materia\u0142y z recyklingu<\/td>\n<\/tr>\n<tr>\n<td><strong>Typ plastikowy<\/strong><\/td>\n<td>PS<\/td>\n<\/tr>\n<\/table>\n<h4>Inne atrybuty<\/h4>\n<table border=\"1\">\n<tr>\n<td><strong>Grubo\u015b\u0107<\/strong><\/td>\n<td>3 mm<\/td>\n<\/tr>\n<tr>\n<td><strong>Struktura materia\u0142u<\/strong><\/td>\n<td>plastik<\/td>\n<\/tr>\n<tr>\n<td><strong>Obs\u0142uga drukowania<\/strong><\/td>\n<td>T\u0142oczenie, powlekanie UV, lakierowanie, laminowanie b\u0142yszcz\u0105ce, t\u0142oczenie, laminowanie matowe<\/td>\n<\/tr>\n<tr>\n<td><strong>Zam\u00f3wienie niestandardowe<\/strong><\/td>\n<td>Akceptuj<\/td>\n<\/tr>\n<tr>\n<td><strong>Obs\u0142uga drukowania<\/strong><\/td>\n<td>Sitodruk, z\u0142oty stempel<\/td>\n<\/tr>\n<tr>\n<td><strong>Materia\u0142<\/strong><\/td>\n<td>Materia\u0142y PS<\/td>\n<\/tr>\n<tr>\n<td><strong>Typ<\/strong><\/td>\n<td>Pude\u0142ko do pakowania \u017cywno\u015bci<\/td>\n<\/tr>\n<tr>\n<td><strong>Rozmiar<\/strong><\/td>\n<td>\u015brednica od 10 do 25 cm<\/td>\n<\/tr>\n<tr>\n<td><strong>Kszta\u0142t<\/strong><\/td>\n<td>Okr\u0105g\u0142y<\/td>\n<\/tr>\n<tr>\n<td><strong>MOQ<\/strong><\/td>\n<td>5szt.<\/td>\n<\/tr>\n<tr>\n<td><strong>Pakowanie<\/strong><\/td>\n<td>Przezroczysta pusta kula<\/td>\n<\/tr>\n<tr>\n<td><strong>Kolor<\/strong><\/td>\n<td>Wyczy\u015b\u0107<\/td>\n<\/tr>\n<tr>\n<td><strong>OEM\/ODM<\/strong><\/td>\n<td>Dopuszczalny<\/td>\n<\/tr>\n<tr>\n<td><strong>P\u0142atno\u015b\u0107<\/strong><\/td>\n<td>PaypalWestern UnionTT<\/td>\n<\/tr>\n<tr>\n<td><strong>Logo<\/strong><\/td>\n<td>Dopuszczalne logo klienta<\/td>\n<\/tr>\n<\/table>\n<p><img decoding=\"async\" class=\"detail-desc-decorate-image\" src=\"https:\/\/reanpackaging.com\/wp-content\/uploads\/2024\/07\/1-description-Newly-Custom-Logo-Transparent-Gift-Box-With-Lid-Clear-Cake-Boxes-Carrier-Packing-Wedding-Gift-Box.jpg\" slate-data-type=\"image\" style=\"max-width: 100%; height: auto; display: block; margin: 0 auto;\"><br \/>\n<img decoding=\"async\" class=\"detail-desc-decorate-image\" src=\"https:\/\/reanpackaging.com\/wp-content\/uploads\/2024\/07\/2-description-Newly-Custom-Logo-Transparent-Gift-Box-With-Lid-Clear-Cake-Boxes-Carrier-Packing-Wedding-Gift-Box.jpg\" slate-data-type=\"image\" style=\"max-width: 100%; height: auto; display: block; margin: 0 auto;\"><br \/>\n<img decoding=\"async\" class=\"detail-desc-decorate-image\" src=\"https:\/\/reanpackaging.com\/wp-content\/uploads\/2024\/07\/3-description-Newly-Custom-Logo-Transparent-Gift-Box-With-Lid-Clear-Cake-Boxes-Carrier-Packing-Wedding-Gift-Box.jpg\" slate-data-type=\"image\" style=\"max-width: 100%; height: auto; display: block; margin: 0 auto;\"><br \/>\n<img decoding=\"async\" class=\"detail-desc-decorate-image\" src=\"https:\/\/reanpackaging.com\/wp-content\/uploads\/2024\/07\/4-description-Newly-Custom-Logo-Transparent-Gift-Box-With-Lid-Clear-Cake-Boxes-Carrier-Packing-Wedding-Gift-Box.jpg\" slate-data-type=\"image\" style=\"max-width: 100%; height: auto; display: block; margin: 0 auto;\"><br \/>\n<img decoding=\"async\" class=\"detail-desc-decorate-image\" src=\"https:\/\/reanpackaging.com\/wp-content\/uploads\/2024\/07\/5-description-Newly-Custom-Logo-Transparent-Gift-Box-With-Lid-Clear-Cake-Boxes-Carrier-Packing-Wedding-Gift-Box.jpg\" slate-data-type=\"image\" style=\"max-width: 100%; height: auto; display: block; margin: 0 auto;\"><br \/>\n<img decoding=\"async\" class=\"detail-desc-decorate-image\" src=\"https:\/\/reanpackaging.com\/wp-content\/uploads\/2024\/07\/6-description-Newly-Custom-Logo-Transparent-Gift-Box-With-Lid-Clear-Cake-Boxes-Carrier-Packing-Wedding-Gift-Box.jpg\" slate-data-type=\"image\" style=\"max-width: 100%; height: auto; display: block; margin: 0 auto;\"><\/p>","protected":false},"excerpt":{"rendered":"<p>Industry-Specific Attributes Industrial Use Food Feature Recycled Materials Plastic Type PS Other Attributes Thickness 3mm Material Structure plastic Printing Handling Embossing, UV Coating, Varnishing, Glossy Lamination, Stamping, Matt Lamination Custom Order Accept Printing Handling Silk screen printing, Gold Stamp Material PS materials Type Food Packing box Size diameter from10 and 25cm Shape Round MOQ 5pcs [&hellip;]<\/p>\n","protected":false},"featured_media":21131,"template":"","meta":{"_seopress_robots_primary_cat":"none","_seopress_titles_title":"","_seopress_titles_desc":"","_seopress_robots_index":"","site-sidebar-layout":"default","site-content-layout":"","ast-site-content-layout":"default","site-content-style":"default","site-sidebar-style":"default","ast-global-header-display":"","ast-banner-title-visibility":"","ast-main-header-display":"","ast-hfb-above-header-display":"","ast-hfb-below-header-display":"","ast-hfb-mobile-header-display":"","site-post-title":"","ast-breadcrumbs-content":"","ast-featured-img":"","footer-sml-layout":"","ast-disable-related-posts":"","theme-transparent-header-meta":"default","adv-header-id-meta":"","stick-header-meta":"default","header-above-stick-meta":"","header-main-stick-meta":"","header-below-stick-meta":"","astra-migrate-meta-layouts":"set","ast-page-background-enabled":"default","ast-page-background-meta":{"desktop":{"background-color":"","background-image":"","background-repeat":"repeat","background-position":"center center","background-size":"auto","background-attachment":"scroll","background-type":"","background-media":"","overlay-type":"","overlay-color":"","overlay-opacity":"","overlay-gradient":""},"tablet":{"background-color":"","background-image":"","background-repeat":"repeat","background-position":"center center","background-size":"auto","background-attachment":"scroll","background-type":"","background-media":"","overlay-type":"","overlay-color":"","overlay-opacity":"","overlay-gradient":""},"mobile":{"background-color":"","background-image":"","background-repeat":"repeat","background-position":"center center","background-size":"auto","background-attachment":"scroll","background-type":"","background-media":"","overlay-type":"","overlay-color":"","overlay-opacity":"","overlay-gradient":""}},"ast-content-background-meta":{"desktop":{"background-color":"var(--ast-global-color-5)","background-image":"","background-repeat":"repeat","background-position":"center center","background-size":"auto","background-attachment":"scroll","background-type":"","background-media":"","overlay-type":"","overlay-color":"","overlay-opacity":"","overlay-gradient":""},"tablet":{"background-color":"var(--ast-global-color-5)","background-image":"","background-repeat":"repeat","background-position":"center center","background-size":"auto","background-attachment":"scroll","background-type":"","background-media":"","overlay-type":"","overlay-color":"","overlay-opacity":"","overlay-gradient":""},"mobile":{"background-color":"var(--ast-global-color-5)","background-image":"","background-repeat":"repeat","background-position":"center center","background-size":"auto","background-attachment":"scroll","background-type":"","background-media":"","overlay-type":"","overlay-color":"","overlay-opacity":"","overlay-gradient":""}}},"product_brand":[],"product_cat":[65],"product_tag":[],"class_list":{"0":"post-21229","1":"product","2":"type-product","3":"status-publish","4":"has-post-thumbnail","6":"product_cat-transparent-gift-boxes","7":"desktop-align-left","8":"tablet-align-left","9":"mobile-align-left","10":"ast-product-gallery-layout-horizontal","11":"ast-product-tabs-layout-horizontal","13":"first","14":"instock","15":"purchasable","16":"product-type-simple"},"_links":{"self":[{"href":"https:\/\/reanpackaging.com\/pl\/wp-json\/wp\/v2\/product\/21229","targetHints":{"allow":["GET"]}}],"collection":[{"href":"https:\/\/reanpackaging.com\/pl\/wp-json\/wp\/v2\/product"}],"about":[{"href":"https:\/\/reanpackaging.com\/pl\/wp-json\/wp\/v2\/types\/product"}],"wp:featuredmedia":[{"embeddable":true,"href":"https:\/\/reanpackaging.com\/pl\/wp-json\/wp\/v2\/media\/21131"}],"wp:attachment":[{"href":"https:\/\/reanpackaging.com\/pl\/wp-json\/wp\/v2\/media?parent=21229"}],"wp:term":[{"taxonomy":"product_brand","embeddable":true,"href":"https:\/\/reanpackaging.com\/pl\/wp-json\/wp\/v2\/product_brand?post=21229"},{"taxonomy":"product_cat","embeddable":true,"href":"https:\/\/reanpackaging.com\/pl\/wp-json\/wp\/v2\/product_cat?post=21229"},{"taxonomy":"product_tag","embeddable":true,"href":"https:\/\/reanpackaging.com\/pl\/wp-json\/wp\/v2\/product_tag?post=21229"}],"curies":[{"name":"wp","href":"https:\/\/api.w.org\/{rel}","templated":true}]}}