{"id":21457,"date":"2024-07-18T16:49:39","date_gmt":"2024-07-18T16:49:39","guid":{"rendered":"https:\/\/reanpackaging.com\/product\/wholesale-oem-essential-oil-soap-bar-luxury-fresh-scent-blueberry-cranberry-vanilla-rose-yijia-handmade-soap-custom-soap-box\/"},"modified":"2024-10-01T16:20:13","modified_gmt":"2024-10-01T16:20:13","slug":"wholesale-oem-essential-oil-soap-bar-luxury-fresh-scent-blueberry-cranberry-vanilla-rose-yijia-handmade-soap-custom-soap-box","status":"publish","type":"product","link":"https:\/\/reanpackaging.com\/pl\/produkt\/hurtownia-oem-olejek-eteryczny-kostka-mydla-luksusowy-swiezy-zapach-borowka-zurawina-wanilia-roza-yijia-recznie-robione-mydlo-niestandardowe-pudelko-na-mydlo\/","title":{"rendered":"Hurtownia OEM Essential Oil Soap Bar Luxury Fresh Scent Blueberry Cranberry Vanilla Rose Yijia R\u0119cznie robione myd\u0142o Niestandardowe pude\u0142ko na myd\u0142o"},"content":{"rendered":"<h4>Atrybuty specyficzne dla bran\u017cy<\/h4>\n<table border=\"1\">\n<tbody>\n<tr>\n<td><strong>R\u0119cznie robione<\/strong><\/td>\n<td>Tak<\/td>\n<\/tr>\n<tr>\n<td><strong>Leczniczy<\/strong><\/td>\n<td>NIE<\/td>\n<\/tr>\n<tr>\n<td><strong>Sk\u0142adnik<\/strong><\/td>\n<td>Zio\u0142a<\/td>\n<\/tr>\n<tr>\n<td><strong>G\u0142\u00f3wny sk\u0142adnik<\/strong><\/td>\n<td>Gliceryna<\/td>\n<\/tr>\n<tr>\n<td><strong>Cecha<\/strong><\/td>\n<td>Podstawowe oczyszczanie, ANTYSEPTYKA, wybielanie, wyszczuplanie, ANTI ACNE<\/td>\n<\/tr>\n<\/tbody>\n<\/table>\n<h4>Inne atrybuty<\/h4>\n<table border=\"1\">\n<tbody>\n<tr>\n<td><strong>Rozmiar Typ<\/strong><\/td>\n<td>rozmiar regularny<\/td>\n<\/tr>\n<tr>\n<td><strong>Typ<\/strong><\/td>\n<td>Myd\u0142o do r\u0105k<\/td>\n<\/tr>\n<tr>\n<td><strong>Formularz<\/strong><\/td>\n<td>Solidny<\/td>\n<\/tr>\n<tr>\n<td><strong>Przezroczysty<\/strong><\/td>\n<td>NIE<\/td>\n<\/tr>\n<tr>\n<td><strong>Nazwa produktu<\/strong><\/td>\n<td>Naturalne myd\u0142o z olejkami eterycznymi<\/td>\n<\/tr>\n<tr>\n<td><strong>Materia\u0142<\/strong><\/td>\n<td>Oliwa z oliwek\/olej kokosowy\/olej o zapachu owocowym<\/td>\n<\/tr>\n<tr>\n<td><strong>Zapach<\/strong><\/td>\n<td>Jagoda\/\u017curawina\/wanilia\/r\u00f3\u017ca\/zapach kwiatowy\/zapach perfum m\u0119skich<\/td>\n<\/tr>\n<tr>\n<td><strong>Kolor<\/strong><\/td>\n<td>Niebieski\/zielony\/fioletowy\/br\u0105zowy\/r\u00f3\u017cowy\/czerwony<\/td>\n<\/tr>\n<tr>\n<td><strong>Typ sk\u00f3ry<\/strong><\/td>\n<td>Ca\u0142a sk\u00f3ra<\/td>\n<\/tr>\n<tr>\n<td><strong>Zastosowanie<\/strong><\/td>\n<td>Piel\u0119gnacja sk\u00f3ry d\u0142oni i cia\u0142a<\/td>\n<\/tr>\n<tr>\n<td><strong>Waga<\/strong><\/td>\n<td>140\u00b15g<\/td>\n<\/tr>\n<tr>\n<td><strong>Kszta\u0142t<\/strong><\/td>\n<td>Kwadratowy kszta\u0142t<\/td>\n<\/tr>\n<tr>\n<td><strong>Funkcja<\/strong><\/td>\n<td>G\u0142\u0119bokie oczyszczanie\/wybielanie\/rozja\u015bnianie<\/td>\n<\/tr>\n<tr>\n<td><strong>Logo<\/strong><\/td>\n<td>Dostosowane logo<\/td>\n<\/tr>\n<\/tbody>\n<\/table>\n<p><img decoding=\"async\" class=\"detail-desc-decorate-image\" style=\"max-width: 100%; height: auto; display: block; margin: 0 auto;\" src=\"https:\/\/reanpackaging.com\/wp-content\/uploads\/2024\/07\/1-description-Wholesale-OEM-Essential-Oil-Soap-Bar-Luxury-Fresh-Scent-Blueberry-Cranberry-Vanilla-Rose-Yijia-Handmade-Soap-Custom-Soap-Box.jpg\" \/><br \/>\n<img decoding=\"async\" class=\"detail-desc-decorate-image\" style=\"max-width: 100%; height: auto; display: block; margin: 0 auto;\" src=\"https:\/\/reanpackaging.com\/wp-content\/uploads\/2024\/07\/2-description-Wholesale-OEM-Essential-Oil-Soap-Bar-Luxury-Fresh-Scent-Blueberry-Cranberry-Vanilla-Rose-Yijia-Handmade-Soap-Custom-Soap-Box.jpg\" \/><br \/>\n<img decoding=\"async\" class=\"detail-desc-decorate-image\" style=\"max-width: 100%; height: auto; display: block; margin: 0 auto;\" src=\"https:\/\/reanpackaging.com\/wp-content\/uploads\/2024\/07\/3-description-Wholesale-OEM-Essential-Oil-Soap-Bar-Luxury-Fresh-Scent-Blueberry-Cranberry-Vanilla-Rose-Yijia-Handmade-Soap-Custom-Soap-Box.jpg\" \/><br \/>\n<img decoding=\"async\" class=\"detail-desc-decorate-image\" style=\"max-width: 100%; height: auto; display: block; margin: 0 auto;\" src=\"https:\/\/reanpackaging.com\/wp-content\/uploads\/2024\/07\/4-description-Wholesale-OEM-Essential-Oil-Soap-Bar-Luxury-Fresh-Scent-Blueberry-Cranberry-Vanilla-Rose-Yijia-Handmade-Soap-Custom-Soap-Box.jpg\" \/><br \/>\n<img decoding=\"async\" class=\"detail-desc-decorate-image\" style=\"max-width: 100%; height: auto; display: block; margin: 0 auto;\" src=\"https:\/\/reanpackaging.com\/wp-content\/uploads\/2024\/07\/5-description-Wholesale-OEM-Essential-Oil-Soap-Bar-Luxury-Fresh-Scent-Blueberry-Cranberry-Vanilla-Rose-Yijia-Handmade-Soap-Custom-Soap-Box.jpg\" \/><br \/>\n<img decoding=\"async\" class=\"detail-desc-decorate-image\" style=\"max-width: 100%; height: auto; display: block; margin: 0 auto;\" src=\"https:\/\/reanpackaging.com\/wp-content\/uploads\/2024\/07\/6-description-Wholesale-OEM-Essential-Oil-Soap-Bar-Luxury-Fresh-Scent-Blueberry-Cranberry-Vanilla-Rose-Yijia-Handmade-Soap-Custom-Soap-Box.jpg\" \/><br \/>\n<img decoding=\"async\" class=\"detail-desc-decorate-image\" style=\"max-width: 100%; height: auto; display: block; margin: 0 auto;\" src=\"https:\/\/reanpackaging.com\/wp-content\/uploads\/2024\/07\/7-description-Wholesale-OEM-Essential-Oil-Soap-Bar-Luxury-Fresh-Scent-Blueberry-Cranberry-Vanilla-Rose-Yijia-Handmade-Soap-Custom-Soap-Box.jpg\" \/><br \/>\n<img decoding=\"async\" class=\"detail-desc-decorate-image\" style=\"max-width: 100%; height: auto; display: block; margin: 0 auto;\" src=\"https:\/\/reanpackaging.com\/wp-content\/uploads\/2024\/07\/8-description-Wholesale-OEM-Essential-Oil-Soap-Bar-Luxury-Fresh-Scent-Blueberry-Cranberry-Vanilla-Rose-Yijia-Handmade-Soap-Custom-Soap-Box.jpg\" \/><br \/>\n<img decoding=\"async\" class=\"detail-desc-decorate-image\" style=\"max-width: 100%; height: auto; display: block; margin: 0 auto;\" src=\"https:\/\/reanpackaging.com\/wp-content\/uploads\/2024\/07\/9-description-Wholesale-OEM-Essential-Oil-Soap-Bar-Luxury-Fresh-Scent-Blueberry-Cranberry-Vanilla-Rose-Yijia-Handmade-Soap-Custom-Soap-Box.jpg\" \/><br \/>\n<img decoding=\"async\" class=\"detail-desc-decorate-image\" style=\"max-width: 100%; height: auto; display: block; margin: 0 auto;\" src=\"https:\/\/reanpackaging.com\/wp-content\/uploads\/2024\/07\/10-description-Wholesale-OEM-Essential-Oil-Soap-Bar-Luxury-Fresh-Scent-Blueberry-Cranberry-Vanilla-Rose-Yijia-Handmade-Soap-Custom-Soap-Box.jpg\" \/><\/p>","protected":false},"excerpt":{"rendered":"<p>Industry-Specific Attributes Handmade Yes Medicated NO Ingredient Herbal Main Ingredient Glycerine Feature Basic Cleaning, ANTISEPTIC, Whitening, Slimming, ANTI ACNE Other Attributes Size Type regular size Type Hand soap Form Solid Transparent NO Product name Natural Essential Oil Soap Material Olive Oil\/ Coconut Oil\/Fruit Scent Oil Fragrance Blueberry\/Cranberry\/Vanilla\/Rose\/Floral Scent\/Men&#8217;s Perfume Scent Color Blue\/Green\/Purple\/Brown\/Pink\/Red Skin type All-skin [&hellip;]<\/p>\n","protected":false},"featured_media":21451,"template":"","meta":{"_seopress_robots_primary_cat":"none","_seopress_titles_title":"","_seopress_titles_desc":"","_seopress_robots_index":"","site-sidebar-layout":"default","site-content-layout":"","ast-site-content-layout":"default","site-content-style":"default","site-sidebar-style":"default","ast-global-header-display":"","ast-banner-title-visibility":"","ast-main-header-display":"","ast-hfb-above-header-display":"","ast-hfb-below-header-display":"","ast-hfb-mobile-header-display":"","site-post-title":"","ast-breadcrumbs-content":"","ast-featured-img":"","footer-sml-layout":"","ast-disable-related-posts":"","theme-transparent-header-meta":"default","adv-header-id-meta":"","stick-header-meta":"default","header-above-stick-meta":"","header-main-stick-meta":"","header-below-stick-meta":"","astra-migrate-meta-layouts":"set","ast-page-background-enabled":"default","ast-page-background-meta":{"desktop":{"background-color":"","background-image":"","background-repeat":"repeat","background-position":"center center","background-size":"auto","background-attachment":"scroll","background-type":"","background-media":"","overlay-type":"","overlay-color":"","overlay-opacity":"","overlay-gradient":""},"tablet":{"background-color":"","background-image":"","background-repeat":"repeat","background-position":"center center","background-size":"auto","background-attachment":"scroll","background-type":"","background-media":"","overlay-type":"","overlay-color":"","overlay-opacity":"","overlay-gradient":""},"mobile":{"background-color":"","background-image":"","background-repeat":"repeat","background-position":"center center","background-size":"auto","background-attachment":"scroll","background-type":"","background-media":"","overlay-type":"","overlay-color":"","overlay-opacity":"","overlay-gradient":""}},"ast-content-background-meta":{"desktop":{"background-color":"var(--ast-global-color-5)","background-image":"","background-repeat":"repeat","background-position":"center center","background-size":"auto","background-attachment":"scroll","background-type":"","background-media":"","overlay-type":"","overlay-color":"","overlay-opacity":"","overlay-gradient":""},"tablet":{"background-color":"var(--ast-global-color-5)","background-image":"","background-repeat":"repeat","background-position":"center center","background-size":"auto","background-attachment":"scroll","background-type":"","background-media":"","overlay-type":"","overlay-color":"","overlay-opacity":"","overlay-gradient":""},"mobile":{"background-color":"var(--ast-global-color-5)","background-image":"","background-repeat":"repeat","background-position":"center center","background-size":"auto","background-attachment":"scroll","background-type":"","background-media":"","overlay-type":"","overlay-color":"","overlay-opacity":"","overlay-gradient":""}}},"product_brand":[],"product_cat":[66],"product_tag":[],"class_list":{"0":"post-21457","1":"product","2":"type-product","3":"status-publish","4":"has-post-thumbnail","6":"product_cat-soap-boxes","7":"desktop-align-left","8":"tablet-align-left","9":"mobile-align-left","10":"ast-product-gallery-layout-horizontal","11":"ast-product-tabs-layout-horizontal","13":"first","14":"instock","15":"purchasable","16":"product-type-simple"},"_links":{"self":[{"href":"https:\/\/reanpackaging.com\/pl\/wp-json\/wp\/v2\/product\/21457","targetHints":{"allow":["GET"]}}],"collection":[{"href":"https:\/\/reanpackaging.com\/pl\/wp-json\/wp\/v2\/product"}],"about":[{"href":"https:\/\/reanpackaging.com\/pl\/wp-json\/wp\/v2\/types\/product"}],"wp:featuredmedia":[{"embeddable":true,"href":"https:\/\/reanpackaging.com\/pl\/wp-json\/wp\/v2\/media\/21451"}],"wp:attachment":[{"href":"https:\/\/reanpackaging.com\/pl\/wp-json\/wp\/v2\/media?parent=21457"}],"wp:term":[{"taxonomy":"product_brand","embeddable":true,"href":"https:\/\/reanpackaging.com\/pl\/wp-json\/wp\/v2\/product_brand?post=21457"},{"taxonomy":"product_cat","embeddable":true,"href":"https:\/\/reanpackaging.com\/pl\/wp-json\/wp\/v2\/product_cat?post=21457"},{"taxonomy":"product_tag","embeddable":true,"href":"https:\/\/reanpackaging.com\/pl\/wp-json\/wp\/v2\/product_tag?post=21457"}],"curies":[{"name":"wp","href":"https:\/\/api.w.org\/{rel}","templated":true}]}}