{"id":26461,"date":"2024-09-13T13:01:42","date_gmt":"2024-09-13T13:01:42","guid":{"rendered":"https:\/\/reanpackaging.com\/product\/sample-perfume-bottle-luxury-perfume-box-with-logo-with-box-custom-logo-1ml-2ml-3ml-5ml-10ml-glass-cosmetic-packaging-round\/"},"modified":"2024-09-29T04:01:17","modified_gmt":"2024-09-29T04:01:17","slug":"sample-perfume-bottle-luxury-perfume-box-with-logo-with-box-custom-logo-1ml-2ml-3ml-5ml-10ml-glass-cosmetic-packaging-round","status":"publish","type":"product","link":"https:\/\/reanpackaging.com\/pl\/produkt\/sample-perfume-bottle-luxury-perfume-box-with-logo-with-box-custom-logo-1ml-2ml-3ml-5ml-10ml-glass-cosmetic-packaging-round\/","title":{"rendered":"Przyk\u0142adowa butelka perfum Luksusowe pude\u0142ko perfum z logo z pude\u0142kiem Niestandardowe logo 1ml 2ml 3ml 5ml 10ml Szklane opakowanie kosmetyczne Okr\u0105g\u0142e"},"content":{"rendered":"<h4>Atrybuty specyficzne dla bran\u017cy<\/h4>\n<table border=\"1\">\n<tr>\n<td><strong>Obs\u0142uga powierzchni<\/strong><\/td>\n<td>Sitodruk<\/td>\n<\/tr>\n<tr>\n<td><strong>Zastosowanie przemys\u0142owe<\/strong><\/td>\n<td>Kosmetyk<\/td>\n<\/tr>\n<tr>\n<td><strong>Typ uszczelnienia<\/strong><\/td>\n<td>PUMP SPRAYER<\/td>\n<\/tr>\n<\/table>\n<h4>Inne atrybuty<\/h4>\n<table border=\"1\">\n<tr>\n<td><strong>Materia\u0142 bazowy<\/strong><\/td>\n<td>Szk\u0142o<\/td>\n<\/tr>\n<tr>\n<td><strong>Materia\u0142 korpusu<\/strong><\/td>\n<td>Szk\u0142o<\/td>\n<\/tr>\n<tr>\n<td><strong>Materia\u0142 ko\u0142nierza<\/strong><\/td>\n<td>Szk\u0142o<\/td>\n<\/tr>\n<tr>\n<td><strong>Nazwa produktu<\/strong><\/td>\n<td>Szklany flakon perfum<\/td>\n<\/tr>\n<tr>\n<td><strong>U\u017cycie<\/strong><\/td>\n<td>Opakowanie perfum<\/td>\n<\/tr>\n<tr>\n<td><strong>Kolor<\/strong><\/td>\n<td>Clear\/Custom<\/td>\n<\/tr>\n<tr>\n<td><strong>Pojemno\u015b\u0107<\/strong><\/td>\n<td>2ml 3ml 5ml 10ml<\/td>\n<\/tr>\n<tr>\n<td><strong>Kszta\u0142t<\/strong><\/td>\n<td>runda<\/td>\n<\/tr>\n<tr>\n<td><strong>Kolor czapki<\/strong><\/td>\n<td>z\u0142oty\/czarny\/srebrny<\/td>\n<\/tr>\n<tr>\n<td><strong>Logo<\/strong><\/td>\n<td>Dopuszczalne logo klienta<\/td>\n<\/tr>\n<tr>\n<td><strong>MOQ<\/strong><\/td>\n<td>1000szt<\/td>\n<\/tr>\n<tr>\n<td><strong>Us\u0142uga<\/strong><\/td>\n<td>24 godziny online<\/td>\n<\/tr>\n<tr>\n<td><strong>OEM\/ODM<\/strong><\/td>\n<td>wysokiej klasy<\/td>\n<\/tr>\n<\/table>\n<p><img decoding=\"async\" class=\"detail-desc-decorate-image\" src=\"https:\/\/reanpackaging.com\/wp-content\/uploads\/2024\/09\/2-description-Sample-Perfume-Bottle-Luxury-Perfume-Box-with-Logo-with-Box-Custom-Logo-1ml-2ml-3ml-5ml-10ml-Glass-Cosmetic-Packaging-Round.jpg\" slate-data-type=\"image\" style=\"max-width: 100%; height: auto; display: block; margin: 0 auto;\"><br \/>\n<img decoding=\"async\" class=\"detail-desc-decorate-image\" src=\"https:\/\/reanpackaging.com\/wp-content\/uploads\/2024\/09\/3-description-Sample-Perfume-Bottle-Luxury-Perfume-Box-with-Logo-with-Box-Custom-Logo-1ml-2ml-3ml-5ml-10ml-Glass-Cosmetic-Packaging-Round.jpg\" slate-data-type=\"image\" style=\"max-width: 100%; height: auto; display: block; margin: 0 auto;\"><br \/>\n<img decoding=\"async\" class=\"detail-desc-decorate-image\" src=\"https:\/\/reanpackaging.com\/wp-content\/uploads\/2024\/09\/4-description-Sample-Perfume-Bottle-Luxury-Perfume-Box-with-Logo-with-Box-Custom-Logo-1ml-2ml-3ml-5ml-10ml-Glass-Cosmetic-Packaging-Round.jpg\" slate-data-type=\"image\" style=\"max-width: 100%; height: auto; display: block; margin: 0 auto;\"><br \/>\n<img decoding=\"async\" class=\"detail-desc-decorate-image\" src=\"https:\/\/reanpackaging.com\/wp-content\/uploads\/2024\/09\/5-description-Sample-Perfume-Bottle-Luxury-Perfume-Box-with-Logo-with-Box-Custom-Logo-1ml-2ml-3ml-5ml-10ml-Glass-Cosmetic-Packaging-Round.jpg\" slate-data-type=\"image\" style=\"max-width: 100%; height: auto; display: block; margin: 0 auto;\"><br \/>\n<img decoding=\"async\" class=\"detail-desc-decorate-image\" src=\"https:\/\/reanpackaging.com\/wp-content\/uploads\/2024\/09\/6-description-Sample-Perfume-Bottle-Luxury-Perfume-Box-with-Logo-with-Box-Custom-Logo-1ml-2ml-3ml-5ml-10ml-Glass-Cosmetic-Packaging-Round.jpg\" slate-data-type=\"image\" style=\"max-width: 100%; height: auto; display: block; margin: 0 auto;\"><br \/>\n<img decoding=\"async\" class=\"detail-desc-decorate-image\" src=\"https:\/\/reanpackaging.com\/wp-content\/uploads\/2024\/09\/7-description-Sample-Perfume-Bottle-Luxury-Perfume-Box-with-Logo-with-Box-Custom-Logo-1ml-2ml-3ml-5ml-10ml-Glass-Cosmetic-Packaging-Round.jpg\" slate-data-type=\"image\" style=\"max-width: 100%; height: auto; display: block; margin: 0 auto;\"><\/p>","protected":false},"excerpt":{"rendered":"<p>Industry-Specific Attributes Surface Handling Screen printing Industrial Use Cosmetic Sealing Type PUMP SPRAYER Other Attributes Base Material Glass Body Material Glass Collar Material Glass Product name Glass perfume bottle Use Perfume packaging Color Clear\/Custom Capacity 2ml 3ml 5ml 10ml Shape round Cap color gold\/black\/sliver Logo Acceptable Customer&#8217;s Logo MOQ 1000pcs Service 24H online OEM\/ODM high-end<\/p>","protected":false},"featured_media":26443,"template":"","meta":{"_seopress_robots_primary_cat":"","_seopress_titles_title":"","_seopress_titles_desc":"","_seopress_robots_index":"","site-sidebar-layout":"default","site-content-layout":"","ast-site-content-layout":"default","site-content-style":"default","site-sidebar-style":"default","ast-global-header-display":"","ast-banner-title-visibility":"","ast-main-header-display":"","ast-hfb-above-header-display":"","ast-hfb-below-header-display":"","ast-hfb-mobile-header-display":"","site-post-title":"","ast-breadcrumbs-content":"","ast-featured-img":"","footer-sml-layout":"","ast-disable-related-posts":"","theme-transparent-header-meta":"","adv-header-id-meta":"","stick-header-meta":"","header-above-stick-meta":"","header-main-stick-meta":"","header-below-stick-meta":"","astra-migrate-meta-layouts":"default","ast-page-background-enabled":"default","ast-page-background-meta":{"desktop":{"background-color":"","background-image":"","background-repeat":"repeat","background-position":"center center","background-size":"auto","background-attachment":"scroll","background-type":"","background-media":"","overlay-type":"","overlay-color":"","overlay-opacity":"","overlay-gradient":""},"tablet":{"background-color":"","background-image":"","background-repeat":"repeat","background-position":"center center","background-size":"auto","background-attachment":"scroll","background-type":"","background-media":"","overlay-type":"","overlay-color":"","overlay-opacity":"","overlay-gradient":""},"mobile":{"background-color":"","background-image":"","background-repeat":"repeat","background-position":"center center","background-size":"auto","background-attachment":"scroll","background-type":"","background-media":"","overlay-type":"","overlay-color":"","overlay-opacity":"","overlay-gradient":""}},"ast-content-background-meta":{"desktop":{"background-color":"var(--ast-global-color-5)","background-image":"","background-repeat":"repeat","background-position":"center center","background-size":"auto","background-attachment":"scroll","background-type":"","background-media":"","overlay-type":"","overlay-color":"","overlay-opacity":"","overlay-gradient":""},"tablet":{"background-color":"var(--ast-global-color-5)","background-image":"","background-repeat":"repeat","background-position":"center center","background-size":"auto","background-attachment":"scroll","background-type":"","background-media":"","overlay-type":"","overlay-color":"","overlay-opacity":"","overlay-gradient":""},"mobile":{"background-color":"var(--ast-global-color-5)","background-image":"","background-repeat":"repeat","background-position":"center center","background-size":"auto","background-attachment":"scroll","background-type":"","background-media":"","overlay-type":"","overlay-color":"","overlay-opacity":"","overlay-gradient":""}}},"product_brand":[],"product_cat":[73],"product_tag":[],"class_list":{"0":"post-26461","1":"product","2":"type-product","3":"status-publish","4":"has-post-thumbnail","6":"product_cat-perfume-boxes","7":"desktop-align-left","8":"tablet-align-left","9":"mobile-align-left","10":"ast-product-gallery-layout-horizontal","11":"ast-product-tabs-layout-horizontal","13":"first","14":"instock","15":"purchasable","16":"product-type-simple"},"_links":{"self":[{"href":"https:\/\/reanpackaging.com\/pl\/wp-json\/wp\/v2\/product\/26461","targetHints":{"allow":["GET"]}}],"collection":[{"href":"https:\/\/reanpackaging.com\/pl\/wp-json\/wp\/v2\/product"}],"about":[{"href":"https:\/\/reanpackaging.com\/pl\/wp-json\/wp\/v2\/types\/product"}],"wp:featuredmedia":[{"embeddable":true,"href":"https:\/\/reanpackaging.com\/pl\/wp-json\/wp\/v2\/media\/26443"}],"wp:attachment":[{"href":"https:\/\/reanpackaging.com\/pl\/wp-json\/wp\/v2\/media?parent=26461"}],"wp:term":[{"taxonomy":"product_brand","embeddable":true,"href":"https:\/\/reanpackaging.com\/pl\/wp-json\/wp\/v2\/product_brand?post=26461"},{"taxonomy":"product_cat","embeddable":true,"href":"https:\/\/reanpackaging.com\/pl\/wp-json\/wp\/v2\/product_cat?post=26461"},{"taxonomy":"product_tag","embeddable":true,"href":"https:\/\/reanpackaging.com\/pl\/wp-json\/wp\/v2\/product_tag?post=26461"}],"curies":[{"name":"wp","href":"https:\/\/api.w.org\/{rel}","templated":true}]}}