{"id":26494,"date":"2024-09-13T13:02:45","date_gmt":"2024-09-13T13:02:45","guid":{"rendered":"https:\/\/reanpackaging.com\/product\/custom-logo-luxury-paper-empty-spray-fragrance-essential-oil-parfum-sample-perfume-gift-packaging-box-for-perfume\/"},"modified":"2024-09-29T03:59:01","modified_gmt":"2024-09-29T03:59:01","slug":"custom-logo-luxury-paper-empty-spray-fragrance-essential-oil-parfum-sample-perfume-gift-packaging-box-for-perfume","status":"publish","type":"product","link":"https:\/\/reanpackaging.com\/pl\/produkt\/custom-logo-luxury-paper-empty-spray-fragrance-essential-oil-parfum-sample-perfume-gift-packaging-box-for-perfume\/","title":{"rendered":"Niestandardowe logo Luksusowy papierowy pusty spray Zapachowy olejek eteryczny Pr\u00f3bka perfum Pude\u0142ko na prezenty na perfumy"},"content":{"rendered":"<h4>Atrybuty specyficzne dla bran\u017cy<\/h4>\n<table border=\"1\">\n<tbody>\n<tr>\n<td><strong>Zastosowanie przemys\u0142owe<\/strong><\/td>\n<td>Kosmetyk<\/td>\n<\/tr>\n<tr>\n<td><strong>Rodzaj papieru<\/strong><\/td>\n<td>Szara tablica<\/td>\n<\/tr>\n<tr>\n<td><strong>Cecha<\/strong><\/td>\n<td>Nadaje si\u0119 do recyklingu<\/td>\n<\/tr>\n<\/tbody>\n<\/table>\n<h4>Inne atrybuty<\/h4>\n<table border=\"1\">\n<tbody>\n<tr>\n<td><strong>Typ pude\u0142ka<\/strong><\/td>\n<td>Sztywne pude\u0142ka<\/td>\n<\/tr>\n<tr>\n<td><strong>Obs\u0142uga drukowania<\/strong><\/td>\n<td>Laminowanie matowe, z\u0142ota folia<\/td>\n<\/tr>\n<tr>\n<td><strong>Zam\u00f3wienie niestandardowe<\/strong><\/td>\n<td>Akceptuj<\/td>\n<\/tr>\n<tr>\n<td><strong>Kszta\u0142t<\/strong><\/td>\n<td>Dostosuj to, co chcesz<\/td>\n<\/tr>\n<tr>\n<td><strong>Drukowanie logo<\/strong><\/td>\n<td>Niestandardowe<\/td>\n<\/tr>\n<tr>\n<td><strong>Akcesoria<\/strong><\/td>\n<td>Zamkni\u0119cie magnetyczne<\/td>\n<\/tr>\n<tr>\n<td><strong>Typ wyk\u0142adziny<\/strong><\/td>\n<td>EVA<\/td>\n<\/tr>\n<tr>\n<td><strong>U\u017cycie<\/strong><\/td>\n<td>perfumy, olej, zapach, szklana butelka<\/td>\n<\/tr>\n<tr>\n<td><strong>Druk kolorowy<\/strong><\/td>\n<td>Druk w pe\u0142nym kolorze \/ Pantone<\/td>\n<\/tr>\n<tr>\n<td><strong>Akcesoria<\/strong><\/td>\n<td>Uchwyt na wk\u0142adk\u0119 EVA<\/td>\n<\/tr>\n<tr>\n<td><strong>OEM<\/strong><\/td>\n<td>Witamy<\/td>\n<\/tr>\n<tr>\n<td><strong>Czas pr\u00f3by<\/strong><\/td>\n<td>3-5 dni roboczych<\/td>\n<\/tr>\n<tr>\n<td><strong>Certyfikacja<\/strong><\/td>\n<td>ISO 9001, FSC, BSCI<\/td>\n<\/tr>\n<tr>\n<td><strong>Format grafiki<\/strong><\/td>\n<td>Oferowane us\u0142ugi projektowe<\/td>\n<\/tr>\n<tr>\n<td><strong>Warunki p\u0142atno\u015bci<\/strong><\/td>\n<td>30% Depozyt<\/td>\n<\/tr>\n<tr>\n<td><strong>Przewaga<\/strong><\/td>\n<td>Szybka dostawa<\/td>\n<\/tr>\n<tr>\n<td><strong>Szczeg\u00f3\u0142y<\/strong><\/td>\n<td>R\u00f3\u017cne MOQ dla r\u00f3\u017cnych typ\u00f3w pude\u0142ek<\/td>\n<\/tr>\n<\/tbody>\n<\/table>\n<p><img decoding=\"async\" class=\"detail-desc-decorate-image\" style=\"max-width: 100%; height: auto; display: block; margin: 0 auto;\" src=\"https:\/\/reanpackaging.com\/wp-content\/uploads\/2024\/09\/1-description-Custom-Logo-Luxury-Paper-Empty-Spray-Fragrance-Essential-Oil-Parfum-Sample-Perfume-Gift-Packaging-Box-For-Perfume.jpg\" \/><br \/>\n<img decoding=\"async\" class=\"detail-desc-decorate-image\" style=\"max-width: 100%; height: auto; display: block; margin: 0 auto;\" src=\"https:\/\/reanpackaging.com\/wp-content\/uploads\/2024\/09\/2-description-Custom-Logo-Luxury-Paper-Empty-Spray-Fragrance-Essential-Oil-Parfum-Sample-Perfume-Gift-Packaging-Box-For-Perfume.jpg\" \/><br \/>\n<img decoding=\"async\" class=\"detail-desc-decorate-image\" style=\"max-width: 100%; height: auto; display: block; margin: 0 auto;\" src=\"https:\/\/reanpackaging.com\/wp-content\/uploads\/2024\/09\/3-description-Custom-Logo-Luxury-Paper-Empty-Spray-Fragrance-Essential-Oil-Parfum-Sample-Perfume-Gift-Packaging-Box-For-Perfume.jpg\" \/><br \/>\n<img decoding=\"async\" class=\"detail-desc-decorate-image\" style=\"max-width: 100%; height: auto; display: block; margin: 0 auto;\" src=\"https:\/\/reanpackaging.com\/wp-content\/uploads\/2024\/09\/4-description-Custom-Logo-Luxury-Paper-Empty-Spray-Fragrance-Essential-Oil-Parfum-Sample-Perfume-Gift-Packaging-Box-For-Perfume.jpg\" \/><br \/>\n<img decoding=\"async\" class=\"detail-desc-decorate-image\" style=\"max-width: 100%; height: auto; display: block; margin: 0 auto;\" src=\"https:\/\/reanpackaging.com\/wp-content\/uploads\/2024\/09\/5-description-Custom-Logo-Luxury-Paper-Empty-Spray-Fragrance-Essential-Oil-Parfum-Sample-Perfume-Gift-Packaging-Box-For-Perfume.jpg\" \/><br \/>\n<img decoding=\"async\" class=\"detail-desc-decorate-image\" style=\"max-width: 100%; height: auto; display: block; margin: 0 auto;\" src=\"https:\/\/reanpackaging.com\/wp-content\/uploads\/2024\/09\/6-description-Custom-Logo-Luxury-Paper-Empty-Spray-Fragrance-Essential-Oil-Parfum-Sample-Perfume-Gift-Packaging-Box-For-Perfume.jpg\" \/><br \/>\n<img decoding=\"async\" class=\"detail-desc-decorate-image\" style=\"max-width: 100%; height: auto; display: block; margin: 0 auto;\" src=\"https:\/\/reanpackaging.com\/wp-content\/uploads\/2024\/09\/7-description-Custom-Logo-Luxury-Paper-Empty-Spray-Fragrance-Essential-Oil-Parfum-Sample-Perfume-Gift-Packaging-Box-For-Perfume.jpg\" \/><br \/>\n<img decoding=\"async\" class=\"detail-desc-decorate-image\" style=\"max-width: 100%; height: auto; display: block; margin: 0 auto;\" src=\"https:\/\/reanpackaging.com\/wp-content\/uploads\/2024\/09\/8-description-Custom-Logo-Luxury-Paper-Empty-Spray-Fragrance-Essential-Oil-Parfum-Sample-Perfume-Gift-Packaging-Box-For-Perfume.jpg\" \/><br \/>\n<img decoding=\"async\" class=\"detail-desc-decorate-image\" style=\"max-width: 100%; height: auto; display: block; margin: 0 auto;\" src=\"https:\/\/reanpackaging.com\/wp-content\/uploads\/2024\/09\/9-description-Custom-Logo-Luxury-Paper-Empty-Spray-Fragrance-Essential-Oil-Parfum-Sample-Perfume-Gift-Packaging-Box-For-Perfume.jpg\" \/><br \/>\n<img decoding=\"async\" class=\"detail-desc-decorate-image\" style=\"max-width: 100%; height: auto; display: block; margin: 0 auto;\" src=\"https:\/\/reanpackaging.com\/wp-content\/uploads\/2024\/09\/10-description-Custom-Logo-Luxury-Paper-Empty-Spray-Fragrance-Essential-Oil-Parfum-Sample-Perfume-Gift-Packaging-Box-For-Perfume.jpg\" \/><br \/>\n<img decoding=\"async\" class=\"detail-desc-decorate-image\" style=\"max-width: 100%; height: auto; display: block; margin: 0 auto;\" src=\"https:\/\/reanpackaging.com\/wp-content\/uploads\/2024\/09\/11-description-Custom-Logo-Luxury-Paper-Empty-Spray-Fragrance-Essential-Oil-Parfum-Sample-Perfume-Gift-Packaging-Box-For-Perfume.jpg\" \/><br \/>\n<img decoding=\"async\" class=\"detail-desc-decorate-image\" style=\"max-width: 100%; height: auto; display: block; margin: 0 auto;\" src=\"https:\/\/reanpackaging.com\/wp-content\/uploads\/2024\/09\/12-description-Custom-Logo-Luxury-Paper-Empty-Spray-Fragrance-Essential-Oil-Parfum-Sample-Perfume-Gift-Packaging-Box-For-Perfume.jpg\" \/><br \/>\n<img decoding=\"async\" class=\"detail-desc-decorate-image\" style=\"max-width: 100%; height: auto; display: block; margin: 0 auto;\" src=\"https:\/\/reanpackaging.com\/wp-content\/uploads\/2024\/09\/13-description-Custom-Logo-Luxury-Paper-Empty-Spray-Fragrance-Essential-Oil-Parfum-Sample-Perfume-Gift-Packaging-Box-For-Perfume.jpg\" \/><br \/>\n<img decoding=\"async\" class=\"detail-desc-decorate-image\" style=\"max-width: 100%; height: auto; display: block; margin: 0 auto;\" src=\"https:\/\/reanpackaging.com\/wp-content\/uploads\/2024\/09\/14-description-Custom-Logo-Luxury-Paper-Empty-Spray-Fragrance-Essential-Oil-Parfum-Sample-Perfume-Gift-Packaging-Box-For-Perfume.jpg\" \/><br \/>\n<img decoding=\"async\" class=\"detail-desc-decorate-image\" style=\"max-width: 100%; height: auto; display: block; margin: 0 auto;\" src=\"https:\/\/reanpackaging.com\/wp-content\/uploads\/2024\/09\/15-description-Custom-Logo-Luxury-Paper-Empty-Spray-Fragrance-Essential-Oil-Parfum-Sample-Perfume-Gift-Packaging-Box-For-Perfume.jpg\" \/><\/p>","protected":false},"excerpt":{"rendered":"<p>Industry-Specific Attributes Industrial Use Cosmetic Paper Type Grey Board Feature Recyclable Other Attributes Box Type Rigid Boxes Printing Handling Matt Lamination, Gold Foil Custom Order Accept Shape Custom what you want Logo printing Custom Accessories Magnetic closure Liner type EVA Usage perfume,oil,fragrance,glass bottle Color Printing Full color \/ Pantone printing Accesories EVA insert holder OEM [&hellip;]<\/p>\n","protected":false},"featured_media":26294,"template":"","meta":{"_seopress_robots_primary_cat":"none","_seopress_titles_title":"","_seopress_titles_desc":"","_seopress_robots_index":"","site-sidebar-layout":"default","site-content-layout":"","ast-site-content-layout":"default","site-content-style":"default","site-sidebar-style":"default","ast-global-header-display":"","ast-banner-title-visibility":"","ast-main-header-display":"","ast-hfb-above-header-display":"","ast-hfb-below-header-display":"","ast-hfb-mobile-header-display":"","site-post-title":"","ast-breadcrumbs-content":"","ast-featured-img":"","footer-sml-layout":"","ast-disable-related-posts":"","theme-transparent-header-meta":"default","adv-header-id-meta":"","stick-header-meta":"default","header-above-stick-meta":"","header-main-stick-meta":"","header-below-stick-meta":"","astra-migrate-meta-layouts":"set","ast-page-background-enabled":"default","ast-page-background-meta":{"desktop":{"background-color":"","background-image":"","background-repeat":"repeat","background-position":"center center","background-size":"auto","background-attachment":"scroll","background-type":"","background-media":"","overlay-type":"","overlay-color":"","overlay-opacity":"","overlay-gradient":""},"tablet":{"background-color":"","background-image":"","background-repeat":"repeat","background-position":"center center","background-size":"auto","background-attachment":"scroll","background-type":"","background-media":"","overlay-type":"","overlay-color":"","overlay-opacity":"","overlay-gradient":""},"mobile":{"background-color":"","background-image":"","background-repeat":"repeat","background-position":"center center","background-size":"auto","background-attachment":"scroll","background-type":"","background-media":"","overlay-type":"","overlay-color":"","overlay-opacity":"","overlay-gradient":""}},"ast-content-background-meta":{"desktop":{"background-color":"var(--ast-global-color-5)","background-image":"","background-repeat":"repeat","background-position":"center center","background-size":"auto","background-attachment":"scroll","background-type":"","background-media":"","overlay-type":"","overlay-color":"","overlay-opacity":"","overlay-gradient":""},"tablet":{"background-color":"var(--ast-global-color-5)","background-image":"","background-repeat":"repeat","background-position":"center center","background-size":"auto","background-attachment":"scroll","background-type":"","background-media":"","overlay-type":"","overlay-color":"","overlay-opacity":"","overlay-gradient":""},"mobile":{"background-color":"var(--ast-global-color-5)","background-image":"","background-repeat":"repeat","background-position":"center center","background-size":"auto","background-attachment":"scroll","background-type":"","background-media":"","overlay-type":"","overlay-color":"","overlay-opacity":"","overlay-gradient":""}}},"product_brand":[],"product_cat":[73],"product_tag":[],"class_list":{"0":"post-26494","1":"product","2":"type-product","3":"status-publish","4":"has-post-thumbnail","6":"product_cat-perfume-boxes","7":"desktop-align-left","8":"tablet-align-left","9":"mobile-align-left","10":"ast-product-gallery-layout-horizontal","11":"ast-product-tabs-layout-horizontal","13":"first","14":"instock","15":"purchasable","16":"product-type-simple"},"_links":{"self":[{"href":"https:\/\/reanpackaging.com\/pl\/wp-json\/wp\/v2\/product\/26494","targetHints":{"allow":["GET"]}}],"collection":[{"href":"https:\/\/reanpackaging.com\/pl\/wp-json\/wp\/v2\/product"}],"about":[{"href":"https:\/\/reanpackaging.com\/pl\/wp-json\/wp\/v2\/types\/product"}],"wp:featuredmedia":[{"embeddable":true,"href":"https:\/\/reanpackaging.com\/pl\/wp-json\/wp\/v2\/media\/26294"}],"wp:attachment":[{"href":"https:\/\/reanpackaging.com\/pl\/wp-json\/wp\/v2\/media?parent=26494"}],"wp:term":[{"taxonomy":"product_brand","embeddable":true,"href":"https:\/\/reanpackaging.com\/pl\/wp-json\/wp\/v2\/product_brand?post=26494"},{"taxonomy":"product_cat","embeddable":true,"href":"https:\/\/reanpackaging.com\/pl\/wp-json\/wp\/v2\/product_cat?post=26494"},{"taxonomy":"product_tag","embeddable":true,"href":"https:\/\/reanpackaging.com\/pl\/wp-json\/wp\/v2\/product_tag?post=26494"}],"curies":[{"name":"wp","href":"https:\/\/api.w.org\/{rel}","templated":true}]}}