{"id":27107,"date":"2024-10-19T18:57:30","date_gmt":"2024-10-19T18:57:30","guid":{"rendered":"https:\/\/reanpackaging.com\/product\/kraft-paper-drawer-box\/"},"modified":"2024-10-19T19:09:10","modified_gmt":"2024-10-19T19:09:10","slug":"kraft-paper-drawer-box","status":"publish","type":"product","link":"https:\/\/reanpackaging.com\/pl\/produkt\/kraft-paper-drawer-box\/","title":{"rendered":"Pude\u0142ko do szuflad z papieru pakowego"},"content":{"rendered":"<h4>Atrybuty specyficzne dla bran\u017cy<\/h4>\n<table border=\"1\">\n<tbody>\n<tr>\n<td><strong>Zastosowanie przemys\u0142owe<\/strong><\/td>\n<td>Buty i odzie\u017c<\/td>\n<\/tr>\n<tr>\n<td><strong>Rodzaj papieru<\/strong><\/td>\n<td>Papier siarczanowy<\/td>\n<\/tr>\n<tr>\n<td><strong>Cecha<\/strong><\/td>\n<td>Nadaje si\u0119 do recyklingu<\/td>\n<\/tr>\n<\/tbody>\n<\/table>\n<h4>Inne atrybuty<\/h4>\n<table border=\"1\">\n<tbody>\n<tr>\n<td><strong>Typ pude\u0142ka<\/strong><\/td>\n<td>Foldery<\/td>\n<\/tr>\n<tr>\n<td><strong>Obs\u0142uga drukowania<\/strong><\/td>\n<td>Laminowanie matowe, t\u0142oczenie, powlekanie UV, z\u0142ota folia<\/td>\n<\/tr>\n<tr>\n<td><strong>Zam\u00f3wienie niestandardowe<\/strong><\/td>\n<td>Akceptuj<\/td>\n<\/tr>\n<tr>\n<td><strong>Kszta\u0142t<\/strong><\/td>\n<td>Pude\u0142ko na prezenty z papieru pakowego<\/td>\n<\/tr>\n<tr>\n<td><strong>Drukowanie logo<\/strong><\/td>\n<td>Spersonalizowane<\/td>\n<\/tr>\n<tr>\n<td><strong>Zastosowanie przemys\u0142owe<\/strong><\/td>\n<td>Opakowania na prezenty i r\u0119kodzie\u0142o \/ skarpety \/ akcesoria odzie\u017cowe<\/td>\n<\/tr>\n<tr>\n<td><strong>Nazwa produktu<\/strong><\/td>\n<td>Skarpety rzemie\u015blnicze z nadrukowanym logo Pude\u0142ko z szufladami z papieru pakowego<\/td>\n<\/tr>\n<tr>\n<td><strong>Okazja<\/strong><\/td>\n<td>zapasy, buty, bielizna<\/td>\n<\/tr>\n<tr>\n<td><strong>Przewaga<\/strong><\/td>\n<td>nadruk logo<\/td>\n<\/tr>\n<tr>\n<td><strong>Kolor<\/strong><\/td>\n<td>Kolor niestandardowy<\/td>\n<\/tr>\n<tr>\n<td><strong>U\u017cycie<\/strong><\/td>\n<td>Pakiet rzemie\u015blniczy<\/td>\n<\/tr>\n<tr>\n<td><strong>Kszta\u0142t<\/strong><\/td>\n<td>Kwadratowy prostok\u0105t<\/td>\n<\/tr>\n<tr>\n<td><strong>Pakowanie<\/strong><\/td>\n<td>Standardowy karton do pakowania<\/td>\n<\/tr>\n<tr>\n<td><strong>Styl<\/strong><\/td>\n<td>skarpetki w opakowaniach kraft<\/td>\n<\/tr>\n<\/tbody>\n<\/table>","protected":false},"excerpt":{"rendered":"<p>Pude\u0142ko z szuflad\u0105 z papieru pakowego przyjmuje konstrukcj\u0119 przesuwanej szuflady, aby u\u0142atwi\u0107 dost\u0119p do towar\u00f3w, co jest bardzo odpowiednie do przechowywania ma\u0142ych prezent\u00f3w lub innej bi\u017cuterii. Jego zastosowanie jest bardzo szerokie, a wiele ma\u0142ych produkt\u00f3w mo\u017ce korzysta\u0107 z tego rodzaju opakowania.<\/p>","protected":false},"featured_media":27021,"template":"","meta":{"_seopress_robots_primary_cat":"none","_seopress_titles_title":"","_seopress_titles_desc":"The kraft paper drawer box adopts a sliding drawer design to facilitate the access of goods, which is very suitable for storing small gifts or other jewelry. Its application is very wide, and many small products can use this kind of packaging.","_seopress_robots_index":"","site-sidebar-layout":"default","site-content-layout":"","ast-site-content-layout":"default","site-content-style":"default","site-sidebar-style":"default","ast-global-header-display":"","ast-banner-title-visibility":"","ast-main-header-display":"","ast-hfb-above-header-display":"","ast-hfb-below-header-display":"","ast-hfb-mobile-header-display":"","site-post-title":"","ast-breadcrumbs-content":"","ast-featured-img":"","footer-sml-layout":"","ast-disable-related-posts":"","theme-transparent-header-meta":"default","adv-header-id-meta":"","stick-header-meta":"default","header-above-stick-meta":"","header-main-stick-meta":"","header-below-stick-meta":"","astra-migrate-meta-layouts":"set","ast-page-background-enabled":"default","ast-page-background-meta":{"desktop":{"background-color":"","background-image":"","background-repeat":"repeat","background-position":"center center","background-size":"auto","background-attachment":"scroll","background-type":"","background-media":"","overlay-type":"","overlay-color":"","overlay-opacity":"","overlay-gradient":""},"tablet":{"background-color":"","background-image":"","background-repeat":"repeat","background-position":"center center","background-size":"auto","background-attachment":"scroll","background-type":"","background-media":"","overlay-type":"","overlay-color":"","overlay-opacity":"","overlay-gradient":""},"mobile":{"background-color":"","background-image":"","background-repeat":"repeat","background-position":"center center","background-size":"auto","background-attachment":"scroll","background-type":"","background-media":"","overlay-type":"","overlay-color":"","overlay-opacity":"","overlay-gradient":""}},"ast-content-background-meta":{"desktop":{"background-color":"var(--ast-global-color-5)","background-image":"","background-repeat":"repeat","background-position":"center center","background-size":"auto","background-attachment":"scroll","background-type":"","background-media":"","overlay-type":"","overlay-color":"","overlay-opacity":"","overlay-gradient":""},"tablet":{"background-color":"var(--ast-global-color-5)","background-image":"","background-repeat":"repeat","background-position":"center center","background-size":"auto","background-attachment":"scroll","background-type":"","background-media":"","overlay-type":"","overlay-color":"","overlay-opacity":"","overlay-gradient":""},"mobile":{"background-color":"var(--ast-global-color-5)","background-image":"","background-repeat":"repeat","background-position":"center center","background-size":"auto","background-attachment":"scroll","background-type":"","background-media":"","overlay-type":"","overlay-color":"","overlay-opacity":"","overlay-gradient":""}}},"product_brand":[],"product_cat":[74],"product_tag":[],"class_list":{"0":"post-27107","1":"product","2":"type-product","3":"status-publish","4":"has-post-thumbnail","6":"product_cat-natrual-kraft-box","7":"desktop-align-left","8":"tablet-align-left","9":"mobile-align-left","10":"ast-product-gallery-layout-horizontal","11":"ast-product-tabs-layout-horizontal","13":"first","14":"instock","15":"product-type-simple"},"_links":{"self":[{"href":"https:\/\/reanpackaging.com\/pl\/wp-json\/wp\/v2\/product\/27107","targetHints":{"allow":["GET"]}}],"collection":[{"href":"https:\/\/reanpackaging.com\/pl\/wp-json\/wp\/v2\/product"}],"about":[{"href":"https:\/\/reanpackaging.com\/pl\/wp-json\/wp\/v2\/types\/product"}],"wp:featuredmedia":[{"embeddable":true,"href":"https:\/\/reanpackaging.com\/pl\/wp-json\/wp\/v2\/media\/27021"}],"wp:attachment":[{"href":"https:\/\/reanpackaging.com\/pl\/wp-json\/wp\/v2\/media?parent=27107"}],"wp:term":[{"taxonomy":"product_brand","embeddable":true,"href":"https:\/\/reanpackaging.com\/pl\/wp-json\/wp\/v2\/product_brand?post=27107"},{"taxonomy":"product_cat","embeddable":true,"href":"https:\/\/reanpackaging.com\/pl\/wp-json\/wp\/v2\/product_cat?post=27107"},{"taxonomy":"product_tag","embeddable":true,"href":"https:\/\/reanpackaging.com\/pl\/wp-json\/wp\/v2\/product_tag?post=27107"}],"curies":[{"name":"wp","href":"https:\/\/api.w.org\/{rel}","templated":true}]}}