{"id":27824,"date":"2024-11-24T16:30:42","date_gmt":"2024-11-24T16:30:42","guid":{"rendered":"https:\/\/reanpackaging.com\/product\/wholesale-recyclable-multi-color-large-capacity-clothing-packaging-ribbon-craft-custom-print-logo-paper-bags\/"},"modified":"2024-11-24T16:39:47","modified_gmt":"2024-11-24T16:39:47","slug":"wholesale-recyclable-multi-color-large-capacity-clothing-packaging-ribbon-craft-custom-print-logo-paper-bags","status":"publish","type":"product","link":"https:\/\/reanpackaging.com\/pl\/produkt\/wholesale-recyclable-multi-color-large-capacity-clothing-packaging-ribbon-craft-custom-print-logo-paper-bags\/","title":{"rendered":"Hurtownia nadaj\u0105cych si\u0119 do recyklingu wielokolorowych opakowa\u0144 o du\u017cej pojemno\u015bci wst\u0105\u017cki do pakowania odzie\u017cy niestandardowe drukowane torby papierowe z logo"},"content":{"rendered":"<h4>Atrybuty specyficzne dla bran\u017cy<\/h4>\n<table border=\"1\">\n<tbody>\n<tr>\n<td><strong>Zastosowanie przemys\u0142owe<\/strong><\/td>\n<td>Prezenty i r\u0119kodzie\u0142o<\/td>\n<\/tr>\n<tr>\n<td><strong>Rodzaj papieru<\/strong><\/td>\n<td>Papier artystyczny<\/td>\n<\/tr>\n<tr>\n<td><strong>Cecha<\/strong><\/td>\n<td>Nadaje si\u0119 do recyklingu<\/td>\n<\/tr>\n<\/tbody>\n<\/table>\n<h4>Inne atrybuty<\/h4>\n<table border=\"1\">\n<tbody>\n<tr>\n<td><strong>Obs\u0142uga powierzchni<\/strong><\/td>\n<td>Druk fleksograficzny<\/td>\n<\/tr>\n<tr>\n<td><strong>Uszczelnienie i uchwyt<\/strong><\/td>\n<td>Heat Seal<\/td>\n<\/tr>\n<tr>\n<td><strong>Zam\u00f3wienie niestandardowe<\/strong><\/td>\n<td>Akceptuj<\/td>\n<\/tr>\n<tr>\n<td><strong>Pozycja<\/strong><\/td>\n<td>Torba papierowa<\/td>\n<\/tr>\n<tr>\n<td><strong>Kolor papieru<\/strong><\/td>\n<td>Bia\u0142y\/br\u0105zowy\/szary\/kolor PMS<\/td>\n<\/tr>\n<tr>\n<td><strong>Drukowanie<\/strong><\/td>\n<td>Wkl\u0119s\u0142odruk\/t\u0142oczenie\/t\u0142oczenie na gor\u0105co\/CMYK<\/td>\n<\/tr>\n<tr>\n<td><strong>Materia\u0142 uchwytu<\/strong><\/td>\n<td>Ta\u015bma PP \/ sznurek papierowy \/ wst\u0105\u017cka \/ lina<\/td>\n<\/tr>\n<tr>\n<td><strong>Cecha<\/strong><\/td>\n<td>Materia\u0142y z recyklingu<\/td>\n<\/tr>\n<tr>\n<td><strong>Materia\u0142<\/strong><\/td>\n<td>Papier siarczanowy\/karton ko\u015b\u0107 s\u0142oniowa\/papier artystyczny\/papier powlekany, 50GSM-450GSM<\/td>\n<\/tr>\n<tr>\n<td><strong>Niestandardowy czas pr\u00f3bkowania<\/strong><\/td>\n<td>7-10 dni \u0142\u0105cznie z wysy\u0142k\u0105<\/td>\n<\/tr>\n<tr>\n<td><strong>Usuwanie powierzchniowe<\/strong><\/td>\n<td>Laminowanie (b\u0142yszcz\u0105ce\/matowe)\/pow\u0142oka UV<\/td>\n<\/tr>\n<tr>\n<td><strong>Uchwyt<\/strong><\/td>\n<td>Uchwyt Flexiloop\/d\u0142ugo\u015b\u0107 d\u0142oni\/uchwyt typu patch\/d\u0142ugo\u015b\u0107 ramion<\/td>\n<\/tr>\n<tr>\n<td><strong>OEM I ODM<\/strong><\/td>\n<td>Akceptuj<\/td>\n<\/tr>\n<\/tbody>\n<\/table>","protected":false},"excerpt":{"rendered":"<p>Industry-Specific Attributes Industrial Use Gift &amp; Craft Paper Type Art Paper Feature Recyclable Other Attributes Surface Handling Flexo Printing Sealing &amp; Handle Heat Seal Custom Order Accept Item Paper bag Paper Color White\/Brown\/Grey\/PMS Color Printing Gravure printing\/Embossing printing\/Hot stamping\/CMYK Handle material PP webbing\/Paper string\/Ribbon\/Rope Feature Recycled Materials Mateial Kraft paper\/Ivory board\/Art Paper\/Coated paper,50GSM-450GSM Custom sample [&hellip;]<\/p>\n","protected":false},"featured_media":27793,"template":"","meta":{"_seopress_robots_primary_cat":"none","_seopress_titles_title":"","_seopress_titles_desc":"","_seopress_robots_index":"","site-sidebar-layout":"default","site-content-layout":"","ast-site-content-layout":"default","site-content-style":"default","site-sidebar-style":"default","ast-global-header-display":"","ast-banner-title-visibility":"","ast-main-header-display":"","ast-hfb-above-header-display":"","ast-hfb-below-header-display":"","ast-hfb-mobile-header-display":"","site-post-title":"","ast-breadcrumbs-content":"","ast-featured-img":"","footer-sml-layout":"","ast-disable-related-posts":"","theme-transparent-header-meta":"default","adv-header-id-meta":"","stick-header-meta":"default","header-above-stick-meta":"","header-main-stick-meta":"","header-below-stick-meta":"","astra-migrate-meta-layouts":"set","ast-page-background-enabled":"default","ast-page-background-meta":{"desktop":{"background-color":"","background-image":"","background-repeat":"repeat","background-position":"center center","background-size":"auto","background-attachment":"scroll","background-type":"","background-media":"","overlay-type":"","overlay-color":"","overlay-opacity":"","overlay-gradient":""},"tablet":{"background-color":"","background-image":"","background-repeat":"repeat","background-position":"center center","background-size":"auto","background-attachment":"scroll","background-type":"","background-media":"","overlay-type":"","overlay-color":"","overlay-opacity":"","overlay-gradient":""},"mobile":{"background-color":"","background-image":"","background-repeat":"repeat","background-position":"center center","background-size":"auto","background-attachment":"scroll","background-type":"","background-media":"","overlay-type":"","overlay-color":"","overlay-opacity":"","overlay-gradient":""}},"ast-content-background-meta":{"desktop":{"background-color":"var(--ast-global-color-5)","background-image":"","background-repeat":"repeat","background-position":"center center","background-size":"auto","background-attachment":"scroll","background-type":"","background-media":"","overlay-type":"","overlay-color":"","overlay-opacity":"","overlay-gradient":""},"tablet":{"background-color":"var(--ast-global-color-5)","background-image":"","background-repeat":"repeat","background-position":"center center","background-size":"auto","background-attachment":"scroll","background-type":"","background-media":"","overlay-type":"","overlay-color":"","overlay-opacity":"","overlay-gradient":""},"mobile":{"background-color":"var(--ast-global-color-5)","background-image":"","background-repeat":"repeat","background-position":"center center","background-size":"auto","background-attachment":"scroll","background-type":"","background-media":"","overlay-type":"","overlay-color":"","overlay-opacity":"","overlay-gradient":""}}},"product_brand":[],"product_cat":[76],"product_tag":[],"class_list":{"0":"post-27824","1":"product","2":"type-product","3":"status-publish","4":"has-post-thumbnail","6":"product_cat-white-paper-bags-with-handels","7":"desktop-align-left","8":"tablet-align-left","9":"mobile-align-left","10":"ast-product-gallery-layout-horizontal","11":"ast-product-tabs-layout-horizontal","13":"first","14":"instock","15":"product-type-simple"},"_links":{"self":[{"href":"https:\/\/reanpackaging.com\/pl\/wp-json\/wp\/v2\/product\/27824","targetHints":{"allow":["GET"]}}],"collection":[{"href":"https:\/\/reanpackaging.com\/pl\/wp-json\/wp\/v2\/product"}],"about":[{"href":"https:\/\/reanpackaging.com\/pl\/wp-json\/wp\/v2\/types\/product"}],"wp:featuredmedia":[{"embeddable":true,"href":"https:\/\/reanpackaging.com\/pl\/wp-json\/wp\/v2\/media\/27793"}],"wp:attachment":[{"href":"https:\/\/reanpackaging.com\/pl\/wp-json\/wp\/v2\/media?parent=27824"}],"wp:term":[{"taxonomy":"product_brand","embeddable":true,"href":"https:\/\/reanpackaging.com\/pl\/wp-json\/wp\/v2\/product_brand?post=27824"},{"taxonomy":"product_cat","embeddable":true,"href":"https:\/\/reanpackaging.com\/pl\/wp-json\/wp\/v2\/product_cat?post=27824"},{"taxonomy":"product_tag","embeddable":true,"href":"https:\/\/reanpackaging.com\/pl\/wp-json\/wp\/v2\/product_tag?post=27824"}],"curies":[{"name":"wp","href":"https:\/\/api.w.org\/{rel}","templated":true}]}}