{"id":28154,"date":"2024-11-26T12:42:52","date_gmt":"2024-11-26T12:42:52","guid":{"rendered":"https:\/\/reanpackaging.com\/product\/10-inches-clear-cake-carrier-box-transparent-plastic-tall-cake-container-boxes-with-lid-gift-package-for-birthday-wedding-party\/"},"modified":"2024-11-26T13:01:30","modified_gmt":"2024-11-26T13:01:30","slug":"10-inches-clear-cake-carrier-box-transparent-plastic-tall-cake-container-boxes-with-lid-gift-package-for-birthday-wedding-party","status":"publish","type":"product","link":"https:\/\/reanpackaging.com\/pl\/produkt\/10-inches-clear-cake-carrier-box-transparent-plastic-tall-cake-container-boxes-with-lid-gift-package-for-birthday-wedding-party\/","title":{"rendered":"10-calowe przezroczyste pude\u0142ko na ciasto Przezroczyste plastikowe wysokie pude\u0142ka na ciasto z pokrywk\u0105 Pakiet prezentowy na przyj\u0119cie urodzinowe i weselne"},"content":{"rendered":"<h4>Atrybuty specyficzne dla bran\u017cy<\/h4>\n<table border=\"1\">\n<tbody>\n<tr>\n<td><strong>Zastosowanie przemys\u0142owe<\/strong><\/td>\n<td>\u017bywno\u015b\u0107<\/td>\n<\/tr>\n<tr>\n<td><strong>Cecha<\/strong><\/td>\n<td>Materia\u0142y z recyklingu<\/td>\n<\/tr>\n<tr>\n<td><strong>Typ plastikowy<\/strong><\/td>\n<td>PET<\/td>\n<\/tr>\n<\/tbody>\n<\/table>\n<h4>Inne atrybuty<\/h4>\n<table border=\"1\">\n<tbody>\n<tr>\n<td><strong>Grubo\u015b\u0107<\/strong><\/td>\n<td>0,45 mm<\/td>\n<\/tr>\n<tr>\n<td><strong>Zam\u00f3wienie niestandardowe<\/strong><\/td>\n<td>Akceptuj<\/td>\n<\/tr>\n<tr>\n<td><strong>Obs\u0142uga drukowania<\/strong><\/td>\n<td>Z\u0142oty znaczek<\/td>\n<\/tr>\n<tr>\n<td><strong>Nazwa produktu<\/strong><\/td>\n<td>Przezroczyste pude\u0142ko na ciasto<\/td>\n<\/tr>\n<tr>\n<td><strong>Logo<\/strong><\/td>\n<td>Dopuszczalne niestandardowe logo<\/td>\n<\/tr>\n<tr>\n<td><strong>S\u0142owa kluczowe<\/strong><\/td>\n<td>Pude\u0142ko na ciasto<\/td>\n<\/tr>\n<tr>\n<td><strong>Przewaga<\/strong><\/td>\n<td>Ochrona \u015brodowiska<\/td>\n<\/tr>\n<tr>\n<td><strong>Czas dostawy<\/strong><\/td>\n<td>12-15 dni<\/td>\n<\/tr>\n<tr>\n<td><strong>Czas pr\u00f3by<\/strong><\/td>\n<td>3-5 dni roboczych<\/td>\n<\/tr>\n<tr>\n<td><strong>TERMIN P\u0141ATNO\u015aCI<\/strong><\/td>\n<td>Trade Assurance, T\/T<\/td>\n<\/tr>\n<tr>\n<td><strong>Wysy\u0142ka<\/strong><\/td>\n<td>DHL UPS FEDEX TNT, drog\u0105 morsk\u0105, drog\u0105 powietrzn\u0105<\/td>\n<\/tr>\n<tr>\n<td><strong>MOQ<\/strong><\/td>\n<td>50 szt.<\/td>\n<\/tr>\n<tr>\n<td><strong>OEM\/ODM<\/strong><\/td>\n<td>Harmonogram<\/td>\n<\/tr>\n<\/tbody>\n<\/table>\n<p><img decoding=\"async\" class=\"detail-desc-decorate-image\" style=\"max-width: 100%; height: auto; display: block; margin: 0 auto;\" src=\"https:\/\/reanpackaging.com\/wp-content\/uploads\/2024\/11\/1-description-10-Inches-Clear-Cake-Carrier-Box-Transparent-Plastic-Tall-Cake-Container-Boxes-with-Lid-Gift-Package-for-Birthday-Wedding-Party.jpg\" \/><br \/>\n<img decoding=\"async\" class=\"detail-desc-decorate-image\" style=\"max-width: 100%; height: auto; display: block; margin: 0 auto;\" src=\"https:\/\/reanpackaging.com\/wp-content\/uploads\/2024\/11\/2-description-10-Inches-Clear-Cake-Carrier-Box-Transparent-Plastic-Tall-Cake-Container-Boxes-with-Lid-Gift-Package-for-Birthday-Wedding-Party.jpg\" \/><br \/>\n<img decoding=\"async\" class=\"detail-desc-decorate-image\" style=\"max-width: 100%; height: auto; display: block; margin: 0 auto;\" src=\"https:\/\/reanpackaging.com\/wp-content\/uploads\/2024\/11\/3-description-10-Inches-Clear-Cake-Carrier-Box-Transparent-Plastic-Tall-Cake-Container-Boxes-with-Lid-Gift-Package-for-Birthday-Wedding-Party.jpg\" \/><br \/>\n<img decoding=\"async\" class=\"detail-desc-decorate-image\" style=\"max-width: 100%; height: auto; display: block; margin: 0 auto;\" src=\"https:\/\/reanpackaging.com\/wp-content\/uploads\/2024\/11\/4-description-10-Inches-Clear-Cake-Carrier-Box-Transparent-Plastic-Tall-Cake-Container-Boxes-with-Lid-Gift-Package-for-Birthday-Wedding-Party.jpg\" \/><br \/>\n<img decoding=\"async\" class=\"detail-desc-decorate-image\" style=\"max-width: 100%; height: auto; display: block; margin: 0 auto;\" src=\"https:\/\/reanpackaging.com\/wp-content\/uploads\/2024\/11\/5-description-10-Inches-Clear-Cake-Carrier-Box-Transparent-Plastic-Tall-Cake-Container-Boxes-with-Lid-Gift-Package-for-Birthday-Wedding-Party.jpg\" \/><br \/>\n<img decoding=\"async\" class=\"detail-desc-decorate-image\" style=\"max-width: 100%; height: auto; display: block; margin: 0 auto;\" src=\"https:\/\/reanpackaging.com\/wp-content\/uploads\/2024\/11\/6-description-10-Inches-Clear-Cake-Carrier-Box-Transparent-Plastic-Tall-Cake-Container-Boxes-with-Lid-Gift-Package-for-Birthday-Wedding-Party.jpg\" \/><br \/>\n<img decoding=\"async\" class=\"detail-desc-decorate-image\" style=\"max-width: 100%; height: auto; display: block; margin: 0 auto;\" src=\"https:\/\/reanpackaging.com\/wp-content\/uploads\/2024\/11\/7-description-10-Inches-Clear-Cake-Carrier-Box-Transparent-Plastic-Tall-Cake-Container-Boxes-with-Lid-Gift-Package-for-Birthday-Wedding-Party.jpg\" \/><br \/>\n<img decoding=\"async\" class=\"detail-desc-decorate-image\" style=\"max-width: 100%; height: auto; display: block; margin: 0 auto;\" src=\"https:\/\/reanpackaging.com\/wp-content\/uploads\/2024\/11\/8-description-10-Inches-Clear-Cake-Carrier-Box-Transparent-Plastic-Tall-Cake-Container-Boxes-with-Lid-Gift-Package-for-Birthday-Wedding-Party.jpg\" \/><\/p>","protected":false},"excerpt":{"rendered":"<p>Industry-Specific Attributes Industrial Use Food Feature Recycled Materials Plastic Type PET Other Attributes Thickness 0.45mm Custom Order Accept Printing Handling Gold Stamp Product name Transparent Cake Box Logo Customized Logo Acceptable Key words Cake box Advantage Environmental Protection Delivery Time 12-15 Days Sample time 3-5 Working Days PAYMENT TERM Trade Assurance, T\/T Shipment DHL UPS [&hellip;]<\/p>\n","protected":false},"featured_media":27980,"template":"","meta":{"_seopress_robots_primary_cat":"none","_seopress_titles_title":"","_seopress_titles_desc":"","_seopress_robots_index":"","site-sidebar-layout":"default","site-content-layout":"","ast-site-content-layout":"default","site-content-style":"default","site-sidebar-style":"default","ast-global-header-display":"","ast-banner-title-visibility":"","ast-main-header-display":"","ast-hfb-above-header-display":"","ast-hfb-below-header-display":"","ast-hfb-mobile-header-display":"","site-post-title":"","ast-breadcrumbs-content":"","ast-featured-img":"","footer-sml-layout":"","ast-disable-related-posts":"","theme-transparent-header-meta":"default","adv-header-id-meta":"","stick-header-meta":"default","header-above-stick-meta":"","header-main-stick-meta":"","header-below-stick-meta":"","astra-migrate-meta-layouts":"set","ast-page-background-enabled":"default","ast-page-background-meta":{"desktop":{"background-color":"","background-image":"","background-repeat":"repeat","background-position":"center center","background-size":"auto","background-attachment":"scroll","background-type":"","background-media":"","overlay-type":"","overlay-color":"","overlay-opacity":"","overlay-gradient":""},"tablet":{"background-color":"","background-image":"","background-repeat":"repeat","background-position":"center center","background-size":"auto","background-attachment":"scroll","background-type":"","background-media":"","overlay-type":"","overlay-color":"","overlay-opacity":"","overlay-gradient":""},"mobile":{"background-color":"","background-image":"","background-repeat":"repeat","background-position":"center center","background-size":"auto","background-attachment":"scroll","background-type":"","background-media":"","overlay-type":"","overlay-color":"","overlay-opacity":"","overlay-gradient":""}},"ast-content-background-meta":{"desktop":{"background-color":"var(--ast-global-color-5)","background-image":"","background-repeat":"repeat","background-position":"center center","background-size":"auto","background-attachment":"scroll","background-type":"","background-media":"","overlay-type":"","overlay-color":"","overlay-opacity":"","overlay-gradient":""},"tablet":{"background-color":"var(--ast-global-color-5)","background-image":"","background-repeat":"repeat","background-position":"center center","background-size":"auto","background-attachment":"scroll","background-type":"","background-media":"","overlay-type":"","overlay-color":"","overlay-opacity":"","overlay-gradient":""},"mobile":{"background-color":"var(--ast-global-color-5)","background-image":"","background-repeat":"repeat","background-position":"center center","background-size":"auto","background-attachment":"scroll","background-type":"","background-media":"","overlay-type":"","overlay-color":"","overlay-opacity":"","overlay-gradient":""}}},"product_brand":[],"product_cat":[77],"product_tag":[],"class_list":{"0":"post-28154","1":"product","2":"type-product","3":"status-publish","4":"has-post-thumbnail","6":"product_cat-gift-boxes-with-clear-lids","7":"desktop-align-left","8":"tablet-align-left","9":"mobile-align-left","10":"ast-product-gallery-layout-horizontal","11":"ast-product-tabs-layout-horizontal","13":"first","14":"instock","15":"product-type-simple"},"_links":{"self":[{"href":"https:\/\/reanpackaging.com\/pl\/wp-json\/wp\/v2\/product\/28154","targetHints":{"allow":["GET"]}}],"collection":[{"href":"https:\/\/reanpackaging.com\/pl\/wp-json\/wp\/v2\/product"}],"about":[{"href":"https:\/\/reanpackaging.com\/pl\/wp-json\/wp\/v2\/types\/product"}],"wp:featuredmedia":[{"embeddable":true,"href":"https:\/\/reanpackaging.com\/pl\/wp-json\/wp\/v2\/media\/27980"}],"wp:attachment":[{"href":"https:\/\/reanpackaging.com\/pl\/wp-json\/wp\/v2\/media?parent=28154"}],"wp:term":[{"taxonomy":"product_brand","embeddable":true,"href":"https:\/\/reanpackaging.com\/pl\/wp-json\/wp\/v2\/product_brand?post=28154"},{"taxonomy":"product_cat","embeddable":true,"href":"https:\/\/reanpackaging.com\/pl\/wp-json\/wp\/v2\/product_cat?post=28154"},{"taxonomy":"product_tag","embeddable":true,"href":"https:\/\/reanpackaging.com\/pl\/wp-json\/wp\/v2\/product_tag?post=28154"}],"curies":[{"name":"wp","href":"https:\/\/api.w.org\/{rel}","templated":true}]}}