{"id":28155,"date":"2024-11-26T12:42:52","date_gmt":"2024-11-26T12:42:52","guid":{"rendered":"https:\/\/reanpackaging.com\/product\/custom-printing-premium-large-square-storage-boxes-clear-acrylic-gift-cube-box-with-lids\/"},"modified":"2024-11-26T12:43:10","modified_gmt":"2024-11-26T12:43:10","slug":"custom-printing-premium-large-square-storage-boxes-clear-acrylic-gift-cube-box-with-lids","status":"publish","type":"product","link":"https:\/\/reanpackaging.com\/pl\/produkt\/custom-printing-premium-large-square-storage-boxes-clear-acrylic-gift-cube-box-with-lids\/","title":{"rendered":"Niestandardowe drukowanie Premium Du\u017ce kwadratowe pude\u0142ka do przechowywania Przezroczyste akrylowe pude\u0142ko na prezenty z pokrywkami"},"content":{"rendered":"<\/table>\n<h4>Inne atrybuty<\/h4>\n<table border=\"1\">\n<tr>\n<td><strong>Nazwa marki<\/strong><\/td>\n<td>EMO<\/td>\n<\/tr>\n<tr>\n<td><strong>Nazwa produktu<\/strong><\/td>\n<td>Acrylic Storage Box<\/td>\n<\/tr>\n<tr>\n<td><strong>Rozmiar<\/strong><\/td>\n<td>rozmiar niestandardowy<\/td>\n<\/tr>\n<tr>\n<td><strong>Materia\u0142<\/strong><\/td>\n<td>Akryl<\/td>\n<\/tr>\n<tr>\n<td><strong>Acrylic Thickness<\/strong><\/td>\n<td>3 mm<\/td>\n<\/tr>\n<tr>\n<td><strong>Kolor<\/strong><\/td>\n<td>Wyczy\u015b\u0107<\/td>\n<\/tr>\n<tr>\n<td><strong>Placement Style<\/strong><\/td>\n<td>Countertop<\/td>\n<\/tr>\n<tr>\n<td><strong>Cechy<\/strong><\/td>\n<td>Acrylic Box<\/td>\n<\/tr>\n<tr>\n<td><strong>LOGO<\/strong><\/td>\n<td>Printing &#038; Engraving<\/td>\n<\/tr>\n<tr>\n<td><strong>Dostosowane<\/strong><\/td>\n<td>OEM &#038; ODM available<\/td>\n<\/tr>\n<tr>\n<td><strong>Technika<\/strong><\/td>\n<td>R\u0119cznie robione<\/td>\n<\/tr>\n<\/table>","protected":false},"excerpt":{"rendered":"<p>Other Attributes Brand Name EMO Product Name Acrylic Storage Box Size custom size Material Acrylic Acrylic Thickness 3mm Color Clear Placement Style Countertop Features Acrylic Box LOGO Printing &#038; Engraving Customized OEM &#038; ODM available Technique Handmade<\/p>","protected":false},"featured_media":28031,"template":"","meta":{"_seopress_robots_primary_cat":"","_seopress_titles_title":"","_seopress_titles_desc":"","_seopress_robots_index":"","site-sidebar-layout":"default","site-content-layout":"","ast-site-content-layout":"default","site-content-style":"default","site-sidebar-style":"default","ast-global-header-display":"","ast-banner-title-visibility":"","ast-main-header-display":"","ast-hfb-above-header-display":"","ast-hfb-below-header-display":"","ast-hfb-mobile-header-display":"","site-post-title":"","ast-breadcrumbs-content":"","ast-featured-img":"","footer-sml-layout":"","ast-disable-related-posts":"","theme-transparent-header-meta":"","adv-header-id-meta":"","stick-header-meta":"","header-above-stick-meta":"","header-main-stick-meta":"","header-below-stick-meta":"","astra-migrate-meta-layouts":"default","ast-page-background-enabled":"default","ast-page-background-meta":{"desktop":{"background-color":"","background-image":"","background-repeat":"repeat","background-position":"center center","background-size":"auto","background-attachment":"scroll","background-type":"","background-media":"","overlay-type":"","overlay-color":"","overlay-opacity":"","overlay-gradient":""},"tablet":{"background-color":"","background-image":"","background-repeat":"repeat","background-position":"center center","background-size":"auto","background-attachment":"scroll","background-type":"","background-media":"","overlay-type":"","overlay-color":"","overlay-opacity":"","overlay-gradient":""},"mobile":{"background-color":"","background-image":"","background-repeat":"repeat","background-position":"center center","background-size":"auto","background-attachment":"scroll","background-type":"","background-media":"","overlay-type":"","overlay-color":"","overlay-opacity":"","overlay-gradient":""}},"ast-content-background-meta":{"desktop":{"background-color":"var(--ast-global-color-5)","background-image":"","background-repeat":"repeat","background-position":"center center","background-size":"auto","background-attachment":"scroll","background-type":"","background-media":"","overlay-type":"","overlay-color":"","overlay-opacity":"","overlay-gradient":""},"tablet":{"background-color":"var(--ast-global-color-5)","background-image":"","background-repeat":"repeat","background-position":"center center","background-size":"auto","background-attachment":"scroll","background-type":"","background-media":"","overlay-type":"","overlay-color":"","overlay-opacity":"","overlay-gradient":""},"mobile":{"background-color":"var(--ast-global-color-5)","background-image":"","background-repeat":"repeat","background-position":"center center","background-size":"auto","background-attachment":"scroll","background-type":"","background-media":"","overlay-type":"","overlay-color":"","overlay-opacity":"","overlay-gradient":""}}},"product_brand":[],"product_cat":[77],"product_tag":[],"class_list":{"0":"post-28155","1":"product","2":"type-product","3":"status-publish","4":"has-post-thumbnail","6":"product_cat-gift-boxes-with-clear-lids","7":"desktop-align-left","8":"tablet-align-left","9":"mobile-align-left","10":"ast-product-gallery-layout-horizontal","11":"ast-product-tabs-layout-horizontal","13":"first","14":"instock","15":"product-type-simple"},"_links":{"self":[{"href":"https:\/\/reanpackaging.com\/pl\/wp-json\/wp\/v2\/product\/28155","targetHints":{"allow":["GET"]}}],"collection":[{"href":"https:\/\/reanpackaging.com\/pl\/wp-json\/wp\/v2\/product"}],"about":[{"href":"https:\/\/reanpackaging.com\/pl\/wp-json\/wp\/v2\/types\/product"}],"wp:featuredmedia":[{"embeddable":true,"href":"https:\/\/reanpackaging.com\/pl\/wp-json\/wp\/v2\/media\/28031"}],"wp:attachment":[{"href":"https:\/\/reanpackaging.com\/pl\/wp-json\/wp\/v2\/media?parent=28155"}],"wp:term":[{"taxonomy":"product_brand","embeddable":true,"href":"https:\/\/reanpackaging.com\/pl\/wp-json\/wp\/v2\/product_brand?post=28155"},{"taxonomy":"product_cat","embeddable":true,"href":"https:\/\/reanpackaging.com\/pl\/wp-json\/wp\/v2\/product_cat?post=28155"},{"taxonomy":"product_tag","embeddable":true,"href":"https:\/\/reanpackaging.com\/pl\/wp-json\/wp\/v2\/product_tag?post=28155"}],"curies":[{"name":"wp","href":"https:\/\/api.w.org\/{rel}","templated":true}]}}