{"id":28725,"date":"2024-12-15T11:36:35","date_gmt":"2024-12-15T11:36:35","guid":{"rendered":"https:\/\/reanpackaging.com\/product\/wholesale-luxury-heart-shaped-rose-packaging-valentines-day-gift-flower-gift-box-for-valentines-florist-box\/"},"modified":"2024-12-15T12:12:39","modified_gmt":"2024-12-15T12:12:39","slug":"wholesale-luxury-heart-shaped-rose-packaging-valentines-day-gift-flower-gift-box-for-valentines-florist-box","status":"publish","type":"product","link":"https:\/\/reanpackaging.com\/pl\/produkt\/wholesale-luxury-heart-shaped-rose-packaging-valentines-day-gift-flower-gift-box-for-valentines-florist-box\/","title":{"rendered":"Hurtownia Luksusowe opakowanie r\u00f3\u017c w kszta\u0142cie serca Prezent na Walentynki Pude\u0142ko na prezenty kwiatowe na Walentynki Pude\u0142ko florystyczne"},"content":{"rendered":"<h4>Atrybuty specyficzne dla bran\u017cy<\/h4>\n<table border=\"1\">\n<tbody>\n<tr>\n<td><strong>Zastosowanie przemys\u0142owe<\/strong><\/td>\n<td>Prezenty i r\u0119kodzie\u0142o<\/td>\n<\/tr>\n<tr>\n<td><strong>Rodzaj papieru<\/strong><\/td>\n<td>Szara tablica<\/td>\n<\/tr>\n<tr>\n<td><strong>Cecha<\/strong><\/td>\n<td>Nadaje si\u0119 do recyklingu<\/td>\n<\/tr>\n<tr>\n<td><strong>typ pude\u0142ka<\/strong><\/td>\n<td>Sztywne pude\u0142ka<\/td>\n<\/tr>\n<\/tbody>\n<\/table>\n<h4>Inne atrybuty<\/h4>\n<table border=\"1\">\n<tbody>\n<tr>\n<td><strong>Kszta\u0142t<\/strong><\/td>\n<td>Kwadratowe pude\u0142ko<\/td>\n<\/tr>\n<tr>\n<td><strong>Obs\u0142uga drukowania<\/strong><\/td>\n<td>Laminowanie matowe, lakierowanie, t\u0142oczenie, wyt\u0142aczanie, laminowanie b\u0142yszcz\u0105ce, powlekanie UV, VANISHING, z\u0142ota folia<\/td>\n<\/tr>\n<tr>\n<td><strong>Zam\u00f3wienie niestandardowe<\/strong><\/td>\n<td>Akceptuj<\/td>\n<\/tr>\n<tr>\n<td><strong>Nazwa produktu<\/strong><\/td>\n<td>Heart Flower Box<\/td>\n<\/tr>\n<tr>\n<td><strong>Kolor<\/strong><\/td>\n<td>Jak pokazano lub niestandardowe<\/td>\n<\/tr>\n<tr>\n<td><strong>Zastosowanie<\/strong><\/td>\n<td>Pakowanie kwiat\u00f3w<\/td>\n<\/tr>\n<tr>\n<td><strong>Logo<\/strong><\/td>\n<td>Dopuszczalne logo klienta<\/td>\n<\/tr>\n<tr>\n<td><strong>Przewaga<\/strong><\/td>\n<td>Profesjonalny producent<\/td>\n<\/tr>\n<tr>\n<td><strong>OEM<\/strong><\/td>\n<td>Dopuszczalny<\/td>\n<\/tr>\n<tr>\n<td><strong>Us\u0142uga<\/strong><\/td>\n<td>24 godziny online<\/td>\n<\/tr>\n<tr>\n<td><strong>Styl<\/strong><\/td>\n<td>Luksus<\/td>\n<\/tr>\n<\/tbody>\n<\/table>","protected":false},"excerpt":{"rendered":"<p>Industry-Specific Attributes Industrial Use Gift &amp; Craft Paper Type Grey Board Feature Recyclable box type Rigid Boxes Other Attributes Shape Square Box Printing Handling Matt Lamination, Varnishing, Stamping, Embossing, Glossy Lamination, UV Coating, VANISHING, Gold Foil Custom Order Accept Product name Heart Flower Box Color As shown or custom Application Packing flower Logo Acceptable Customer&#8217;s [&hellip;]<\/p>\n","protected":false},"featured_media":28704,"template":"","meta":{"_seopress_robots_primary_cat":"none","_seopress_titles_title":"","_seopress_titles_desc":"","_seopress_robots_index":"","site-sidebar-layout":"default","site-content-layout":"","ast-site-content-layout":"default","site-content-style":"default","site-sidebar-style":"default","ast-global-header-display":"","ast-banner-title-visibility":"","ast-main-header-display":"","ast-hfb-above-header-display":"","ast-hfb-below-header-display":"","ast-hfb-mobile-header-display":"","site-post-title":"","ast-breadcrumbs-content":"","ast-featured-img":"","footer-sml-layout":"","ast-disable-related-posts":"","theme-transparent-header-meta":"default","adv-header-id-meta":"","stick-header-meta":"default","header-above-stick-meta":"","header-main-stick-meta":"","header-below-stick-meta":"","astra-migrate-meta-layouts":"set","ast-page-background-enabled":"default","ast-page-background-meta":{"desktop":{"background-color":"","background-image":"","background-repeat":"repeat","background-position":"center center","background-size":"auto","background-attachment":"scroll","background-type":"","background-media":"","overlay-type":"","overlay-color":"","overlay-opacity":"","overlay-gradient":""},"tablet":{"background-color":"","background-image":"","background-repeat":"repeat","background-position":"center center","background-size":"auto","background-attachment":"scroll","background-type":"","background-media":"","overlay-type":"","overlay-color":"","overlay-opacity":"","overlay-gradient":""},"mobile":{"background-color":"","background-image":"","background-repeat":"repeat","background-position":"center center","background-size":"auto","background-attachment":"scroll","background-type":"","background-media":"","overlay-type":"","overlay-color":"","overlay-opacity":"","overlay-gradient":""}},"ast-content-background-meta":{"desktop":{"background-color":"var(--ast-global-color-5)","background-image":"","background-repeat":"repeat","background-position":"center center","background-size":"auto","background-attachment":"scroll","background-type":"","background-media":"","overlay-type":"","overlay-color":"","overlay-opacity":"","overlay-gradient":""},"tablet":{"background-color":"var(--ast-global-color-5)","background-image":"","background-repeat":"repeat","background-position":"center center","background-size":"auto","background-attachment":"scroll","background-type":"","background-media":"","overlay-type":"","overlay-color":"","overlay-opacity":"","overlay-gradient":""},"mobile":{"background-color":"var(--ast-global-color-5)","background-image":"","background-repeat":"repeat","background-position":"center center","background-size":"auto","background-attachment":"scroll","background-type":"","background-media":"","overlay-type":"","overlay-color":"","overlay-opacity":"","overlay-gradient":""}}},"product_brand":[],"product_cat":[78],"product_tag":[],"class_list":{"0":"post-28725","1":"product","2":"type-product","3":"status-publish","4":"has-post-thumbnail","6":"product_cat-heart-shape-gift-boxes","7":"desktop-align-left","8":"tablet-align-left","9":"mobile-align-left","10":"ast-product-gallery-layout-horizontal","11":"ast-product-tabs-layout-horizontal","13":"first","14":"instock","15":"product-type-simple"},"_links":{"self":[{"href":"https:\/\/reanpackaging.com\/pl\/wp-json\/wp\/v2\/product\/28725","targetHints":{"allow":["GET"]}}],"collection":[{"href":"https:\/\/reanpackaging.com\/pl\/wp-json\/wp\/v2\/product"}],"about":[{"href":"https:\/\/reanpackaging.com\/pl\/wp-json\/wp\/v2\/types\/product"}],"wp:featuredmedia":[{"embeddable":true,"href":"https:\/\/reanpackaging.com\/pl\/wp-json\/wp\/v2\/media\/28704"}],"wp:attachment":[{"href":"https:\/\/reanpackaging.com\/pl\/wp-json\/wp\/v2\/media?parent=28725"}],"wp:term":[{"taxonomy":"product_brand","embeddable":true,"href":"https:\/\/reanpackaging.com\/pl\/wp-json\/wp\/v2\/product_brand?post=28725"},{"taxonomy":"product_cat","embeddable":true,"href":"https:\/\/reanpackaging.com\/pl\/wp-json\/wp\/v2\/product_cat?post=28725"},{"taxonomy":"product_tag","embeddable":true,"href":"https:\/\/reanpackaging.com\/pl\/wp-json\/wp\/v2\/product_tag?post=28725"}],"curies":[{"name":"wp","href":"https:\/\/api.w.org\/{rel}","templated":true}]}}