{"id":28746,"date":"2024-12-15T11:37:45","date_gmt":"2024-12-15T11:37:45","guid":{"rendered":"https:\/\/reanpackaging.com\/product\/heart-shaped-eyelash-packaging-box-pink-dollar-bill-eyelash-box-cash-money-lashes-container-case\/"},"modified":"2024-12-15T12:00:19","modified_gmt":"2024-12-15T12:00:19","slug":"heart-shaped-eyelash-packaging-box-pink-dollar-bill-eyelash-box-cash-money-lashes-container-case","status":"publish","type":"product","link":"https:\/\/reanpackaging.com\/pl\/produkt\/heart-shaped-eyelash-packaging-box-pink-dollar-bill-eyelash-box-cash-money-lashes-container-case\/","title":{"rendered":"pude\u0142ko na rz\u0119sy w kszta\u0142cie serca r\u00f3\u017cowy banknot dolarowy pude\u0142ko na rz\u0119sy pieni\u0105dze pieni\u0105dze rz\u0119sy pojemnik etui"},"content":{"rendered":"<h4>Inne atrybuty<\/h4>\n<table border=\"1\">\n<tbody>\n<tr>\n<td><strong>Tacka na rz\u0119sy<\/strong><\/td>\n<td>plastikowa taca<\/td>\n<\/tr>\n<tr>\n<td><strong>Materia\u0142<\/strong><\/td>\n<td>Futro<\/td>\n<\/tr>\n<tr>\n<td><strong>Typ<\/strong><\/td>\n<td>R\u0119cznie wykonane<\/td>\n<\/tr>\n<tr>\n<td><strong>Opaska na sztuczne rz\u0119sy<\/strong><\/td>\n<td>Czarna bawe\u0142niana opaska<\/td>\n<\/tr>\n<tr>\n<td><strong>Styl sztucznych rz\u0119s<\/strong><\/td>\n<td>Naturalny<\/td>\n<\/tr>\n<tr>\n<td><strong>Jednostki sprzeda\u017cy<\/strong><\/td>\n<td>Pojedynczy element<\/td>\n<\/tr>\n<tr>\n<td><strong>Rozmiar pojedynczego opakowania<\/strong><\/td>\n<td>11X9,4X2,4 cm<\/td>\n<\/tr>\n<tr>\n<td><strong>Pojedyncza waga brutto<\/strong><\/td>\n<td>0,080 kg<\/td>\n<\/tr>\n<\/tbody>\n<\/table>","protected":false},"excerpt":{"rendered":"<p>Inne atrybuty Tacka na rz\u0119sy Plastikowa tacka Materia\u0142 Futro Rodzaj R\u0119cznie robione Sztuczne rz\u0119sy Opaska Czarna Bawe\u0142niana Opaska Sztuczne rz\u0119sy Styl Naturalny Jednostki sprzeda\u017cy Pojedyncza sztuka Rozmiar pojedynczego opakowania 11X9.4X2.4 cm Waga pojedynczego opakowania brutto 0.080 kg<\/p>","protected":false},"featured_media":28598,"template":"","meta":{"_seopress_robots_primary_cat":"none","_seopress_titles_title":"","_seopress_titles_desc":"","_seopress_robots_index":"","site-sidebar-layout":"default","site-content-layout":"","ast-site-content-layout":"default","site-content-style":"default","site-sidebar-style":"default","ast-global-header-display":"","ast-banner-title-visibility":"","ast-main-header-display":"","ast-hfb-above-header-display":"","ast-hfb-below-header-display":"","ast-hfb-mobile-header-display":"","site-post-title":"","ast-breadcrumbs-content":"","ast-featured-img":"","footer-sml-layout":"","ast-disable-related-posts":"","theme-transparent-header-meta":"default","adv-header-id-meta":"","stick-header-meta":"default","header-above-stick-meta":"","header-main-stick-meta":"","header-below-stick-meta":"","astra-migrate-meta-layouts":"set","ast-page-background-enabled":"default","ast-page-background-meta":{"desktop":{"background-color":"","background-image":"","background-repeat":"repeat","background-position":"center center","background-size":"auto","background-attachment":"scroll","background-type":"","background-media":"","overlay-type":"","overlay-color":"","overlay-opacity":"","overlay-gradient":""},"tablet":{"background-color":"","background-image":"","background-repeat":"repeat","background-position":"center center","background-size":"auto","background-attachment":"scroll","background-type":"","background-media":"","overlay-type":"","overlay-color":"","overlay-opacity":"","overlay-gradient":""},"mobile":{"background-color":"","background-image":"","background-repeat":"repeat","background-position":"center center","background-size":"auto","background-attachment":"scroll","background-type":"","background-media":"","overlay-type":"","overlay-color":"","overlay-opacity":"","overlay-gradient":""}},"ast-content-background-meta":{"desktop":{"background-color":"var(--ast-global-color-5)","background-image":"","background-repeat":"repeat","background-position":"center center","background-size":"auto","background-attachment":"scroll","background-type":"","background-media":"","overlay-type":"","overlay-color":"","overlay-opacity":"","overlay-gradient":""},"tablet":{"background-color":"var(--ast-global-color-5)","background-image":"","background-repeat":"repeat","background-position":"center center","background-size":"auto","background-attachment":"scroll","background-type":"","background-media":"","overlay-type":"","overlay-color":"","overlay-opacity":"","overlay-gradient":""},"mobile":{"background-color":"var(--ast-global-color-5)","background-image":"","background-repeat":"repeat","background-position":"center center","background-size":"auto","background-attachment":"scroll","background-type":"","background-media":"","overlay-type":"","overlay-color":"","overlay-opacity":"","overlay-gradient":""}}},"product_brand":[],"product_cat":[78],"product_tag":[],"class_list":{"0":"post-28746","1":"product","2":"type-product","3":"status-publish","4":"has-post-thumbnail","6":"product_cat-heart-shape-gift-boxes","7":"desktop-align-left","8":"tablet-align-left","9":"mobile-align-left","10":"ast-product-gallery-layout-horizontal","11":"ast-product-tabs-layout-horizontal","13":"first","14":"instock","15":"product-type-simple"},"_links":{"self":[{"href":"https:\/\/reanpackaging.com\/pl\/wp-json\/wp\/v2\/product\/28746","targetHints":{"allow":["GET"]}}],"collection":[{"href":"https:\/\/reanpackaging.com\/pl\/wp-json\/wp\/v2\/product"}],"about":[{"href":"https:\/\/reanpackaging.com\/pl\/wp-json\/wp\/v2\/types\/product"}],"wp:featuredmedia":[{"embeddable":true,"href":"https:\/\/reanpackaging.com\/pl\/wp-json\/wp\/v2\/media\/28598"}],"wp:attachment":[{"href":"https:\/\/reanpackaging.com\/pl\/wp-json\/wp\/v2\/media?parent=28746"}],"wp:term":[{"taxonomy":"product_brand","embeddable":true,"href":"https:\/\/reanpackaging.com\/pl\/wp-json\/wp\/v2\/product_brand?post=28746"},{"taxonomy":"product_cat","embeddable":true,"href":"https:\/\/reanpackaging.com\/pl\/wp-json\/wp\/v2\/product_cat?post=28746"},{"taxonomy":"product_tag","embeddable":true,"href":"https:\/\/reanpackaging.com\/pl\/wp-json\/wp\/v2\/product_tag?post=28746"}],"curies":[{"name":"wp","href":"https:\/\/api.w.org\/{rel}","templated":true}]}}