{"id":28754,"date":"2024-12-15T11:37:45","date_gmt":"2024-12-15T11:37:45","guid":{"rendered":"https:\/\/reanpackaging.com\/product\/heart-shaped-chocolate-box-luxury-cardboard-packaging-custom-strawberry-candy-mystery-explosion-surprise-valentines-gift-box\/"},"modified":"2024-12-15T11:50:14","modified_gmt":"2024-12-15T11:50:14","slug":"heart-shaped-chocolate-box-luxury-cardboard-packaging-custom-strawberry-candy-mystery-explosion-surprise-valentines-gift-box","status":"publish","type":"product","link":"https:\/\/reanpackaging.com\/pl\/produkt\/heart-shaped-chocolate-box-luxury-cardboard-packaging-custom-strawberry-candy-mystery-explosion-surprise-valentines-gift-box\/","title":{"rendered":"Pude\u0142ko czekoladowe w kszta\u0142cie serca luksusowe opakowanie kartonowe niestandardowe cukierki truskawkowe tajemnicza eksplozja niespodzianka pude\u0142ko na prezent walentynkowy"},"content":{"rendered":"<h4>Atrybuty specyficzne dla bran\u017cy<\/h4>\n<table border=\"1\">\n<tbody>\n<tr>\n<td><strong>Zastosowanie przemys\u0142owe<\/strong><\/td>\n<td>\u017bywno\u015b\u0107<\/td>\n<\/tr>\n<tr>\n<td><strong>Rodzaj papieru<\/strong><\/td>\n<td>Tektura<\/td>\n<\/tr>\n<tr>\n<td><strong>Cecha<\/strong><\/td>\n<td>R\u0119cznie robione<\/td>\n<\/tr>\n<tr>\n<td><strong>typ pude\u0142ka<\/strong><\/td>\n<td>Sztywne pude\u0142ka<\/td>\n<\/tr>\n<\/tbody>\n<\/table>\n<h4>Inne atrybuty<\/h4>\n<table border=\"1\">\n<tbody>\n<tr>\n<td><strong>Kszta\u0142t<\/strong><\/td>\n<td>niestandardowy<\/td>\n<\/tr>\n<tr>\n<td><strong>Obs\u0142uga drukowania<\/strong><\/td>\n<td>T\u0142oczenie, laminowanie b\u0142yszcz\u0105ce, laminowanie matowe, t\u0142oczenie, powlekanie UV, lakierowanie, VANISHING, z\u0142ota folia<\/td>\n<\/tr>\n<tr>\n<td><strong>Zam\u00f3wienie niestandardowe<\/strong><\/td>\n<td>Akceptuj<\/td>\n<\/tr>\n<tr>\n<td><strong>Typ wyk\u0142adziny<\/strong><\/td>\n<td>Tektura<\/td>\n<\/tr>\n<tr>\n<td><strong>Rozmiar<\/strong><\/td>\n<td>4,4 wysoko\u015bci 6,8 szeroko\u015bci 6,3 g\u0142\u0119boko\u015bci<\/td>\n<\/tr>\n<tr>\n<td><strong>U\u017cycie<\/strong><\/td>\n<td>luksusowe opakowanie na bombonierk\u0119<\/td>\n<\/tr>\n<tr>\n<td><strong>Pozycja<\/strong><\/td>\n<td>bombonierki czekoladowe<\/td>\n<\/tr>\n<tr>\n<td><strong>Kolor<\/strong><\/td>\n<td>CMYK<\/td>\n<\/tr>\n<tr>\n<td><strong>Kszta\u0142t<\/strong><\/td>\n<td>Niestandardowy kszta\u0142t<\/td>\n<\/tr>\n<tr>\n<td><strong>Logo<\/strong><\/td>\n<td>Logo klienta<\/td>\n<\/tr>\n<tr>\n<td><strong>Drukowanie<\/strong><\/td>\n<td>Druk offsetowy 4c<\/td>\n<\/tr>\n<\/tbody>\n<\/table>\n<p><img fetchpriority=\"high\" decoding=\"async\" class=\"alignnone size-medium wp-image-28393\" src=\"https:\/\/reanpackaging.com\/wp-content\/uploads\/2024\/12\/1-description-Heart-shaped-chocolate-box-luxury-cardboard-packaging-custom-strawberry-candy-mystery-explosion-surprise-valentines-gift-box-300x300.jpg\" alt=\"1 opis pude\u0142ko czekolady w kszta\u0142cie serca luksusowe opakowanie kartonowe niestandardowe cukierki truskawkowe tajemnicza eksplozja niespodzianka pude\u0142ko na prezent walentynkowy\" width=\"800\" height=\"800\" srcset=\"https:\/\/reanpackaging.com\/wp-content\/uploads\/2024\/12\/1-description-Heart-shaped-chocolate-box-luxury-cardboard-packaging-custom-strawberry-candy-mystery-explosion-surprise-valentines-gift-box-300x300.jpg 300w, https:\/\/reanpackaging.com\/wp-content\/uploads\/2024\/12\/1-description-Heart-shaped-chocolate-box-luxury-cardboard-packaging-custom-strawberry-candy-mystery-explosion-surprise-valentines-gift-box-150x150.jpg 150w, https:\/\/reanpackaging.com\/wp-content\/uploads\/2024\/12\/1-description-Heart-shaped-chocolate-box-luxury-cardboard-packaging-custom-strawberry-candy-mystery-explosion-surprise-valentines-gift-box-768x768.jpg 768w, https:\/\/reanpackaging.com\/wp-content\/uploads\/2024\/12\/1-description-Heart-shaped-chocolate-box-luxury-cardboard-packaging-custom-strawberry-candy-mystery-explosion-surprise-valentines-gift-box-12x12.jpg 12w, https:\/\/reanpackaging.com\/wp-content\/uploads\/2024\/12\/1-description-Heart-shaped-chocolate-box-luxury-cardboard-packaging-custom-strawberry-candy-mystery-explosion-surprise-valentines-gift-box-600x600.jpg 600w, https:\/\/reanpackaging.com\/wp-content\/uploads\/2024\/12\/1-description-Heart-shaped-chocolate-box-luxury-cardboard-packaging-custom-strawberry-candy-mystery-explosion-surprise-valentines-gift-box-100x100.jpg 100w, https:\/\/reanpackaging.com\/wp-content\/uploads\/2024\/12\/1-description-Heart-shaped-chocolate-box-luxury-cardboard-packaging-custom-strawberry-candy-mystery-explosion-surprise-valentines-gift-box.jpg 800w\" sizes=\"(max-width: 800px) 100vw, 800px\" \/><\/p>\n<p><img decoding=\"async\" class=\"alignnone size-medium wp-image-28429\" src=\"https:\/\/reanpackaging.com\/wp-content\/uploads\/2024\/12\/3-description-Heart-shaped-chocolate-box-luxury-cardboard-packaging-custom-strawberry-candy-mystery-explosion-surprise-valentines-gift-box-300x300.jpg\" alt=\"3 opis pude\u0142ko czekolady w kszta\u0142cie serca luksusowe opakowanie kartonowe niestandardowe cukierki truskawkowe tajemnicza eksplozja niespodzianka pude\u0142ko na prezent walentynkowy\" width=\"800\" height=\"800\" srcset=\"https:\/\/reanpackaging.com\/wp-content\/uploads\/2024\/12\/3-description-Heart-shaped-chocolate-box-luxury-cardboard-packaging-custom-strawberry-candy-mystery-explosion-surprise-valentines-gift-box-300x300.jpg 300w, https:\/\/reanpackaging.com\/wp-content\/uploads\/2024\/12\/3-description-Heart-shaped-chocolate-box-luxury-cardboard-packaging-custom-strawberry-candy-mystery-explosion-surprise-valentines-gift-box-150x150.jpg 150w, https:\/\/reanpackaging.com\/wp-content\/uploads\/2024\/12\/3-description-Heart-shaped-chocolate-box-luxury-cardboard-packaging-custom-strawberry-candy-mystery-explosion-surprise-valentines-gift-box-768x768.jpg 768w, https:\/\/reanpackaging.com\/wp-content\/uploads\/2024\/12\/3-description-Heart-shaped-chocolate-box-luxury-cardboard-packaging-custom-strawberry-candy-mystery-explosion-surprise-valentines-gift-box-12x12.jpg 12w, https:\/\/reanpackaging.com\/wp-content\/uploads\/2024\/12\/3-description-Heart-shaped-chocolate-box-luxury-cardboard-packaging-custom-strawberry-candy-mystery-explosion-surprise-valentines-gift-box-600x600.jpg 600w, https:\/\/reanpackaging.com\/wp-content\/uploads\/2024\/12\/3-description-Heart-shaped-chocolate-box-luxury-cardboard-packaging-custom-strawberry-candy-mystery-explosion-surprise-valentines-gift-box-100x100.jpg 100w, https:\/\/reanpackaging.com\/wp-content\/uploads\/2024\/12\/3-description-Heart-shaped-chocolate-box-luxury-cardboard-packaging-custom-strawberry-candy-mystery-explosion-surprise-valentines-gift-box.jpg 800w\" sizes=\"(max-width: 800px) 100vw, 800px\" \/><\/p>\n<p><img decoding=\"async\" class=\"alignnone size-medium wp-image-28471\" src=\"https:\/\/reanpackaging.com\/wp-content\/uploads\/2024\/12\/5-description-Heart-shaped-chocolate-box-luxury-cardboard-packaging-custom-strawberry-candy-mystery-explosion-surprise-valentines-gift-box-300x300.jpg\" alt=\"5 opis pude\u0142ko czekolady w kszta\u0142cie serca luksusowe opakowanie kartonowe niestandardowe cukierki truskawkowe tajemnicza eksplozja niespodzianka pude\u0142ko na prezent walentynkowy\" width=\"800\" height=\"800\" srcset=\"https:\/\/reanpackaging.com\/wp-content\/uploads\/2024\/12\/5-description-Heart-shaped-chocolate-box-luxury-cardboard-packaging-custom-strawberry-candy-mystery-explosion-surprise-valentines-gift-box-300x300.jpg 300w, https:\/\/reanpackaging.com\/wp-content\/uploads\/2024\/12\/5-description-Heart-shaped-chocolate-box-luxury-cardboard-packaging-custom-strawberry-candy-mystery-explosion-surprise-valentines-gift-box-150x150.jpg 150w, https:\/\/reanpackaging.com\/wp-content\/uploads\/2024\/12\/5-description-Heart-shaped-chocolate-box-luxury-cardboard-packaging-custom-strawberry-candy-mystery-explosion-surprise-valentines-gift-box-768x768.jpg 768w, https:\/\/reanpackaging.com\/wp-content\/uploads\/2024\/12\/5-description-Heart-shaped-chocolate-box-luxury-cardboard-packaging-custom-strawberry-candy-mystery-explosion-surprise-valentines-gift-box-12x12.jpg 12w, https:\/\/reanpackaging.com\/wp-content\/uploads\/2024\/12\/5-description-Heart-shaped-chocolate-box-luxury-cardboard-packaging-custom-strawberry-candy-mystery-explosion-surprise-valentines-gift-box-600x600.jpg 600w, https:\/\/reanpackaging.com\/wp-content\/uploads\/2024\/12\/5-description-Heart-shaped-chocolate-box-luxury-cardboard-packaging-custom-strawberry-candy-mystery-explosion-surprise-valentines-gift-box-100x100.jpg 100w, https:\/\/reanpackaging.com\/wp-content\/uploads\/2024\/12\/5-description-Heart-shaped-chocolate-box-luxury-cardboard-packaging-custom-strawberry-candy-mystery-explosion-surprise-valentines-gift-box.jpg 800w\" sizes=\"(max-width: 800px) 100vw, 800px\" \/><\/p>","protected":false},"excerpt":{"rendered":"<p>Industry-Specific Attributes Industrial Use Food Paper Type Paperboard Feature Handmade box type Rigid Boxes Other Attributes Shape custom Printing Handling Embossing, Glossy Lamination, Matt Lamination, Stamping, UV Coating, Varnishing, VANISHING, Gold Foil Custom Order Accept Liner type Paperboard Size 4.4 high 6.8wide 6.3deep Usage chocolate box packaging luxury Item chocolate bonbon boxes Color CMYK Shape [&hellip;]<\/p>\n","protected":false},"featured_media":28592,"template":"","meta":{"_seopress_robots_primary_cat":"none","_seopress_titles_title":"","_seopress_titles_desc":"","_seopress_robots_index":"","site-sidebar-layout":"default","site-content-layout":"","ast-site-content-layout":"default","site-content-style":"default","site-sidebar-style":"default","ast-global-header-display":"","ast-banner-title-visibility":"","ast-main-header-display":"","ast-hfb-above-header-display":"","ast-hfb-below-header-display":"","ast-hfb-mobile-header-display":"","site-post-title":"","ast-breadcrumbs-content":"","ast-featured-img":"","footer-sml-layout":"","ast-disable-related-posts":"","theme-transparent-header-meta":"default","adv-header-id-meta":"","stick-header-meta":"default","header-above-stick-meta":"","header-main-stick-meta":"","header-below-stick-meta":"","astra-migrate-meta-layouts":"set","ast-page-background-enabled":"default","ast-page-background-meta":{"desktop":{"background-color":"","background-image":"","background-repeat":"repeat","background-position":"center center","background-size":"auto","background-attachment":"scroll","background-type":"","background-media":"","overlay-type":"","overlay-color":"","overlay-opacity":"","overlay-gradient":""},"tablet":{"background-color":"","background-image":"","background-repeat":"repeat","background-position":"center center","background-size":"auto","background-attachment":"scroll","background-type":"","background-media":"","overlay-type":"","overlay-color":"","overlay-opacity":"","overlay-gradient":""},"mobile":{"background-color":"","background-image":"","background-repeat":"repeat","background-position":"center center","background-size":"auto","background-attachment":"scroll","background-type":"","background-media":"","overlay-type":"","overlay-color":"","overlay-opacity":"","overlay-gradient":""}},"ast-content-background-meta":{"desktop":{"background-color":"var(--ast-global-color-5)","background-image":"","background-repeat":"repeat","background-position":"center center","background-size":"auto","background-attachment":"scroll","background-type":"","background-media":"","overlay-type":"","overlay-color":"","overlay-opacity":"","overlay-gradient":""},"tablet":{"background-color":"var(--ast-global-color-5)","background-image":"","background-repeat":"repeat","background-position":"center center","background-size":"auto","background-attachment":"scroll","background-type":"","background-media":"","overlay-type":"","overlay-color":"","overlay-opacity":"","overlay-gradient":""},"mobile":{"background-color":"var(--ast-global-color-5)","background-image":"","background-repeat":"repeat","background-position":"center center","background-size":"auto","background-attachment":"scroll","background-type":"","background-media":"","overlay-type":"","overlay-color":"","overlay-opacity":"","overlay-gradient":""}}},"product_brand":[],"product_cat":[78],"product_tag":[],"class_list":{"0":"post-28754","1":"product","2":"type-product","3":"status-publish","4":"has-post-thumbnail","6":"product_cat-heart-shape-gift-boxes","7":"desktop-align-left","8":"tablet-align-left","9":"mobile-align-left","10":"ast-product-gallery-layout-horizontal","11":"ast-product-tabs-layout-horizontal","13":"first","14":"instock","15":"product-type-simple"},"_links":{"self":[{"href":"https:\/\/reanpackaging.com\/pl\/wp-json\/wp\/v2\/product\/28754","targetHints":{"allow":["GET"]}}],"collection":[{"href":"https:\/\/reanpackaging.com\/pl\/wp-json\/wp\/v2\/product"}],"about":[{"href":"https:\/\/reanpackaging.com\/pl\/wp-json\/wp\/v2\/types\/product"}],"wp:featuredmedia":[{"embeddable":true,"href":"https:\/\/reanpackaging.com\/pl\/wp-json\/wp\/v2\/media\/28592"}],"wp:attachment":[{"href":"https:\/\/reanpackaging.com\/pl\/wp-json\/wp\/v2\/media?parent=28754"}],"wp:term":[{"taxonomy":"product_brand","embeddable":true,"href":"https:\/\/reanpackaging.com\/pl\/wp-json\/wp\/v2\/product_brand?post=28754"},{"taxonomy":"product_cat","embeddable":true,"href":"https:\/\/reanpackaging.com\/pl\/wp-json\/wp\/v2\/product_cat?post=28754"},{"taxonomy":"product_tag","embeddable":true,"href":"https:\/\/reanpackaging.com\/pl\/wp-json\/wp\/v2\/product_tag?post=28754"}],"curies":[{"name":"wp","href":"https:\/\/api.w.org\/{rel}","templated":true}]}}