{"id":29725,"date":"2024-12-18T12:40:54","date_gmt":"2024-12-18T12:40:54","guid":{"rendered":"https:\/\/reanpackaging.com\/product\/customized-printing-logo-perfume-set-present-box-gift-mystery-box-flower-boxes-with-lid\/"},"modified":"2024-12-18T12:57:50","modified_gmt":"2024-12-18T12:57:50","slug":"customized-printing-logo-perfume-set-present-box-gift-mystery-box-flower-boxes-with-lid","status":"publish","type":"product","link":"https:\/\/reanpackaging.com\/pl\/produkt\/customized-printing-logo-perfume-set-present-box-gift-mystery-box-flower-boxes-with-lid\/","title":{"rendered":"Indywidualne drukowanie Zestaw perfum z logo pude\u0142ko na prezent tajemnicze pude\u0142ko na kwiaty z pokrywk\u0105"},"content":{"rendered":"<h4>Atrybuty specyficzne dla bran\u017cy<\/h4>\n<table border=\"1\">\n<tbody>\n<tr>\n<td><strong>Zastosowanie przemys\u0142owe<\/strong><\/td>\n<td>Prezenty i r\u0119kodzie\u0142o<\/td>\n<\/tr>\n<tr>\n<td><strong>Rodzaj papieru<\/strong><\/td>\n<td>Tektura<\/td>\n<\/tr>\n<tr>\n<td><strong>Cecha<\/strong><\/td>\n<td>R\u0119cznie robione<\/td>\n<\/tr>\n<tr>\n<td><strong>typ pude\u0142ka<\/strong><\/td>\n<td>Inne<\/td>\n<\/tr>\n<\/tbody>\n<\/table>\n<h4>Inne atrybuty<\/h4>\n<table border=\"1\">\n<tbody>\n<tr>\n<td><strong>Kszta\u0142t<\/strong><\/td>\n<td>Prostok\u0105t<\/td>\n<\/tr>\n<tr>\n<td><strong>Obs\u0142uga drukowania<\/strong><\/td>\n<td>T\u0142oczenie, laminowanie b\u0142yszcz\u0105ce, laminowanie matowe, t\u0142oczenie, powlekanie UV, lakierowanie<\/td>\n<\/tr>\n<tr>\n<td><strong>Zam\u00f3wienie niestandardowe<\/strong><\/td>\n<td>Akceptuj<\/td>\n<\/tr>\n<tr>\n<td><strong>Kolor<\/strong><\/td>\n<td>CKMY lub Pantone<\/td>\n<\/tr>\n<tr>\n<td><strong>Rozmiar<\/strong><\/td>\n<td>Rozmiar niestandardowy<\/td>\n<\/tr>\n<tr>\n<td><strong>Struktura materia\u0142u<\/strong><\/td>\n<td>Syntetyczny<\/td>\n<\/tr>\n<tr>\n<td><strong>Nazwa<\/strong><\/td>\n<td>zestaw perfum pude\u0142ko prezentowe<\/td>\n<\/tr>\n<tr>\n<td><strong>Materia\u0142<\/strong><\/td>\n<td>Karton<\/td>\n<\/tr>\n<tr>\n<td><strong>U\u017cycie<\/strong><\/td>\n<td>Pakiet upominkowy<\/td>\n<\/tr>\n<tr>\n<td><strong>Logo<\/strong><\/td>\n<td>Logo klienta<\/td>\n<\/tr>\n<tr>\n<td><strong>Projekt<\/strong><\/td>\n<td>Specyficzne wymagania klienta<\/td>\n<\/tr>\n<\/tbody>\n<\/table>\n<p><img decoding=\"async\" class=\"detail-desc-decorate-image\" style=\"max-width: 100%; height: auto; display: block; margin: 0 auto;\" src=\"https:\/\/reanpackaging.com\/wp-content\/uploads\/2024\/12\/1-description-Customized-Printing-Logo-perfume-set-present-box-gift-mystery-box-flower-boxes-with-lid.jpg\" \/><br \/>\n<img decoding=\"async\" class=\"detail-desc-decorate-image\" style=\"max-width: 100%; height: auto; display: block; margin: 0 auto;\" src=\"https:\/\/reanpackaging.com\/wp-content\/uploads\/2024\/12\/2-description-Customized-Printing-Logo-perfume-set-present-box-gift-mystery-box-flower-boxes-with-lid.jpg\" \/><br \/>\n<img decoding=\"async\" class=\"detail-desc-decorate-image\" style=\"max-width: 100%; height: auto; display: block; margin: 0 auto;\" src=\"https:\/\/reanpackaging.com\/wp-content\/uploads\/2024\/12\/3-description-Customized-Printing-Logo-perfume-set-present-box-gift-mystery-box-flower-boxes-with-lid.jpg\" \/><\/p>","protected":false},"excerpt":{"rendered":"<p>Industry-Specific Attributes Industrial Use Gift &amp; Craft Paper Type Paperboard Feature Handmade box type Others Other Attributes Shape Rectangle Printing Handling Embossing, Glossy Lamination, Matt Lamination, Stamping, UV Coating, Varnishing Custom Order Accept Color CKMY or Pantone Size Customized Size Material Structure Synthetic Name perfume set present box Material Cardboard Usage Gift Package Logo Customer&#8217;s [&hellip;]<\/p>\n","protected":false},"featured_media":29588,"template":"","meta":{"_seopress_robots_primary_cat":"none","_seopress_titles_title":"","_seopress_titles_desc":"","_seopress_robots_index":"","site-sidebar-layout":"default","site-content-layout":"","ast-site-content-layout":"default","site-content-style":"default","site-sidebar-style":"default","ast-global-header-display":"","ast-banner-title-visibility":"","ast-main-header-display":"","ast-hfb-above-header-display":"","ast-hfb-below-header-display":"","ast-hfb-mobile-header-display":"","site-post-title":"","ast-breadcrumbs-content":"","ast-featured-img":"","footer-sml-layout":"","ast-disable-related-posts":"","theme-transparent-header-meta":"default","adv-header-id-meta":"","stick-header-meta":"default","header-above-stick-meta":"","header-main-stick-meta":"","header-below-stick-meta":"","astra-migrate-meta-layouts":"set","ast-page-background-enabled":"default","ast-page-background-meta":{"desktop":{"background-color":"","background-image":"","background-repeat":"repeat","background-position":"center center","background-size":"auto","background-attachment":"scroll","background-type":"","background-media":"","overlay-type":"","overlay-color":"","overlay-opacity":"","overlay-gradient":""},"tablet":{"background-color":"","background-image":"","background-repeat":"repeat","background-position":"center center","background-size":"auto","background-attachment":"scroll","background-type":"","background-media":"","overlay-type":"","overlay-color":"","overlay-opacity":"","overlay-gradient":""},"mobile":{"background-color":"","background-image":"","background-repeat":"repeat","background-position":"center center","background-size":"auto","background-attachment":"scroll","background-type":"","background-media":"","overlay-type":"","overlay-color":"","overlay-opacity":"","overlay-gradient":""}},"ast-content-background-meta":{"desktop":{"background-color":"var(--ast-global-color-5)","background-image":"","background-repeat":"repeat","background-position":"center center","background-size":"auto","background-attachment":"scroll","background-type":"","background-media":"","overlay-type":"","overlay-color":"","overlay-opacity":"","overlay-gradient":""},"tablet":{"background-color":"var(--ast-global-color-5)","background-image":"","background-repeat":"repeat","background-position":"center center","background-size":"auto","background-attachment":"scroll","background-type":"","background-media":"","overlay-type":"","overlay-color":"","overlay-opacity":"","overlay-gradient":""},"mobile":{"background-color":"var(--ast-global-color-5)","background-image":"","background-repeat":"repeat","background-position":"center center","background-size":"auto","background-attachment":"scroll","background-type":"","background-media":"","overlay-type":"","overlay-color":"","overlay-opacity":"","overlay-gradient":""}}},"product_brand":[],"product_cat":[81],"product_tag":[],"class_list":{"0":"post-29725","1":"product","2":"type-product","3":"status-publish","4":"has-post-thumbnail","6":"product_cat-gift-boxes-with-ribbon","7":"desktop-align-left","8":"tablet-align-left","9":"mobile-align-left","10":"ast-product-gallery-layout-horizontal","11":"ast-product-tabs-layout-horizontal","13":"first","14":"instock","15":"product-type-simple"},"_links":{"self":[{"href":"https:\/\/reanpackaging.com\/pl\/wp-json\/wp\/v2\/product\/29725","targetHints":{"allow":["GET"]}}],"collection":[{"href":"https:\/\/reanpackaging.com\/pl\/wp-json\/wp\/v2\/product"}],"about":[{"href":"https:\/\/reanpackaging.com\/pl\/wp-json\/wp\/v2\/types\/product"}],"wp:featuredmedia":[{"embeddable":true,"href":"https:\/\/reanpackaging.com\/pl\/wp-json\/wp\/v2\/media\/29588"}],"wp:attachment":[{"href":"https:\/\/reanpackaging.com\/pl\/wp-json\/wp\/v2\/media?parent=29725"}],"wp:term":[{"taxonomy":"product_brand","embeddable":true,"href":"https:\/\/reanpackaging.com\/pl\/wp-json\/wp\/v2\/product_brand?post=29725"},{"taxonomy":"product_cat","embeddable":true,"href":"https:\/\/reanpackaging.com\/pl\/wp-json\/wp\/v2\/product_cat?post=29725"},{"taxonomy":"product_tag","embeddable":true,"href":"https:\/\/reanpackaging.com\/pl\/wp-json\/wp\/v2\/product_tag?post=29725"}],"curies":[{"name":"wp","href":"https:\/\/api.w.org\/{rel}","templated":true}]}}