{"id":29747,"date":"2024-12-18T12:42:04","date_gmt":"2024-12-18T12:42:04","guid":{"rendered":"https:\/\/reanpackaging.com\/product\/custom-printed-orange-christmas-present-box-black-ribbon-luxury-cosmetic-folding-cardboard-rigid-hard-magnetic-gift-box\/"},"modified":"2024-12-18T12:55:17","modified_gmt":"2024-12-18T12:55:17","slug":"custom-printed-orange-christmas-present-box-black-ribbon-luxury-cosmetic-folding-cardboard-rigid-hard-magnetic-gift-box","status":"publish","type":"product","link":"https:\/\/reanpackaging.com\/pl\/produkt\/custom-printed-orange-christmas-present-box-black-ribbon-luxury-cosmetic-folding-cardboard-rigid-hard-magnetic-gift-box\/","title":{"rendered":"Niestandardowe drukowane pomara\u0144czowe pude\u0142ko na prezenty \u015bwi\u0105teczne Czarna wst\u0105\u017cka Luksusowy sk\u0142adany karton kosmetyczny Sztywne twarde magnetyczne pude\u0142ko na prezenty"},"content":{"rendered":"<h4>Atrybuty specyficzne dla bran\u017cy<\/h4>\n<table border=\"1\">\n<tbody>\n<tr>\n<td><strong>Zastosowanie przemys\u0142owe<\/strong><\/td>\n<td>Kosmetyk<\/td>\n<\/tr>\n<tr>\n<td><strong>Rodzaj papieru<\/strong><\/td>\n<td>Tektura<\/td>\n<\/tr>\n<tr>\n<td><strong>Cecha<\/strong><\/td>\n<td>Materia\u0142y z recyklingu<\/td>\n<\/tr>\n<tr>\n<td><strong>typ pude\u0142ka<\/strong><\/td>\n<td>Foldery<\/td>\n<\/tr>\n<\/tbody>\n<\/table>\n<h4>Inne atrybuty<\/h4>\n<table border=\"1\">\n<tbody>\n<tr>\n<td><strong>Kszta\u0142t<\/strong><\/td>\n<td>Prostok\u0105t<\/td>\n<\/tr>\n<tr>\n<td><strong>Obs\u0142uga drukowania<\/strong><\/td>\n<td>Laminowanie matowe, lakierowanie, t\u0142oczenie, wyt\u0142aczanie, laminowanie b\u0142yszcz\u0105ce, powlekanie UV, z\u0142ota folia<\/td>\n<\/tr>\n<tr>\n<td><strong>Zam\u00f3wienie niestandardowe<\/strong><\/td>\n<td>Akceptuj<\/td>\n<\/tr>\n<tr>\n<td><strong>Akcesoria<\/strong><\/td>\n<td>Zamkni\u0119cie magnetyczne, wst\u0105\u017cka, uchwyt<\/td>\n<\/tr>\n<tr>\n<td><strong>Typ wyk\u0142adziny<\/strong><\/td>\n<td>Tworzywa sztuczne, tektura, g\u0105bka, EVA<\/td>\n<\/tr>\n<tr>\n<td><strong>Nazwa produktu<\/strong><\/td>\n<td>Pude\u0142ko upominkowe<\/td>\n<\/tr>\n<tr>\n<td><strong>Materia\u0142<\/strong><\/td>\n<td>Papier falisty<\/td>\n<\/tr>\n<tr>\n<td><strong>U\u017cycie<\/strong><\/td>\n<td>Dla kosmetyk\u00f3w<\/td>\n<\/tr>\n<tr>\n<td><strong>Rozmiar<\/strong><\/td>\n<td>Rozmiary Cutomized<\/td>\n<\/tr>\n<tr>\n<td><strong>Drukowanie<\/strong><\/td>\n<td>4C Printing<\/td>\n<\/tr>\n<tr>\n<td><strong>MOQ<\/strong><\/td>\n<td>500 szt.<\/td>\n<\/tr>\n<tr>\n<td><strong>Pr\u00f3bka<\/strong><\/td>\n<td>3 dni robocze<\/td>\n<\/tr>\n<tr>\n<td><strong>Wyko\u0144czenie powierzchni<\/strong><\/td>\n<td>Laminowanie matowe<\/td>\n<\/tr>\n<tr>\n<td><strong>Nazwa przedmiotu<\/strong><\/td>\n<td>Sk\u0142adane pude\u0142ko<\/td>\n<\/tr>\n<\/tbody>\n<\/table>\n<p><img decoding=\"async\" class=\"detail-desc-decorate-image\" style=\"max-width: 100%; height: auto; display: block; margin: 0 auto;\" src=\"https:\/\/reanpackaging.com\/wp-content\/uploads\/2024\/12\/1-description-Custom-Printed-Orange-Christmas-Present-Box-Black-Ribbon-Luxury-Cosmetic-Folding-Cardboard-Rigid-Hard-Magnetic-Gift-Box.jpg\" \/><br \/>\n<img decoding=\"async\" class=\"detail-desc-decorate-image\" style=\"max-width: 100%; height: auto; display: block; margin: 0 auto;\" src=\"https:\/\/reanpackaging.com\/wp-content\/uploads\/2024\/12\/2-description-Custom-Printed-Orange-Christmas-Present-Box-Black-Ribbon-Luxury-Cosmetic-Folding-Cardboard-Rigid-Hard-Magnetic-Gift-Box.jpg\" \/><br \/>\n<img decoding=\"async\" class=\"detail-desc-decorate-image\" style=\"max-width: 100%; height: auto; display: block; margin: 0 auto;\" src=\"https:\/\/reanpackaging.com\/wp-content\/uploads\/2024\/12\/3-description-Custom-Printed-Orange-Christmas-Present-Box-Black-Ribbon-Luxury-Cosmetic-Folding-Cardboard-Rigid-Hard-Magnetic-Gift-Box.jpg\" \/><br \/>\n<img decoding=\"async\" class=\"detail-desc-decorate-image\" style=\"max-width: 100%; height: auto; display: block; margin: 0 auto;\" src=\"https:\/\/reanpackaging.com\/wp-content\/uploads\/2024\/12\/4-description-Custom-Printed-Orange-Christmas-Present-Box-Black-Ribbon-Luxury-Cosmetic-Folding-Cardboard-Rigid-Hard-Magnetic-Gift-Box.jpg\" \/><br \/>\n<img decoding=\"async\" class=\"detail-desc-decorate-image\" style=\"max-width: 100%; height: auto; display: block; margin: 0 auto;\" src=\"https:\/\/reanpackaging.com\/wp-content\/uploads\/2024\/12\/5-description-Custom-Printed-Orange-Christmas-Present-Box-Black-Ribbon-Luxury-Cosmetic-Folding-Cardboard-Rigid-Hard-Magnetic-Gift-Box.jpg\" \/><br \/>\n<img decoding=\"async\" class=\"detail-desc-decorate-image\" style=\"max-width: 100%; height: auto; display: block; margin: 0 auto;\" src=\"https:\/\/reanpackaging.com\/wp-content\/uploads\/2024\/12\/6-description-Custom-Printed-Orange-Christmas-Present-Box-Black-Ribbon-Luxury-Cosmetic-Folding-Cardboard-Rigid-Hard-Magnetic-Gift-Box.jpg\" \/><\/p>","protected":false},"excerpt":{"rendered":"<p>Industry-Specific Attributes Industrial Use Cosmetic Paper Type Paperboard Feature Recycled Materials box type Folders Other Attributes Shape Rectangle Printing Handling Matt Lamination, Varnishing, Stamping, Embossing, Glossy Lamination, UV Coating, Gold Foil Custom Order Accept Accessories Magnetic closure, Ribbon, Handle Liner type Plastics, Paperboard, Sponge, EVA Product name Gift Box Material Corrugated Paper Usage For Cosmetic [&hellip;]<\/p>\n","protected":false},"featured_media":29582,"template":"","meta":{"_seopress_robots_primary_cat":"none","_seopress_titles_title":"","_seopress_titles_desc":"","_seopress_robots_index":"","site-sidebar-layout":"default","site-content-layout":"","ast-site-content-layout":"default","site-content-style":"default","site-sidebar-style":"default","ast-global-header-display":"","ast-banner-title-visibility":"","ast-main-header-display":"","ast-hfb-above-header-display":"","ast-hfb-below-header-display":"","ast-hfb-mobile-header-display":"","site-post-title":"","ast-breadcrumbs-content":"","ast-featured-img":"","footer-sml-layout":"","ast-disable-related-posts":"","theme-transparent-header-meta":"default","adv-header-id-meta":"","stick-header-meta":"default","header-above-stick-meta":"","header-main-stick-meta":"","header-below-stick-meta":"","astra-migrate-meta-layouts":"set","ast-page-background-enabled":"default","ast-page-background-meta":{"desktop":{"background-color":"","background-image":"","background-repeat":"repeat","background-position":"center center","background-size":"auto","background-attachment":"scroll","background-type":"","background-media":"","overlay-type":"","overlay-color":"","overlay-opacity":"","overlay-gradient":""},"tablet":{"background-color":"","background-image":"","background-repeat":"repeat","background-position":"center center","background-size":"auto","background-attachment":"scroll","background-type":"","background-media":"","overlay-type":"","overlay-color":"","overlay-opacity":"","overlay-gradient":""},"mobile":{"background-color":"","background-image":"","background-repeat":"repeat","background-position":"center center","background-size":"auto","background-attachment":"scroll","background-type":"","background-media":"","overlay-type":"","overlay-color":"","overlay-opacity":"","overlay-gradient":""}},"ast-content-background-meta":{"desktop":{"background-color":"var(--ast-global-color-5)","background-image":"","background-repeat":"repeat","background-position":"center center","background-size":"auto","background-attachment":"scroll","background-type":"","background-media":"","overlay-type":"","overlay-color":"","overlay-opacity":"","overlay-gradient":""},"tablet":{"background-color":"var(--ast-global-color-5)","background-image":"","background-repeat":"repeat","background-position":"center center","background-size":"auto","background-attachment":"scroll","background-type":"","background-media":"","overlay-type":"","overlay-color":"","overlay-opacity":"","overlay-gradient":""},"mobile":{"background-color":"var(--ast-global-color-5)","background-image":"","background-repeat":"repeat","background-position":"center center","background-size":"auto","background-attachment":"scroll","background-type":"","background-media":"","overlay-type":"","overlay-color":"","overlay-opacity":"","overlay-gradient":""}}},"product_brand":[],"product_cat":[81],"product_tag":[],"class_list":{"0":"post-29747","1":"product","2":"type-product","3":"status-publish","4":"has-post-thumbnail","6":"product_cat-gift-boxes-with-ribbon","7":"desktop-align-left","8":"tablet-align-left","9":"mobile-align-left","10":"ast-product-gallery-layout-horizontal","11":"ast-product-tabs-layout-horizontal","13":"first","14":"instock","15":"product-type-simple"},"_links":{"self":[{"href":"https:\/\/reanpackaging.com\/pl\/wp-json\/wp\/v2\/product\/29747","targetHints":{"allow":["GET"]}}],"collection":[{"href":"https:\/\/reanpackaging.com\/pl\/wp-json\/wp\/v2\/product"}],"about":[{"href":"https:\/\/reanpackaging.com\/pl\/wp-json\/wp\/v2\/types\/product"}],"wp:featuredmedia":[{"embeddable":true,"href":"https:\/\/reanpackaging.com\/pl\/wp-json\/wp\/v2\/media\/29582"}],"wp:attachment":[{"href":"https:\/\/reanpackaging.com\/pl\/wp-json\/wp\/v2\/media?parent=29747"}],"wp:term":[{"taxonomy":"product_brand","embeddable":true,"href":"https:\/\/reanpackaging.com\/pl\/wp-json\/wp\/v2\/product_brand?post=29747"},{"taxonomy":"product_cat","embeddable":true,"href":"https:\/\/reanpackaging.com\/pl\/wp-json\/wp\/v2\/product_cat?post=29747"},{"taxonomy":"product_tag","embeddable":true,"href":"https:\/\/reanpackaging.com\/pl\/wp-json\/wp\/v2\/product_tag?post=29747"}],"curies":[{"name":"wp","href":"https:\/\/api.w.org\/{rel}","templated":true}]}}