{"id":30646,"date":"2024-12-21T15:45:39","date_gmt":"2024-12-21T15:45:39","guid":{"rendered":"https:\/\/reanpackaging.com\/product\/custom-logo-hot-stamping-uv-hot-sale-black-vip-credit-card-membership-free-gift-card-box-envelope-tear-envelope-gift-box-mailer\/"},"modified":"2024-12-21T15:52:15","modified_gmt":"2024-12-21T15:52:15","slug":"custom-logo-hot-stamping-uv-hot-sale-black-vip-credit-card-membership-free-gift-card-box-envelope-tear-envelope-gift-box-mailer","status":"publish","type":"product","link":"https:\/\/reanpackaging.com\/pl\/produkt\/custom-logo-hot-stamping-uv-hot-sale-black-vip-credit-card-membership-free-gift-card-box-envelope-tear-envelope-gift-box-mailer\/","title":{"rendered":"Niestandardowe logo T\u0142oczenie na gor\u0105co UV Gor\u0105ca sprzeda\u017c Czarna karta kredytowa Vip Cz\u0142onkostwo Bezp\u0142atne pude\u0142ko na kart\u0119 podarunkow\u0105 Koperta z rozdarciem Pude\u0142ko na prezenty Mailer"},"content":{"rendered":"<h4>Atrybuty specyficzne dla bran\u017cy<\/h4>\n<table border=\"1\">\n<tbody>\n<tr>\n<td><strong>Zastosowanie przemys\u0142owe<\/strong><\/td>\n<td>opakowania na prezenty\/wizyt\u00f3wki<\/td>\n<\/tr>\n<tr>\n<td><strong>Rodzaj papieru<\/strong><\/td>\n<td>Tektura<\/td>\n<\/tr>\n<tr>\n<td><strong>Cecha<\/strong><\/td>\n<td>Nadaje si\u0119 do recyklingu<\/td>\n<\/tr>\n<tr>\n<td><strong>typ pude\u0142ka<\/strong><\/td>\n<td>Foldery<\/td>\n<\/tr>\n<\/tbody>\n<\/table>\n<h4>Inne atrybuty<\/h4>\n<table border=\"1\">\n<tbody>\n<tr>\n<td><strong>Kszta\u0142t<\/strong><\/td>\n<td>Prostok\u0105t<\/td>\n<\/tr>\n<tr>\n<td><strong>Obs\u0142uga drukowania<\/strong><\/td>\n<td>Laminowanie matowe, lakierowanie, t\u0142oczenie, wyt\u0142aczanie, laminowanie b\u0142yszcz\u0105ce, powlekanie UV, VANISHING, z\u0142ota folia<\/td>\n<\/tr>\n<tr>\n<td><strong>Zam\u00f3wienie niestandardowe<\/strong><\/td>\n<td>Akceptuj<\/td>\n<\/tr>\n<tr>\n<td><strong>Drukowanie<\/strong><\/td>\n<td>Zaakceptuj nadruk niestandardowy<\/td>\n<\/tr>\n<\/tbody>\n<\/table>\n<p><img decoding=\"async\" class=\"detail-desc-decorate-image\" style=\"max-width: 100%; height: auto; display: block; margin: 0 auto;\" src=\"https:\/\/reanpackaging.com\/wp-content\/uploads\/2024\/12\/1-description-Custom-Logo-Hot-Stamping-UV-Hot-Sale-Black-Vip-Credit-Card-Membership-Free-Gift-Card-Box-Envelope-Tear-Envelope-Gift-Box-Mailer.jpg\" \/><br \/>\n<img decoding=\"async\" class=\"detail-desc-decorate-image\" style=\"max-width: 100%; height: auto; display: block; margin: 0 auto;\" src=\"https:\/\/reanpackaging.com\/wp-content\/uploads\/2024\/12\/2-description-Custom-Logo-Hot-Stamping-UV-Hot-Sale-Black-Vip-Credit-Card-Membership-Free-Gift-Card-Box-Envelope-Tear-Envelope-Gift-Box-Mailer.jpg\" \/><br \/>\n<img decoding=\"async\" class=\"detail-desc-decorate-image\" style=\"max-width: 100%; height: auto; display: block; margin: 0 auto;\" src=\"https:\/\/reanpackaging.com\/wp-content\/uploads\/2024\/12\/3-description-Custom-Logo-Hot-Stamping-UV-Hot-Sale-Black-Vip-Credit-Card-Membership-Free-Gift-Card-Box-Envelope-Tear-Envelope-Gift-Box-Mailer.jpg\" \/><br \/>\n<img decoding=\"async\" class=\"detail-desc-decorate-image\" style=\"max-width: 100%; height: auto; display: block; margin: 0 auto;\" src=\"https:\/\/reanpackaging.com\/wp-content\/uploads\/2024\/12\/4-description-Custom-Logo-Hot-Stamping-UV-Hot-Sale-Black-Vip-Credit-Card-Membership-Free-Gift-Card-Box-Envelope-Tear-Envelope-Gift-Box-Mailer.jpg\" \/><\/p>","protected":false},"excerpt":{"rendered":"<p>Atrybuty specyficzne dla bran\u017cy Zastosowanie przemys\u0142owe Opakowania na prezenty\/wizyt\u00f3wki Rodzaj papieru Tektura Cecha Recykling Typ pude\u0142ka Foldery Inne atrybuty Kszta\u0142t Prostok\u0105t Drukowanie Obs\u0142uga Laminowanie matowe, lakierowanie, t\u0142oczenie, wyt\u0142aczanie, laminowanie b\u0142yszcz\u0105ce, powlekanie UV, VANISHING, z\u0142ota folia Zam\u00f3wienie niestandardowe Akceptuj Drukowanie Akceptuj Drukowanie niestandardowe<\/p>","protected":false},"featured_media":30446,"template":"","meta":{"_seopress_robots_primary_cat":"none","_seopress_titles_title":"","_seopress_titles_desc":"","_seopress_robots_index":"","site-sidebar-layout":"default","site-content-layout":"","ast-site-content-layout":"default","site-content-style":"default","site-sidebar-style":"default","ast-global-header-display":"","ast-banner-title-visibility":"","ast-main-header-display":"","ast-hfb-above-header-display":"","ast-hfb-below-header-display":"","ast-hfb-mobile-header-display":"","site-post-title":"","ast-breadcrumbs-content":"","ast-featured-img":"","footer-sml-layout":"","ast-disable-related-posts":"","theme-transparent-header-meta":"default","adv-header-id-meta":"","stick-header-meta":"default","header-above-stick-meta":"","header-main-stick-meta":"","header-below-stick-meta":"","astra-migrate-meta-layouts":"set","ast-page-background-enabled":"default","ast-page-background-meta":{"desktop":{"background-color":"","background-image":"","background-repeat":"repeat","background-position":"center center","background-size":"auto","background-attachment":"scroll","background-type":"","background-media":"","overlay-type":"","overlay-color":"","overlay-opacity":"","overlay-gradient":""},"tablet":{"background-color":"","background-image":"","background-repeat":"repeat","background-position":"center center","background-size":"auto","background-attachment":"scroll","background-type":"","background-media":"","overlay-type":"","overlay-color":"","overlay-opacity":"","overlay-gradient":""},"mobile":{"background-color":"","background-image":"","background-repeat":"repeat","background-position":"center center","background-size":"auto","background-attachment":"scroll","background-type":"","background-media":"","overlay-type":"","overlay-color":"","overlay-opacity":"","overlay-gradient":""}},"ast-content-background-meta":{"desktop":{"background-color":"var(--ast-global-color-5)","background-image":"","background-repeat":"repeat","background-position":"center center","background-size":"auto","background-attachment":"scroll","background-type":"","background-media":"","overlay-type":"","overlay-color":"","overlay-opacity":"","overlay-gradient":""},"tablet":{"background-color":"var(--ast-global-color-5)","background-image":"","background-repeat":"repeat","background-position":"center center","background-size":"auto","background-attachment":"scroll","background-type":"","background-media":"","overlay-type":"","overlay-color":"","overlay-opacity":"","overlay-gradient":""},"mobile":{"background-color":"var(--ast-global-color-5)","background-image":"","background-repeat":"repeat","background-position":"center center","background-size":"auto","background-attachment":"scroll","background-type":"","background-media":"","overlay-type":"","overlay-color":"","overlay-opacity":"","overlay-gradient":""}}},"product_brand":[],"product_cat":[83],"product_tag":[],"class_list":{"0":"post-30646","1":"product","2":"type-product","3":"status-publish","4":"has-post-thumbnail","6":"product_cat-gift-card-box","7":"desktop-align-left","8":"tablet-align-left","9":"mobile-align-left","10":"ast-product-gallery-layout-horizontal","11":"ast-product-tabs-layout-horizontal","13":"first","14":"instock","15":"product-type-simple"},"_links":{"self":[{"href":"https:\/\/reanpackaging.com\/pl\/wp-json\/wp\/v2\/product\/30646","targetHints":{"allow":["GET"]}}],"collection":[{"href":"https:\/\/reanpackaging.com\/pl\/wp-json\/wp\/v2\/product"}],"about":[{"href":"https:\/\/reanpackaging.com\/pl\/wp-json\/wp\/v2\/types\/product"}],"wp:featuredmedia":[{"embeddable":true,"href":"https:\/\/reanpackaging.com\/pl\/wp-json\/wp\/v2\/media\/30446"}],"wp:attachment":[{"href":"https:\/\/reanpackaging.com\/pl\/wp-json\/wp\/v2\/media?parent=30646"}],"wp:term":[{"taxonomy":"product_brand","embeddable":true,"href":"https:\/\/reanpackaging.com\/pl\/wp-json\/wp\/v2\/product_brand?post=30646"},{"taxonomy":"product_cat","embeddable":true,"href":"https:\/\/reanpackaging.com\/pl\/wp-json\/wp\/v2\/product_cat?post=30646"},{"taxonomy":"product_tag","embeddable":true,"href":"https:\/\/reanpackaging.com\/pl\/wp-json\/wp\/v2\/product_tag?post=30646"}],"curies":[{"name":"wp","href":"https:\/\/api.w.org\/{rel}","templated":true}]}}