{"id":30857,"date":"2024-12-27T16:40:17","date_gmt":"2024-12-27T16:40:17","guid":{"rendered":"https:\/\/reanpackaging.com\/product\/wholesale-luxury-jewelry-packaging-box-simple-portable-mini-travel-pendant-earring-ring-jewelry-box-with-keychain\/"},"modified":"2024-12-27T17:35:08","modified_gmt":"2024-12-27T17:35:08","slug":"wholesale-luxury-jewelry-packaging-box-simple-portable-mini-travel-pendant-earring-ring-jewelry-box-with-keychain","status":"publish","type":"product","link":"https:\/\/reanpackaging.com\/pl\/produkt\/wholesale-luxury-jewelry-packaging-box-simple-portable-mini-travel-pendant-earring-ring-jewelry-box-with-keychain\/","title":{"rendered":"Hurtownia luksusowej bi\u017cuterii Pude\u0142ko na bi\u017cuteri\u0119 Proste przeno\u015bne mini podr\u00f3\u017cne pude\u0142ko na bi\u017cuteri\u0119 z brelokiem do kluczy"},"content":{"rendered":"<h4>Atrybuty specyficzne dla bran\u017cy<\/h4>\n<table border=\"1\">\n<tbody>\n<tr>\n<td><strong>Pude\u0142ka na bi\u017cuteri\u0119 Materia\u0142<\/strong><\/td>\n<td>Sk\u00f3ra<\/td>\n<\/tr>\n<\/tbody>\n<\/table>\n<h4>Inne atrybuty<\/h4>\n<table border=\"1\">\n<tbody>\n<tr>\n<td><strong>rozmiar<\/strong><\/td>\n<td>5*5*3 cm<\/td>\n<\/tr>\n<tr>\n<td><strong>Nazwa produktu<\/strong><\/td>\n<td>Mini okr\u0105g\u0142e sk\u00f3rzane pude\u0142ko na bi\u017cuteri\u0119 z brelokiem<\/td>\n<\/tr>\n<tr>\n<td><strong>Kolor<\/strong><\/td>\n<td>Bia\u0142y, Czarny, Br\u0105zowy<\/td>\n<\/tr>\n<tr>\n<td><strong>Materia\u0142<\/strong><\/td>\n<td>Sk\u00f3ra PU<\/td>\n<\/tr>\n<tr>\n<td><strong>U\u017cycie<\/strong><\/td>\n<td>Pakiet bi\u017cuterii<\/td>\n<\/tr>\n<tr>\n<td><strong>Rozmiar<\/strong><\/td>\n<td>5*5*3 cm<\/td>\n<\/tr>\n<tr>\n<td><strong>MOQ<\/strong><\/td>\n<td>3 szt.<\/td>\n<\/tr>\n<tr>\n<td><strong>Styl<\/strong><\/td>\n<td>Nowoczesny luksus<\/td>\n<\/tr>\n<tr>\n<td><strong>Czas dostawy<\/strong><\/td>\n<td>7-15 dni<\/td>\n<\/tr>\n<tr>\n<td><strong>Cecha<\/strong><\/td>\n<td>Modny<\/td>\n<\/tr>\n<tr>\n<td><strong>Kszta\u0142t<\/strong><\/td>\n<td>Okr\u0105g\u0142y<\/td>\n<\/tr>\n<\/tbody>\n<\/table>\n<p><img decoding=\"async\" class=\"detail-desc-decorate-image\" style=\"max-width: 100%; height: auto; display: block; margin: 0 auto;\" src=\"https:\/\/reanpackaging.com\/wp-content\/uploads\/2024\/12\/1-description-Wholesale-Luxury-Jewelry-Packaging-Box-Simple-Portable-Mini-Travel-Pendant-Earring-Ring-Jewelry-Box-with-Keychain.jpg\" \/><br \/>\n<img decoding=\"async\" class=\"detail-desc-decorate-image\" style=\"max-width: 100%; height: auto; display: block; margin: 0 auto;\" src=\"https:\/\/reanpackaging.com\/wp-content\/uploads\/2024\/12\/2-description-Wholesale-Luxury-Jewelry-Packaging-Box-Simple-Portable-Mini-Travel-Pendant-Earring-Ring-Jewelry-Box-with-Keychain.jpg\" \/><br \/>\n<img decoding=\"async\" class=\"detail-desc-decorate-image\" style=\"max-width: 100%; height: auto; display: block; margin: 0 auto;\" src=\"https:\/\/reanpackaging.com\/wp-content\/uploads\/2024\/12\/3-description-Wholesale-Luxury-Jewelry-Packaging-Box-Simple-Portable-Mini-Travel-Pendant-Earring-Ring-Jewelry-Box-with-Keychain.jpg\" \/><br \/>\n<img decoding=\"async\" class=\"detail-desc-decorate-image\" style=\"max-width: 100%; height: auto; display: block; margin: 0 auto;\" src=\"https:\/\/reanpackaging.com\/wp-content\/uploads\/2024\/12\/4-description-Wholesale-Luxury-Jewelry-Packaging-Box-Simple-Portable-Mini-Travel-Pendant-Earring-Ring-Jewelry-Box-with-Keychain.jpg\" \/><br \/>\n<img decoding=\"async\" class=\"detail-desc-decorate-image\" style=\"max-width: 100%; height: auto; display: block; margin: 0 auto;\" src=\"https:\/\/reanpackaging.com\/wp-content\/uploads\/2024\/12\/5-description-Wholesale-Luxury-Jewelry-Packaging-Box-Simple-Portable-Mini-Travel-Pendant-Earring-Ring-Jewelry-Box-with-Keychain.jpg\" \/><br \/>\n<img decoding=\"async\" class=\"detail-desc-decorate-image\" style=\"max-width: 100%; height: auto; display: block; margin: 0 auto;\" src=\"https:\/\/reanpackaging.com\/wp-content\/uploads\/2024\/12\/6-description-Wholesale-Luxury-Jewelry-Packaging-Box-Simple-Portable-Mini-Travel-Pendant-Earring-Ring-Jewelry-Box-with-Keychain.jpg\" \/><br \/>\n<img decoding=\"async\" class=\"detail-desc-decorate-image\" style=\"max-width: 100%; height: auto; display: block; margin: 0 auto;\" src=\"https:\/\/reanpackaging.com\/wp-content\/uploads\/2024\/12\/7-description-Wholesale-Luxury-Jewelry-Packaging-Box-Simple-Portable-Mini-Travel-Pendant-Earring-Ring-Jewelry-Box-with-Keychain.jpg\" \/><br \/>\n<img decoding=\"async\" class=\"detail-desc-decorate-image\" style=\"max-width: 100%; height: auto; display: block; margin: 0 auto;\" src=\"https:\/\/reanpackaging.com\/wp-content\/uploads\/2024\/12\/8-description-Wholesale-Luxury-Jewelry-Packaging-Box-Simple-Portable-Mini-Travel-Pendant-Earring-Ring-Jewelry-Box-with-Keychain.jpg\" \/><\/p>","protected":false},"excerpt":{"rendered":"<p>Bran\u017cowe atrybuty Pude\u0142ka na bi\u017cuteri\u0119 Materia\u0142 Sk\u00f3ra Inne atrybuty Rozmiar 5 * 5 * 3 cm Nazwa produktu Mini okr\u0105g\u0142e sk\u00f3rzane pude\u0142ko na bi\u017cuteri\u0119 z brelokiem Kolor Bia\u0142y, czarny, br\u0105zowy Materia\u0142 Sk\u00f3ra PU Zastosowanie Opakowanie na bi\u017cuteri\u0119 Rozmiar 5 * 5 * 3 cm MOQ 3 szt Styl Nowoczesny Luksus Czas dostawy 7-15 dni Cecha Modny Kszta\u0142t Okr\u0105g\u0142y<\/p>","protected":false},"featured_media":31153,"template":"","meta":{"_seopress_robots_primary_cat":"none","_seopress_titles_title":"","_seopress_titles_desc":"","_seopress_robots_index":"","site-sidebar-layout":"default","site-content-layout":"","ast-site-content-layout":"default","site-content-style":"default","site-sidebar-style":"default","ast-global-header-display":"","ast-banner-title-visibility":"","ast-main-header-display":"","ast-hfb-above-header-display":"","ast-hfb-below-header-display":"","ast-hfb-mobile-header-display":"","site-post-title":"","ast-breadcrumbs-content":"","ast-featured-img":"","footer-sml-layout":"","ast-disable-related-posts":"","theme-transparent-header-meta":"default","adv-header-id-meta":"","stick-header-meta":"default","header-above-stick-meta":"","header-main-stick-meta":"","header-below-stick-meta":"","astra-migrate-meta-layouts":"set","ast-page-background-enabled":"default","ast-page-background-meta":{"desktop":{"background-color":"","background-image":"","background-repeat":"repeat","background-position":"center center","background-size":"auto","background-attachment":"scroll","background-type":"","background-media":"","overlay-type":"","overlay-color":"","overlay-opacity":"","overlay-gradient":""},"tablet":{"background-color":"","background-image":"","background-repeat":"repeat","background-position":"center center","background-size":"auto","background-attachment":"scroll","background-type":"","background-media":"","overlay-type":"","overlay-color":"","overlay-opacity":"","overlay-gradient":""},"mobile":{"background-color":"","background-image":"","background-repeat":"repeat","background-position":"center center","background-size":"auto","background-attachment":"scroll","background-type":"","background-media":"","overlay-type":"","overlay-color":"","overlay-opacity":"","overlay-gradient":""}},"ast-content-background-meta":{"desktop":{"background-color":"var(--ast-global-color-5)","background-image":"","background-repeat":"repeat","background-position":"center center","background-size":"auto","background-attachment":"scroll","background-type":"","background-media":"","overlay-type":"","overlay-color":"","overlay-opacity":"","overlay-gradient":""},"tablet":{"background-color":"var(--ast-global-color-5)","background-image":"","background-repeat":"repeat","background-position":"center center","background-size":"auto","background-attachment":"scroll","background-type":"","background-media":"","overlay-type":"","overlay-color":"","overlay-opacity":"","overlay-gradient":""},"mobile":{"background-color":"var(--ast-global-color-5)","background-image":"","background-repeat":"repeat","background-position":"center center","background-size":"auto","background-attachment":"scroll","background-type":"","background-media":"","overlay-type":"","overlay-color":"","overlay-opacity":"","overlay-gradient":""}}},"product_brand":[],"product_cat":[84],"product_tag":[],"class_list":{"0":"post-30857","1":"product","2":"type-product","3":"status-publish","4":"has-post-thumbnail","6":"product_cat-earring-box","7":"desktop-align-left","8":"tablet-align-left","9":"mobile-align-left","10":"ast-product-gallery-layout-horizontal","11":"ast-product-tabs-layout-horizontal","13":"first","14":"instock","15":"product-type-simple"},"_links":{"self":[{"href":"https:\/\/reanpackaging.com\/pl\/wp-json\/wp\/v2\/product\/30857","targetHints":{"allow":["GET"]}}],"collection":[{"href":"https:\/\/reanpackaging.com\/pl\/wp-json\/wp\/v2\/product"}],"about":[{"href":"https:\/\/reanpackaging.com\/pl\/wp-json\/wp\/v2\/types\/product"}],"wp:featuredmedia":[{"embeddable":true,"href":"https:\/\/reanpackaging.com\/pl\/wp-json\/wp\/v2\/media\/31153"}],"wp:attachment":[{"href":"https:\/\/reanpackaging.com\/pl\/wp-json\/wp\/v2\/media?parent=30857"}],"wp:term":[{"taxonomy":"product_brand","embeddable":true,"href":"https:\/\/reanpackaging.com\/pl\/wp-json\/wp\/v2\/product_brand?post=30857"},{"taxonomy":"product_cat","embeddable":true,"href":"https:\/\/reanpackaging.com\/pl\/wp-json\/wp\/v2\/product_cat?post=30857"},{"taxonomy":"product_tag","embeddable":true,"href":"https:\/\/reanpackaging.com\/pl\/wp-json\/wp\/v2\/product_tag?post=30857"}],"curies":[{"name":"wp","href":"https:\/\/api.w.org\/{rel}","templated":true}]}}