{"id":36350,"date":"2025-01-09T16:05:24","date_gmt":"2025-01-09T16:05:24","guid":{"rendered":"https:\/\/reanpackaging.com\/product\/store-luxury-packing-jewellery-box-set-packaging-shop-display-box-bracelet-necklace-pendant-ring-velvet-jewelry-box\/"},"modified":"2025-01-09T16:39:10","modified_gmt":"2025-01-09T16:39:10","slug":"store-luxury-packing-jewellery-box-set-packaging-shop-display-box-bracelet-necklace-pendant-ring-velvet-jewelry-box","status":"publish","type":"product","link":"https:\/\/reanpackaging.com\/pl\/produkt\/store-luxury-packing-jewellery-box-set-packaging-shop-display-box-bracelet-necklace-pendant-ring-velvet-jewelry-box\/","title":{"rendered":"Sklep Luksusowe opakowanie Zestaw bi\u017cuterii Opakowanie Sklep Wy\u015bwietlacz Pude\u0142ko Bransoletka Naszyjnik Wisiorek Pier\u015bcionek Aksamitne pude\u0142ko na bi\u017cuteri\u0119"},"content":{"rendered":"<h4>Atrybuty specyficzne dla bran\u017cy<\/h4>\n<table border=\"1\">\n<tbody>\n<tr>\n<td><strong>Pude\u0142ka na bi\u017cuteri\u0119 Materia\u0142<\/strong><\/td>\n<td>Sk\u00f3ra<\/td>\n<\/tr>\n<\/tbody>\n<\/table>\n<h4>Inne atrybuty<\/h4>\n<table border=\"1\">\n<tbody>\n<tr>\n<td><strong>G\u0142\u00f3wny materia\u0142<\/strong><\/td>\n<td>Aksamit<\/td>\n<\/tr>\n<tr>\n<td><strong>Materia\u0142 powierzchni<\/strong><\/td>\n<td>Aksamit<\/td>\n<\/tr>\n<tr>\n<td><strong>Obr\u00f3bka powierzchni<\/strong><\/td>\n<td>Laminowanie matowe, t\u0142oczenie, UV<\/td>\n<\/tr>\n<tr>\n<td><strong>Rozmiar<\/strong><\/td>\n<td>Rozmiar niestandardowy<\/td>\n<\/tr>\n<tr>\n<td><strong>Logo<\/strong><\/td>\n<td>Nadrukowane logo<\/td>\n<\/tr>\n<tr>\n<td><strong>Kszta\u0142t<\/strong><\/td>\n<td>Kwadratowy kszta\u0142t<\/td>\n<\/tr>\n<tr>\n<td><strong>Nazwa<\/strong><\/td>\n<td>Zestaw pude\u0142ek na bi\u017cuteri\u0119 ze sk\u00f3ry pu<\/td>\n<\/tr>\n<tr>\n<td><strong>Styl<\/strong><\/td>\n<td>Nowoczesne niestandardowe<\/td>\n<\/tr>\n<tr>\n<td><strong>Czas pr\u00f3by<\/strong><\/td>\n<td>5 dni<\/td>\n<\/tr>\n<\/tbody>\n<\/table>\n<p>&nbsp;<\/p>","protected":false},"excerpt":{"rendered":"<p>Atrybuty specyficzne dla bran\u017cy Pude\u0142ka na bi\u017cuteri\u0119 Materia\u0142 Sk\u00f3ra Inne atrybuty G\u0142\u00f3wny materia\u0142 Aksamit Materia\u0142 powierzchni Aksamit Obr\u00f3bka powierzchni Laminowanie matowe.T\u0142oczenie.UV Rozmiar niestandardowy Rozmiar Logo Logo drukowane Kszta\u0142t Kwadrat Kszta\u0142t Nazwa Pu Sk\u00f3rzane pude\u0142ko na bi\u017cuteri\u0119 Zestaw Styl Nowoczesny Dostosowany Czas pr\u00f3bkowania 5 dni &nbsp;<\/p>","protected":false},"featured_media":36312,"template":"","meta":{"_seopress_robots_primary_cat":"none","_seopress_titles_title":"Store Luxury Packing Jewellery Box Set Packaging Shop Display Box Bracelet Necklace Pendant Ring Velvet Jewelry Box","_seopress_titles_desc":"","_seopress_robots_index":"","site-sidebar-layout":"default","site-content-layout":"","ast-site-content-layout":"default","site-content-style":"default","site-sidebar-style":"default","ast-global-header-display":"","ast-banner-title-visibility":"","ast-main-header-display":"","ast-hfb-above-header-display":"","ast-hfb-below-header-display":"","ast-hfb-mobile-header-display":"","site-post-title":"","ast-breadcrumbs-content":"","ast-featured-img":"","footer-sml-layout":"","ast-disable-related-posts":"","theme-transparent-header-meta":"default","adv-header-id-meta":"","stick-header-meta":"default","header-above-stick-meta":"","header-main-stick-meta":"","header-below-stick-meta":"","astra-migrate-meta-layouts":"set","ast-page-background-enabled":"default","ast-page-background-meta":{"desktop":{"background-color":"","background-image":"","background-repeat":"repeat","background-position":"center center","background-size":"auto","background-attachment":"scroll","background-type":"","background-media":"","overlay-type":"","overlay-color":"","overlay-opacity":"","overlay-gradient":""},"tablet":{"background-color":"","background-image":"","background-repeat":"repeat","background-position":"center center","background-size":"auto","background-attachment":"scroll","background-type":"","background-media":"","overlay-type":"","overlay-color":"","overlay-opacity":"","overlay-gradient":""},"mobile":{"background-color":"","background-image":"","background-repeat":"repeat","background-position":"center center","background-size":"auto","background-attachment":"scroll","background-type":"","background-media":"","overlay-type":"","overlay-color":"","overlay-opacity":"","overlay-gradient":""}},"ast-content-background-meta":{"desktop":{"background-color":"var(--ast-global-color-5)","background-image":"","background-repeat":"repeat","background-position":"center center","background-size":"auto","background-attachment":"scroll","background-type":"","background-media":"","overlay-type":"","overlay-color":"","overlay-opacity":"","overlay-gradient":""},"tablet":{"background-color":"var(--ast-global-color-5)","background-image":"","background-repeat":"repeat","background-position":"center center","background-size":"auto","background-attachment":"scroll","background-type":"","background-media":"","overlay-type":"","overlay-color":"","overlay-opacity":"","overlay-gradient":""},"mobile":{"background-color":"var(--ast-global-color-5)","background-image":"","background-repeat":"repeat","background-position":"center center","background-size":"auto","background-attachment":"scroll","background-type":"","background-media":"","overlay-type":"","overlay-color":"","overlay-opacity":"","overlay-gradient":""}}},"product_brand":[],"product_cat":[86],"product_tag":[],"class_list":{"0":"post-36350","1":"product","2":"type-product","3":"status-publish","4":"has-post-thumbnail","6":"product_cat-bracelet-box","7":"desktop-align-left","8":"tablet-align-left","9":"mobile-align-left","10":"ast-product-gallery-layout-horizontal","11":"ast-product-tabs-layout-horizontal","13":"first","14":"instock","15":"product-type-simple"},"_links":{"self":[{"href":"https:\/\/reanpackaging.com\/pl\/wp-json\/wp\/v2\/product\/36350","targetHints":{"allow":["GET"]}}],"collection":[{"href":"https:\/\/reanpackaging.com\/pl\/wp-json\/wp\/v2\/product"}],"about":[{"href":"https:\/\/reanpackaging.com\/pl\/wp-json\/wp\/v2\/types\/product"}],"wp:featuredmedia":[{"embeddable":true,"href":"https:\/\/reanpackaging.com\/pl\/wp-json\/wp\/v2\/media\/36312"}],"wp:attachment":[{"href":"https:\/\/reanpackaging.com\/pl\/wp-json\/wp\/v2\/media?parent=36350"}],"wp:term":[{"taxonomy":"product_brand","embeddable":true,"href":"https:\/\/reanpackaging.com\/pl\/wp-json\/wp\/v2\/product_brand?post=36350"},{"taxonomy":"product_cat","embeddable":true,"href":"https:\/\/reanpackaging.com\/pl\/wp-json\/wp\/v2\/product_cat?post=36350"},{"taxonomy":"product_tag","embeddable":true,"href":"https:\/\/reanpackaging.com\/pl\/wp-json\/wp\/v2\/product_tag?post=36350"}],"curies":[{"name":"wp","href":"https:\/\/api.w.org\/{rel}","templated":true}]}}