{"id":36385,"date":"2025-01-09T16:06:08","date_gmt":"2025-01-09T16:06:08","guid":{"rendered":"https:\/\/reanpackaging.com\/product\/custom-printed-logo-drawer-jewelry-box-cardboard-paper-jewellery-gift-packaging-boxes\/"},"modified":"2025-01-09T16:24:33","modified_gmt":"2025-01-09T16:24:33","slug":"custom-printed-logo-drawer-jewelry-box-cardboard-paper-jewellery-gift-packaging-boxes","status":"publish","type":"product","link":"https:\/\/reanpackaging.com\/pl\/produkt\/custom-printed-logo-drawer-jewelry-box-cardboard-paper-jewellery-gift-packaging-boxes\/","title":{"rendered":"Niestandardowe drukowane logo Szuflada Pude\u0142ko na bi\u017cuteri\u0119 Kartonowe papierowe pude\u0142ka na prezenty jubilerskie"},"content":{"rendered":"<h4>Atrybuty specyficzne dla bran\u017cy<\/h4>\n<table border=\"1\">\n<tbody>\n<tr>\n<td><strong>Zastosowanie przemys\u0142owe<\/strong><\/td>\n<td>Produkty gospodarstwa domowego<\/td>\n<\/tr>\n<tr>\n<td><strong>Rodzaj papieru<\/strong><\/td>\n<td>Inne<\/td>\n<\/tr>\n<tr>\n<td><strong>Cecha<\/strong><\/td>\n<td>Inne<\/td>\n<\/tr>\n<tr>\n<td><strong>typ pude\u0142ka<\/strong><\/td>\n<td>Inne<\/td>\n<\/tr>\n<\/tbody>\n<\/table>\n<h4>Inne atrybuty<\/h4>\n<table border=\"1\">\n<tbody>\n<tr>\n<td><strong>Obs\u0142uga drukowania<\/strong><\/td>\n<td>Laminowanie matowe<\/td>\n<\/tr>\n<tr>\n<td><strong>Zam\u00f3wienie niestandardowe<\/strong><\/td>\n<td>Akceptuj<\/td>\n<\/tr>\n<tr>\n<td><strong>Drukowanie logo<\/strong><\/td>\n<td>inne<\/td>\n<\/tr>\n<tr>\n<td><strong>Akcesoria<\/strong><\/td>\n<td>Zamkni\u0119cie magnetyczne<\/td>\n<\/tr>\n<tr>\n<td><strong>Typ wyk\u0142adziny<\/strong><\/td>\n<td>Tworzywa sztuczne<\/td>\n<\/tr>\n<tr>\n<td><strong>U\u017cycie<\/strong><\/td>\n<td>U\u017cywaj z podwieszanym pude\u0142kiem foliowym<\/td>\n<\/tr>\n<tr>\n<td><strong>Kolor<\/strong><\/td>\n<td>Kwadratowa podstawa. - Okr\u0105g\u0142a podstawa. - jeden<\/td>\n<\/tr>\n<tr>\n<td><strong>G\u0142\u00f3wna platforma downstream<\/strong><\/td>\n<td>Amazon<\/td>\n<\/tr>\n<tr>\n<td><strong>Poziom pakowania<\/strong><\/td>\n<td>Opakowania sprzeda\u017cowe\/ko\u0144cowe<\/td>\n<\/tr>\n<tr>\n<td><strong>Materia\u0142<\/strong><\/td>\n<td>plastik<\/td>\n<\/tr>\n<tr>\n<td><strong>Specyfikacje<\/strong><\/td>\n<td>Bia\u0142y R\u00f3\u017cowy Czerwony Szary Niebieski Czarny Morelowy Pomara\u0144czowy Owocowy<\/td>\n<\/tr>\n<tr>\n<td><strong>Typ opakowania<\/strong><\/td>\n<td>Opakowanie<\/td>\n<\/tr>\n<\/tbody>\n<\/table>","protected":false},"excerpt":{"rendered":"<p>Industry-Specific Attributes Industrial Use Household Products Paper Type Other Feature Other box type Others Other Attributes Printing Handling Matt Lamination Custom Order Accept Logo printing other Accessories Magnetic closure Liner type Plastics Use Use with suspension box film box Color Square base. &#8211; Round base. &#8211; one Main downstream platform Amazon Packing level Sales packaging\/terminal [&hellip;]<\/p>\n","protected":false},"featured_media":36172,"template":"","meta":{"_seopress_robots_primary_cat":"none","_seopress_titles_title":"Custom Printed Logo Drawer Jewelry Box Cardboard Paper Jewellery Gift Packaging Boxes","_seopress_titles_desc":"","_seopress_robots_index":"","site-sidebar-layout":"default","site-content-layout":"","ast-site-content-layout":"default","site-content-style":"default","site-sidebar-style":"default","ast-global-header-display":"","ast-banner-title-visibility":"","ast-main-header-display":"","ast-hfb-above-header-display":"","ast-hfb-below-header-display":"","ast-hfb-mobile-header-display":"","site-post-title":"","ast-breadcrumbs-content":"","ast-featured-img":"","footer-sml-layout":"","ast-disable-related-posts":"","theme-transparent-header-meta":"default","adv-header-id-meta":"","stick-header-meta":"default","header-above-stick-meta":"","header-main-stick-meta":"","header-below-stick-meta":"","astra-migrate-meta-layouts":"set","ast-page-background-enabled":"default","ast-page-background-meta":{"desktop":{"background-color":"","background-image":"","background-repeat":"repeat","background-position":"center center","background-size":"auto","background-attachment":"scroll","background-type":"","background-media":"","overlay-type":"","overlay-color":"","overlay-opacity":"","overlay-gradient":""},"tablet":{"background-color":"","background-image":"","background-repeat":"repeat","background-position":"center center","background-size":"auto","background-attachment":"scroll","background-type":"","background-media":"","overlay-type":"","overlay-color":"","overlay-opacity":"","overlay-gradient":""},"mobile":{"background-color":"","background-image":"","background-repeat":"repeat","background-position":"center center","background-size":"auto","background-attachment":"scroll","background-type":"","background-media":"","overlay-type":"","overlay-color":"","overlay-opacity":"","overlay-gradient":""}},"ast-content-background-meta":{"desktop":{"background-color":"var(--ast-global-color-5)","background-image":"","background-repeat":"repeat","background-position":"center center","background-size":"auto","background-attachment":"scroll","background-type":"","background-media":"","overlay-type":"","overlay-color":"","overlay-opacity":"","overlay-gradient":""},"tablet":{"background-color":"var(--ast-global-color-5)","background-image":"","background-repeat":"repeat","background-position":"center center","background-size":"auto","background-attachment":"scroll","background-type":"","background-media":"","overlay-type":"","overlay-color":"","overlay-opacity":"","overlay-gradient":""},"mobile":{"background-color":"var(--ast-global-color-5)","background-image":"","background-repeat":"repeat","background-position":"center center","background-size":"auto","background-attachment":"scroll","background-type":"","background-media":"","overlay-type":"","overlay-color":"","overlay-opacity":"","overlay-gradient":""}}},"product_brand":[],"product_cat":[86],"product_tag":[],"class_list":{"0":"post-36385","1":"product","2":"type-product","3":"status-publish","4":"has-post-thumbnail","6":"product_cat-bracelet-box","7":"desktop-align-left","8":"tablet-align-left","9":"mobile-align-left","10":"ast-product-gallery-layout-horizontal","11":"ast-product-tabs-layout-horizontal","13":"first","14":"instock","15":"product-type-simple"},"_links":{"self":[{"href":"https:\/\/reanpackaging.com\/pl\/wp-json\/wp\/v2\/product\/36385","targetHints":{"allow":["GET"]}}],"collection":[{"href":"https:\/\/reanpackaging.com\/pl\/wp-json\/wp\/v2\/product"}],"about":[{"href":"https:\/\/reanpackaging.com\/pl\/wp-json\/wp\/v2\/types\/product"}],"wp:featuredmedia":[{"embeddable":true,"href":"https:\/\/reanpackaging.com\/pl\/wp-json\/wp\/v2\/media\/36172"}],"wp:attachment":[{"href":"https:\/\/reanpackaging.com\/pl\/wp-json\/wp\/v2\/media?parent=36385"}],"wp:term":[{"taxonomy":"product_brand","embeddable":true,"href":"https:\/\/reanpackaging.com\/pl\/wp-json\/wp\/v2\/product_brand?post=36385"},{"taxonomy":"product_cat","embeddable":true,"href":"https:\/\/reanpackaging.com\/pl\/wp-json\/wp\/v2\/product_cat?post=36385"},{"taxonomy":"product_tag","embeddable":true,"href":"https:\/\/reanpackaging.com\/pl\/wp-json\/wp\/v2\/product_tag?post=36385"}],"curies":[{"name":"wp","href":"https:\/\/api.w.org\/{rel}","templated":true}]}}