{"id":37900,"date":"2025-01-15T16:37:20","date_gmt":"2025-01-15T16:37:20","guid":{"rendered":"https:\/\/reanpackaging.com\/product\/watch-boxes-paper-gift-men-women-wristwatch-box-for-watch-wholesale\/"},"modified":"2025-01-16T02:49:02","modified_gmt":"2025-01-16T02:49:02","slug":"watch-boxes-paper-gift-men-women-wristwatch-box-for-watch-wholesale","status":"publish","type":"product","link":"https:\/\/reanpackaging.com\/pl\/produkt\/watch-boxes-paper-gift-men-women-wristwatch-box-for-watch-wholesale\/","title":{"rendered":"Pude\u0142ka na zegarki Papierowy prezent M\u0119\u017cczy\u017ani Kobiety Pude\u0142ko na zegarek Hurtownia"},"content":{"rendered":"<h4>Atrybuty specyficzne dla bran\u017cy<\/h4>\n<table border=\"1\">\n<tbody>\n<tr>\n<td><strong>Typ materia\u0142u okienka tarczy<\/strong><\/td>\n<td>Hardlex<\/td>\n<\/tr>\n<tr>\n<td><strong>Typ materia\u0142u opaski<\/strong><\/td>\n<td>Sk\u00f3ra, stal nierdzewna<\/td>\n<\/tr>\n<tr>\n<td><strong>Materia\u0142 obudowy<\/strong><\/td>\n<td>Stop<\/td>\n<\/tr>\n<\/tbody>\n<\/table>\n<h4>Inne atrybuty<\/h4>\n<table border=\"1\">\n<tbody>\n<tr>\n<td><strong>Kszta\u0142t obudowy<\/strong><\/td>\n<td>RUNDA<\/td>\n<\/tr>\n<tr>\n<td><strong>D\u0142ugo\u015b\u0107 pasma<\/strong><\/td>\n<td>24 cm<\/td>\n<\/tr>\n<tr>\n<td><strong>Typ zapi\u0119cia<\/strong><\/td>\n<td>Ukryte zapi\u0119cie<\/td>\n<\/tr>\n<tr>\n<td><strong>Wodoodporno\u015b\u0107 G\u0142\u0119boko\u015b\u0107<\/strong><\/td>\n<td>3BAR<\/td>\n<\/tr>\n<tr>\n<td><strong>Ruch<\/strong><\/td>\n<td>Kwarc<\/td>\n<\/tr>\n<tr>\n<td><strong>Typ<\/strong><\/td>\n<td>Moda<\/td>\n<\/tr>\n<tr>\n<td><strong>Cecha<\/strong><\/td>\n<td>chronograf, DIVER<\/td>\n<\/tr>\n<tr>\n<td><strong>U\u017cytkownik<\/strong><\/td>\n<td>Kobiety<\/td>\n<\/tr>\n<tr>\n<td><strong>\u015bwiadczenie us\u0142ug w zakresie produkcji form i pr\u00f3bek<\/strong><\/td>\n<td>tworzenie pr\u00f3bek<\/td>\n<\/tr>\n<tr>\n<td><strong>Materia\u0142<\/strong><\/td>\n<td>akryl<\/td>\n<\/tr>\n<tr>\n<td><strong>Wy\u015bwietlacz wybierania<\/strong><\/td>\n<td>Analogowy<\/td>\n<\/tr>\n<tr>\n<td><strong>Marka Movement<\/strong><\/td>\n<td>BEJING<\/td>\n<\/tr>\n<tr>\n<td><strong>Styl<\/strong><\/td>\n<td>Luxe<\/td>\n<\/tr>\n<tr>\n<td><strong>Waga<\/strong><\/td>\n<td>0.10<\/td>\n<\/tr>\n<\/tbody>\n<\/table>\n<p><img decoding=\"async\" class=\"detail-desc-decorate-image\" style=\"max-width: 100%; height: auto; display: block; margin: 0 auto;\" src=\"https:\/\/reanpackaging.com\/wp-content\/uploads\/2025\/01\/1-description-Watch-Boxes-Paper-Gift-Men-Women-Wristwatch-Box-For-Watch-Wholesale.jpg\" \/><br \/>\n<img decoding=\"async\" class=\"detail-desc-decorate-image\" style=\"max-width: 100%; height: auto; display: block; margin: 0 auto;\" src=\"https:\/\/reanpackaging.com\/wp-content\/uploads\/2025\/01\/2-description-Watch-Boxes-Paper-Gift-Men-Women-Wristwatch-Box-For-Watch-Wholesale.jpg\" \/><br \/>\n<img decoding=\"async\" class=\"detail-desc-decorate-image\" style=\"max-width: 100%; height: auto; display: block; margin: 0 auto;\" src=\"https:\/\/reanpackaging.com\/wp-content\/uploads\/2025\/01\/3-description-Watch-Boxes-Paper-Gift-Men-Women-Wristwatch-Box-For-Watch-Wholesale.jpg\" \/><br \/>\n<img decoding=\"async\" class=\"detail-desc-decorate-image\" style=\"max-width: 100%; height: auto; display: block; margin: 0 auto;\" src=\"https:\/\/reanpackaging.com\/wp-content\/uploads\/2025\/01\/4-description-Watch-Boxes-Paper-Gift-Men-Women-Wristwatch-Box-For-Watch-Wholesale.jpg\" \/><br \/>\n<img decoding=\"async\" class=\"detail-desc-decorate-image\" style=\"max-width: 100%; height: auto; display: block; margin: 0 auto;\" src=\"https:\/\/reanpackaging.com\/wp-content\/uploads\/2025\/01\/5-description-Watch-Boxes-Paper-Gift-Men-Women-Wristwatch-Box-For-Watch-Wholesale.jpg\" \/><br \/>\n<img decoding=\"async\" class=\"detail-desc-decorate-image\" style=\"max-width: 100%; height: auto; display: block; margin: 0 auto;\" src=\"https:\/\/reanpackaging.com\/wp-content\/uploads\/2025\/01\/6-description-Watch-Boxes-Paper-Gift-Men-Women-Wristwatch-Box-For-Watch-Wholesale.jpg\" \/><\/p>","protected":false},"excerpt":{"rendered":"<p>Industry-Specific Attributes Dial Window Material Type Hardlex Band Material Type Leather, Stainless Steel Case Material Alloy Other Attributes Case Shape ROUND Band Length 24cm Clasp Type Hidden Clasp Water Resistance Depth 3BAR Movement Quartz Type Fashion Feature chronograph, DIVER User Women provide mould making and sample making service sample making Material acrylic Dial Display Analog [&hellip;]<\/p>\n","protected":false},"featured_media":37832,"template":"","meta":{"_seopress_robots_primary_cat":"none","_seopress_titles_title":"Watch Boxes Paper Gift Men Women Wristwatch Box For Watch Wholesale","_seopress_titles_desc":"","_seopress_robots_index":"","site-sidebar-layout":"default","site-content-layout":"","ast-site-content-layout":"default","site-content-style":"default","site-sidebar-style":"default","ast-global-header-display":"","ast-banner-title-visibility":"","ast-main-header-display":"","ast-hfb-above-header-display":"","ast-hfb-below-header-display":"","ast-hfb-mobile-header-display":"","site-post-title":"","ast-breadcrumbs-content":"","ast-featured-img":"","footer-sml-layout":"","ast-disable-related-posts":"","theme-transparent-header-meta":"default","adv-header-id-meta":"","stick-header-meta":"default","header-above-stick-meta":"","header-main-stick-meta":"","header-below-stick-meta":"","astra-migrate-meta-layouts":"set","ast-page-background-enabled":"default","ast-page-background-meta":{"desktop":{"background-color":"","background-image":"","background-repeat":"repeat","background-position":"center center","background-size":"auto","background-attachment":"scroll","background-type":"","background-media":"","overlay-type":"","overlay-color":"","overlay-opacity":"","overlay-gradient":""},"tablet":{"background-color":"","background-image":"","background-repeat":"repeat","background-position":"center center","background-size":"auto","background-attachment":"scroll","background-type":"","background-media":"","overlay-type":"","overlay-color":"","overlay-opacity":"","overlay-gradient":""},"mobile":{"background-color":"","background-image":"","background-repeat":"repeat","background-position":"center center","background-size":"auto","background-attachment":"scroll","background-type":"","background-media":"","overlay-type":"","overlay-color":"","overlay-opacity":"","overlay-gradient":""}},"ast-content-background-meta":{"desktop":{"background-color":"var(--ast-global-color-5)","background-image":"","background-repeat":"repeat","background-position":"center center","background-size":"auto","background-attachment":"scroll","background-type":"","background-media":"","overlay-type":"","overlay-color":"","overlay-opacity":"","overlay-gradient":""},"tablet":{"background-color":"var(--ast-global-color-5)","background-image":"","background-repeat":"repeat","background-position":"center center","background-size":"auto","background-attachment":"scroll","background-type":"","background-media":"","overlay-type":"","overlay-color":"","overlay-opacity":"","overlay-gradient":""},"mobile":{"background-color":"var(--ast-global-color-5)","background-image":"","background-repeat":"repeat","background-position":"center center","background-size":"auto","background-attachment":"scroll","background-type":"","background-media":"","overlay-type":"","overlay-color":"","overlay-opacity":"","overlay-gradient":""}}},"product_brand":[],"product_cat":[87],"product_tag":[],"class_list":{"0":"post-37900","1":"product","2":"type-product","3":"status-publish","4":"has-post-thumbnail","6":"product_cat-watch-box","7":"desktop-align-left","8":"tablet-align-left","9":"mobile-align-left","10":"ast-product-gallery-layout-horizontal","11":"ast-product-tabs-layout-horizontal","13":"first","14":"instock","15":"product-type-simple"},"_links":{"self":[{"href":"https:\/\/reanpackaging.com\/pl\/wp-json\/wp\/v2\/product\/37900","targetHints":{"allow":["GET"]}}],"collection":[{"href":"https:\/\/reanpackaging.com\/pl\/wp-json\/wp\/v2\/product"}],"about":[{"href":"https:\/\/reanpackaging.com\/pl\/wp-json\/wp\/v2\/types\/product"}],"wp:featuredmedia":[{"embeddable":true,"href":"https:\/\/reanpackaging.com\/pl\/wp-json\/wp\/v2\/media\/37832"}],"wp:attachment":[{"href":"https:\/\/reanpackaging.com\/pl\/wp-json\/wp\/v2\/media?parent=37900"}],"wp:term":[{"taxonomy":"product_brand","embeddable":true,"href":"https:\/\/reanpackaging.com\/pl\/wp-json\/wp\/v2\/product_brand?post=37900"},{"taxonomy":"product_cat","embeddable":true,"href":"https:\/\/reanpackaging.com\/pl\/wp-json\/wp\/v2\/product_cat?post=37900"},{"taxonomy":"product_tag","embeddable":true,"href":"https:\/\/reanpackaging.com\/pl\/wp-json\/wp\/v2\/product_tag?post=37900"}],"curies":[{"name":"wp","href":"https:\/\/api.w.org\/{rel}","templated":true}]}}