{"id":37921,"date":"2025-01-15T16:38:06","date_gmt":"2025-01-15T16:38:06","guid":{"rendered":"https:\/\/reanpackaging.com\/product\/watch-boxes-for-good-quality-stainless-steel-sport-strap-for-apple-watch-band-38mm-42mm-metal-bracelet-caixa-de-relogio\/"},"modified":"2025-01-16T02:48:53","modified_gmt":"2025-01-16T02:48:53","slug":"watch-boxes-for-good-quality-stainless-steel-sport-strap-for-apple-watch-band-38mm-42mm-metal-bracelet-caixa-de-relogio","status":"publish","type":"product","link":"https:\/\/reanpackaging.com\/pl\/produkt\/watch-boxes-for-good-quality-stainless-steel-sport-strap-for-apple-watch-band-38mm-42mm-metal-bracelet-caixa-de-relogio\/","title":{"rendered":"Pude\u0142ka na zegarki dla dobrej jako\u015bci paska sportowego ze stali nierdzewnej do Apple Watch Band 38mm 42mm Metalowa bransoletka caixa de relogio"},"content":{"rendered":"<h4>Atrybuty specyficzne dla bran\u017cy<\/h4>\n<table border=\"1\">\n<tbody>\n<tr>\n<td><strong>Pude\u0142ka i futera\u0142y Materia\u0142<\/strong><\/td>\n<td>Sk\u00f3ra<\/td>\n<\/tr>\n<\/tbody>\n<\/table>\n<h4>Inne atrybuty<\/h4>\n<table border=\"1\">\n<tbody>\n<tr>\n<td><strong>Materia\u0142<\/strong><\/td>\n<td>Sk\u00f3ra<\/td>\n<\/tr>\n<tr>\n<td><strong>Kolor<\/strong><\/td>\n<td>Dostosowane<\/td>\n<\/tr>\n<tr>\n<td><strong>Logo<\/strong><\/td>\n<td>Niestandardowe logo<\/td>\n<\/tr>\n<tr>\n<td><strong>MOQ<\/strong><\/td>\n<td>500 szt.<\/td>\n<\/tr>\n<tr>\n<td><strong>Czas pr\u00f3by<\/strong><\/td>\n<td>2-4 dni<\/td>\n<\/tr>\n<tr>\n<td><strong>OEM\/ODM<\/strong><\/td>\n<td>Dost\u0119pne<\/td>\n<\/tr>\n<tr>\n<td><strong>Format grafiki<\/strong><\/td>\n<td>AI PDF PSD CDR<\/td>\n<\/tr>\n<tr>\n<td><strong>Rozmiar<\/strong><\/td>\n<td>15,5*15*8,7 cm<\/td>\n<\/tr>\n<\/tbody>\n<\/table>\n<p><img decoding=\"async\" class=\"detail-desc-decorate-image\" style=\"max-width: 100%; height: auto; display: block; margin: 0 auto;\" src=\"https:\/\/reanpackaging.com\/wp-content\/uploads\/2025\/01\/1-description-Watch-boxes-for-Good-Quality-Stainless-Steel-Sport-Strap-For-Apple-Watch-Band-38mm-42mm-Metal-Bracelet-caixa-de-relogio.jpg\" \/><br \/>\n<img decoding=\"async\" class=\"detail-desc-decorate-image\" style=\"max-width: 100%; height: auto; display: block; margin: 0 auto;\" src=\"https:\/\/reanpackaging.com\/wp-content\/uploads\/2025\/01\/2-description-Watch-boxes-for-Good-Quality-Stainless-Steel-Sport-Strap-For-Apple-Watch-Band-38mm-42mm-Metal-Bracelet-caixa-de-relogio.jpg\" \/><br \/>\n<img decoding=\"async\" class=\"detail-desc-decorate-image\" style=\"max-width: 100%; height: auto; display: block; margin: 0 auto;\" src=\"https:\/\/reanpackaging.com\/wp-content\/uploads\/2025\/01\/3-description-Watch-boxes-for-Good-Quality-Stainless-Steel-Sport-Strap-For-Apple-Watch-Band-38mm-42mm-Metal-Bracelet-caixa-de-relogio.jpg\" \/><br \/>\n<img decoding=\"async\" class=\"detail-desc-decorate-image\" style=\"max-width: 100%; height: auto; display: block; margin: 0 auto;\" src=\"https:\/\/reanpackaging.com\/wp-content\/uploads\/2025\/01\/4-description-Watch-boxes-for-Good-Quality-Stainless-Steel-Sport-Strap-For-Apple-Watch-Band-38mm-42mm-Metal-Bracelet-caixa-de-relogio.jpg\" \/><br \/>\n<img decoding=\"async\" class=\"detail-desc-decorate-image\" style=\"max-width: 100%; height: auto; display: block; margin: 0 auto;\" src=\"https:\/\/reanpackaging.com\/wp-content\/uploads\/2025\/01\/5-description-Watch-boxes-for-Good-Quality-Stainless-Steel-Sport-Strap-For-Apple-Watch-Band-38mm-42mm-Metal-Bracelet-caixa-de-relogio.jpg\" \/><br \/>\n<img decoding=\"async\" class=\"detail-desc-decorate-image\" style=\"max-width: 100%; height: auto; display: block; margin: 0 auto;\" src=\"https:\/\/reanpackaging.com\/wp-content\/uploads\/2025\/01\/6-description-Watch-boxes-for-Good-Quality-Stainless-Steel-Sport-Strap-For-Apple-Watch-Band-38mm-42mm-Metal-Bracelet-caixa-de-relogio.jpg\" \/><br \/>\n<img decoding=\"async\" class=\"detail-desc-decorate-image\" style=\"max-width: 100%; height: auto; display: block; margin: 0 auto;\" src=\"https:\/\/reanpackaging.com\/wp-content\/uploads\/2025\/01\/7-description-Watch-boxes-for-Good-Quality-Stainless-Steel-Sport-Strap-For-Apple-Watch-Band-38mm-42mm-Metal-Bracelet-caixa-de-relogio.jpg\" \/><br \/>\n<img decoding=\"async\" class=\"detail-desc-decorate-image\" style=\"max-width: 100%; height: auto; display: block; margin: 0 auto;\" src=\"https:\/\/reanpackaging.com\/wp-content\/uploads\/2025\/01\/8-description-Watch-boxes-for-Good-Quality-Stainless-Steel-Sport-Strap-For-Apple-Watch-Band-38mm-42mm-Metal-Bracelet-caixa-de-relogio.jpg\" \/><\/p>","protected":false},"excerpt":{"rendered":"<p>Atrybuty specyficzne dla bran\u017cy Pude\u0142ka i etui Materia\u0142 Sk\u00f3ra Inne atrybuty Materia\u0142 Sk\u00f3ra Kolor Dostosowane logo Dostosowane logo MOQ 500 sztuk Czas pr\u00f3bkowania 2-4 dni OEM\/ODM Dost\u0119pny Format grafiki AI PDF PSD CDR Rozmiar 15,5 * 15 * 8,7 cm<\/p>","protected":false},"featured_media":37826,"template":"","meta":{"_seopress_robots_primary_cat":"none","_seopress_titles_title":"Watch boxes for Good Quality Stainless Steel Sport Strap For Apple Watch Band 38mm 42mm Metal Bracelet caixa de relogio","_seopress_titles_desc":"","_seopress_robots_index":"","site-sidebar-layout":"default","site-content-layout":"","ast-site-content-layout":"default","site-content-style":"default","site-sidebar-style":"default","ast-global-header-display":"","ast-banner-title-visibility":"","ast-main-header-display":"","ast-hfb-above-header-display":"","ast-hfb-below-header-display":"","ast-hfb-mobile-header-display":"","site-post-title":"","ast-breadcrumbs-content":"","ast-featured-img":"","footer-sml-layout":"","ast-disable-related-posts":"","theme-transparent-header-meta":"default","adv-header-id-meta":"","stick-header-meta":"default","header-above-stick-meta":"","header-main-stick-meta":"","header-below-stick-meta":"","astra-migrate-meta-layouts":"set","ast-page-background-enabled":"default","ast-page-background-meta":{"desktop":{"background-color":"","background-image":"","background-repeat":"repeat","background-position":"center center","background-size":"auto","background-attachment":"scroll","background-type":"","background-media":"","overlay-type":"","overlay-color":"","overlay-opacity":"","overlay-gradient":""},"tablet":{"background-color":"","background-image":"","background-repeat":"repeat","background-position":"center center","background-size":"auto","background-attachment":"scroll","background-type":"","background-media":"","overlay-type":"","overlay-color":"","overlay-opacity":"","overlay-gradient":""},"mobile":{"background-color":"","background-image":"","background-repeat":"repeat","background-position":"center center","background-size":"auto","background-attachment":"scroll","background-type":"","background-media":"","overlay-type":"","overlay-color":"","overlay-opacity":"","overlay-gradient":""}},"ast-content-background-meta":{"desktop":{"background-color":"var(--ast-global-color-5)","background-image":"","background-repeat":"repeat","background-position":"center center","background-size":"auto","background-attachment":"scroll","background-type":"","background-media":"","overlay-type":"","overlay-color":"","overlay-opacity":"","overlay-gradient":""},"tablet":{"background-color":"var(--ast-global-color-5)","background-image":"","background-repeat":"repeat","background-position":"center center","background-size":"auto","background-attachment":"scroll","background-type":"","background-media":"","overlay-type":"","overlay-color":"","overlay-opacity":"","overlay-gradient":""},"mobile":{"background-color":"var(--ast-global-color-5)","background-image":"","background-repeat":"repeat","background-position":"center center","background-size":"auto","background-attachment":"scroll","background-type":"","background-media":"","overlay-type":"","overlay-color":"","overlay-opacity":"","overlay-gradient":""}}},"product_brand":[],"product_cat":[87],"product_tag":[],"class_list":{"0":"post-37921","1":"product","2":"type-product","3":"status-publish","4":"has-post-thumbnail","6":"product_cat-watch-box","7":"desktop-align-left","8":"tablet-align-left","9":"mobile-align-left","10":"ast-product-gallery-layout-horizontal","11":"ast-product-tabs-layout-horizontal","13":"first","14":"instock","15":"product-type-simple"},"_links":{"self":[{"href":"https:\/\/reanpackaging.com\/pl\/wp-json\/wp\/v2\/product\/37921","targetHints":{"allow":["GET"]}}],"collection":[{"href":"https:\/\/reanpackaging.com\/pl\/wp-json\/wp\/v2\/product"}],"about":[{"href":"https:\/\/reanpackaging.com\/pl\/wp-json\/wp\/v2\/types\/product"}],"wp:featuredmedia":[{"embeddable":true,"href":"https:\/\/reanpackaging.com\/pl\/wp-json\/wp\/v2\/media\/37826"}],"wp:attachment":[{"href":"https:\/\/reanpackaging.com\/pl\/wp-json\/wp\/v2\/media?parent=37921"}],"wp:term":[{"taxonomy":"product_brand","embeddable":true,"href":"https:\/\/reanpackaging.com\/pl\/wp-json\/wp\/v2\/product_brand?post=37921"},{"taxonomy":"product_cat","embeddable":true,"href":"https:\/\/reanpackaging.com\/pl\/wp-json\/wp\/v2\/product_cat?post=37921"},{"taxonomy":"product_tag","embeddable":true,"href":"https:\/\/reanpackaging.com\/pl\/wp-json\/wp\/v2\/product_tag?post=37921"}],"curies":[{"name":"wp","href":"https:\/\/api.w.org\/{rel}","templated":true}]}}