{"id":41739,"date":"2025-01-19T09:43:44","date_gmt":"2025-01-19T09:43:44","guid":{"rendered":"https:\/\/reanpackaging.com\/product\/wholesale-custom-logo-water-proof-florist-bouquet-box-packaging-flower-box-for-rose-valentine-gift-flower-paper-box-with-handle\/"},"modified":"2025-01-19T09:44:48","modified_gmt":"2025-01-19T09:44:48","slug":"wholesale-custom-logo-water-proof-florist-bouquet-box-packaging-flower-box-for-rose-valentine-gift-flower-paper-box-with-handle","status":"publish","type":"product","link":"https:\/\/reanpackaging.com\/pl\/produkt\/wholesale-custom-logo-water-proof-florist-bouquet-box-packaging-flower-box-for-rose-valentine-gift-flower-paper-box-with-handle\/","title":{"rendered":"Hurtowe niestandardowe logo Wodoodporne pude\u0142ko na bukiet kwiaciarni Opakowanie Pude\u0142ko na kwiaty na r\u00f3\u017c\u0119 Walentynkowy prezent Kwiatowe pude\u0142ko papierowe z uchwytem"},"content":{"rendered":"<h4>Atrybuty specyficzne dla bran\u017cy<\/h4>\n<table border=\"1\">\n<tr>\n<td><strong>Zastosowanie przemys\u0142owe<\/strong><\/td>\n<td>Prezenty i r\u0119kodzie\u0142o<\/td>\n<\/tr>\n<tr>\n<td><strong>Rodzaj papieru<\/strong><\/td>\n<td>Tektura<\/td>\n<\/tr>\n<tr>\n<td><strong>Cecha<\/strong><\/td>\n<td>Materia\u0142y z recyklingu<\/td>\n<\/tr>\n<tr>\n<td><strong>typ pude\u0142ka<\/strong><\/td>\n<td>Foldery<\/td>\n<\/tr>\n<\/table>\n<h4>Inne atrybuty<\/h4>\n<table border=\"1\">\n<tr>\n<td><strong>Kszta\u0142t<\/strong><\/td>\n<td>kwadrat<\/td>\n<\/tr>\n<tr>\n<td><strong>Obs\u0142uga drukowania<\/strong><\/td>\n<td>Laminowanie matowe, t\u0142oczenie, wyt\u0142aczanie, z\u0142ota folia<\/td>\n<\/tr>\n<tr>\n<td><strong>Zam\u00f3wienie niestandardowe<\/strong><\/td>\n<td>Akceptuj<\/td>\n<\/tr>\n<tr>\n<td><strong>Okazja<\/strong><\/td>\n<td>Walentynki, Dzie\u0144 Matki, przyj\u0119cie, Bo\u017ce Narodzenie,<\/td>\n<\/tr>\n<tr>\n<td><strong>zastosowanie przemys\u0142owe<\/strong><\/td>\n<td>pude\u0142ko upominkowe, opakowanie kosmetyczne, inne<\/td>\n<\/tr>\n<tr>\n<td><strong>Materia\u0142<\/strong><\/td>\n<td>papier powlekany, papier artystyczny, papier siarczanowy, tektura falista, bia\u0142y karton<\/td>\n<\/tr>\n<tr>\n<td><strong>cecha<\/strong><\/td>\n<td>r\u0119cznie robiony, przyjazny dla \u015brodowiska, przeno\u015bny<\/td>\n<\/tr>\n<tr>\n<td><strong>kolor<\/strong><\/td>\n<td>czarny, r\u00f3\u017cowy, bia\u0142y, zielony, \u017c\u00f3\u0142ty<\/td>\n<\/tr>\n<tr>\n<td><strong>Styl projektowania<\/strong><\/td>\n<td>nowoczesny, luksusowy<\/td>\n<\/tr>\n<tr>\n<td><strong>uchwyt uszczelniaj\u0105cy<\/strong><\/td>\n<td>uchwyt o d\u0142ugo\u015bci d\u0142oni<\/td>\n<\/tr>\n<tr>\n<td><strong>cechy produktu<\/strong><\/td>\n<td>gotowy do wysy\u0142ki, nowy<\/td>\n<\/tr>\n<\/table>\n<p><img decoding=\"async\" class=\"detail-desc-decorate-image\" src=\"https:\/\/reanpackaging.com\/wp-content\/uploads\/2025\/01\/1-description-Wholesale-Custom-Logo-Water-Proof-Florist-Bouquet-Box-Packaging-Flower-Box-for-Rose-Valentine-Gift-Flower-Paper-Box-with-Handle.jpg\" slate-data-type=\"image\" style=\"max-width: 100%; height: auto; display: block; margin: 0 auto;\"><br \/>\n<img decoding=\"async\" class=\"detail-desc-decorate-image\" src=\"https:\/\/reanpackaging.com\/wp-content\/uploads\/2025\/01\/2-description-Wholesale-Custom-Logo-Water-Proof-Florist-Bouquet-Box-Packaging-Flower-Box-for-Rose-Valentine-Gift-Flower-Paper-Box-with-Handle.jpg\" slate-data-type=\"image\" style=\"max-width: 100%; height: auto; display: block; margin: 0 auto;\"><br \/>\n<img decoding=\"async\" class=\"detail-desc-decorate-image\" src=\"https:\/\/reanpackaging.com\/wp-content\/uploads\/2025\/01\/3-description-Wholesale-Custom-Logo-Water-Proof-Florist-Bouquet-Box-Packaging-Flower-Box-for-Rose-Valentine-Gift-Flower-Paper-Box-with-Handle.jpg\" slate-data-type=\"image\" style=\"max-width: 100%; height: auto; display: block; margin: 0 auto;\"><br \/>\n<img decoding=\"async\" class=\"detail-desc-decorate-image\" src=\"https:\/\/reanpackaging.com\/wp-content\/uploads\/2025\/01\/4-description-Wholesale-Custom-Logo-Water-Proof-Florist-Bouquet-Box-Packaging-Flower-Box-for-Rose-Valentine-Gift-Flower-Paper-Box-with-Handle.jpg\" slate-data-type=\"image\" style=\"max-width: 100%; height: auto; display: block; margin: 0 auto;\"><br \/>\n<img decoding=\"async\" class=\"detail-desc-decorate-image\" src=\"https:\/\/reanpackaging.com\/wp-content\/uploads\/2025\/01\/5-description-Wholesale-Custom-Logo-Water-Proof-Florist-Bouquet-Box-Packaging-Flower-Box-for-Rose-Valentine-Gift-Flower-Paper-Box-with-Handle.jpg\" slate-data-type=\"image\" style=\"max-width: 100%; height: auto; display: block; margin: 0 auto;\"><\/p>","protected":false},"excerpt":{"rendered":"<p>Industry-Specific Attributes Industrial Use Gift &#038; Craft Paper Type Paperboard Feature Recycled Materials box type Folders Other Attributes Shape square Printing Handling Matt Lamination, Stamping, Embossing, Gold Foil Custom Order Accept Occasion Valentine&#8217;s Day ,mother&#8217;s Day,party,christmas, industrial use gift box,beauty packaging,other Material coated paper,art paper,kraft paper,corrugated board,,white cardboard feature handmade,eco-friendly,portable color black , pink, white,green [&hellip;]<\/p>\n","protected":false},"featured_media":41618,"template":"","meta":{"_seopress_robots_primary_cat":"","_seopress_titles_title":"","_seopress_titles_desc":"","_seopress_robots_index":"","site-sidebar-layout":"default","site-content-layout":"","ast-site-content-layout":"default","site-content-style":"default","site-sidebar-style":"default","ast-global-header-display":"","ast-banner-title-visibility":"","ast-main-header-display":"","ast-hfb-above-header-display":"","ast-hfb-below-header-display":"","ast-hfb-mobile-header-display":"","site-post-title":"","ast-breadcrumbs-content":"","ast-featured-img":"","footer-sml-layout":"","ast-disable-related-posts":"","theme-transparent-header-meta":"","adv-header-id-meta":"","stick-header-meta":"","header-above-stick-meta":"","header-main-stick-meta":"","header-below-stick-meta":"","astra-migrate-meta-layouts":"default","ast-page-background-enabled":"default","ast-page-background-meta":{"desktop":{"background-color":"","background-image":"","background-repeat":"repeat","background-position":"center center","background-size":"auto","background-attachment":"scroll","background-type":"","background-media":"","overlay-type":"","overlay-color":"","overlay-opacity":"","overlay-gradient":""},"tablet":{"background-color":"","background-image":"","background-repeat":"repeat","background-position":"center center","background-size":"auto","background-attachment":"scroll","background-type":"","background-media":"","overlay-type":"","overlay-color":"","overlay-opacity":"","overlay-gradient":""},"mobile":{"background-color":"","background-image":"","background-repeat":"repeat","background-position":"center center","background-size":"auto","background-attachment":"scroll","background-type":"","background-media":"","overlay-type":"","overlay-color":"","overlay-opacity":"","overlay-gradient":""}},"ast-content-background-meta":{"desktop":{"background-color":"var(--ast-global-color-5)","background-image":"","background-repeat":"repeat","background-position":"center center","background-size":"auto","background-attachment":"scroll","background-type":"","background-media":"","overlay-type":"","overlay-color":"","overlay-opacity":"","overlay-gradient":""},"tablet":{"background-color":"var(--ast-global-color-5)","background-image":"","background-repeat":"repeat","background-position":"center center","background-size":"auto","background-attachment":"scroll","background-type":"","background-media":"","overlay-type":"","overlay-color":"","overlay-opacity":"","overlay-gradient":""},"mobile":{"background-color":"var(--ast-global-color-5)","background-image":"","background-repeat":"repeat","background-position":"center center","background-size":"auto","background-attachment":"scroll","background-type":"","background-media":"","overlay-type":"","overlay-color":"","overlay-opacity":"","overlay-gradient":""}}},"product_brand":[],"product_cat":[89],"product_tag":[],"class_list":{"0":"post-41739","1":"product","2":"type-product","3":"status-publish","4":"has-post-thumbnail","6":"product_cat-flower-gift-boxes","7":"desktop-align-left","8":"tablet-align-left","9":"mobile-align-left","10":"ast-product-gallery-layout-horizontal","11":"ast-product-tabs-layout-horizontal","13":"first","14":"instock","15":"product-type-simple"},"_links":{"self":[{"href":"https:\/\/reanpackaging.com\/pl\/wp-json\/wp\/v2\/product\/41739","targetHints":{"allow":["GET"]}}],"collection":[{"href":"https:\/\/reanpackaging.com\/pl\/wp-json\/wp\/v2\/product"}],"about":[{"href":"https:\/\/reanpackaging.com\/pl\/wp-json\/wp\/v2\/types\/product"}],"wp:featuredmedia":[{"embeddable":true,"href":"https:\/\/reanpackaging.com\/pl\/wp-json\/wp\/v2\/media\/41618"}],"wp:attachment":[{"href":"https:\/\/reanpackaging.com\/pl\/wp-json\/wp\/v2\/media?parent=41739"}],"wp:term":[{"taxonomy":"product_brand","embeddable":true,"href":"https:\/\/reanpackaging.com\/pl\/wp-json\/wp\/v2\/product_brand?post=41739"},{"taxonomy":"product_cat","embeddable":true,"href":"https:\/\/reanpackaging.com\/pl\/wp-json\/wp\/v2\/product_cat?post=41739"},{"taxonomy":"product_tag","embeddable":true,"href":"https:\/\/reanpackaging.com\/pl\/wp-json\/wp\/v2\/product_tag?post=41739"}],"curies":[{"name":"wp","href":"https:\/\/api.w.org\/{rel}","templated":true}]}}