{"id":60217,"date":"2025-02-08T15:10:30","date_gmt":"2025-02-08T15:10:30","guid":{"rendered":"https:\/\/reanpackaging.com\/product\/custom-foldable-gift-box-with-handle-food-cookie-bag-packaging-bakery-cake-small-candy-donut-gable-food-packing-boxes\/"},"modified":"2025-02-08T15:25:27","modified_gmt":"2025-02-08T15:25:27","slug":"custom-foldable-gift-box-with-handle-food-cookie-bag-packaging-bakery-cake-small-candy-donut-gable-food-packing-boxes","status":"publish","type":"product","link":"https:\/\/reanpackaging.com\/pl\/produkt\/custom-foldable-gift-box-with-handle-food-cookie-bag-packaging-bakery-cake-small-candy-donut-gable-food-packing-boxes\/","title":{"rendered":"Niestandardowe sk\u0142adane pude\u0142ko upominkowe z uchwytem Torba na ciasteczka spo\u017cywcze Opakowanie Ciasto piekarnicze Ma\u0142e cukierki P\u0105czek Gable Pude\u0142ka do pakowania \u017cywno\u015bci"},"content":{"rendered":"<h4>Atrybuty specyficzne dla bran\u017cy<\/h4>\n<table border=\"1\">\n<tbody>\n<tr>\n<td><strong>Zastosowanie przemys\u0142owe<\/strong><\/td>\n<td>Biznes i zakupy<\/td>\n<\/tr>\n<tr>\n<td><strong>Rodzaj papieru<\/strong><\/td>\n<td>Tektura falista<\/td>\n<\/tr>\n<tr>\n<td><strong>Cecha<\/strong><\/td>\n<td>Ulega biodegradacji<\/td>\n<\/tr>\n<tr>\n<td><strong>typ pude\u0142ka<\/strong><\/td>\n<td>Foldery<\/td>\n<\/tr>\n<\/tbody>\n<\/table>\n<h4>Inne atrybuty<\/h4>\n<table border=\"1\">\n<tbody>\n<tr>\n<td><strong>Kszta\u0142t<\/strong><\/td>\n<td>Niestandardowy inny kszta\u0142t<\/td>\n<\/tr>\n<tr>\n<td><strong>Obs\u0142uga drukowania<\/strong><\/td>\n<td>Laminowanie matowe, lakierowanie, t\u0142oczenie, wyt\u0142aczanie, laminowanie b\u0142yszcz\u0105ce, powlekanie UV, VANISHING, z\u0142ota folia<\/td>\n<\/tr>\n<tr>\n<td><strong>Zam\u00f3wienie niestandardowe<\/strong><\/td>\n<td>Akceptuj<\/td>\n<\/tr>\n<tr>\n<td><strong>Drukowanie logo<\/strong><\/td>\n<td>Akceptuj<\/td>\n<\/tr>\n<tr>\n<td><strong>Nazwa produktu<\/strong><\/td>\n<td>Pude\u0142ka na desery Papierowe opakowania na prezenty<\/td>\n<\/tr>\n<tr>\n<td><strong>Rodzaj papieru<\/strong><\/td>\n<td>Papier laserowy<\/td>\n<\/tr>\n<tr>\n<td><strong>Cecha<\/strong><\/td>\n<td>100% do recyklingu, nadaj\u0105cy si\u0119 do recyklingu, solidny i trwa\u0142y<\/td>\n<\/tr>\n<tr>\n<td><strong>Logo<\/strong><\/td>\n<td>Logo klienta<\/td>\n<\/tr>\n<tr>\n<td><strong>Projekt<\/strong><\/td>\n<td>Wymagania klienta<\/td>\n<\/tr>\n<tr>\n<td><strong>MOQ<\/strong><\/td>\n<td>1000szt<\/td>\n<\/tr>\n<tr>\n<td><strong>Drukowanie<\/strong><\/td>\n<td>Druk offsetowy 4c<\/td>\n<\/tr>\n<tr>\n<td><strong>Format grafiki<\/strong><\/td>\n<td>AI PDF<\/td>\n<\/tr>\n<tr>\n<td><strong>OEM\/ODM<\/strong><\/td>\n<td>\u015awiadczenie us\u0142ug OEM ODM<\/td>\n<\/tr>\n<tr>\n<td><strong>Warunki p\u0142atno\u015bci<\/strong><\/td>\n<td>Ailpay.Paypal.Przelew bankowy.Konto bankowe.P\u0142atno\u015b\u0107 online.PayPal Ect<\/td>\n<\/tr>\n<\/tbody>\n<\/table>\n<p><img decoding=\"async\" class=\"detail-desc-decorate-image\" style=\"max-width: 100%; height: auto; display: block; margin: 0 auto;\" src=\"https:\/\/reanpackaging.com\/wp-content\/uploads\/2025\/02\/1-description-Custom-Foldable-Gift-Box-with-Handle-Food-Cookie-Bag-Packaging-Bakery-Cake-Small-Candy-Donut-Gable-Food-Packing-Boxes.png\" \/><br \/>\n<img decoding=\"async\" class=\"detail-desc-decorate-image\" style=\"max-width: 100%; height: auto; display: block; margin: 0 auto;\" src=\"https:\/\/reanpackaging.com\/wp-content\/uploads\/2025\/02\/2-description-Custom-Foldable-Gift-Box-with-Handle-Food-Cookie-Bag-Packaging-Bakery-Cake-Small-Candy-Donut-Gable-Food-Packing-Boxes.png\" \/><br \/>\n<img decoding=\"async\" class=\"detail-desc-decorate-image\" style=\"max-width: 100%; height: auto; display: block; margin: 0 auto;\" src=\"https:\/\/reanpackaging.com\/wp-content\/uploads\/2025\/02\/3-description-Custom-Foldable-Gift-Box-with-Handle-Food-Cookie-Bag-Packaging-Bakery-Cake-Small-Candy-Donut-Gable-Food-Packing-Boxes.png\" \/><br \/>\n<img decoding=\"async\" class=\"detail-desc-decorate-image\" style=\"max-width: 100%; height: auto; display: block; margin: 0 auto;\" src=\"https:\/\/reanpackaging.com\/wp-content\/uploads\/2025\/02\/4-description-Custom-Foldable-Gift-Box-with-Handle-Food-Cookie-Bag-Packaging-Bakery-Cake-Small-Candy-Donut-Gable-Food-Packing-Boxes.png\" \/><br \/>\n<img decoding=\"async\" class=\"detail-desc-decorate-image\" style=\"max-width: 100%; height: auto; display: block; margin: 0 auto;\" src=\"https:\/\/reanpackaging.com\/wp-content\/uploads\/2025\/02\/5-description-Custom-Foldable-Gift-Box-with-Handle-Food-Cookie-Bag-Packaging-Bakery-Cake-Small-Candy-Donut-Gable-Food-Packing-Boxes.png\" \/><br \/>\n<img decoding=\"async\" class=\"detail-desc-decorate-image\" style=\"max-width: 100%; height: auto; display: block; margin: 0 auto;\" src=\"https:\/\/reanpackaging.com\/wp-content\/uploads\/2025\/02\/6-description-Custom-Foldable-Gift-Box-with-Handle-Food-Cookie-Bag-Packaging-Bakery-Cake-Small-Candy-Donut-Gable-Food-Packing-Boxes.png\" \/><br \/>\n<img decoding=\"async\" class=\"detail-desc-decorate-image\" style=\"max-width: 100%; height: auto; display: block; margin: 0 auto;\" src=\"https:\/\/reanpackaging.com\/wp-content\/uploads\/2025\/02\/7-description-Custom-Foldable-Gift-Box-with-Handle-Food-Cookie-Bag-Packaging-Bakery-Cake-Small-Candy-Donut-Gable-Food-Packing-Boxes.png\" \/><br \/>\n<img decoding=\"async\" class=\"detail-desc-decorate-image\" style=\"max-width: 100%; height: auto; display: block; margin: 0 auto;\" src=\"https:\/\/reanpackaging.com\/wp-content\/uploads\/2025\/02\/8-description-Custom-Foldable-Gift-Box-with-Handle-Food-Cookie-Bag-Packaging-Bakery-Cake-Small-Candy-Donut-Gable-Food-Packing-Boxes.png\" \/><br \/>\n<img decoding=\"async\" class=\"detail-desc-decorate-image\" style=\"max-width: 100%; height: auto; display: block; margin: 0 auto;\" src=\"https:\/\/reanpackaging.com\/wp-content\/uploads\/2025\/02\/9-description-Custom-Foldable-Gift-Box-with-Handle-Food-Cookie-Bag-Packaging-Bakery-Cake-Small-Candy-Donut-Gable-Food-Packing-Boxes.png\" \/><br \/>\n<img decoding=\"async\" class=\"detail-desc-decorate-image\" style=\"max-width: 100%; height: auto; display: block; margin: 0 auto;\" src=\"https:\/\/reanpackaging.com\/wp-content\/uploads\/2025\/02\/10-description-Custom-Foldable-Gift-Box-with-Handle-Food-Cookie-Bag-Packaging-Bakery-Cake-Small-Candy-Donut-Gable-Food-Packing-Boxes.png\" \/><br \/>\n<img decoding=\"async\" class=\"detail-desc-decorate-image\" style=\"max-width: 100%; height: auto; display: block; margin: 0 auto;\" src=\"https:\/\/reanpackaging.com\/wp-content\/uploads\/2025\/02\/11-description-Custom-Foldable-Gift-Box-with-Handle-Food-Cookie-Bag-Packaging-Bakery-Cake-Small-Candy-Donut-Gable-Food-Packing-Boxes.png\" \/><br \/>\n<img decoding=\"async\" class=\"detail-desc-decorate-image\" style=\"max-width: 100%; height: auto; display: block; margin: 0 auto;\" src=\"https:\/\/reanpackaging.com\/wp-content\/uploads\/2025\/02\/12-description-Custom-Foldable-Gift-Box-with-Handle-Food-Cookie-Bag-Packaging-Bakery-Cake-Small-Candy-Donut-Gable-Food-Packing-Boxes.png\" \/><\/p>","protected":false},"excerpt":{"rendered":"<p>Industry-Specific Attributes Industrial Use Business&amp;Shopping Paper Type Corrugated Board Feature Bio-degradable box type Folders Other Attributes Shape Custom Different Shape Printing Handling Matt Lamination, Varnishing, Stamping, Embossing, Glossy Lamination, UV Coating, VANISHING, Gold Foil Custom Order Accept Logo printing Accept Product name Dessert Box Paper Gift Packaging Boxes Paper Type Laser Paper Feature 100% recycle, [&hellip;]<\/p>\n","protected":false},"featured_media":56615,"template":"","meta":{"_seopress_robots_primary_cat":"none","_seopress_titles_title":"","_seopress_titles_desc":"","_seopress_robots_index":"","site-sidebar-layout":"default","site-content-layout":"","ast-site-content-layout":"default","site-content-style":"default","site-sidebar-style":"default","ast-global-header-display":"","ast-banner-title-visibility":"","ast-main-header-display":"","ast-hfb-above-header-display":"","ast-hfb-below-header-display":"","ast-hfb-mobile-header-display":"","site-post-title":"","ast-breadcrumbs-content":"","ast-featured-img":"","footer-sml-layout":"","ast-disable-related-posts":"","theme-transparent-header-meta":"default","adv-header-id-meta":"","stick-header-meta":"default","header-above-stick-meta":"","header-main-stick-meta":"","header-below-stick-meta":"","astra-migrate-meta-layouts":"set","ast-page-background-enabled":"default","ast-page-background-meta":{"desktop":{"background-color":"","background-image":"","background-repeat":"repeat","background-position":"center center","background-size":"auto","background-attachment":"scroll","background-type":"","background-media":"","overlay-type":"","overlay-color":"","overlay-opacity":"","overlay-gradient":""},"tablet":{"background-color":"","background-image":"","background-repeat":"repeat","background-position":"center center","background-size":"auto","background-attachment":"scroll","background-type":"","background-media":"","overlay-type":"","overlay-color":"","overlay-opacity":"","overlay-gradient":""},"mobile":{"background-color":"","background-image":"","background-repeat":"repeat","background-position":"center center","background-size":"auto","background-attachment":"scroll","background-type":"","background-media":"","overlay-type":"","overlay-color":"","overlay-opacity":"","overlay-gradient":""}},"ast-content-background-meta":{"desktop":{"background-color":"var(--ast-global-color-5)","background-image":"","background-repeat":"repeat","background-position":"center center","background-size":"auto","background-attachment":"scroll","background-type":"","background-media":"","overlay-type":"","overlay-color":"","overlay-opacity":"","overlay-gradient":""},"tablet":{"background-color":"var(--ast-global-color-5)","background-image":"","background-repeat":"repeat","background-position":"center center","background-size":"auto","background-attachment":"scroll","background-type":"","background-media":"","overlay-type":"","overlay-color":"","overlay-opacity":"","overlay-gradient":""},"mobile":{"background-color":"var(--ast-global-color-5)","background-image":"","background-repeat":"repeat","background-position":"center center","background-size":"auto","background-attachment":"scroll","background-type":"","background-media":"","overlay-type":"","overlay-color":"","overlay-opacity":"","overlay-gradient":""}}},"product_brand":[],"product_cat":[92],"product_tag":[],"class_list":{"0":"post-60217","1":"product","2":"type-product","3":"status-publish","4":"has-post-thumbnail","6":"product_cat-gable-boxes","7":"desktop-align-left","8":"tablet-align-left","9":"mobile-align-left","10":"ast-product-gallery-layout-horizontal","11":"ast-product-tabs-layout-horizontal","13":"first","14":"instock","15":"product-type-simple"},"_links":{"self":[{"href":"https:\/\/reanpackaging.com\/pl\/wp-json\/wp\/v2\/product\/60217","targetHints":{"allow":["GET"]}}],"collection":[{"href":"https:\/\/reanpackaging.com\/pl\/wp-json\/wp\/v2\/product"}],"about":[{"href":"https:\/\/reanpackaging.com\/pl\/wp-json\/wp\/v2\/types\/product"}],"wp:featuredmedia":[{"embeddable":true,"href":"https:\/\/reanpackaging.com\/pl\/wp-json\/wp\/v2\/media\/56615"}],"wp:attachment":[{"href":"https:\/\/reanpackaging.com\/pl\/wp-json\/wp\/v2\/media?parent=60217"}],"wp:term":[{"taxonomy":"product_brand","embeddable":true,"href":"https:\/\/reanpackaging.com\/pl\/wp-json\/wp\/v2\/product_brand?post=60217"},{"taxonomy":"product_cat","embeddable":true,"href":"https:\/\/reanpackaging.com\/pl\/wp-json\/wp\/v2\/product_cat?post=60217"},{"taxonomy":"product_tag","embeddable":true,"href":"https:\/\/reanpackaging.com\/pl\/wp-json\/wp\/v2\/product_tag?post=60217"}],"curies":[{"name":"wp","href":"https:\/\/api.w.org\/{rel}","templated":true}]}}