{"id":6516,"date":"2023-09-20T14:47:06","date_gmt":"2023-09-20T14:47:06","guid":{"rendered":"http:\/\/ibn.wyd.mybluehost.me\/reanpackaging.com\/product\/luxury-gift-paper-bag-custom-printed-logo-shoes-clothes-shopping-wedding-gift-jewelry-packaging-bag-with-ribbon-handles\/"},"modified":"2024-10-01T16:59:45","modified_gmt":"2024-10-01T16:59:45","slug":"luxury-gift-paper-bag-custom-printed-logo-shoes-clothes-shopping-wedding-gift-jewelry-packaging-bag-with-ribbon-handles","status":"publish","type":"product","link":"https:\/\/reanpackaging.com\/pl\/produkt\/luksusowa-papierowa-torba-na-prezent-niestandardowe-drukowane-logo-buty-odziez-zakupy-prezent-slubny-bizuteria-torba-do-pakowania-z-uchwytami-ze-wstazki\/","title":{"rendered":"Luksusowa papierowa torba na prezenty Niestandardowe drukowane logo Buty Odzie\u017c Zakupy Prezent \u015blubny Bi\u017cuteria Torba do pakowania z uchwytami ze wst\u0105\u017cki"},"content":{"rendered":"<h4>Atrybuty specyficzne dla bran\u017cy<\/h4>\n<table border=\"1\">\n<tbody>\n<tr>\n<td><strong>Zastosowanie przemys\u0142owe<\/strong><\/td>\n<td>Zakupy; pakowanie prezent\u00f3w itp<\/td>\n<\/tr>\n<tr>\n<td><strong>Rodzaj papieru<\/strong><\/td>\n<td>Papier artystyczny<\/td>\n<\/tr>\n<tr>\n<td><strong>Cecha<\/strong><\/td>\n<td>Nadaje si\u0119 do recyklingu<\/td>\n<\/tr>\n<\/tbody>\n<\/table>\n<h4>Inne atrybuty<\/h4>\n<table border=\"1\">\n<tbody>\n<tr>\n<td><strong>Obs\u0142uga powierzchni<\/strong><\/td>\n<td>T\u0142oczenie na gor\u0105co; druk offsetowy; UV; wyt\u0142aczanie itp.<\/td>\n<\/tr>\n<tr>\n<td><strong>Uszczelnienie i uchwyt<\/strong><\/td>\n<td>D\u0142ugo\u015b\u0107 uchwytu<\/td>\n<\/tr>\n<tr>\n<td><strong>Zam\u00f3wienie niestandardowe<\/strong><\/td>\n<td>Akceptuj<\/td>\n<\/tr>\n<tr>\n<td><strong>Materia\u0142<\/strong><\/td>\n<td>230-250 g\/m\u00b2 Papier pakowy\/papier powlekany<\/td>\n<\/tr>\n<tr>\n<td><strong>Pozycja<\/strong><\/td>\n<td>Niestandardowa torba papierowa<\/td>\n<\/tr>\n<tr>\n<td><strong>Nazwa<\/strong><\/td>\n<td>Niestandardowa torba papierowa z w\u0142asnym logo<\/td>\n<\/tr>\n<tr>\n<td><strong>Grubo\u015b\u0107<\/strong><\/td>\n<td>Uszkodzenia klienta<\/td>\n<\/tr>\n<tr>\n<td><strong>Kolor<\/strong><\/td>\n<td>Kolor niestandardowy<\/td>\n<\/tr>\n<tr>\n<td><strong>Rozmiar<\/strong><\/td>\n<td>Rozmiar niestandardowy<\/td>\n<\/tr>\n<tr>\n<td><strong>Kolejno\u015b\u0107 pr\u00f3b<\/strong><\/td>\n<td>Dost\u0119pne<\/td>\n<\/tr>\n<tr>\n<td><strong>Drukowanie<\/strong><\/td>\n<td>Druk CMYK<\/td>\n<\/tr>\n<tr>\n<td><strong>U\u017cycie<\/strong><\/td>\n<td>Zakupy, opakowania, s\u0142odycze, pude\u0142ka na prezenty, \u017cywno\u015b\u0107, kosmetyki, codzienne potrzeby<\/td>\n<\/tr>\n<tr>\n<td><strong>Logo<\/strong><\/td>\n<td>Zaakceptuj niestandardowe logo<\/td>\n<\/tr>\n<\/tbody>\n<\/table>\n<p><img fetchpriority=\"high\" decoding=\"async\" class=\"alignnone wp-image-6563\" src=\"http:\/\/ibn.wyd.mybluehost.me\/reanpackaging.com\/wp-content\/uploads\/2023\/09\/1-Luxury-Gift-Paper-Bag-Custom-Printed-Logo-Shoes-Clothes-Shopping-Wedding-Gift-Jewelry-Packaging-Bag-With-Ribbon-Handles-300x300.png\" alt=\"luksusowa papierowa torba na prezent niestandardowe drukowane logo buty odzie\u017c zakupy prezent \u015blubny bi\u017cuteria torba do pakowania z uchwytami ze wst\u0105\u017cki\" width=\"1300\" height=\"1300\" srcset=\"https:\/\/reanpackaging.com\/wp-content\/uploads\/2023\/09\/1-Luxury-Gift-Paper-Bag-Custom-Printed-Logo-Shoes-Clothes-Shopping-Wedding-Gift-Jewelry-Packaging-Bag-With-Ribbon-Handles-300x300.png 300w, https:\/\/reanpackaging.com\/wp-content\/uploads\/2023\/09\/1-Luxury-Gift-Paper-Bag-Custom-Printed-Logo-Shoes-Clothes-Shopping-Wedding-Gift-Jewelry-Packaging-Bag-With-Ribbon-Handles-150x150.png 150w, https:\/\/reanpackaging.com\/wp-content\/uploads\/2023\/09\/1-Luxury-Gift-Paper-Bag-Custom-Printed-Logo-Shoes-Clothes-Shopping-Wedding-Gift-Jewelry-Packaging-Bag-With-Ribbon-Handles-768x768.png 768w, https:\/\/reanpackaging.com\/wp-content\/uploads\/2023\/09\/1-Luxury-Gift-Paper-Bag-Custom-Printed-Logo-Shoes-Clothes-Shopping-Wedding-Gift-Jewelry-Packaging-Bag-With-Ribbon-Handles-600x600.png 600w, https:\/\/reanpackaging.com\/wp-content\/uploads\/2023\/09\/1-Luxury-Gift-Paper-Bag-Custom-Printed-Logo-Shoes-Clothes-Shopping-Wedding-Gift-Jewelry-Packaging-Bag-With-Ribbon-Handles-100x100.png 100w, https:\/\/reanpackaging.com\/wp-content\/uploads\/2023\/09\/1-Luxury-Gift-Paper-Bag-Custom-Printed-Logo-Shoes-Clothes-Shopping-Wedding-Gift-Jewelry-Packaging-Bag-With-Ribbon-Handles.png 800w\" sizes=\"(max-width: 1300px) 100vw, 1300px\" \/><\/p>","protected":false},"excerpt":{"rendered":"<p>Industry-Specific Attributes Industrial Use Shopping; gift packaging, etc Paper Type Art Paper Feature Recyclable Other Attributes Surface Handling Hot Stamping; offset printing; UV; embossing,etc Sealing &amp; Handle Hand Length Handle Custom Order Accept Material 230-250gsm Kraft Paper\/Coated Paper Item Custom Paper Bag Name Custom Paper Bag with Your Own Logo Thickness Customer&#8217;s Damands Color Customized [&hellip;]<\/p>\n","protected":false},"featured_media":6517,"template":"","meta":{"_seopress_robots_primary_cat":"none","_seopress_titles_title":"","_seopress_titles_desc":"","_seopress_robots_index":"","site-sidebar-layout":"default","site-content-layout":"default","ast-site-content-layout":"default","site-content-style":"default","site-sidebar-style":"default","ast-global-header-display":"","ast-banner-title-visibility":"","ast-main-header-display":"","ast-hfb-above-header-display":"","ast-hfb-below-header-display":"","ast-hfb-mobile-header-display":"","site-post-title":"","ast-breadcrumbs-content":"","ast-featured-img":"","footer-sml-layout":"","ast-disable-related-posts":"","theme-transparent-header-meta":"default","adv-header-id-meta":"","stick-header-meta":"default","header-above-stick-meta":"","header-main-stick-meta":"","header-below-stick-meta":"","astra-migrate-meta-layouts":"set","ast-page-background-enabled":"default","ast-page-background-meta":{"desktop":{"background-color":"","background-image":"","background-repeat":"repeat","background-position":"center center","background-size":"auto","background-attachment":"scroll","background-type":"","background-media":"","overlay-type":"","overlay-color":"","overlay-opacity":"","overlay-gradient":""},"tablet":{"background-color":"","background-image":"","background-repeat":"repeat","background-position":"center center","background-size":"auto","background-attachment":"scroll","background-type":"","background-media":"","overlay-type":"","overlay-color":"","overlay-opacity":"","overlay-gradient":""},"mobile":{"background-color":"","background-image":"","background-repeat":"repeat","background-position":"center center","background-size":"auto","background-attachment":"scroll","background-type":"","background-media":"","overlay-type":"","overlay-color":"","overlay-opacity":"","overlay-gradient":""}},"ast-content-background-meta":{"desktop":{"background-color":"var(--ast-global-color-5)","background-image":"","background-repeat":"repeat","background-position":"center center","background-size":"auto","background-attachment":"scroll","background-type":"","background-media":"","overlay-type":"","overlay-color":"","overlay-opacity":"","overlay-gradient":""},"tablet":{"background-color":"var(--ast-global-color-5)","background-image":"","background-repeat":"repeat","background-position":"center center","background-size":"auto","background-attachment":"scroll","background-type":"","background-media":"","overlay-type":"","overlay-color":"","overlay-opacity":"","overlay-gradient":""},"mobile":{"background-color":"var(--ast-global-color-5)","background-image":"","background-repeat":"repeat","background-position":"center center","background-size":"auto","background-attachment":"scroll","background-type":"","background-media":"","overlay-type":"","overlay-color":"","overlay-opacity":"","overlay-gradient":""}}},"product_brand":[],"product_cat":[40,36,29,44,34,41],"product_tag":[],"class_list":{"0":"post-6516","1":"product","2":"type-product","3":"status-publish","4":"has-post-thumbnail","6":"product_cat-gift-bags","7":"product_cat-kraft-bags","8":"product_cat-packaging-boxes","9":"product_cat-paper-bags","10":"product_cat-paper-bags-with-handles","11":"product_cat-shopping-bags","12":"desktop-align-left","13":"tablet-align-left","14":"mobile-align-left","15":"ast-product-gallery-layout-horizontal","16":"ast-product-tabs-layout-horizontal","18":"first","19":"instock","20":"purchasable","21":"product-type-simple"},"_links":{"self":[{"href":"https:\/\/reanpackaging.com\/pl\/wp-json\/wp\/v2\/product\/6516","targetHints":{"allow":["GET"]}}],"collection":[{"href":"https:\/\/reanpackaging.com\/pl\/wp-json\/wp\/v2\/product"}],"about":[{"href":"https:\/\/reanpackaging.com\/pl\/wp-json\/wp\/v2\/types\/product"}],"wp:featuredmedia":[{"embeddable":true,"href":"https:\/\/reanpackaging.com\/pl\/wp-json\/wp\/v2\/media\/6517"}],"wp:attachment":[{"href":"https:\/\/reanpackaging.com\/pl\/wp-json\/wp\/v2\/media?parent=6516"}],"wp:term":[{"taxonomy":"product_brand","embeddable":true,"href":"https:\/\/reanpackaging.com\/pl\/wp-json\/wp\/v2\/product_brand?post=6516"},{"taxonomy":"product_cat","embeddable":true,"href":"https:\/\/reanpackaging.com\/pl\/wp-json\/wp\/v2\/product_cat?post=6516"},{"taxonomy":"product_tag","embeddable":true,"href":"https:\/\/reanpackaging.com\/pl\/wp-json\/wp\/v2\/product_tag?post=6516"}],"curies":[{"name":"wp","href":"https:\/\/api.w.org\/{rel}","templated":true}]}}