{"id":6700,"date":"2023-09-21T07:25:09","date_gmt":"2023-09-21T07:25:09","guid":{"rendered":"http:\/\/ibn.wyd.mybluehost.me\/reanpackaging.com\/product\/recycle-white-paper-ribbon-handles-gift-bag-paper-shopping-boutique-clothing-bags-with-custom-print-own-your-logo\/"},"modified":"2024-10-01T16:58:52","modified_gmt":"2024-10-01T16:58:52","slug":"recycle-white-paper-ribbon-handles-gift-bag-paper-shopping-boutique-clothing-bags-with-custom-print-own-your-logo","status":"publish","type":"product","link":"https:\/\/reanpackaging.com\/pl\/produkt\/recykling-bialy-papier-wstazka-uchwyty-torba-na-prezent-papier-zakupy-butik-torby-odziezowe-z-niestandardowym-nadrukiem-wlasne-logo\/","title":{"rendered":"Recykling Bia\u0142y papier Wst\u0105\u017cka Uchwyty Torba na prezenty Papierowe torby na zakupy Butikowe torby na ubrania z niestandardowym nadrukiem W\u0142asne logo"},"content":{"rendered":"<h4>Atrybuty specyficzne dla bran\u017cy<\/h4>\n<table border=\"1\">\n<tbody>\n<tr>\n<td><strong>Zastosowanie przemys\u0142owe<\/strong><\/td>\n<td>Buty i odzie\u017c<\/td>\n<\/tr>\n<tr>\n<td><strong>Rodzaj papieru<\/strong><\/td>\n<td>Tektura<\/td>\n<\/tr>\n<tr>\n<td><strong>Cecha<\/strong><\/td>\n<td>Nadaje si\u0119 do recyklingu<\/td>\n<\/tr>\n<\/tbody>\n<\/table>\n<h4>Inne atrybuty<\/h4>\n<table border=\"1\">\n<tbody>\n<tr>\n<td><strong>Miejsce pochodzenia<\/strong><\/td>\n<td>Guangdong, Chiny<\/td>\n<\/tr>\n<tr>\n<td><strong>Nazwa marki<\/strong><\/td>\n<td>litu<\/td>\n<\/tr>\n<tr>\n<td><strong>Numer modelu<\/strong><\/td>\n<td>006<\/td>\n<\/tr>\n<tr>\n<td><strong>Obs\u0142uga powierzchni<\/strong><\/td>\n<td>Druk offsetowy<\/td>\n<\/tr>\n<tr>\n<td><strong>Uszczelnienie i uchwyt<\/strong><\/td>\n<td>D\u0142ugo\u015b\u0107 uchwytu<\/td>\n<\/tr>\n<tr>\n<td><strong>Zam\u00f3wienie niestandardowe<\/strong><\/td>\n<td>Akceptuj<\/td>\n<\/tr>\n<tr>\n<td><strong>Rozmiar<\/strong><\/td>\n<td>Rozmiar niestandardowy<\/td>\n<\/tr>\n<\/tbody>\n<\/table>\n<p><img fetchpriority=\"high\" decoding=\"async\" class=\"alignnone  wp-image-6728\" src=\"http:\/\/ibn.wyd.mybluehost.me\/reanpackaging.com\/wp-content\/uploads\/2023\/09\/30-min-151x300.jpg\" alt=\"recykling bia\u0142y papier wst\u0105\u017cka uchwyty torba na prezent papier zakupy butik torby odzie\u017cowe z niestandardowym nadrukiem w\u0142asne logo\" width=\"1301\" height=\"2585\" srcset=\"https:\/\/reanpackaging.com\/wp-content\/uploads\/2023\/09\/30-min-151x300.jpg 151w, https:\/\/reanpackaging.com\/wp-content\/uploads\/2023\/09\/30-min-516x1024.jpg 516w\" sizes=\"(max-width: 1301px) 100vw, 1301px\" \/><\/p>\n<p><img decoding=\"async\" class=\"alignnone  wp-image-6731\" src=\"http:\/\/ibn.wyd.mybluehost.me\/reanpackaging.com\/wp-content\/uploads\/2023\/09\/31-min-300x233.jpg\" alt=\"recykling bia\u0142y papier wst\u0105\u017cka uchwyty torba na prezent papier zakupy butik torby odzie\u017cowe z niestandardowym nadrukiem w\u0142asne logo\" width=\"1291\" height=\"1003\" srcset=\"https:\/\/reanpackaging.com\/wp-content\/uploads\/2023\/09\/31-min-300x233.jpg 300w, https:\/\/reanpackaging.com\/wp-content\/uploads\/2023\/09\/31-min-600x465.jpg 600w\" sizes=\"(max-width: 1291px) 100vw, 1291px\" \/><\/p>\n<p><img decoding=\"async\" class=\"alignnone  wp-image-6736\" src=\"http:\/\/ibn.wyd.mybluehost.me\/reanpackaging.com\/wp-content\/uploads\/2023\/09\/32-min-300x156.jpg\" alt=\"recykling bia\u0142y papier wst\u0105\u017cka uchwyty torba na prezent papier zakupy butik torby odzie\u017cowe z niestandardowym nadrukiem w\u0142asne logo\" width=\"1275\" height=\"663\" srcset=\"https:\/\/reanpackaging.com\/wp-content\/uploads\/2023\/09\/32-min-300x156.jpg 300w, https:\/\/reanpackaging.com\/wp-content\/uploads\/2023\/09\/32-min-768x398.jpg 768w, https:\/\/reanpackaging.com\/wp-content\/uploads\/2023\/09\/32-min-600x311.jpg 600w, https:\/\/reanpackaging.com\/wp-content\/uploads\/2023\/09\/32-min.jpg 800w\" sizes=\"(max-width: 1275px) 100vw, 1275px\" \/><\/p>","protected":false},"excerpt":{"rendered":"<p>Industry-Specific Attributes Industrial Use Shoes &amp; clothing Paper Type Paperboard Feature Recyclable Other Attributes Place of Origin Guangdong, China Brand Name litu Model Number 006 Surface Handling Offset printing Sealing &amp; Handle Hand Length Handle Custom Order Accept Size Customized Size<\/p>","protected":false},"featured_media":6627,"template":"","meta":{"_seopress_robots_primary_cat":"none","_seopress_titles_title":"","_seopress_titles_desc":"","_seopress_robots_index":"","site-sidebar-layout":"default","site-content-layout":"default","ast-site-content-layout":"default","site-content-style":"default","site-sidebar-style":"default","ast-global-header-display":"","ast-banner-title-visibility":"","ast-main-header-display":"","ast-hfb-above-header-display":"","ast-hfb-below-header-display":"","ast-hfb-mobile-header-display":"","site-post-title":"","ast-breadcrumbs-content":"","ast-featured-img":"","footer-sml-layout":"","ast-disable-related-posts":"","theme-transparent-header-meta":"default","adv-header-id-meta":"","stick-header-meta":"default","header-above-stick-meta":"","header-main-stick-meta":"","header-below-stick-meta":"","astra-migrate-meta-layouts":"set","ast-page-background-enabled":"default","ast-page-background-meta":{"desktop":{"background-color":"","background-image":"","background-repeat":"repeat","background-position":"center center","background-size":"auto","background-attachment":"scroll","background-type":"","background-media":"","overlay-type":"","overlay-color":"","overlay-opacity":"","overlay-gradient":""},"tablet":{"background-color":"","background-image":"","background-repeat":"repeat","background-position":"center center","background-size":"auto","background-attachment":"scroll","background-type":"","background-media":"","overlay-type":"","overlay-color":"","overlay-opacity":"","overlay-gradient":""},"mobile":{"background-color":"","background-image":"","background-repeat":"repeat","background-position":"center center","background-size":"auto","background-attachment":"scroll","background-type":"","background-media":"","overlay-type":"","overlay-color":"","overlay-opacity":"","overlay-gradient":""}},"ast-content-background-meta":{"desktop":{"background-color":"var(--ast-global-color-5)","background-image":"","background-repeat":"repeat","background-position":"center center","background-size":"auto","background-attachment":"scroll","background-type":"","background-media":"","overlay-type":"","overlay-color":"","overlay-opacity":"","overlay-gradient":""},"tablet":{"background-color":"var(--ast-global-color-5)","background-image":"","background-repeat":"repeat","background-position":"center center","background-size":"auto","background-attachment":"scroll","background-type":"","background-media":"","overlay-type":"","overlay-color":"","overlay-opacity":"","overlay-gradient":""},"mobile":{"background-color":"var(--ast-global-color-5)","background-image":"","background-repeat":"repeat","background-position":"center center","background-size":"auto","background-attachment":"scroll","background-type":"","background-media":"","overlay-type":"","overlay-color":"","overlay-opacity":"","overlay-gradient":""}}},"product_brand":[],"product_cat":[40,36,44,34,41],"product_tag":[],"class_list":{"0":"post-6700","1":"product","2":"type-product","3":"status-publish","4":"has-post-thumbnail","6":"product_cat-gift-bags","7":"product_cat-kraft-bags","8":"product_cat-paper-bags","9":"product_cat-paper-bags-with-handles","10":"product_cat-shopping-bags","11":"desktop-align-left","12":"tablet-align-left","13":"mobile-align-left","14":"ast-product-gallery-layout-horizontal","15":"ast-product-tabs-layout-horizontal","17":"first","18":"instock","19":"purchasable","20":"product-type-simple"},"_links":{"self":[{"href":"https:\/\/reanpackaging.com\/pl\/wp-json\/wp\/v2\/product\/6700","targetHints":{"allow":["GET"]}}],"collection":[{"href":"https:\/\/reanpackaging.com\/pl\/wp-json\/wp\/v2\/product"}],"about":[{"href":"https:\/\/reanpackaging.com\/pl\/wp-json\/wp\/v2\/types\/product"}],"wp:featuredmedia":[{"embeddable":true,"href":"https:\/\/reanpackaging.com\/pl\/wp-json\/wp\/v2\/media\/6627"}],"wp:attachment":[{"href":"https:\/\/reanpackaging.com\/pl\/wp-json\/wp\/v2\/media?parent=6700"}],"wp:term":[{"taxonomy":"product_brand","embeddable":true,"href":"https:\/\/reanpackaging.com\/pl\/wp-json\/wp\/v2\/product_brand?post=6700"},{"taxonomy":"product_cat","embeddable":true,"href":"https:\/\/reanpackaging.com\/pl\/wp-json\/wp\/v2\/product_cat?post=6700"},{"taxonomy":"product_tag","embeddable":true,"href":"https:\/\/reanpackaging.com\/pl\/wp-json\/wp\/v2\/product_tag?post=6700"}],"curies":[{"name":"wp","href":"https:\/\/api.w.org\/{rel}","templated":true}]}}