{"id":6703,"date":"2023-09-21T07:25:09","date_gmt":"2023-09-21T07:25:09","guid":{"rendered":"http:\/\/ibn.wyd.mybluehost.me\/reanpackaging.com\/product\/wholesale-white-promotion-luxury-clothing-retail-gift-shopping-bag-with-handle-custom-black-jewellery-paper-bag-with-logo-print\/"},"modified":"2024-10-01T16:59:36","modified_gmt":"2024-10-01T16:59:36","slug":"wholesale-white-promotion-luxury-clothing-retail-gift-shopping-bag-with-handle-custom-black-jewellery-paper-bag-with-logo-print","status":"publish","type":"product","link":"https:\/\/reanpackaging.com\/pl\/produkt\/hurtowa-biala-promocja-luksusowa-odziez-detaliczna-torba-na-zakupy-z-uchwytem-niestandardowa-czarna-papierowa-torba-na-bizuterie-z-nadrukiem-logo\/","title":{"rendered":"Hurtowa bia\u0142a promocja Luksusowa odzie\u017c Detaliczna torba na zakupy z uchwytem Niestandardowa czarna papierowa torba na bi\u017cuteri\u0119 z nadrukiem logo"},"content":{"rendered":"<h4>Atrybuty specyficzne dla bran\u017cy<\/h4>\n<table border=\"1\">\n<tbody>\n<tr>\n<td><strong>Zastosowanie przemys\u0142owe<\/strong><\/td>\n<td>Prezenty i r\u0119kodzie\u0142o<\/td>\n<\/tr>\n<tr>\n<td><strong>Rodzaj papieru<\/strong><\/td>\n<td>Papier artystyczny<\/td>\n<\/tr>\n<tr>\n<td><strong>Cecha<\/strong><\/td>\n<td>Nadaje si\u0119 do recyklingu<\/td>\n<\/tr>\n<\/tbody>\n<\/table>\n<h4>Inne atrybuty<\/h4>\n<table border=\"1\">\n<tbody>\n<tr>\n<td><strong>Miejsce pochodzenia<\/strong><\/td>\n<td>Chiny<\/td>\n<\/tr>\n<tr>\n<td><strong>Nazwa marki<\/strong><\/td>\n<td>Pakiet Maibao<\/td>\n<\/tr>\n<tr>\n<td><strong>Numer modelu<\/strong><\/td>\n<td>papierowa torba prezentowa<\/td>\n<\/tr>\n<tr>\n<td><strong>Obs\u0142uga powierzchni<\/strong><\/td>\n<td>Druk offsetowy<\/td>\n<\/tr>\n<tr>\n<td><strong>Uszczelnienie i uchwyt<\/strong><\/td>\n<td>D\u0142ugo\u015b\u0107 uchwytu<\/td>\n<\/tr>\n<tr>\n<td><strong>Zam\u00f3wienie niestandardowe<\/strong><\/td>\n<td>Akceptuj<\/td>\n<\/tr>\n<tr>\n<td><strong>Pozycja<\/strong><\/td>\n<td>Niestandardowa czarna papierowa torba na bi\u017cuteri\u0119 z nadrukiem logo<\/td>\n<\/tr>\n<tr>\n<td><strong>Grubo\u015b\u0107<\/strong><\/td>\n<td>100gsm,175gsm,200gsm,210gsm,250gsm,300gsm,450gsm,etc.<\/td>\n<\/tr>\n<tr>\n<td><strong>Rozmiar<\/strong><\/td>\n<td>Rozmiary niestandardowe na \u017c\u0105danie<\/td>\n<\/tr>\n<tr>\n<td><strong>Kolor<\/strong><\/td>\n<td>Na podstawie kolor\u00f3w CMYK\/Pantone<\/td>\n<\/tr>\n<tr>\n<td><strong>Cecha<\/strong><\/td>\n<td>Ekologiczny, wytrzyma\u0142y, trwa\u0142y i dok\u0142adny druk Nice.<\/td>\n<\/tr>\n<tr>\n<td><strong>Obs\u0142uga powierzchni<\/strong><\/td>\n<td>Laminowanie b\u0142yszcz\u0105ce\/matowe, z\u0142ote\/srebrne t\u0142oczenie na gor\u0105co, punktowe UV, wyt\u0142aczanie itp.<\/td>\n<\/tr>\n<tr>\n<td><strong>Maszyna drukarska<\/strong><\/td>\n<td>Heidelberg &amp; Roland<\/td>\n<\/tr>\n<tr>\n<td><strong>Zastosowanie przemys\u0142owe<\/strong><\/td>\n<td>Zakupy, prezenty, sklep spo\u017cywczy, butik, jedzenie na wynos, odzie\u017c itp.<\/td>\n<\/tr>\n<tr>\n<td><strong>Uszczelnienie i uchwyt<\/strong><\/td>\n<td>Wst\u0105\u017cka, lina PP, skr\u0119cany, p\u0142aski uchwyt, sztancowany itp.<\/td>\n<\/tr>\n<tr>\n<td><strong>Zastosowanie<\/strong><\/td>\n<td>Prezenty, zakupy, bi\u017cuteria, kosmetyki, odzie\u017c, buty itp.<\/td>\n<\/tr>\n<\/tbody>\n<\/table>\n<p><img fetchpriority=\"high\" decoding=\"async\" class=\"alignnone wp-image-6754\" src=\"http:\/\/ibn.wyd.mybluehost.me\/reanpackaging.com\/wp-content\/uploads\/2023\/09\/17-min-1-300x205.jpg\" alt=\"hurtowa bia\u0142a promocja luksusowa odzie\u017c detaliczna torba na zakupy z uchwytem niestandardowa czarna papierowa torba na bi\u017cuteri\u0119 z nadrukiem logo\" width=\"1301\" height=\"889\" srcset=\"https:\/\/reanpackaging.com\/wp-content\/uploads\/2023\/09\/17-min-1-300x205.jpg 300w, https:\/\/reanpackaging.com\/wp-content\/uploads\/2023\/09\/17-min-1-600x410.jpg 600w, https:\/\/reanpackaging.com\/wp-content\/uploads\/2023\/09\/17-min-1.jpg 750w\" sizes=\"(max-width: 1301px) 100vw, 1301px\" \/><\/p>\n<p>&nbsp;<\/p>\n<p><img decoding=\"async\" class=\"alignnone wp-image-6763\" src=\"http:\/\/ibn.wyd.mybluehost.me\/reanpackaging.com\/wp-content\/uploads\/2023\/09\/19-min-2-250x300.jpg\" alt=\"hurtowa bia\u0142a promocja luksusowa odzie\u017c detaliczna torba na zakupy z uchwytem niestandardowa czarna papierowa torba na bi\u017cuteri\u0119 z nadrukiem logo\" width=\"1294\" height=\"1553\" srcset=\"https:\/\/reanpackaging.com\/wp-content\/uploads\/2023\/09\/19-min-2-250x300.jpg 250w, https:\/\/reanpackaging.com\/wp-content\/uploads\/2023\/09\/19-min-2-600x720.jpg 600w, https:\/\/reanpackaging.com\/wp-content\/uploads\/2023\/09\/19-min-2.jpg 750w\" sizes=\"(max-width: 1294px) 100vw, 1294px\" \/><\/p>\n<p><img decoding=\"async\" class=\"alignnone wp-image-6766\" src=\"http:\/\/ibn.wyd.mybluehost.me\/reanpackaging.com\/wp-content\/uploads\/2023\/09\/20-min-1-85x300.jpg\" alt=\"hurtowa bia\u0142a promocja luksusowa odzie\u017c detaliczna torba na zakupy z uchwytem niestandardowa czarna papierowa torba na bi\u017cuteri\u0119 z nadrukiem logo\" width=\"1295\" height=\"4571\" srcset=\"https:\/\/reanpackaging.com\/wp-content\/uploads\/2023\/09\/20-min-1-85x300.jpg 85w, https:\/\/reanpackaging.com\/wp-content\/uploads\/2023\/09\/20-min-1-290x1024.jpg 290w, https:\/\/reanpackaging.com\/wp-content\/uploads\/2023\/09\/20-min-1-435x1536.jpg 435w\" sizes=\"(max-width: 1295px) 100vw, 1295px\" \/><\/p>\n<p><img loading=\"lazy\" decoding=\"async\" class=\"alignnone wp-image-6769\" src=\"http:\/\/ibn.wyd.mybluehost.me\/reanpackaging.com\/wp-content\/uploads\/2023\/09\/21-min-1-300x300.jpg\" alt=\"hurtowa bia\u0142a promocja luksusowa odzie\u017c detaliczna torba na zakupy z uchwytem niestandardowa czarna papierowa torba na bi\u017cuteri\u0119 z nadrukiem logo\" width=\"1330\" height=\"1330\" srcset=\"https:\/\/reanpackaging.com\/wp-content\/uploads\/2023\/09\/21-min-1-300x300.jpg 300w, https:\/\/reanpackaging.com\/wp-content\/uploads\/2023\/09\/21-min-1-150x150.jpg 150w, https:\/\/reanpackaging.com\/wp-content\/uploads\/2023\/09\/21-min-1-600x600.jpg 600w, https:\/\/reanpackaging.com\/wp-content\/uploads\/2023\/09\/21-min-1-100x100.jpg 100w, https:\/\/reanpackaging.com\/wp-content\/uploads\/2023\/09\/21-min-1.jpg 750w\" sizes=\"(max-width: 1330px) 100vw, 1330px\" \/><\/p>","protected":false},"excerpt":{"rendered":"<p>Industry-Specific Attributes Industrial Use Gift &amp; Craft Paper Type Art Paper Feature Recyclable Other Attributes Place of Origin China Brand Name Maibao Package Model Number paper gift bag Surface Handling Offset printing Sealing &amp; Handle Hand Length Handle Custom Order Accept Item Custom black jewellery paper bag with logo print Thickness 100gsm,175gsm,200gsm,210gsm,250gsm,300gsm,450gsm,etc. Size Custom Sizes [&hellip;]<\/p>\n","protected":false},"featured_media":6650,"template":"","meta":{"_seopress_robots_primary_cat":"none","_seopress_titles_title":"","_seopress_titles_desc":"","_seopress_robots_index":"","site-sidebar-layout":"default","site-content-layout":"default","ast-site-content-layout":"default","site-content-style":"default","site-sidebar-style":"default","ast-global-header-display":"","ast-banner-title-visibility":"","ast-main-header-display":"","ast-hfb-above-header-display":"","ast-hfb-below-header-display":"","ast-hfb-mobile-header-display":"","site-post-title":"","ast-breadcrumbs-content":"","ast-featured-img":"","footer-sml-layout":"","ast-disable-related-posts":"","theme-transparent-header-meta":"default","adv-header-id-meta":"","stick-header-meta":"default","header-above-stick-meta":"","header-main-stick-meta":"","header-below-stick-meta":"","astra-migrate-meta-layouts":"set","ast-page-background-enabled":"default","ast-page-background-meta":{"desktop":{"background-color":"","background-image":"","background-repeat":"repeat","background-position":"center center","background-size":"auto","background-attachment":"scroll","background-type":"","background-media":"","overlay-type":"","overlay-color":"","overlay-opacity":"","overlay-gradient":""},"tablet":{"background-color":"","background-image":"","background-repeat":"repeat","background-position":"center center","background-size":"auto","background-attachment":"scroll","background-type":"","background-media":"","overlay-type":"","overlay-color":"","overlay-opacity":"","overlay-gradient":""},"mobile":{"background-color":"","background-image":"","background-repeat":"repeat","background-position":"center center","background-size":"auto","background-attachment":"scroll","background-type":"","background-media":"","overlay-type":"","overlay-color":"","overlay-opacity":"","overlay-gradient":""}},"ast-content-background-meta":{"desktop":{"background-color":"var(--ast-global-color-5)","background-image":"","background-repeat":"repeat","background-position":"center center","background-size":"auto","background-attachment":"scroll","background-type":"","background-media":"","overlay-type":"","overlay-color":"","overlay-opacity":"","overlay-gradient":""},"tablet":{"background-color":"var(--ast-global-color-5)","background-image":"","background-repeat":"repeat","background-position":"center center","background-size":"auto","background-attachment":"scroll","background-type":"","background-media":"","overlay-type":"","overlay-color":"","overlay-opacity":"","overlay-gradient":""},"mobile":{"background-color":"var(--ast-global-color-5)","background-image":"","background-repeat":"repeat","background-position":"center center","background-size":"auto","background-attachment":"scroll","background-type":"","background-media":"","overlay-type":"","overlay-color":"","overlay-opacity":"","overlay-gradient":""}}},"product_brand":[],"product_cat":[36,44,34,27],"product_tag":[],"class_list":{"0":"post-6703","1":"product","2":"type-product","3":"status-publish","4":"has-post-thumbnail","6":"product_cat-kraft-bags","7":"product_cat-paper-bags","8":"product_cat-paper-bags-with-handles","9":"product_cat-uncategorized","10":"desktop-align-left","11":"tablet-align-left","12":"mobile-align-left","13":"ast-product-gallery-layout-horizontal","14":"ast-product-tabs-layout-horizontal","16":"first","17":"instock","18":"purchasable","19":"product-type-simple"},"_links":{"self":[{"href":"https:\/\/reanpackaging.com\/pl\/wp-json\/wp\/v2\/product\/6703","targetHints":{"allow":["GET"]}}],"collection":[{"href":"https:\/\/reanpackaging.com\/pl\/wp-json\/wp\/v2\/product"}],"about":[{"href":"https:\/\/reanpackaging.com\/pl\/wp-json\/wp\/v2\/types\/product"}],"wp:featuredmedia":[{"embeddable":true,"href":"https:\/\/reanpackaging.com\/pl\/wp-json\/wp\/v2\/media\/6650"}],"wp:attachment":[{"href":"https:\/\/reanpackaging.com\/pl\/wp-json\/wp\/v2\/media?parent=6703"}],"wp:term":[{"taxonomy":"product_brand","embeddable":true,"href":"https:\/\/reanpackaging.com\/pl\/wp-json\/wp\/v2\/product_brand?post=6703"},{"taxonomy":"product_cat","embeddable":true,"href":"https:\/\/reanpackaging.com\/pl\/wp-json\/wp\/v2\/product_cat?post=6703"},{"taxonomy":"product_tag","embeddable":true,"href":"https:\/\/reanpackaging.com\/pl\/wp-json\/wp\/v2\/product_tag?post=6703"}],"curies":[{"name":"wp","href":"https:\/\/api.w.org\/{rel}","templated":true}]}}