{"id":6903,"date":"2023-09-21T13:22:09","date_gmt":"2023-09-21T13:22:09","guid":{"rendered":"http:\/\/ibn.wyd.mybluehost.me\/reanpackaging.com\/product\/proper-price-top-quality-wrap-packaging-air-bubble-inflatable-air-column-bag-for-wine-bottle\/"},"modified":"2023-09-21T13:37:06","modified_gmt":"2023-09-21T13:37:06","slug":"proper-price-top-quality-wrap-packaging-air-bubble-inflatable-air-column-bag-for-wine-bottle","status":"publish","type":"product","link":"https:\/\/reanpackaging.com\/pl\/produkt\/odpowiednia-cena-najwyzszej-jakosci-opakowanie-foliowe-nadmuchiwana-banka-powietrzna-nadmuchiwana-torba-z-kolumna-powietrzna-na-butelke-wina\/","title":{"rendered":"Odpowiednia cena najwy\u017cszej jako\u015bci opakowania b\u0105belkowego nadmuchiwana torba z kolumn\u0105 powietrzn\u0105 na butelk\u0119 wina"},"content":{"rendered":"<h4>Atrybuty specyficzne dla bran\u017cy<\/h4>\n<table border=\"1\">\n<tbody>\n<tr>\n<td><strong>Materia\u0142<\/strong><\/td>\n<td>PA+PE<\/td>\n<\/tr>\n<tr>\n<td><strong>Typ<\/strong><\/td>\n<td>Edge Protector<\/td>\n<\/tr>\n<\/tbody>\n<\/table>\n<h4>Inne atrybuty<\/h4>\n<table border=\"1\">\n<tbody>\n<tr>\n<td><strong>Nazwa produktu<\/strong><\/td>\n<td>Poduszka powietrzna<\/td>\n<\/tr>\n<tr>\n<td><strong>Kolor<\/strong><\/td>\n<td>Przezroczysta poduszka powietrzna<\/td>\n<\/tr>\n<tr>\n<td><strong>Rozmiar<\/strong><\/td>\n<td>Rozmiar niestandardowy<\/td>\n<\/tr>\n<tr>\n<td><strong>Cecha<\/strong><\/td>\n<td>Przyjazny dla \u015brodowiska<\/td>\n<\/tr>\n<tr>\n<td><strong>Zastosowanie<\/strong><\/td>\n<td>Ochrona opakowania<\/td>\n<\/tr>\n<tr>\n<td><strong>Kszta\u0142t<\/strong><\/td>\n<td>Typ Q<\/td>\n<\/tr>\n<tr>\n<td><strong>Dostosuj<\/strong><\/td>\n<td>Acce<\/td>\n<\/tr>\n<tr>\n<td><strong>Certyfikat<\/strong><\/td>\n<td>ISO9001<\/td>\n<\/tr>\n<tr>\n<td><strong>MOQ<\/strong><\/td>\n<td>1szt.<\/td>\n<\/tr>\n<tr>\n<td><strong>Pakowanie<\/strong><\/td>\n<td>Pude\u0142ko kartonowe<\/td>\n<\/tr>\n<\/tbody>\n<\/table>\n<p><img fetchpriority=\"high\" decoding=\"async\" class=\"alignnone wp-image-6929\" src=\"http:\/\/ibn.wyd.mybluehost.me\/reanpackaging.com\/wp-content\/uploads\/2023\/09\/a-description-Proper-Price-Top-Quality-Wrap-Packaging-Air-Bubble-Inflatable-Air-Column-Bag-For-Wine-Bottle-300x300.jpg\" alt=\"odpowiednia cena najwy\u017cszej jako\u015bci opakowanie foliowe nadmuchiwana ba\u0144ka powietrzna nadmuchiwana torba z kolumn\u0105 powietrzn\u0105 na butelk\u0119 wina\" width=\"1301\" height=\"1301\" srcset=\"https:\/\/reanpackaging.com\/wp-content\/uploads\/2023\/09\/a-description-Proper-Price-Top-Quality-Wrap-Packaging-Air-Bubble-Inflatable-Air-Column-Bag-For-Wine-Bottle-300x300.jpg 300w, https:\/\/reanpackaging.com\/wp-content\/uploads\/2023\/09\/a-description-Proper-Price-Top-Quality-Wrap-Packaging-Air-Bubble-Inflatable-Air-Column-Bag-For-Wine-Bottle-150x150.jpg 150w, https:\/\/reanpackaging.com\/wp-content\/uploads\/2023\/09\/a-description-Proper-Price-Top-Quality-Wrap-Packaging-Air-Bubble-Inflatable-Air-Column-Bag-For-Wine-Bottle-600x600.jpg 600w, https:\/\/reanpackaging.com\/wp-content\/uploads\/2023\/09\/a-description-Proper-Price-Top-Quality-Wrap-Packaging-Air-Bubble-Inflatable-Air-Column-Bag-For-Wine-Bottle-100x100.jpg 100w, https:\/\/reanpackaging.com\/wp-content\/uploads\/2023\/09\/a-description-Proper-Price-Top-Quality-Wrap-Packaging-Air-Bubble-Inflatable-Air-Column-Bag-For-Wine-Bottle.jpg 750w\" sizes=\"(max-width: 1301px) 100vw, 1301px\" \/><\/p>\n<p><img decoding=\"async\" class=\"alignnone wp-image-6933\" src=\"http:\/\/ibn.wyd.mybluehost.me\/reanpackaging.com\/wp-content\/uploads\/2023\/09\/b-description-Proper-Price-Top-Quality-Wrap-Packaging-Air-Bubble-Inflatable-Air-Column-Bag-For-Wine-Bottle-300x298.jpg\" alt=\"odpowiednia cena najwy\u017cszej jako\u015bci opakowanie foliowe nadmuchiwana ba\u0144ka powietrzna nadmuchiwana torba z kolumn\u0105 powietrzn\u0105 na butelk\u0119 wina\" width=\"1300\" height=\"1291\" srcset=\"https:\/\/reanpackaging.com\/wp-content\/uploads\/2023\/09\/b-description-Proper-Price-Top-Quality-Wrap-Packaging-Air-Bubble-Inflatable-Air-Column-Bag-For-Wine-Bottle-300x298.jpg 300w, https:\/\/reanpackaging.com\/wp-content\/uploads\/2023\/09\/b-description-Proper-Price-Top-Quality-Wrap-Packaging-Air-Bubble-Inflatable-Air-Column-Bag-For-Wine-Bottle-150x150.jpg 150w, https:\/\/reanpackaging.com\/wp-content\/uploads\/2023\/09\/b-description-Proper-Price-Top-Quality-Wrap-Packaging-Air-Bubble-Inflatable-Air-Column-Bag-For-Wine-Bottle-600x596.jpg 600w, https:\/\/reanpackaging.com\/wp-content\/uploads\/2023\/09\/b-description-Proper-Price-Top-Quality-Wrap-Packaging-Air-Bubble-Inflatable-Air-Column-Bag-For-Wine-Bottle-100x100.jpg 100w, https:\/\/reanpackaging.com\/wp-content\/uploads\/2023\/09\/b-description-Proper-Price-Top-Quality-Wrap-Packaging-Air-Bubble-Inflatable-Air-Column-Bag-For-Wine-Bottle.jpg 750w\" sizes=\"(max-width: 1300px) 100vw, 1300px\" \/><\/p>\n<p><img decoding=\"async\" class=\"alignnone wp-image-6939\" src=\"http:\/\/ibn.wyd.mybluehost.me\/reanpackaging.com\/wp-content\/uploads\/2023\/09\/c-description-Proper-Price-Top-Quality-Wrap-Packaging-Air-Bubble-Inflatable-Air-Column-Bag-For-Wine-Bottle-300x160.jpg\" alt=\"odpowiednia cena najwy\u017cszej jako\u015bci opakowanie foliowe nadmuchiwana ba\u0144ka powietrzna nadmuchiwana torba z kolumn\u0105 powietrzn\u0105 na butelk\u0119 wina\" width=\"1303\" height=\"695\" srcset=\"https:\/\/reanpackaging.com\/wp-content\/uploads\/2023\/09\/c-description-Proper-Price-Top-Quality-Wrap-Packaging-Air-Bubble-Inflatable-Air-Column-Bag-For-Wine-Bottle-300x160.jpg 300w, https:\/\/reanpackaging.com\/wp-content\/uploads\/2023\/09\/c-description-Proper-Price-Top-Quality-Wrap-Packaging-Air-Bubble-Inflatable-Air-Column-Bag-For-Wine-Bottle-600x320.jpg 600w, https:\/\/reanpackaging.com\/wp-content\/uploads\/2023\/09\/c-description-Proper-Price-Top-Quality-Wrap-Packaging-Air-Bubble-Inflatable-Air-Column-Bag-For-Wine-Bottle.jpg 750w\" sizes=\"(max-width: 1303px) 100vw, 1303px\" \/><\/p>","protected":false},"excerpt":{"rendered":"<p>Atrybuty specyficzne dla bran\u017cy Materia\u0142 PA + PE Typ Ochraniacz kraw\u0119dzi Inne atrybuty Nazwa produktu Poduszka powietrzna Kolor Przezroczysta poduszka powietrzna Rozmiar Dostosowany Rozmiar Cecha Ekologiczne Zastosowanie Ochrona opakowania Kszta\u0142t typu Q Dostosuj Certyfikat ISO9001 MOQ 1szt Opakowanie Karton Pude\u0142ko<\/p>","protected":false},"featured_media":6798,"template":"","meta":{"_seopress_robots_primary_cat":"none","_seopress_titles_title":"","_seopress_titles_desc":"","_seopress_robots_index":"","site-sidebar-layout":"default","site-content-layout":"default","ast-site-content-layout":"default","site-content-style":"default","site-sidebar-style":"default","ast-global-header-display":"","ast-banner-title-visibility":"","ast-main-header-display":"","ast-hfb-above-header-display":"","ast-hfb-below-header-display":"","ast-hfb-mobile-header-display":"","site-post-title":"","ast-breadcrumbs-content":"","ast-featured-img":"","footer-sml-layout":"","ast-disable-related-posts":"","theme-transparent-header-meta":"default","adv-header-id-meta":"","stick-header-meta":"default","header-above-stick-meta":"","header-main-stick-meta":"","header-below-stick-meta":"","astra-migrate-meta-layouts":"default","ast-page-background-enabled":"default","ast-page-background-meta":{"desktop":{"background-color":"","background-image":"","background-repeat":"repeat","background-position":"center center","background-size":"auto","background-attachment":"scroll","background-type":"","background-media":"","overlay-type":"","overlay-color":"","overlay-opacity":"","overlay-gradient":""},"tablet":{"background-color":"","background-image":"","background-repeat":"repeat","background-position":"center center","background-size":"auto","background-attachment":"scroll","background-type":"","background-media":"","overlay-type":"","overlay-color":"","overlay-opacity":"","overlay-gradient":""},"mobile":{"background-color":"","background-image":"","background-repeat":"repeat","background-position":"center center","background-size":"auto","background-attachment":"scroll","background-type":"","background-media":"","overlay-type":"","overlay-color":"","overlay-opacity":"","overlay-gradient":""}},"ast-content-background-meta":{"desktop":{"background-color":"var(--ast-global-color-5)","background-image":"","background-repeat":"repeat","background-position":"center center","background-size":"auto","background-attachment":"scroll","background-type":"","background-media":"","overlay-type":"","overlay-color":"","overlay-opacity":"","overlay-gradient":""},"tablet":{"background-color":"var(--ast-global-color-5)","background-image":"","background-repeat":"repeat","background-position":"center center","background-size":"auto","background-attachment":"scroll","background-type":"","background-media":"","overlay-type":"","overlay-color":"","overlay-opacity":"","overlay-gradient":""},"mobile":{"background-color":"var(--ast-global-color-5)","background-image":"","background-repeat":"repeat","background-position":"center center","background-size":"auto","background-attachment":"scroll","background-type":"","background-media":"","overlay-type":"","overlay-color":"","overlay-opacity":"","overlay-gradient":""}}},"product_brand":[],"product_cat":[45],"product_tag":[],"class_list":{"0":"post-6903","1":"product","2":"type-product","3":"status-publish","4":"has-post-thumbnail","6":"product_cat-bubble-wrap","7":"desktop-align-left","8":"tablet-align-left","9":"mobile-align-left","10":"ast-product-gallery-layout-horizontal","11":"ast-product-tabs-layout-horizontal","13":"first","14":"instock","15":"product-type-simple"},"_links":{"self":[{"href":"https:\/\/reanpackaging.com\/pl\/wp-json\/wp\/v2\/product\/6903","targetHints":{"allow":["GET"]}}],"collection":[{"href":"https:\/\/reanpackaging.com\/pl\/wp-json\/wp\/v2\/product"}],"about":[{"href":"https:\/\/reanpackaging.com\/pl\/wp-json\/wp\/v2\/types\/product"}],"wp:featuredmedia":[{"embeddable":true,"href":"https:\/\/reanpackaging.com\/pl\/wp-json\/wp\/v2\/media\/6798"}],"wp:attachment":[{"href":"https:\/\/reanpackaging.com\/pl\/wp-json\/wp\/v2\/media?parent=6903"}],"wp:term":[{"taxonomy":"product_brand","embeddable":true,"href":"https:\/\/reanpackaging.com\/pl\/wp-json\/wp\/v2\/product_brand?post=6903"},{"taxonomy":"product_cat","embeddable":true,"href":"https:\/\/reanpackaging.com\/pl\/wp-json\/wp\/v2\/product_cat?post=6903"},{"taxonomy":"product_tag","embeddable":true,"href":"https:\/\/reanpackaging.com\/pl\/wp-json\/wp\/v2\/product_tag?post=6903"}],"curies":[{"name":"wp","href":"https:\/\/api.w.org\/{rel}","templated":true}]}}