{"id":6908,"date":"2023-09-21T13:22:09","date_gmt":"2023-09-21T13:22:09","guid":{"rendered":"http:\/\/ibn.wyd.mybluehost.me\/reanpackaging.com\/product\/honeycomb-packaging-wrap-kraft-paper-honeycomb-paper-wrap-cushioning-eco-friendly-bubble-cushion-wrap\/"},"modified":"2024-10-01T16:58:42","modified_gmt":"2024-10-01T16:58:42","slug":"honeycomb-packaging-wrap-kraft-paper-honeycomb-paper-wrap-cushioning-eco-friendly-bubble-cushion-wrap","status":"publish","type":"product","link":"https:\/\/reanpackaging.com\/pl\/produkt\/honeycomb-packaging-wrap-kraft-paper-honeycomb-paper-wrap-cushioning-eco-friendly-bubble-cushion-wrap\/","title":{"rendered":"Papier pakowy o strukturze plastra miodu Papier pakowy o strukturze plastra miodu Przyjazna dla \u015brodowiska poduszka b\u0105belkowa"},"content":{"rendered":"<h4>Atrybuty specyficzne dla bran\u017cy<\/h4>\n<table border=\"1\">\n<tbody>\n<tr>\n<td><strong>Zastosowanie przemys\u0142owe<\/strong><\/td>\n<td>Prezenty i r\u0119kodzie\u0142o<\/td>\n<\/tr>\n<tr>\n<td><strong>Rodzaj papieru<\/strong><\/td>\n<td>Papier rzemie\u015blniczy<\/td>\n<\/tr>\n<tr>\n<td><strong>Cecha<\/strong><\/td>\n<td>Materia\u0142y z recyklingu<\/td>\n<\/tr>\n<\/tbody>\n<\/table>\n<h4>Inne atrybuty<\/h4>\n<table border=\"1\">\n<tbody>\n<tr>\n<td><strong>Materia\u0142 celulozowy<\/strong><\/td>\n<td>Miazga drzewna<\/td>\n<\/tr>\n<tr>\n<td><strong>Pulp Style<\/strong><\/td>\n<td>Dziewica<\/td>\n<\/tr>\n<tr>\n<td><strong>Typ roztwarzania<\/strong><\/td>\n<td>Miazga chemiczna<\/td>\n<\/tr>\n<tr>\n<td><strong>Miejsce pochodzenia<\/strong><\/td>\n<td>Chiny<\/td>\n<\/tr>\n<tr>\n<td><strong>Nazwa marki<\/strong><\/td>\n<td>Pakiet Xinxiangyang<\/td>\n<\/tr>\n<tr>\n<td><strong>Numer modelu<\/strong><\/td>\n<td>HP50080250<\/td>\n<\/tr>\n<tr>\n<td><strong>Pow\u0142oka<\/strong><\/td>\n<td>Niepowlekany<\/td>\n<\/tr>\n<tr>\n<td><strong>Kompatybilne drukowanie<\/strong><\/td>\n<td>Druk offsetowy<\/td>\n<\/tr>\n<tr>\n<td><strong>Zam\u00f3wienie niestandardowe<\/strong><\/td>\n<td>Akceptuj<\/td>\n<\/tr>\n<tr>\n<td><strong>U\u017cycie<\/strong><\/td>\n<td>Papier do pakowania prezent\u00f3w<\/td>\n<\/tr>\n<tr>\n<td><strong>Nazwa produktu<\/strong><\/td>\n<td>Papier do pakowania<\/td>\n<\/tr>\n<tr>\n<td><strong>U\u017cycie<\/strong><\/td>\n<td>itp. Opakowanie<\/td>\n<\/tr>\n<tr>\n<td><strong>S\u0142owa kluczowe<\/strong><\/td>\n<td>Bibu\u0142ki do pakowania z niestandardowym logo<\/td>\n<\/tr>\n<tr>\n<td><strong>Zastosowanie<\/strong><\/td>\n<td>Pakowanie produkt\u00f3w<\/td>\n<\/tr>\n<tr>\n<td><strong>Materia\u0142<\/strong><\/td>\n<td>100% Virgin Pulp<\/td>\n<\/tr>\n<tr>\n<td><strong>MOQ<\/strong><\/td>\n<td>1 Rolka<\/td>\n<\/tr>\n<tr>\n<td><strong>Nazwa przedmiotu<\/strong><\/td>\n<td>Papier do pakowania Tissue<\/td>\n<\/tr>\n<tr>\n<td><strong>S\u0142owa kluczowe<\/strong><\/td>\n<td>Ko\u0142owrotek Jumbo<\/td>\n<\/tr>\n<\/tbody>\n<\/table>\n<p><img fetchpriority=\"high\" decoding=\"async\" class=\"alignnone  wp-image-6971\" src=\"http:\/\/ibn.wyd.mybluehost.me\/reanpackaging.com\/wp-content\/uploads\/2023\/09\/a-description-Honeycomb-Packaging-Wrap-Kraft-Paper-Honeycomb-Paper-Wrap-Cushioning-Eco-Friendly-Bubble-Cushion-Wrap-300x248.jpg\" alt=\"papier pakowy o strukturze plastra miodu papier pakowy o strukturze plastra miodu folia amortyzuj\u0105ca ekologiczna folia b\u0105belkowa\" width=\"1303\" height=\"1077\" srcset=\"https:\/\/reanpackaging.com\/wp-content\/uploads\/2023\/09\/a-description-Honeycomb-Packaging-Wrap-Kraft-Paper-Honeycomb-Paper-Wrap-Cushioning-Eco-Friendly-Bubble-Cushion-Wrap-300x248.jpg 300w, https:\/\/reanpackaging.com\/wp-content\/uploads\/2023\/09\/a-description-Honeycomb-Packaging-Wrap-Kraft-Paper-Honeycomb-Paper-Wrap-Cushioning-Eco-Friendly-Bubble-Cushion-Wrap-768x635.jpg 768w, https:\/\/reanpackaging.com\/wp-content\/uploads\/2023\/09\/a-description-Honeycomb-Packaging-Wrap-Kraft-Paper-Honeycomb-Paper-Wrap-Cushioning-Eco-Friendly-Bubble-Cushion-Wrap-600x496.jpg 600w, https:\/\/reanpackaging.com\/wp-content\/uploads\/2023\/09\/a-description-Honeycomb-Packaging-Wrap-Kraft-Paper-Honeycomb-Paper-Wrap-Cushioning-Eco-Friendly-Bubble-Cushion-Wrap.jpg 1000w\" sizes=\"(max-width: 1303px) 100vw, 1303px\" \/><\/p>\n<p><img decoding=\"async\" class=\"alignnone  wp-image-6973\" src=\"http:\/\/ibn.wyd.mybluehost.me\/reanpackaging.com\/wp-content\/uploads\/2023\/09\/b-description-Honeycomb-Packaging-Wrap-Kraft-Paper-Honeycomb-Paper-Wrap-Cushioning-Eco-Friendly-Bubble-Cushion-Wrap-300x300.jpg\" alt=\"papier pakowy o strukturze plastra miodu papier pakowy o strukturze plastra miodu folia amortyzuj\u0105ca ekologiczna folia b\u0105belkowa\" width=\"1302\" height=\"1302\" srcset=\"https:\/\/reanpackaging.com\/wp-content\/uploads\/2023\/09\/b-description-Honeycomb-Packaging-Wrap-Kraft-Paper-Honeycomb-Paper-Wrap-Cushioning-Eco-Friendly-Bubble-Cushion-Wrap-300x300.jpg 300w, https:\/\/reanpackaging.com\/wp-content\/uploads\/2023\/09\/b-description-Honeycomb-Packaging-Wrap-Kraft-Paper-Honeycomb-Paper-Wrap-Cushioning-Eco-Friendly-Bubble-Cushion-Wrap-150x150.jpg 150w, https:\/\/reanpackaging.com\/wp-content\/uploads\/2023\/09\/b-description-Honeycomb-Packaging-Wrap-Kraft-Paper-Honeycomb-Paper-Wrap-Cushioning-Eco-Friendly-Bubble-Cushion-Wrap-768x768.jpg 768w, https:\/\/reanpackaging.com\/wp-content\/uploads\/2023\/09\/b-description-Honeycomb-Packaging-Wrap-Kraft-Paper-Honeycomb-Paper-Wrap-Cushioning-Eco-Friendly-Bubble-Cushion-Wrap-600x600.jpg 600w, https:\/\/reanpackaging.com\/wp-content\/uploads\/2023\/09\/b-description-Honeycomb-Packaging-Wrap-Kraft-Paper-Honeycomb-Paper-Wrap-Cushioning-Eco-Friendly-Bubble-Cushion-Wrap-100x100.jpg 100w, https:\/\/reanpackaging.com\/wp-content\/uploads\/2023\/09\/b-description-Honeycomb-Packaging-Wrap-Kraft-Paper-Honeycomb-Paper-Wrap-Cushioning-Eco-Friendly-Bubble-Cushion-Wrap.jpg 1000w\" sizes=\"(max-width: 1302px) 100vw, 1302px\" \/><\/p>\n<p><img decoding=\"async\" class=\"alignnone  wp-image-6975\" src=\"http:\/\/ibn.wyd.mybluehost.me\/reanpackaging.com\/wp-content\/uploads\/2023\/09\/c-description-Honeycomb-Packaging-Wrap-Kraft-Paper-Honeycomb-Paper-Wrap-Cushioning-Eco-Friendly-Bubble-Cushion-Wrap-300x300.jpg\" alt=\"papier pakowy o strukturze plastra miodu papier pakowy o strukturze plastra miodu folia amortyzuj\u0105ca ekologiczna folia b\u0105belkowa\" width=\"1301\" height=\"1301\" srcset=\"https:\/\/reanpackaging.com\/wp-content\/uploads\/2023\/09\/c-description-Honeycomb-Packaging-Wrap-Kraft-Paper-Honeycomb-Paper-Wrap-Cushioning-Eco-Friendly-Bubble-Cushion-Wrap-300x300.jpg 300w, https:\/\/reanpackaging.com\/wp-content\/uploads\/2023\/09\/c-description-Honeycomb-Packaging-Wrap-Kraft-Paper-Honeycomb-Paper-Wrap-Cushioning-Eco-Friendly-Bubble-Cushion-Wrap-150x150.jpg 150w, https:\/\/reanpackaging.com\/wp-content\/uploads\/2023\/09\/c-description-Honeycomb-Packaging-Wrap-Kraft-Paper-Honeycomb-Paper-Wrap-Cushioning-Eco-Friendly-Bubble-Cushion-Wrap-768x768.jpg 768w, https:\/\/reanpackaging.com\/wp-content\/uploads\/2023\/09\/c-description-Honeycomb-Packaging-Wrap-Kraft-Paper-Honeycomb-Paper-Wrap-Cushioning-Eco-Friendly-Bubble-Cushion-Wrap-600x600.jpg 600w, https:\/\/reanpackaging.com\/wp-content\/uploads\/2023\/09\/c-description-Honeycomb-Packaging-Wrap-Kraft-Paper-Honeycomb-Paper-Wrap-Cushioning-Eco-Friendly-Bubble-Cushion-Wrap-100x100.jpg 100w, https:\/\/reanpackaging.com\/wp-content\/uploads\/2023\/09\/c-description-Honeycomb-Packaging-Wrap-Kraft-Paper-Honeycomb-Paper-Wrap-Cushioning-Eco-Friendly-Bubble-Cushion-Wrap.jpg 1000w\" sizes=\"(max-width: 1301px) 100vw, 1301px\" \/><\/p>\n<p><img loading=\"lazy\" decoding=\"async\" class=\"alignnone  wp-image-6976\" src=\"http:\/\/ibn.wyd.mybluehost.me\/reanpackaging.com\/wp-content\/uploads\/2023\/09\/d-description-Honeycomb-Packaging-Wrap-Kraft-Paper-Honeycomb-Paper-Wrap-Cushioning-Eco-Friendly-Bubble-Cushion-Wrap-300x300.jpg\" alt=\"papier pakowy o strukturze plastra miodu papier pakowy o strukturze plastra miodu folia amortyzuj\u0105ca ekologiczna folia b\u0105belkowa\" width=\"1301\" height=\"1301\" srcset=\"https:\/\/reanpackaging.com\/wp-content\/uploads\/2023\/09\/d-description-Honeycomb-Packaging-Wrap-Kraft-Paper-Honeycomb-Paper-Wrap-Cushioning-Eco-Friendly-Bubble-Cushion-Wrap-300x300.jpg 300w, https:\/\/reanpackaging.com\/wp-content\/uploads\/2023\/09\/d-description-Honeycomb-Packaging-Wrap-Kraft-Paper-Honeycomb-Paper-Wrap-Cushioning-Eco-Friendly-Bubble-Cushion-Wrap-150x150.jpg 150w, https:\/\/reanpackaging.com\/wp-content\/uploads\/2023\/09\/d-description-Honeycomb-Packaging-Wrap-Kraft-Paper-Honeycomb-Paper-Wrap-Cushioning-Eco-Friendly-Bubble-Cushion-Wrap-768x768.jpg 768w, https:\/\/reanpackaging.com\/wp-content\/uploads\/2023\/09\/d-description-Honeycomb-Packaging-Wrap-Kraft-Paper-Honeycomb-Paper-Wrap-Cushioning-Eco-Friendly-Bubble-Cushion-Wrap-600x600.jpg 600w, https:\/\/reanpackaging.com\/wp-content\/uploads\/2023\/09\/d-description-Honeycomb-Packaging-Wrap-Kraft-Paper-Honeycomb-Paper-Wrap-Cushioning-Eco-Friendly-Bubble-Cushion-Wrap-100x100.jpg 100w, https:\/\/reanpackaging.com\/wp-content\/uploads\/2023\/09\/d-description-Honeycomb-Packaging-Wrap-Kraft-Paper-Honeycomb-Paper-Wrap-Cushioning-Eco-Friendly-Bubble-Cushion-Wrap.jpg 1000w\" sizes=\"(max-width: 1301px) 100vw, 1301px\" \/><\/p>\n<p><img loading=\"lazy\" decoding=\"async\" class=\"alignnone  wp-image-6977\" src=\"http:\/\/ibn.wyd.mybluehost.me\/reanpackaging.com\/wp-content\/uploads\/2023\/09\/e-description-Honeycomb-Packaging-Wrap-Kraft-Paper-Honeycomb-Paper-Wrap-Cushioning-Eco-Friendly-Bubble-Cushion-Wrap-300x300.jpg\" alt=\"papier pakowy o strukturze plastra miodu papier pakowy o strukturze plastra miodu folia amortyzuj\u0105ca ekologiczna folia b\u0105belkowa\" width=\"1303\" height=\"1303\" srcset=\"https:\/\/reanpackaging.com\/wp-content\/uploads\/2023\/09\/e-description-Honeycomb-Packaging-Wrap-Kraft-Paper-Honeycomb-Paper-Wrap-Cushioning-Eco-Friendly-Bubble-Cushion-Wrap-300x300.jpg 300w, https:\/\/reanpackaging.com\/wp-content\/uploads\/2023\/09\/e-description-Honeycomb-Packaging-Wrap-Kraft-Paper-Honeycomb-Paper-Wrap-Cushioning-Eco-Friendly-Bubble-Cushion-Wrap-150x150.jpg 150w, https:\/\/reanpackaging.com\/wp-content\/uploads\/2023\/09\/e-description-Honeycomb-Packaging-Wrap-Kraft-Paper-Honeycomb-Paper-Wrap-Cushioning-Eco-Friendly-Bubble-Cushion-Wrap-768x768.jpg 768w, https:\/\/reanpackaging.com\/wp-content\/uploads\/2023\/09\/e-description-Honeycomb-Packaging-Wrap-Kraft-Paper-Honeycomb-Paper-Wrap-Cushioning-Eco-Friendly-Bubble-Cushion-Wrap-600x600.jpg 600w, https:\/\/reanpackaging.com\/wp-content\/uploads\/2023\/09\/e-description-Honeycomb-Packaging-Wrap-Kraft-Paper-Honeycomb-Paper-Wrap-Cushioning-Eco-Friendly-Bubble-Cushion-Wrap-100x100.jpg 100w, https:\/\/reanpackaging.com\/wp-content\/uploads\/2023\/09\/e-description-Honeycomb-Packaging-Wrap-Kraft-Paper-Honeycomb-Paper-Wrap-Cushioning-Eco-Friendly-Bubble-Cushion-Wrap.jpg 1000w\" sizes=\"(max-width: 1303px) 100vw, 1303px\" \/><\/p>\n<p><img loading=\"lazy\" decoding=\"async\" class=\"alignnone  wp-image-6979\" src=\"http:\/\/ibn.wyd.mybluehost.me\/reanpackaging.com\/wp-content\/uploads\/2023\/09\/f-description-Honeycomb-Packaging-Wrap-Kraft-Paper-Honeycomb-Paper-Wrap-Cushioning-Eco-Friendly-Bubble-Cushion-Wrap-300x300.jpg\" alt=\"papier pakowy o strukturze plastra miodu papier pakowy o strukturze plastra miodu folia amortyzuj\u0105ca ekologiczna folia b\u0105belkowa\" width=\"1274\" height=\"1274\" srcset=\"https:\/\/reanpackaging.com\/wp-content\/uploads\/2023\/09\/f-description-Honeycomb-Packaging-Wrap-Kraft-Paper-Honeycomb-Paper-Wrap-Cushioning-Eco-Friendly-Bubble-Cushion-Wrap-300x300.jpg 300w, https:\/\/reanpackaging.com\/wp-content\/uploads\/2023\/09\/f-description-Honeycomb-Packaging-Wrap-Kraft-Paper-Honeycomb-Paper-Wrap-Cushioning-Eco-Friendly-Bubble-Cushion-Wrap-150x150.jpg 150w, https:\/\/reanpackaging.com\/wp-content\/uploads\/2023\/09\/f-description-Honeycomb-Packaging-Wrap-Kraft-Paper-Honeycomb-Paper-Wrap-Cushioning-Eco-Friendly-Bubble-Cushion-Wrap-768x768.jpg 768w, https:\/\/reanpackaging.com\/wp-content\/uploads\/2023\/09\/f-description-Honeycomb-Packaging-Wrap-Kraft-Paper-Honeycomb-Paper-Wrap-Cushioning-Eco-Friendly-Bubble-Cushion-Wrap-600x600.jpg 600w, https:\/\/reanpackaging.com\/wp-content\/uploads\/2023\/09\/f-description-Honeycomb-Packaging-Wrap-Kraft-Paper-Honeycomb-Paper-Wrap-Cushioning-Eco-Friendly-Bubble-Cushion-Wrap-100x100.jpg 100w, https:\/\/reanpackaging.com\/wp-content\/uploads\/2023\/09\/f-description-Honeycomb-Packaging-Wrap-Kraft-Paper-Honeycomb-Paper-Wrap-Cushioning-Eco-Friendly-Bubble-Cushion-Wrap.jpg 1000w\" sizes=\"(max-width: 1274px) 100vw, 1274px\" \/><\/p>\n<p><img loading=\"lazy\" decoding=\"async\" class=\"alignnone  wp-image-6981\" src=\"http:\/\/ibn.wyd.mybluehost.me\/reanpackaging.com\/wp-content\/uploads\/2023\/09\/g-description-Honeycomb-Packaging-Wrap-Kraft-Paper-Honeycomb-Paper-Wrap-Cushioning-Eco-Friendly-Bubble-Cushion-Wrap-300x300.jpg\" alt=\"papier pakowy o strukturze plastra miodu papier pakowy o strukturze plastra miodu folia amortyzuj\u0105ca ekologiczna folia b\u0105belkowa\" width=\"1272\" height=\"1272\" srcset=\"https:\/\/reanpackaging.com\/wp-content\/uploads\/2023\/09\/g-description-Honeycomb-Packaging-Wrap-Kraft-Paper-Honeycomb-Paper-Wrap-Cushioning-Eco-Friendly-Bubble-Cushion-Wrap-300x300.jpg 300w, https:\/\/reanpackaging.com\/wp-content\/uploads\/2023\/09\/g-description-Honeycomb-Packaging-Wrap-Kraft-Paper-Honeycomb-Paper-Wrap-Cushioning-Eco-Friendly-Bubble-Cushion-Wrap-150x150.jpg 150w, https:\/\/reanpackaging.com\/wp-content\/uploads\/2023\/09\/g-description-Honeycomb-Packaging-Wrap-Kraft-Paper-Honeycomb-Paper-Wrap-Cushioning-Eco-Friendly-Bubble-Cushion-Wrap-768x768.jpg 768w, https:\/\/reanpackaging.com\/wp-content\/uploads\/2023\/09\/g-description-Honeycomb-Packaging-Wrap-Kraft-Paper-Honeycomb-Paper-Wrap-Cushioning-Eco-Friendly-Bubble-Cushion-Wrap-600x600.jpg 600w, https:\/\/reanpackaging.com\/wp-content\/uploads\/2023\/09\/g-description-Honeycomb-Packaging-Wrap-Kraft-Paper-Honeycomb-Paper-Wrap-Cushioning-Eco-Friendly-Bubble-Cushion-Wrap-100x100.jpg 100w, https:\/\/reanpackaging.com\/wp-content\/uploads\/2023\/09\/g-description-Honeycomb-Packaging-Wrap-Kraft-Paper-Honeycomb-Paper-Wrap-Cushioning-Eco-Friendly-Bubble-Cushion-Wrap.jpg 1000w\" sizes=\"(max-width: 1272px) 100vw, 1272px\" \/><\/p>\n<p><img loading=\"lazy\" decoding=\"async\" class=\"alignnone  wp-image-6983\" src=\"http:\/\/ibn.wyd.mybluehost.me\/reanpackaging.com\/wp-content\/uploads\/2023\/09\/h-description-Honeycomb-Packaging-Wrap-Kraft-Paper-Honeycomb-Paper-Wrap-Cushioning-Eco-Friendly-Bubble-Cushion-Wrap-300x300.jpg\" alt=\"papier pakowy o strukturze plastra miodu papier pakowy o strukturze plastra miodu folia amortyzuj\u0105ca ekologiczna folia b\u0105belkowa\" width=\"1272\" height=\"1272\" srcset=\"https:\/\/reanpackaging.com\/wp-content\/uploads\/2023\/09\/h-description-Honeycomb-Packaging-Wrap-Kraft-Paper-Honeycomb-Paper-Wrap-Cushioning-Eco-Friendly-Bubble-Cushion-Wrap-300x300.jpg 300w, https:\/\/reanpackaging.com\/wp-content\/uploads\/2023\/09\/h-description-Honeycomb-Packaging-Wrap-Kraft-Paper-Honeycomb-Paper-Wrap-Cushioning-Eco-Friendly-Bubble-Cushion-Wrap-150x150.jpg 150w, https:\/\/reanpackaging.com\/wp-content\/uploads\/2023\/09\/h-description-Honeycomb-Packaging-Wrap-Kraft-Paper-Honeycomb-Paper-Wrap-Cushioning-Eco-Friendly-Bubble-Cushion-Wrap-768x768.jpg 768w, https:\/\/reanpackaging.com\/wp-content\/uploads\/2023\/09\/h-description-Honeycomb-Packaging-Wrap-Kraft-Paper-Honeycomb-Paper-Wrap-Cushioning-Eco-Friendly-Bubble-Cushion-Wrap-600x600.jpg 600w, https:\/\/reanpackaging.com\/wp-content\/uploads\/2023\/09\/h-description-Honeycomb-Packaging-Wrap-Kraft-Paper-Honeycomb-Paper-Wrap-Cushioning-Eco-Friendly-Bubble-Cushion-Wrap-100x100.jpg 100w, https:\/\/reanpackaging.com\/wp-content\/uploads\/2023\/09\/h-description-Honeycomb-Packaging-Wrap-Kraft-Paper-Honeycomb-Paper-Wrap-Cushioning-Eco-Friendly-Bubble-Cushion-Wrap.jpg 1000w\" sizes=\"(max-width: 1272px) 100vw, 1272px\" \/><\/p>","protected":false},"excerpt":{"rendered":"<p>Industry-Specific Attributes Industrial Use Gift &amp; Craft Paper Type Craft Paper Feature Recycled Materials Other Attributes Pulp Material Wood Pulp Pulp Style Virgin Pulping Type Chemical Pulp Place of Origin China Brand Name Xinxiangyang pack Model Number HP50080250 Coating Uncoated Compatible Printing Offset printing Custom Order Accept Use Gift Wrapping Paper Product name Wrapping Paper [&hellip;]<\/p>\n","protected":false},"featured_media":6816,"template":"","meta":{"_seopress_robots_primary_cat":"none","_seopress_titles_title":"","_seopress_titles_desc":"","_seopress_robots_index":"","site-sidebar-layout":"default","site-content-layout":"default","ast-site-content-layout":"default","site-content-style":"default","site-sidebar-style":"default","ast-global-header-display":"","ast-banner-title-visibility":"","ast-main-header-display":"","ast-hfb-above-header-display":"","ast-hfb-below-header-display":"","ast-hfb-mobile-header-display":"","site-post-title":"","ast-breadcrumbs-content":"","ast-featured-img":"","footer-sml-layout":"","ast-disable-related-posts":"","theme-transparent-header-meta":"default","adv-header-id-meta":"","stick-header-meta":"default","header-above-stick-meta":"","header-main-stick-meta":"","header-below-stick-meta":"","astra-migrate-meta-layouts":"default","ast-page-background-enabled":"default","ast-page-background-meta":{"desktop":{"background-color":"","background-image":"","background-repeat":"repeat","background-position":"center center","background-size":"auto","background-attachment":"scroll","background-type":"","background-media":"","overlay-type":"","overlay-color":"","overlay-opacity":"","overlay-gradient":""},"tablet":{"background-color":"","background-image":"","background-repeat":"repeat","background-position":"center center","background-size":"auto","background-attachment":"scroll","background-type":"","background-media":"","overlay-type":"","overlay-color":"","overlay-opacity":"","overlay-gradient":""},"mobile":{"background-color":"","background-image":"","background-repeat":"repeat","background-position":"center center","background-size":"auto","background-attachment":"scroll","background-type":"","background-media":"","overlay-type":"","overlay-color":"","overlay-opacity":"","overlay-gradient":""}},"ast-content-background-meta":{"desktop":{"background-color":"var(--ast-global-color-5)","background-image":"","background-repeat":"repeat","background-position":"center center","background-size":"auto","background-attachment":"scroll","background-type":"","background-media":"","overlay-type":"","overlay-color":"","overlay-opacity":"","overlay-gradient":""},"tablet":{"background-color":"var(--ast-global-color-5)","background-image":"","background-repeat":"repeat","background-position":"center center","background-size":"auto","background-attachment":"scroll","background-type":"","background-media":"","overlay-type":"","overlay-color":"","overlay-opacity":"","overlay-gradient":""},"mobile":{"background-color":"var(--ast-global-color-5)","background-image":"","background-repeat":"repeat","background-position":"center center","background-size":"auto","background-attachment":"scroll","background-type":"","background-media":"","overlay-type":"","overlay-color":"","overlay-opacity":"","overlay-gradient":""}}},"product_brand":[],"product_cat":[45],"product_tag":[],"class_list":{"0":"post-6908","1":"product","2":"type-product","3":"status-publish","4":"has-post-thumbnail","6":"product_cat-bubble-wrap","7":"desktop-align-left","8":"tablet-align-left","9":"mobile-align-left","10":"ast-product-gallery-layout-horizontal","11":"ast-product-tabs-layout-horizontal","13":"first","14":"instock","15":"purchasable","16":"product-type-simple"},"_links":{"self":[{"href":"https:\/\/reanpackaging.com\/pl\/wp-json\/wp\/v2\/product\/6908","targetHints":{"allow":["GET"]}}],"collection":[{"href":"https:\/\/reanpackaging.com\/pl\/wp-json\/wp\/v2\/product"}],"about":[{"href":"https:\/\/reanpackaging.com\/pl\/wp-json\/wp\/v2\/types\/product"}],"wp:featuredmedia":[{"embeddable":true,"href":"https:\/\/reanpackaging.com\/pl\/wp-json\/wp\/v2\/media\/6816"}],"wp:attachment":[{"href":"https:\/\/reanpackaging.com\/pl\/wp-json\/wp\/v2\/media?parent=6908"}],"wp:term":[{"taxonomy":"product_brand","embeddable":true,"href":"https:\/\/reanpackaging.com\/pl\/wp-json\/wp\/v2\/product_brand?post=6908"},{"taxonomy":"product_cat","embeddable":true,"href":"https:\/\/reanpackaging.com\/pl\/wp-json\/wp\/v2\/product_cat?post=6908"},{"taxonomy":"product_tag","embeddable":true,"href":"https:\/\/reanpackaging.com\/pl\/wp-json\/wp\/v2\/product_tag?post=6908"}],"curies":[{"name":"wp","href":"https:\/\/api.w.org\/{rel}","templated":true}]}}