{"id":6918,"date":"2023-09-21T13:22:09","date_gmt":"2023-09-21T13:22:09","guid":{"rendered":"http:\/\/ibn.wyd.mybluehost.me\/reanpackaging.com\/product\/ready-roll-geami-protective-paper-cushioning-wrap-bubble-alternative-honeycomb-wrap-shipping-moving-supply-gift-wrapping\/"},"modified":"2024-10-01T16:58:49","modified_gmt":"2024-10-01T16:58:49","slug":"ready-roll-geami-protective-paper-cushioning-wrap-bubble-alternative-honeycomb-wrap-shipping-moving-supply-gift-wrapping","status":"publish","type":"product","link":"https:\/\/reanpackaging.com\/pl\/produkt\/gotowa-rolka-geami-papier-ochronny-folia-babelkowa-alternatywna-folia-o-strukturze-plastra-miodu-wysylka-dostawa-przeprowadzka-pakowanie-prezentow\/","title":{"rendered":"Gotowa rolka papieru ochronnego geami folia b\u0105belkowa alternatywna folia o strukturze plastra miodu wysy\u0142ka dostawa przeprowadzka pakowanie prezent\u00f3w"},"content":{"rendered":"<h4>Atrybuty specyficzne dla bran\u017cy<\/h4>\n<table border=\"1\">\n<tbody>\n<tr>\n<td><strong>Rodzaj papieru<\/strong><\/td>\n<td>papier siarczanowy<\/td>\n<\/tr>\n<tr>\n<td><strong>Cecha<\/strong><\/td>\n<td>Odporno\u015b\u0107 na wilgo\u0107<\/td>\n<\/tr>\n<\/tbody>\n<\/table>\n<h4>Inne atrybuty<\/h4>\n<table border=\"1\">\n<tbody>\n<tr>\n<td><strong>Materia\u0142 celulozowy<\/strong><\/td>\n<td>Miazga drzewna<\/td>\n<\/tr>\n<tr>\n<td><strong>Pulp Style<\/strong><\/td>\n<td>Z recyklingu<\/td>\n<\/tr>\n<tr>\n<td><strong>Typ roztwarzania<\/strong><\/td>\n<td>Miazga chemiczno-mechaniczna<\/td>\n<\/tr>\n<tr>\n<td><strong>Rozmiar<\/strong><\/td>\n<td>Inne<\/td>\n<\/tr>\n<tr>\n<td><strong>Pow\u0142oka<\/strong><\/td>\n<td>Niepowlekany<\/td>\n<\/tr>\n<tr>\n<td><strong>Kompatybilne drukowanie<\/strong><\/td>\n<td>Sitodruk<\/td>\n<\/tr>\n<tr>\n<td><strong>Zam\u00f3wienie niestandardowe<\/strong><\/td>\n<td>Akceptuj<\/td>\n<\/tr>\n<tr>\n<td><strong>Kolor<\/strong><\/td>\n<td>BROWN<\/td>\n<\/tr>\n<tr>\n<td><strong>Certyfikacja<\/strong><\/td>\n<td>BSCI<\/td>\n<\/tr>\n<tr>\n<td><strong>Pr\u00f3bka<\/strong><\/td>\n<td>Dostarczane bezp\u0142atnie<\/td>\n<\/tr>\n<tr>\n<td><strong>Port<\/strong><\/td>\n<td>Ningbo<\/td>\n<\/tr>\n<tr>\n<td><strong>Czas produkcji<\/strong><\/td>\n<td>15 dni<\/td>\n<\/tr>\n<tr>\n<td><strong>Logo<\/strong><\/td>\n<td>Drukuj niestandardowe logo<\/td>\n<\/tr>\n<tr>\n<td><strong>S\u0142owo kluczowe<\/strong><\/td>\n<td>Plastikowa przezroczysta kosmetyczka do wypr\u00f3bowania<\/td>\n<\/tr>\n<tr>\n<td><strong>Pakowanie<\/strong><\/td>\n<td>Worek termokurczliwy\/opp<\/td>\n<\/tr>\n<tr>\n<td><strong>Rozmiar<\/strong><\/td>\n<td>dostosowany<\/td>\n<\/tr>\n<tr>\n<td><strong>MOQ<\/strong><\/td>\n<td>500 rolek<\/td>\n<\/tr>\n<\/tbody>\n<\/table>\n<p><img fetchpriority=\"high\" decoding=\"async\" class=\"alignnone  wp-image-7076\" src=\"http:\/\/ibn.wyd.mybluehost.me\/reanpackaging.com\/wp-content\/uploads\/2023\/09\/d-description-Ready-Roll-Geami-Protective-Paper-Cushioning-Wrap-Bubble-Alternative-Honeycomb-Wrap-Shipping-Moving-Supply-Gift-Wrapping-300x300.jpg\" alt=\"gotowa rolka geami papier ochronny folia b\u0105belkowa alternatywna folia o strukturze plastra miodu wysy\u0142ka dostawa przeprowadzka pakowanie prezent\u00f3w\" width=\"1303\" height=\"1303\" srcset=\"https:\/\/reanpackaging.com\/wp-content\/uploads\/2023\/09\/d-description-Ready-Roll-Geami-Protective-Paper-Cushioning-Wrap-Bubble-Alternative-Honeycomb-Wrap-Shipping-Moving-Supply-Gift-Wrapping-300x300.jpg 300w, https:\/\/reanpackaging.com\/wp-content\/uploads\/2023\/09\/d-description-Ready-Roll-Geami-Protective-Paper-Cushioning-Wrap-Bubble-Alternative-Honeycomb-Wrap-Shipping-Moving-Supply-Gift-Wrapping-150x150.jpg 150w, https:\/\/reanpackaging.com\/wp-content\/uploads\/2023\/09\/d-description-Ready-Roll-Geami-Protective-Paper-Cushioning-Wrap-Bubble-Alternative-Honeycomb-Wrap-Shipping-Moving-Supply-Gift-Wrapping-768x768.jpg 768w, https:\/\/reanpackaging.com\/wp-content\/uploads\/2023\/09\/d-description-Ready-Roll-Geami-Protective-Paper-Cushioning-Wrap-Bubble-Alternative-Honeycomb-Wrap-Shipping-Moving-Supply-Gift-Wrapping-600x600.jpg 600w, https:\/\/reanpackaging.com\/wp-content\/uploads\/2023\/09\/d-description-Ready-Roll-Geami-Protective-Paper-Cushioning-Wrap-Bubble-Alternative-Honeycomb-Wrap-Shipping-Moving-Supply-Gift-Wrapping-100x100.jpg 100w, https:\/\/reanpackaging.com\/wp-content\/uploads\/2023\/09\/d-description-Ready-Roll-Geami-Protective-Paper-Cushioning-Wrap-Bubble-Alternative-Honeycomb-Wrap-Shipping-Moving-Supply-Gift-Wrapping.jpg 1000w\" sizes=\"(max-width: 1303px) 100vw, 1303px\" \/><\/p>\n<p><img decoding=\"async\" class=\"alignnone  wp-image-7073\" src=\"http:\/\/ibn.wyd.mybluehost.me\/reanpackaging.com\/wp-content\/uploads\/2023\/09\/c-description-Ready-Roll-Geami-Protective-Paper-Cushioning-Wrap-Bubble-Alternative-Honeycomb-Wrap-Shipping-Moving-Supply-Gift-Wrapping-300x296.jpg\" alt=\"gotowa rolka geami papier ochronny folia b\u0105belkowa alternatywna folia o strukturze plastra miodu wysy\u0142ka dostawa przeprowadzka pakowanie prezent\u00f3w\" width=\"1304\" height=\"1287\" srcset=\"https:\/\/reanpackaging.com\/wp-content\/uploads\/2023\/09\/c-description-Ready-Roll-Geami-Protective-Paper-Cushioning-Wrap-Bubble-Alternative-Honeycomb-Wrap-Shipping-Moving-Supply-Gift-Wrapping-300x296.jpg 300w, https:\/\/reanpackaging.com\/wp-content\/uploads\/2023\/09\/c-description-Ready-Roll-Geami-Protective-Paper-Cushioning-Wrap-Bubble-Alternative-Honeycomb-Wrap-Shipping-Moving-Supply-Gift-Wrapping-600x591.jpg 600w, https:\/\/reanpackaging.com\/wp-content\/uploads\/2023\/09\/c-description-Ready-Roll-Geami-Protective-Paper-Cushioning-Wrap-Bubble-Alternative-Honeycomb-Wrap-Shipping-Moving-Supply-Gift-Wrapping-100x100.jpg 100w\" sizes=\"(max-width: 1304px) 100vw, 1304px\" \/><\/p>\n<p><img decoding=\"async\" class=\"alignnone  wp-image-7071\" src=\"http:\/\/ibn.wyd.mybluehost.me\/reanpackaging.com\/wp-content\/uploads\/2023\/09\/b-description-Ready-Roll-Geami-Protective-Paper-Cushioning-Wrap-Bubble-Alternative-Honeycomb-Wrap-Shipping-Moving-Supply-Gift-Wrapping-300x300.jpg\" alt=\"gotowa rolka geami papier ochronny folia b\u0105belkowa alternatywna folia o strukturze plastra miodu wysy\u0142ka dostawa przeprowadzka pakowanie prezent\u00f3w\" width=\"1303\" height=\"1303\" srcset=\"https:\/\/reanpackaging.com\/wp-content\/uploads\/2023\/09\/b-description-Ready-Roll-Geami-Protective-Paper-Cushioning-Wrap-Bubble-Alternative-Honeycomb-Wrap-Shipping-Moving-Supply-Gift-Wrapping-300x300.jpg 300w, https:\/\/reanpackaging.com\/wp-content\/uploads\/2023\/09\/b-description-Ready-Roll-Geami-Protective-Paper-Cushioning-Wrap-Bubble-Alternative-Honeycomb-Wrap-Shipping-Moving-Supply-Gift-Wrapping-150x150.jpg 150w, https:\/\/reanpackaging.com\/wp-content\/uploads\/2023\/09\/b-description-Ready-Roll-Geami-Protective-Paper-Cushioning-Wrap-Bubble-Alternative-Honeycomb-Wrap-Shipping-Moving-Supply-Gift-Wrapping-768x768.jpg 768w, https:\/\/reanpackaging.com\/wp-content\/uploads\/2023\/09\/b-description-Ready-Roll-Geami-Protective-Paper-Cushioning-Wrap-Bubble-Alternative-Honeycomb-Wrap-Shipping-Moving-Supply-Gift-Wrapping-600x600.jpg 600w, https:\/\/reanpackaging.com\/wp-content\/uploads\/2023\/09\/b-description-Ready-Roll-Geami-Protective-Paper-Cushioning-Wrap-Bubble-Alternative-Honeycomb-Wrap-Shipping-Moving-Supply-Gift-Wrapping-100x100.jpg 100w, https:\/\/reanpackaging.com\/wp-content\/uploads\/2023\/09\/b-description-Ready-Roll-Geami-Protective-Paper-Cushioning-Wrap-Bubble-Alternative-Honeycomb-Wrap-Shipping-Moving-Supply-Gift-Wrapping.jpg 1000w\" sizes=\"(max-width: 1303px) 100vw, 1303px\" \/><\/p>\n<p><img loading=\"lazy\" decoding=\"async\" class=\"alignnone  wp-image-7068\" src=\"http:\/\/ibn.wyd.mybluehost.me\/reanpackaging.com\/wp-content\/uploads\/2023\/09\/a-description-Ready-Roll-Geami-Protective-Paper-Cushioning-Wrap-Bubble-Alternative-Honeycomb-Wrap-Shipping-Moving-Supply-Gift-Wrapping-225x300.jpg\" alt=\"gotowa rolka geami papier ochronny folia b\u0105belkowa alternatywna folia o strukturze plastra miodu wysy\u0142ka dostawa przeprowadzka pakowanie prezent\u00f3w\" width=\"1305\" height=\"1740\" srcset=\"https:\/\/reanpackaging.com\/wp-content\/uploads\/2023\/09\/a-description-Ready-Roll-Geami-Protective-Paper-Cushioning-Wrap-Bubble-Alternative-Honeycomb-Wrap-Shipping-Moving-Supply-Gift-Wrapping-225x300.jpg 225w, https:\/\/reanpackaging.com\/wp-content\/uploads\/2023\/09\/a-description-Ready-Roll-Geami-Protective-Paper-Cushioning-Wrap-Bubble-Alternative-Honeycomb-Wrap-Shipping-Moving-Supply-Gift-Wrapping-768x1024.jpg 768w, https:\/\/reanpackaging.com\/wp-content\/uploads\/2023\/09\/a-description-Ready-Roll-Geami-Protective-Paper-Cushioning-Wrap-Bubble-Alternative-Honeycomb-Wrap-Shipping-Moving-Supply-Gift-Wrapping-600x800.jpg 600w, https:\/\/reanpackaging.com\/wp-content\/uploads\/2023\/09\/a-description-Ready-Roll-Geami-Protective-Paper-Cushioning-Wrap-Bubble-Alternative-Honeycomb-Wrap-Shipping-Moving-Supply-Gift-Wrapping.jpg 1000w\" sizes=\"(max-width: 1305px) 100vw, 1305px\" \/><\/p>","protected":false},"excerpt":{"rendered":"<p>Industry-Specific Attributes Paper Type kraft paper Feature Moisture Proof Other Attributes Pulp Material Wood Pulp Pulp Style Recycled Pulping Type Chemical-Mechanical Pulp Size Other Coating Uncoated Compatible Printing Screen Printing Custom Order Accept Color BROWN Certification BSCI Sample Freely Provided Port Ningbo Produce time 15days Logo Print Custom Logo Keyword Plastic clear cosmetic orgnazier try [&hellip;]<\/p>\n","protected":false},"featured_media":6877,"template":"","meta":{"_seopress_robots_primary_cat":"none","_seopress_titles_title":"","_seopress_titles_desc":"","_seopress_robots_index":"","site-sidebar-layout":"default","site-content-layout":"default","ast-site-content-layout":"default","site-content-style":"default","site-sidebar-style":"default","ast-global-header-display":"","ast-banner-title-visibility":"","ast-main-header-display":"","ast-hfb-above-header-display":"","ast-hfb-below-header-display":"","ast-hfb-mobile-header-display":"","site-post-title":"","ast-breadcrumbs-content":"","ast-featured-img":"","footer-sml-layout":"","ast-disable-related-posts":"","theme-transparent-header-meta":"default","adv-header-id-meta":"","stick-header-meta":"default","header-above-stick-meta":"","header-main-stick-meta":"","header-below-stick-meta":"","astra-migrate-meta-layouts":"set","ast-page-background-enabled":"default","ast-page-background-meta":{"desktop":{"background-color":"","background-image":"","background-repeat":"repeat","background-position":"center center","background-size":"auto","background-attachment":"scroll","background-type":"","background-media":"","overlay-type":"","overlay-color":"","overlay-opacity":"","overlay-gradient":""},"tablet":{"background-color":"","background-image":"","background-repeat":"repeat","background-position":"center center","background-size":"auto","background-attachment":"scroll","background-type":"","background-media":"","overlay-type":"","overlay-color":"","overlay-opacity":"","overlay-gradient":""},"mobile":{"background-color":"","background-image":"","background-repeat":"repeat","background-position":"center center","background-size":"auto","background-attachment":"scroll","background-type":"","background-media":"","overlay-type":"","overlay-color":"","overlay-opacity":"","overlay-gradient":""}},"ast-content-background-meta":{"desktop":{"background-color":"var(--ast-global-color-5)","background-image":"","background-repeat":"repeat","background-position":"center center","background-size":"auto","background-attachment":"scroll","background-type":"","background-media":"","overlay-type":"","overlay-color":"","overlay-opacity":"","overlay-gradient":""},"tablet":{"background-color":"var(--ast-global-color-5)","background-image":"","background-repeat":"repeat","background-position":"center center","background-size":"auto","background-attachment":"scroll","background-type":"","background-media":"","overlay-type":"","overlay-color":"","overlay-opacity":"","overlay-gradient":""},"mobile":{"background-color":"var(--ast-global-color-5)","background-image":"","background-repeat":"repeat","background-position":"center center","background-size":"auto","background-attachment":"scroll","background-type":"","background-media":"","overlay-type":"","overlay-color":"","overlay-opacity":"","overlay-gradient":""}}},"product_brand":[],"product_cat":[45],"product_tag":[],"class_list":{"0":"post-6918","1":"product","2":"type-product","3":"status-publish","4":"has-post-thumbnail","6":"product_cat-bubble-wrap","7":"desktop-align-left","8":"tablet-align-left","9":"mobile-align-left","10":"ast-product-gallery-layout-horizontal","11":"ast-product-tabs-layout-horizontal","13":"first","14":"instock","15":"purchasable","16":"product-type-simple"},"_links":{"self":[{"href":"https:\/\/reanpackaging.com\/pl\/wp-json\/wp\/v2\/product\/6918","targetHints":{"allow":["GET"]}}],"collection":[{"href":"https:\/\/reanpackaging.com\/pl\/wp-json\/wp\/v2\/product"}],"about":[{"href":"https:\/\/reanpackaging.com\/pl\/wp-json\/wp\/v2\/types\/product"}],"wp:featuredmedia":[{"embeddable":true,"href":"https:\/\/reanpackaging.com\/pl\/wp-json\/wp\/v2\/media\/6877"}],"wp:attachment":[{"href":"https:\/\/reanpackaging.com\/pl\/wp-json\/wp\/v2\/media?parent=6918"}],"wp:term":[{"taxonomy":"product_brand","embeddable":true,"href":"https:\/\/reanpackaging.com\/pl\/wp-json\/wp\/v2\/product_brand?post=6918"},{"taxonomy":"product_cat","embeddable":true,"href":"https:\/\/reanpackaging.com\/pl\/wp-json\/wp\/v2\/product_cat?post=6918"},{"taxonomy":"product_tag","embeddable":true,"href":"https:\/\/reanpackaging.com\/pl\/wp-json\/wp\/v2\/product_tag?post=6918"}],"curies":[{"name":"wp","href":"https:\/\/api.w.org\/{rel}","templated":true}]}}