{"id":7445,"date":"2023-09-23T08:35:21","date_gmt":"2023-09-23T08:35:21","guid":{"rendered":"http:\/\/ibn.wyd.mybluehost.me\/reanpackaging.com\/product\/custom-wholesale-make-printed-cute-kawaii-rose-gold-foil-washi-masking-paper-tape-japanese-washi-tape-custom\/"},"modified":"2024-10-01T16:57:48","modified_gmt":"2024-10-01T16:57:48","slug":"custom-wholesale-make-printed-cute-kawaii-rose-gold-foil-washi-masking-paper-tape-japanese-washi-tape-custom","status":"publish","type":"product","link":"https:\/\/reanpackaging.com\/pl\/produkt\/niestandardowa-sprzedaz-hurtowa-drukowane-slodkie-kawaii-rozowe-zloto-folia-washi-maskujaca-tasma-papierowa-japonska-tasma-washi-niestandardowa\/","title":{"rendered":"Niestandardowa hurtownia Make Printed Cute kawaii Rose Gold Foil Washi Masking Paper Tape, japo\u0144ska ta\u015bma Washi Tape Custom"},"content":{"rendered":"<h4>Atrybuty specyficzne dla bran\u017cy<\/h4>\n<table border=\"1\">\n<tr>\n<td><strong>Klej<\/strong><\/td>\n<td>Silikon<\/td>\n<\/tr>\n<tr>\n<td><strong>Strona klej\u0105ca<\/strong><\/td>\n<td>Jednostronny<\/td>\n<\/tr>\n<tr>\n<td><strong>Rodzaj kleju<\/strong><\/td>\n<td>Wra\u017cliwy na nacisk<\/td>\n<\/tr>\n<tr>\n<td><strong>Design Printing<\/strong><\/td>\n<td>Drukowanie ofert<\/td>\n<\/tr>\n<tr>\n<td><strong>Materia\u0142<\/strong><\/td>\n<td>Papier ry\u017cowy<\/td>\n<\/tr>\n<tr>\n<td><strong>Cecha<\/strong><\/td>\n<td>Wodoodporny<\/td>\n<\/tr>\n<tr>\n<td><strong>U\u017cycie<\/strong><\/td>\n<td>MASKOWANIE<\/td>\n<\/tr>\n<\/table>\n<h4>Inne atrybuty<\/h4>\n<table border=\"1\">\n<tr>\n<td><strong>Materia\u0142<\/strong><\/td>\n<td>Papier<\/td>\n<\/tr>\n<tr>\n<td><strong>Kolor<\/strong><\/td>\n<td>CMYK<\/td>\n<\/tr>\n<tr>\n<td><strong>Szeroko\u015b\u0107<\/strong><\/td>\n<td>12-72 mm<\/td>\n<\/tr>\n<tr>\n<td><strong>D\u0142ugo\u015b\u0107<\/strong><\/td>\n<td>1-5m<\/td>\n<\/tr>\n<tr>\n<td><strong>Grubo\u015b\u0107<\/strong><\/td>\n<td>35mic-65mic<\/td>\n<\/tr>\n<tr>\n<td><strong>Zastosowanie<\/strong><\/td>\n<td>R\u0119kodzie\u0142o DIY<\/td>\n<\/tr>\n<tr>\n<td><strong>Typ<\/strong><\/td>\n<td>Og\u00f3lne u\u017cywane<\/td>\n<\/tr>\n<tr>\n<td><strong>Rdze\u0144<\/strong><\/td>\n<td>38,5 mm<\/td>\n<\/tr>\n<tr>\n<td><strong>Pakowanie<\/strong><\/td>\n<td>36 rolek\/48 rolek\/72 rolki\/ctn na zam\u00f3wienie<\/td>\n<\/tr>\n<tr>\n<td><strong>Logo<\/strong><\/td>\n<td>Dostosowane<\/td>\n<\/tr>\n<\/table>\n<p><img decoding=\"async\" class=\"detail-desc-decorate-image\" src=\"http:\/\/ibn.wyd.mybluehost.me\/reanpackaging.com\/wp-content\/uploads\/2023\/09\/1-description-Custom-Wholesale-Make-Printed-Cute-Kawaii-Rose-Gold-Foil-Washi-Masking-Paper-Tape-Japanese-Washi-Tape-Custom.jpg\" slate-data-type=\"image\" style=\"max-width: 100%; height: auto; margin: 0 auto 5px;\"><br \/>\n<img decoding=\"async\" class=\"detail-desc-decorate-image\" src=\"http:\/\/ibn.wyd.mybluehost.me\/reanpackaging.com\/wp-content\/uploads\/2023\/09\/2-description-Custom-Wholesale-Make-Printed-Cute-Kawaii-Rose-Gold-Foil-Washi-Masking-Paper-Tape-Japanese-Washi-Tape-Custom.jpg\" slate-data-type=\"image\" style=\"max-width: 100%; height: auto; margin: 0 auto 5px;\"><br \/>\n<img decoding=\"async\" class=\"detail-desc-decorate-image\" src=\"http:\/\/ibn.wyd.mybluehost.me\/reanpackaging.com\/wp-content\/uploads\/2023\/09\/3-description-Custom-Wholesale-Make-Printed-Cute-Kawaii-Rose-Gold-Foil-Washi-Masking-Paper-Tape-Japanese-Washi-Tape-Custom.jpg\" slate-data-type=\"image\" style=\"max-width: 100%; height: auto; margin: 0 auto 5px;\"><br \/>\n<img decoding=\"async\" class=\"detail-desc-decorate-image\" src=\"http:\/\/ibn.wyd.mybluehost.me\/reanpackaging.com\/wp-content\/uploads\/2023\/09\/4-description-Custom-Wholesale-Make-Printed-Cute-Kawaii-Rose-Gold-Foil-Washi-Masking-Paper-Tape-Japanese-Washi-Tape-Custom.jpg\" slate-data-type=\"image\" style=\"max-width: 100%; height: auto; margin: 0 auto 5px;\"><br \/>\n<img decoding=\"async\" class=\"detail-desc-decorate-image\" src=\"http:\/\/ibn.wyd.mybluehost.me\/reanpackaging.com\/wp-content\/uploads\/2023\/09\/5-description-Custom-Wholesale-Make-Printed-Cute-Kawaii-Rose-Gold-Foil-Washi-Masking-Paper-Tape-Japanese-Washi-Tape-Custom.jpg\" slate-data-type=\"image\" style=\"max-width: 100%; height: auto; margin: 0 auto 5px;\"><br \/>\n<img decoding=\"async\" class=\"detail-desc-decorate-image\" src=\"http:\/\/ibn.wyd.mybluehost.me\/reanpackaging.com\/wp-content\/uploads\/2023\/09\/6-description-Custom-Wholesale-Make-Printed-Cute-Kawaii-Rose-Gold-Foil-Washi-Masking-Paper-Tape-Japanese-Washi-Tape-Custom.jpg\" slate-data-type=\"image\" style=\"max-width: 100%; height: auto; margin: 0 auto 5px;\"><\/p>","protected":false},"excerpt":{"rendered":"<p>Industry-Specific Attributes Adhesive Silicone Adhesive Side Single Sided Adhesive Type Pressure Sensitive Design Printing Offer Printing Material Rice Paper Feature Waterproof Use MASKING Other Attributes Material Paper Color CMYK Width 12-72mm Length 1-5m Thickness 35mic-65mic Application DIY Crafts Type General Used Core 38.5mm Packing 36rolls\/48rolls\/72rolls\/ctn customized Logo Customized<\/p>","protected":false},"featured_media":7358,"template":"","meta":{"_seopress_robots_primary_cat":"none","_seopress_titles_title":"","_seopress_titles_desc":"","_seopress_robots_index":"","site-sidebar-layout":"default","site-content-layout":"","ast-site-content-layout":"default","site-content-style":"default","site-sidebar-style":"default","ast-global-header-display":"","ast-banner-title-visibility":"","ast-main-header-display":"","ast-hfb-above-header-display":"","ast-hfb-below-header-display":"","ast-hfb-mobile-header-display":"","site-post-title":"","ast-breadcrumbs-content":"","ast-featured-img":"","footer-sml-layout":"","ast-disable-related-posts":"","theme-transparent-header-meta":"default","adv-header-id-meta":"","stick-header-meta":"default","header-above-stick-meta":"","header-main-stick-meta":"","header-below-stick-meta":"","astra-migrate-meta-layouts":"set","ast-page-background-enabled":"default","ast-page-background-meta":{"desktop":{"background-color":"","background-image":"","background-repeat":"repeat","background-position":"center center","background-size":"auto","background-attachment":"scroll","background-type":"","background-media":"","overlay-type":"","overlay-color":"","overlay-opacity":"","overlay-gradient":""},"tablet":{"background-color":"","background-image":"","background-repeat":"repeat","background-position":"center center","background-size":"auto","background-attachment":"scroll","background-type":"","background-media":"","overlay-type":"","overlay-color":"","overlay-opacity":"","overlay-gradient":""},"mobile":{"background-color":"","background-image":"","background-repeat":"repeat","background-position":"center center","background-size":"auto","background-attachment":"scroll","background-type":"","background-media":"","overlay-type":"","overlay-color":"","overlay-opacity":"","overlay-gradient":""}},"ast-content-background-meta":{"desktop":{"background-color":"var(--ast-global-color-5)","background-image":"","background-repeat":"repeat","background-position":"center center","background-size":"auto","background-attachment":"scroll","background-type":"","background-media":"","overlay-type":"","overlay-color":"","overlay-opacity":"","overlay-gradient":""},"tablet":{"background-color":"var(--ast-global-color-5)","background-image":"","background-repeat":"repeat","background-position":"center center","background-size":"auto","background-attachment":"scroll","background-type":"","background-media":"","overlay-type":"","overlay-color":"","overlay-opacity":"","overlay-gradient":""},"mobile":{"background-color":"var(--ast-global-color-5)","background-image":"","background-repeat":"repeat","background-position":"center center","background-size":"auto","background-attachment":"scroll","background-type":"","background-media":"","overlay-type":"","overlay-color":"","overlay-opacity":"","overlay-gradient":""}}},"product_brand":[],"product_cat":[46],"product_tag":[],"class_list":{"0":"post-7445","1":"product","2":"type-product","3":"status-publish","4":"has-post-thumbnail","6":"product_cat-custom-print-tape","7":"desktop-align-left","8":"tablet-align-left","9":"mobile-align-left","10":"ast-product-gallery-layout-horizontal","11":"ast-product-tabs-layout-horizontal","13":"first","14":"instock","15":"purchasable","16":"product-type-simple"},"_links":{"self":[{"href":"https:\/\/reanpackaging.com\/pl\/wp-json\/wp\/v2\/product\/7445","targetHints":{"allow":["GET"]}}],"collection":[{"href":"https:\/\/reanpackaging.com\/pl\/wp-json\/wp\/v2\/product"}],"about":[{"href":"https:\/\/reanpackaging.com\/pl\/wp-json\/wp\/v2\/types\/product"}],"wp:featuredmedia":[{"embeddable":true,"href":"https:\/\/reanpackaging.com\/pl\/wp-json\/wp\/v2\/media\/7358"}],"wp:attachment":[{"href":"https:\/\/reanpackaging.com\/pl\/wp-json\/wp\/v2\/media?parent=7445"}],"wp:term":[{"taxonomy":"product_brand","embeddable":true,"href":"https:\/\/reanpackaging.com\/pl\/wp-json\/wp\/v2\/product_brand?post=7445"},{"taxonomy":"product_cat","embeddable":true,"href":"https:\/\/reanpackaging.com\/pl\/wp-json\/wp\/v2\/product_cat?post=7445"},{"taxonomy":"product_tag","embeddable":true,"href":"https:\/\/reanpackaging.com\/pl\/wp-json\/wp\/v2\/product_tag?post=7445"}],"curies":[{"name":"wp","href":"https:\/\/api.w.org\/{rel}","templated":true}]}}