{"id":7741,"date":"2023-09-23T10:47:33","date_gmt":"2023-09-23T10:47:33","guid":{"rendered":"http:\/\/ibn.wyd.mybluehost.me\/reanpackaging.com\/product\/printed-eco-grocery-printable-gift-reusable-recycled-non-woven-laminate-promotional-custom-non-woven-shopping-tote-bag-with-logo\/"},"modified":"2023-09-23T12:29:13","modified_gmt":"2023-09-23T12:29:13","slug":"printed-eco-grocery-printable-gift-reusable-recycled-non-woven-laminate-promotional-custom-non-woven-shopping-tote-bag-with-logo","status":"publish","type":"product","link":"https:\/\/reanpackaging.com\/pl\/produkt\/printed-eco-grocery-printable-gift-reusable-recycled-non-woven-laminate-promotional-custom-non-woven-shopping-tote-bag-with-logo\/","title":{"rendered":"Ekologiczna torba na zakupy z nadrukowanym logo, wielokrotnego u\u017cytku, z recyklingu, z laminatu, promocyjna, niestandardowa torba na zakupy z logo z w\u0142\u00f3kniny"},"content":{"rendered":"<h4>Atrybuty specyficzne dla bran\u017cy<\/h4>\n<table border=\"1\">\n<tbody>\n<tr>\n<td><strong>Materia\u0142<\/strong><\/td>\n<td>W\u0142\u00f3knina<\/td>\n<\/tr>\n<\/tbody>\n<\/table>\n<h4>Inne atrybuty<\/h4>\n<table border=\"1\">\n<tbody>\n<tr>\n<td><strong>Styl<\/strong><\/td>\n<td>Obs\u0142ugiwany<\/td>\n<\/tr>\n<tr>\n<td><strong>Typ wzoru<\/strong><\/td>\n<td>Dostosuj<\/td>\n<\/tr>\n<tr>\n<td><strong>Rozmiar<\/strong><\/td>\n<td>\u015aredni (30-50 cm)<\/td>\n<\/tr>\n<tr>\n<td><strong>Nazwa produktu<\/strong><\/td>\n<td>nietkane torby na zakupy z logo<\/td>\n<\/tr>\n<tr>\n<td><strong>Materia\u0142<\/strong><\/td>\n<td>w\u0142\u00f3knina<\/td>\n<\/tr>\n<tr>\n<td><strong>MOQ<\/strong><\/td>\n<td>500szt.<\/td>\n<\/tr>\n<tr>\n<td><strong>Uchwyt<\/strong><\/td>\n<td>Obs\u0142ugiwany<\/td>\n<\/tr>\n<tr>\n<td><strong>OEM\/ODM<\/strong><\/td>\n<td>Tak<\/td>\n<\/tr>\n<tr>\n<td><strong>Port<\/strong><\/td>\n<td>Ningbo\/Szanghaj<\/td>\n<\/tr>\n<tr>\n<td><strong>Kolor<\/strong><\/td>\n<td>Zgodnie z wymaganiami kupuj\u0105cego<\/td>\n<\/tr>\n<tr>\n<td><strong>U\u017cycie<\/strong><\/td>\n<td>Zakupy, prezent promocyjny, pakowanie<\/td>\n<\/tr>\n<tr>\n<td><strong>Cecha<\/strong><\/td>\n<td>Przyjazny dla \u015brodowiska i ekonomiczny<\/td>\n<\/tr>\n<tr>\n<td><strong>Drukowanie<\/strong><\/td>\n<td>Kolor CMYK lub Pantone<\/td>\n<\/tr>\n<\/tbody>\n<\/table>\n<p><img decoding=\"async\" class=\"detail-desc-decorate-image aligncenter\" style=\"max-width: 100%; height: auto; margin: 0 auto 5px;\" src=\"http:\/\/ibn.wyd.mybluehost.me\/reanpackaging.com\/wp-content\/uploads\/2023\/09\/1-description-Printed-Eco-Grocery-Printable-Gift-Reusable-Recycled-Non-Woven-Laminate-Promotional-Custom-Non-Woven-Shopping-Tote-Bag-With-Logo.jpg\" \/><br \/>\n<img decoding=\"async\" class=\"detail-desc-decorate-image aligncenter\" style=\"max-width: 100%; height: auto; margin: 0 auto 5px;\" src=\"http:\/\/ibn.wyd.mybluehost.me\/reanpackaging.com\/wp-content\/uploads\/2023\/09\/2-description-Printed-Eco-Grocery-Printable-Gift-Reusable-Recycled-Non-Woven-Laminate-Promotional-Custom-Non-Woven-Shopping-Tote-Bag-With-Logo.jpg\" \/><br \/>\n<img decoding=\"async\" class=\"detail-desc-decorate-image aligncenter\" style=\"max-width: 100%; height: auto; margin: 0 auto 5px;\" src=\"http:\/\/ibn.wyd.mybluehost.me\/reanpackaging.com\/wp-content\/uploads\/2023\/09\/3-description-Printed-Eco-Grocery-Printable-Gift-Reusable-Recycled-Non-Woven-Laminate-Promotional-Custom-Non-Woven-Shopping-Tote-Bag-With-Logo.jpg\" \/><br \/>\n<img decoding=\"async\" class=\"detail-desc-decorate-image aligncenter\" style=\"max-width: 100%; height: auto; margin: 0 auto 5px;\" src=\"http:\/\/ibn.wyd.mybluehost.me\/reanpackaging.com\/wp-content\/uploads\/2023\/09\/4-description-Printed-Eco-Grocery-Printable-Gift-Reusable-Recycled-Non-Woven-Laminate-Promotional-Custom-Non-Woven-Shopping-Tote-Bag-With-Logo.jpg\" \/><br \/>\n<img decoding=\"async\" class=\"detail-desc-decorate-image aligncenter\" style=\"max-width: 100%; height: auto; margin: 0 auto 5px;\" src=\"http:\/\/ibn.wyd.mybluehost.me\/reanpackaging.com\/wp-content\/uploads\/2023\/09\/5-description-Printed-Eco-Grocery-Printable-Gift-Reusable-Recycled-Non-Woven-Laminate-Promotional-Custom-Non-Woven-Shopping-Tote-Bag-With-Logo.jpg\" \/><br \/>\n<img decoding=\"async\" class=\"detail-desc-decorate-image aligncenter\" style=\"max-width: 100%; height: auto; margin: 0 auto 5px;\" src=\"http:\/\/ibn.wyd.mybluehost.me\/reanpackaging.com\/wp-content\/uploads\/2023\/09\/6-description-Printed-Eco-Grocery-Printable-Gift-Reusable-Recycled-Non-Woven-Laminate-Promotional-Custom-Non-Woven-Shopping-Tote-Bag-With-Logo.jpg\" \/><br \/>\n<img decoding=\"async\" class=\"detail-desc-decorate-image aligncenter\" style=\"max-width: 100%; height: auto; margin: 0 auto 5px;\" src=\"http:\/\/ibn.wyd.mybluehost.me\/reanpackaging.com\/wp-content\/uploads\/2023\/09\/7-description-Printed-Eco-Grocery-Printable-Gift-Reusable-Recycled-Non-Woven-Laminate-Promotional-Custom-Non-Woven-Shopping-Tote-Bag-With-Logo.jpg\" \/><\/p>","protected":false},"excerpt":{"rendered":"<p>Atrybuty specyficzne dla bran\u017cy Materia\u0142 W\u0142\u00f3knina Inne atrybuty Styl Uchwyt Typ wzoru Dostosuj Rozmiar \u015aredni (30-50 cm) Nazwa produktu W\u0142\u00f3kninowe torby na zakupy z logo Materia\u0142 W\u0142\u00f3knina MOQ 500szt Uchwyt Obs\u0142ugiwany OEM \/ ODM Tak Port Ningbo \/ Szanghaj Kolor Zgodnie z wymaganiami kupuj\u0105cego Zastosowanie Zakupy, upominek promocyjny, pakowanie Cecha Przyjazny dla \u015brodowiska i ekonomiczny druk Kolor CMYK lub Pantone<\/p>","protected":false},"featured_media":7700,"template":"","meta":{"_seopress_robots_primary_cat":"none","_seopress_titles_title":"","_seopress_titles_desc":"","_seopress_robots_index":"","site-sidebar-layout":"default","site-content-layout":"default","ast-site-content-layout":"default","site-content-style":"default","site-sidebar-style":"default","ast-global-header-display":"","ast-banner-title-visibility":"","ast-main-header-display":"","ast-hfb-above-header-display":"","ast-hfb-below-header-display":"","ast-hfb-mobile-header-display":"","site-post-title":"","ast-breadcrumbs-content":"","ast-featured-img":"","footer-sml-layout":"","ast-disable-related-posts":"","theme-transparent-header-meta":"default","adv-header-id-meta":"","stick-header-meta":"default","header-above-stick-meta":"","header-main-stick-meta":"","header-below-stick-meta":"","astra-migrate-meta-layouts":"default","ast-page-background-enabled":"default","ast-page-background-meta":{"desktop":{"background-color":"","background-image":"","background-repeat":"repeat","background-position":"center center","background-size":"auto","background-attachment":"scroll","background-type":"","background-media":"","overlay-type":"","overlay-color":"","overlay-opacity":"","overlay-gradient":""},"tablet":{"background-color":"","background-image":"","background-repeat":"repeat","background-position":"center center","background-size":"auto","background-attachment":"scroll","background-type":"","background-media":"","overlay-type":"","overlay-color":"","overlay-opacity":"","overlay-gradient":""},"mobile":{"background-color":"","background-image":"","background-repeat":"repeat","background-position":"center center","background-size":"auto","background-attachment":"scroll","background-type":"","background-media":"","overlay-type":"","overlay-color":"","overlay-opacity":"","overlay-gradient":""}},"ast-content-background-meta":{"desktop":{"background-color":"var(--ast-global-color-5)","background-image":"","background-repeat":"repeat","background-position":"center center","background-size":"auto","background-attachment":"scroll","background-type":"","background-media":"","overlay-type":"","overlay-color":"","overlay-opacity":"","overlay-gradient":""},"tablet":{"background-color":"var(--ast-global-color-5)","background-image":"","background-repeat":"repeat","background-position":"center center","background-size":"auto","background-attachment":"scroll","background-type":"","background-media":"","overlay-type":"","overlay-color":"","overlay-opacity":"","overlay-gradient":""},"mobile":{"background-color":"var(--ast-global-color-5)","background-image":"","background-repeat":"repeat","background-position":"center center","background-size":"auto","background-attachment":"scroll","background-type":"","background-media":"","overlay-type":"","overlay-color":"","overlay-opacity":"","overlay-gradient":""}}},"product_brand":[],"product_cat":[43,44,41],"product_tag":[],"class_list":{"0":"post-7741","1":"product","2":"type-product","3":"status-publish","4":"has-post-thumbnail","6":"product_cat-non-woven-bags","7":"product_cat-paper-bags","8":"product_cat-shopping-bags","9":"desktop-align-left","10":"tablet-align-left","11":"mobile-align-left","12":"ast-product-gallery-layout-horizontal","13":"ast-product-tabs-layout-horizontal","15":"first","16":"instock","17":"product-type-simple"},"_links":{"self":[{"href":"https:\/\/reanpackaging.com\/pl\/wp-json\/wp\/v2\/product\/7741","targetHints":{"allow":["GET"]}}],"collection":[{"href":"https:\/\/reanpackaging.com\/pl\/wp-json\/wp\/v2\/product"}],"about":[{"href":"https:\/\/reanpackaging.com\/pl\/wp-json\/wp\/v2\/types\/product"}],"wp:featuredmedia":[{"embeddable":true,"href":"https:\/\/reanpackaging.com\/pl\/wp-json\/wp\/v2\/media\/7700"}],"wp:attachment":[{"href":"https:\/\/reanpackaging.com\/pl\/wp-json\/wp\/v2\/media?parent=7741"}],"wp:term":[{"taxonomy":"product_brand","embeddable":true,"href":"https:\/\/reanpackaging.com\/pl\/wp-json\/wp\/v2\/product_brand?post=7741"},{"taxonomy":"product_cat","embeddable":true,"href":"https:\/\/reanpackaging.com\/pl\/wp-json\/wp\/v2\/product_cat?post=7741"},{"taxonomy":"product_tag","embeddable":true,"href":"https:\/\/reanpackaging.com\/pl\/wp-json\/wp\/v2\/product_tag?post=7741"}],"curies":[{"name":"wp","href":"https:\/\/api.w.org\/{rel}","templated":true}]}}