{"id":7992,"date":"2023-09-23T16:42:16","date_gmt":"2023-09-23T16:42:16","guid":{"rendered":"http:\/\/ibn.wyd.mybluehost.me\/reanpackaging.com\/product\/custom-magnet-magnetic-luxury-packaging-folding-paper-gift-box-for-business\/"},"modified":"2024-10-01T16:55:49","modified_gmt":"2024-10-01T16:55:49","slug":"custom-magnet-magnetic-luxury-packaging-folding-paper-gift-box-for-business","status":"publish","type":"product","link":"https:\/\/reanpackaging.com\/pl\/produkt\/custom-magnet-magnetic-luxury-packaging-folding-paper-gift-box-for-business\/","title":{"rendered":"Niestandardowe magnetyczne magnetyczne luksusowe opakowanie sk\u0142adane papierowe pude\u0142ko na prezent dla biznesu"},"content":{"rendered":"<h4>Atrybuty specyficzne dla bran\u017cy<\/h4>\n<table border=\"1\">\n<tr>\n<td><strong>Zastosowanie przemys\u0142owe<\/strong><\/td>\n<td>Pude\u0142ko upominkowe<\/td>\n<\/tr>\n<tr>\n<td><strong>Rodzaj papieru<\/strong><\/td>\n<td>Szara tablica<\/td>\n<\/tr>\n<tr>\n<td><strong>Cecha<\/strong><\/td>\n<td>Nadaje si\u0119 do recyklingu<\/td>\n<\/tr>\n<\/table>\n<h4>Inne atrybuty<\/h4>\n<table border=\"1\">\n<tr>\n<td><strong>Typ pude\u0142ka<\/strong><\/td>\n<td>Sztywne pude\u0142ka<\/td>\n<\/tr>\n<tr>\n<td><strong>Obs\u0142uga drukowania<\/strong><\/td>\n<td>Laminowanie b\u0142yszcz\u0105ce, t\u0142oczenie, powlekanie UV, laminowanie matowe, lakierowanie, wyt\u0142aczanie, VANISHING, z\u0142ota folia<\/td>\n<\/tr>\n<tr>\n<td><strong>Zam\u00f3wienie niestandardowe<\/strong><\/td>\n<td>Akceptuj<\/td>\n<\/tr>\n<tr>\n<td><strong>Kszta\u0142t<\/strong><\/td>\n<td>Prostok\u0105t<\/td>\n<\/tr>\n<tr>\n<td><strong>Nazwa<\/strong><\/td>\n<td>Profesjonalne niestandardowe sztywne sk\u0142adane pude\u0142ko na prezenty z magnesem<\/td>\n<\/tr>\n<tr>\n<td><strong>Materia\u0142<\/strong><\/td>\n<td>Papier<\/td>\n<\/tr>\n<tr>\n<td><strong>Kolor<\/strong><\/td>\n<td>CMYK\/Panton<\/td>\n<\/tr>\n<tr>\n<td><strong>Rozmiar<\/strong><\/td>\n<td>Akceptowany rozmiar niestandardowy<\/td>\n<\/tr>\n<tr>\n<td><strong>Kszta\u0142t<\/strong><\/td>\n<td>Niestandardowy kszta\u0142t<\/td>\n<\/tr>\n<tr>\n<td><strong>Drukowanie<\/strong><\/td>\n<td>4C Printing<\/td>\n<\/tr>\n<tr>\n<td><strong>Typ<\/strong><\/td>\n<td>Pude\u0142ko magnetyczne<\/td>\n<\/tr>\n<tr>\n<td><strong>Logo<\/strong><\/td>\n<td>Dopuszczalne niestandardowe logo<\/td>\n<\/tr>\n<tr>\n<td><strong>Cecha<\/strong><\/td>\n<td>Sztywne pude\u0142ko<\/td>\n<\/tr>\n<tr>\n<td><strong>Akceptacja plik\u00f3w graficznych<\/strong><\/td>\n<td>PDF.AI.CDR<\/td>\n<\/tr>\n<\/table>\n<p><img decoding=\"async\" class=\"detail-desc-decorate-image\" src=\"http:\/\/ibn.wyd.mybluehost.me\/reanpackaging.com\/wp-content\/uploads\/2023\/09\/1-description-Custom-Magnet-Magnetic-Luxury-Packaging-Folding-Paper-Gift-Box-For-Business.jpg\" slate-data-type=\"image\" style=\"max-width: 100%; height: auto; display: block; margin: 0 auto;\"><br \/>\n<img decoding=\"async\" class=\"detail-desc-decorate-image\" src=\"http:\/\/ibn.wyd.mybluehost.me\/reanpackaging.com\/wp-content\/uploads\/2023\/09\/2-description-Custom-Magnet-Magnetic-Luxury-Packaging-Folding-Paper-Gift-Box-For-Business.jpg\" slate-data-type=\"image\" style=\"max-width: 100%; height: auto; display: block; margin: 0 auto;\"><br \/>\n<img decoding=\"async\" class=\"detail-desc-decorate-image\" src=\"http:\/\/ibn.wyd.mybluehost.me\/reanpackaging.com\/wp-content\/uploads\/2023\/09\/3-description-Custom-Magnet-Magnetic-Luxury-Packaging-Folding-Paper-Gift-Box-For-Business.jpg\" slate-data-type=\"image\" style=\"max-width: 100%; height: auto; display: block; margin: 0 auto;\"><br \/>\n<img decoding=\"async\" class=\"detail-desc-decorate-image\" src=\"http:\/\/ibn.wyd.mybluehost.me\/reanpackaging.com\/wp-content\/uploads\/2023\/09\/4-description-Custom-Magnet-Magnetic-Luxury-Packaging-Folding-Paper-Gift-Box-For-Business.jpg\" slate-data-type=\"image\" style=\"max-width: 100%; height: auto; display: block; margin: 0 auto;\"><br \/>\n<img decoding=\"async\" class=\"detail-desc-decorate-image\" src=\"http:\/\/ibn.wyd.mybluehost.me\/reanpackaging.com\/wp-content\/uploads\/2023\/09\/5-description-Custom-Magnet-Magnetic-Luxury-Packaging-Folding-Paper-Gift-Box-For-Business.jpg\" slate-data-type=\"image\" style=\"max-width: 100%; height: auto; display: block; margin: 0 auto;\"><br \/>\n<img decoding=\"async\" class=\"detail-desc-decorate-image\" src=\"http:\/\/ibn.wyd.mybluehost.me\/reanpackaging.com\/wp-content\/uploads\/2023\/09\/7-description-Custom-Magnet-Magnetic-Luxury-Packaging-Folding-Paper-Gift-Box-For-Business.jpg\" slate-data-type=\"image\" style=\"max-width: 100%; height: auto; display: block; margin: 0 auto;\"><br \/>\n<img decoding=\"async\" class=\"detail-desc-decorate-image\" src=\"http:\/\/ibn.wyd.mybluehost.me\/reanpackaging.com\/wp-content\/uploads\/2023\/09\/8-description-Custom-Magnet-Magnetic-Luxury-Packaging-Folding-Paper-Gift-Box-For-Business.jpg\" slate-data-type=\"image\" style=\"max-width: 100%; height: auto; display: block; margin: 0 auto;\"><\/p>","protected":false},"excerpt":{"rendered":"<p>Industry-Specific Attributes Industrial Use Gift box Paper Type Grey Board Feature Recyclable Other Attributes Box Type Rigid Boxes Printing Handling Glossy Lamination, Stamping, UV Coating, Matt Lamination, Varnishing, Embossing, VANISHING, Gold Foil Custom Order Accept Shape Rectangle Name Professional Custom Rigid Magnet Close Folding Gift Box Packaging Material Paper Color CMYK\/Panton Size Custom Size Accepted [&hellip;]<\/p>\n","protected":false},"featured_media":7874,"template":"","meta":{"_seopress_robots_primary_cat":"none","_seopress_titles_title":"","_seopress_titles_desc":"","_seopress_robots_index":"","site-sidebar-layout":"default","site-content-layout":"","ast-site-content-layout":"default","site-content-style":"default","site-sidebar-style":"default","ast-global-header-display":"","ast-banner-title-visibility":"","ast-main-header-display":"","ast-hfb-above-header-display":"","ast-hfb-below-header-display":"","ast-hfb-mobile-header-display":"","site-post-title":"","ast-breadcrumbs-content":"","ast-featured-img":"","footer-sml-layout":"","ast-disable-related-posts":"","theme-transparent-header-meta":"default","adv-header-id-meta":"","stick-header-meta":"default","header-above-stick-meta":"","header-main-stick-meta":"","header-below-stick-meta":"","astra-migrate-meta-layouts":"set","ast-page-background-enabled":"default","ast-page-background-meta":{"desktop":{"background-color":"","background-image":"","background-repeat":"repeat","background-position":"center center","background-size":"auto","background-attachment":"scroll","background-type":"","background-media":"","overlay-type":"","overlay-color":"","overlay-opacity":"","overlay-gradient":""},"tablet":{"background-color":"","background-image":"","background-repeat":"repeat","background-position":"center center","background-size":"auto","background-attachment":"scroll","background-type":"","background-media":"","overlay-type":"","overlay-color":"","overlay-opacity":"","overlay-gradient":""},"mobile":{"background-color":"","background-image":"","background-repeat":"repeat","background-position":"center center","background-size":"auto","background-attachment":"scroll","background-type":"","background-media":"","overlay-type":"","overlay-color":"","overlay-opacity":"","overlay-gradient":""}},"ast-content-background-meta":{"desktop":{"background-color":"var(--ast-global-color-5)","background-image":"","background-repeat":"repeat","background-position":"center center","background-size":"auto","background-attachment":"scroll","background-type":"","background-media":"","overlay-type":"","overlay-color":"","overlay-opacity":"","overlay-gradient":""},"tablet":{"background-color":"var(--ast-global-color-5)","background-image":"","background-repeat":"repeat","background-position":"center center","background-size":"auto","background-attachment":"scroll","background-type":"","background-media":"","overlay-type":"","overlay-color":"","overlay-opacity":"","overlay-gradient":""},"mobile":{"background-color":"var(--ast-global-color-5)","background-image":"","background-repeat":"repeat","background-position":"center center","background-size":"auto","background-attachment":"scroll","background-type":"","background-media":"","overlay-type":"","overlay-color":"","overlay-opacity":"","overlay-gradient":""}}},"product_brand":[],"product_cat":[29],"product_tag":[],"class_list":{"0":"post-7992","1":"product","2":"type-product","3":"status-publish","4":"has-post-thumbnail","6":"product_cat-packaging-boxes","7":"desktop-align-left","8":"tablet-align-left","9":"mobile-align-left","10":"ast-product-gallery-layout-horizontal","11":"ast-product-tabs-layout-horizontal","13":"first","14":"instock","15":"purchasable","16":"product-type-simple"},"_links":{"self":[{"href":"https:\/\/reanpackaging.com\/pl\/wp-json\/wp\/v2\/product\/7992","targetHints":{"allow":["GET"]}}],"collection":[{"href":"https:\/\/reanpackaging.com\/pl\/wp-json\/wp\/v2\/product"}],"about":[{"href":"https:\/\/reanpackaging.com\/pl\/wp-json\/wp\/v2\/types\/product"}],"wp:featuredmedia":[{"embeddable":true,"href":"https:\/\/reanpackaging.com\/pl\/wp-json\/wp\/v2\/media\/7874"}],"wp:attachment":[{"href":"https:\/\/reanpackaging.com\/pl\/wp-json\/wp\/v2\/media?parent=7992"}],"wp:term":[{"taxonomy":"product_brand","embeddable":true,"href":"https:\/\/reanpackaging.com\/pl\/wp-json\/wp\/v2\/product_brand?post=7992"},{"taxonomy":"product_cat","embeddable":true,"href":"https:\/\/reanpackaging.com\/pl\/wp-json\/wp\/v2\/product_cat?post=7992"},{"taxonomy":"product_tag","embeddable":true,"href":"https:\/\/reanpackaging.com\/pl\/wp-json\/wp\/v2\/product_tag?post=7992"}],"curies":[{"name":"wp","href":"https:\/\/api.w.org\/{rel}","templated":true}]}}