{"id":9257,"date":"2023-09-25T04:28:14","date_gmt":"2023-09-25T04:28:14","guid":{"rendered":"http:\/\/ibn.wyd.mybluehost.me\/reanpackaging.com\/product\/heat-seal-para-cafe-spice-snack-food-100-biodegradable-bolsas-zip-lock-coffee-tea-kraft-paper-bag\/"},"modified":"2024-10-01T16:51:04","modified_gmt":"2024-10-01T16:51:04","slug":"heat-seal-para-cafe-spice-snack-food-100-biodegradable-bolsas-zip-lock-coffee-tea-kraft-paper-bag","status":"publish","type":"product","link":"https:\/\/reanpackaging.com\/pl\/produkt\/heat-seal-para-cafe-spice-snack-food-100-biodegradable-bolsas-zip-lock-coffee-tea-kraft-paper-bag\/","title":{"rendered":"Heat Seal Para Cafe Spice Snack Food 100% Biodegradowalny Bolsas Zip Lock Coffee Tea Kraft Paper Bag"},"content":{"rendered":"<h4>Atrybuty specyficzne dla bran\u017cy<\/h4>\n<table border=\"1\">\n<tr>\n<td><strong>Zastosowanie przemys\u0142owe<\/strong><\/td>\n<td>\u017bywno\u015b\u0107<\/td>\n<\/tr>\n<tr>\n<td><strong>Rodzaj papieru<\/strong><\/td>\n<td>Papier siarczanowy<\/td>\n<\/tr>\n<tr>\n<td><strong>Cecha<\/strong><\/td>\n<td>Ulega biodegradacji<\/td>\n<\/tr>\n<\/table>\n<h4>Inne atrybuty<\/h4>\n<table border=\"1\">\n<tr>\n<td><strong>Obs\u0142uga powierzchni<\/strong><\/td>\n<td>Wkl\u0119s\u0142odruk<\/td>\n<\/tr>\n<tr>\n<td><strong>Uszczelnienie i uchwyt<\/strong><\/td>\n<td>Zamek b\u0142yskawiczny<\/td>\n<\/tr>\n<tr>\n<td><strong>Zam\u00f3wienie niestandardowe<\/strong><\/td>\n<td>Akceptuj<\/td>\n<\/tr>\n<tr>\n<td><strong>Kolor<\/strong><\/td>\n<td>niestandardowy kolor<\/td>\n<\/tr>\n<tr>\n<td><strong>MOQ<\/strong><\/td>\n<td>1000 sztuk na zapas<\/td>\n<\/tr>\n<tr>\n<td><strong>Rozmiar<\/strong><\/td>\n<td>6*9CM,8*12CM,10*15CM,12*18CM<\/td>\n<\/tr>\n<tr>\n<td><strong>Drukowanie<\/strong><\/td>\n<td>Wkl\u0119s\u0142odruk i druk cyfrowy<\/td>\n<\/tr>\n<tr>\n<td><strong>Opis<\/strong><\/td>\n<td>Torba do pakowania \u017cywno\u015bci<\/td>\n<\/tr>\n<tr>\n<td><strong>Grubo\u015b\u0107<\/strong><\/td>\n<td>130mircon lub niestandardowe<\/td>\n<\/tr>\n<tr>\n<td><strong>S\u0142owo kluczowe<\/strong><\/td>\n<td>Niestandardowa plastikowa torba do pakowania<\/td>\n<\/tr>\n<tr>\n<td><strong>Zastosowanie<\/strong><\/td>\n<td>fasola, s\u0142odycze, cukier, pieczenie, ciasteczka, herbata, orzechy, suszone kwiaty, proszek, przek\u0105ska<\/td>\n<\/tr>\n<tr>\n<td><strong>Czas dostawy<\/strong><\/td>\n<td>5-10 dni<\/td>\n<\/tr>\n<tr>\n<td><strong>Warunki p\u0142atno\u015bci<\/strong><\/td>\n<td>T\/T Zaliczka 30% Depozyt<\/td>\n<\/tr>\n<\/table>\n<p><img decoding=\"async\" class=\"detail-desc-decorate-image\" src=\"http:\/\/ibn.wyd.mybluehost.me\/reanpackaging.com\/wp-content\/uploads\/2023\/09\/1-description-Heat-Seal-Para-Cafe-Spice-Snack-Food-100-Biodegradable-Bolsas-Zip-Lock-Coffee-Tea-Kraft-Paper-Bag.jpg\" slate-data-type=\"image\" style=\"max-width: 100%; height: auto; display: block; margin: 0 auto;\"><br \/>\n<img decoding=\"async\" class=\"detail-desc-decorate-image\" src=\"http:\/\/ibn.wyd.mybluehost.me\/reanpackaging.com\/wp-content\/uploads\/2023\/09\/10-description-Heat-Seal-Para-Cafe-Spice-Snack-Food-100-Biodegradable-Bolsas-Zip-Lock-Coffee-Tea-Kraft-Paper-Bag.jpg\" slate-data-type=\"image\" style=\"max-width: 100%; height: auto; display: block; margin: 0 auto;\"><br \/>\n<img decoding=\"async\" class=\"detail-desc-decorate-image\" src=\"http:\/\/ibn.wyd.mybluehost.me\/reanpackaging.com\/wp-content\/uploads\/2023\/09\/11-description-Heat-Seal-Para-Cafe-Spice-Snack-Food-100-Biodegradable-Bolsas-Zip-Lock-Coffee-Tea-Kraft-Paper-Bag.jpg\" slate-data-type=\"image\" style=\"max-width: 100%; height: auto; display: block; margin: 0 auto;\"><br \/>\n<img decoding=\"async\" class=\"detail-desc-decorate-image\" src=\"http:\/\/ibn.wyd.mybluehost.me\/reanpackaging.com\/wp-content\/uploads\/2023\/09\/14-description-Heat-Seal-Para-Cafe-Spice-Snack-Food-100-Biodegradable-Bolsas-Zip-Lock-Coffee-Tea-Kraft-Paper-Bag.jpg\" slate-data-type=\"image\" style=\"max-width: 100%; height: auto; display: block; margin: 0 auto;\"><br \/>\n<img decoding=\"async\" class=\"detail-desc-decorate-image\" src=\"http:\/\/ibn.wyd.mybluehost.me\/reanpackaging.com\/wp-content\/uploads\/2023\/09\/2-description-Heat-Seal-Para-Cafe-Spice-Snack-Food-100-Biodegradable-Bolsas-Zip-Lock-Coffee-Tea-Kraft-Paper-Bag.jpg\" slate-data-type=\"image\" style=\"max-width: 100%; height: auto; display: block; margin: 0 auto;\"><br \/>\n<img decoding=\"async\" class=\"detail-desc-decorate-image\" src=\"http:\/\/ibn.wyd.mybluehost.me\/reanpackaging.com\/wp-content\/uploads\/2023\/09\/3-description-Heat-Seal-Para-Cafe-Spice-Snack-Food-100-Biodegradable-Bolsas-Zip-Lock-Coffee-Tea-Kraft-Paper-Bag.jpg\" slate-data-type=\"image\" style=\"max-width: 100%; height: auto; display: block; margin: 0 auto;\"><br \/>\n<img decoding=\"async\" class=\"detail-desc-decorate-image\" src=\"http:\/\/ibn.wyd.mybluehost.me\/reanpackaging.com\/wp-content\/uploads\/2023\/09\/4-description-Heat-Seal-Para-Cafe-Spice-Snack-Food-100-Biodegradable-Bolsas-Zip-Lock-Coffee-Tea-Kraft-Paper-Bag.jpg\" slate-data-type=\"image\" style=\"max-width: 100%; height: auto; display: block; margin: 0 auto;\"><br \/>\n<img decoding=\"async\" class=\"detail-desc-decorate-image\" src=\"http:\/\/ibn.wyd.mybluehost.me\/reanpackaging.com\/wp-content\/uploads\/2023\/09\/5-description-Heat-Seal-Para-Cafe-Spice-Snack-Food-100-Biodegradable-Bolsas-Zip-Lock-Coffee-Tea-Kraft-Paper-Bag.jpg\" slate-data-type=\"image\" style=\"max-width: 100%; height: auto; display: block; margin: 0 auto;\"><br \/>\n<img decoding=\"async\" class=\"detail-desc-decorate-image\" src=\"http:\/\/ibn.wyd.mybluehost.me\/reanpackaging.com\/wp-content\/uploads\/2023\/09\/6-description-Heat-Seal-Para-Cafe-Spice-Snack-Food-100-Biodegradable-Bolsas-Zip-Lock-Coffee-Tea-Kraft-Paper-Bag.jpg\" slate-data-type=\"image\" style=\"max-width: 100%; height: auto; display: block; margin: 0 auto;\"><br \/>\n<img decoding=\"async\" class=\"detail-desc-decorate-image\" src=\"http:\/\/ibn.wyd.mybluehost.me\/reanpackaging.com\/wp-content\/uploads\/2023\/09\/7-description-Heat-Seal-Para-Cafe-Spice-Snack-Food-100-Biodegradable-Bolsas-Zip-Lock-Coffee-Tea-Kraft-Paper-Bag.jpg\" slate-data-type=\"image\" style=\"max-width: 100%; height: auto; display: block; margin: 0 auto;\"><br \/>\n<img decoding=\"async\" class=\"detail-desc-decorate-image\" src=\"http:\/\/ibn.wyd.mybluehost.me\/reanpackaging.com\/wp-content\/uploads\/2023\/09\/8-description-Heat-Seal-Para-Cafe-Spice-Snack-Food-100-Biodegradable-Bolsas-Zip-Lock-Coffee-Tea-Kraft-Paper-Bag.jpg\" slate-data-type=\"image\" style=\"max-width: 100%; height: auto; display: block; margin: 0 auto;\"><br \/>\n<img decoding=\"async\" class=\"detail-desc-decorate-image\" src=\"http:\/\/ibn.wyd.mybluehost.me\/reanpackaging.com\/wp-content\/uploads\/2023\/09\/9-description-Heat-Seal-Para-Cafe-Spice-Snack-Food-100-Biodegradable-Bolsas-Zip-Lock-Coffee-Tea-Kraft-Paper-Bag.jpg\" slate-data-type=\"image\" style=\"max-width: 100%; height: auto; display: block; margin: 0 auto;\"><\/p>","protected":false},"excerpt":{"rendered":"<p>Industry-Specific Attributes Industrial Use Food Paper Type Kraft Paper Feature Bio-degradable Other Attributes Surface Handling Gravure printing Sealing &#038; Handle Zipper Top Custom Order Accept Color custom color MOQ 1000 pcs for stock Size 6*9CM,8*12CM,10*15CM,12*18CM Printing Gravure printing and digital printing Description Food Packaging Bag Thickness 130mircon or custom Keyword Custom Packaging Plastic Bag Application [&hellip;]<\/p>\n","protected":false},"featured_media":9203,"template":"","meta":{"_seopress_robots_primary_cat":"","_seopress_titles_title":"","_seopress_titles_desc":"","_seopress_robots_index":"","site-sidebar-layout":"default","site-content-layout":"","ast-site-content-layout":"default","site-content-style":"default","site-sidebar-style":"default","ast-global-header-display":"","ast-banner-title-visibility":"","ast-main-header-display":"","ast-hfb-above-header-display":"","ast-hfb-below-header-display":"","ast-hfb-mobile-header-display":"","site-post-title":"","ast-breadcrumbs-content":"","ast-featured-img":"","footer-sml-layout":"","ast-disable-related-posts":"","theme-transparent-header-meta":"","adv-header-id-meta":"","stick-header-meta":"","header-above-stick-meta":"","header-main-stick-meta":"","header-below-stick-meta":"","astra-migrate-meta-layouts":"default","ast-page-background-enabled":"default","ast-page-background-meta":{"desktop":{"background-color":"","background-image":"","background-repeat":"repeat","background-position":"center center","background-size":"auto","background-attachment":"scroll","background-type":"","background-media":"","overlay-type":"","overlay-color":"","overlay-opacity":"","overlay-gradient":""},"tablet":{"background-color":"","background-image":"","background-repeat":"repeat","background-position":"center center","background-size":"auto","background-attachment":"scroll","background-type":"","background-media":"","overlay-type":"","overlay-color":"","overlay-opacity":"","overlay-gradient":""},"mobile":{"background-color":"","background-image":"","background-repeat":"repeat","background-position":"center center","background-size":"auto","background-attachment":"scroll","background-type":"","background-media":"","overlay-type":"","overlay-color":"","overlay-opacity":"","overlay-gradient":""}},"ast-content-background-meta":{"desktop":{"background-color":"var(--ast-global-color-5)","background-image":"","background-repeat":"repeat","background-position":"center center","background-size":"auto","background-attachment":"scroll","background-type":"","background-media":"","overlay-type":"","overlay-color":"","overlay-opacity":"","overlay-gradient":""},"tablet":{"background-color":"var(--ast-global-color-5)","background-image":"","background-repeat":"repeat","background-position":"center center","background-size":"auto","background-attachment":"scroll","background-type":"","background-media":"","overlay-type":"","overlay-color":"","overlay-opacity":"","overlay-gradient":""},"mobile":{"background-color":"var(--ast-global-color-5)","background-image":"","background-repeat":"repeat","background-position":"center center","background-size":"auto","background-attachment":"scroll","background-type":"","background-media":"","overlay-type":"","overlay-color":"","overlay-opacity":"","overlay-gradient":""}}},"product_brand":[],"product_cat":[36,44],"product_tag":[],"class_list":{"0":"post-9257","1":"product","2":"type-product","3":"status-publish","4":"has-post-thumbnail","6":"product_cat-kraft-bags","7":"product_cat-paper-bags","8":"desktop-align-left","9":"tablet-align-left","10":"mobile-align-left","11":"ast-product-gallery-layout-horizontal","12":"ast-product-tabs-layout-horizontal","14":"first","15":"instock","16":"purchasable","17":"product-type-simple"},"_links":{"self":[{"href":"https:\/\/reanpackaging.com\/pl\/wp-json\/wp\/v2\/product\/9257","targetHints":{"allow":["GET"]}}],"collection":[{"href":"https:\/\/reanpackaging.com\/pl\/wp-json\/wp\/v2\/product"}],"about":[{"href":"https:\/\/reanpackaging.com\/pl\/wp-json\/wp\/v2\/types\/product"}],"wp:featuredmedia":[{"embeddable":true,"href":"https:\/\/reanpackaging.com\/pl\/wp-json\/wp\/v2\/media\/9203"}],"wp:attachment":[{"href":"https:\/\/reanpackaging.com\/pl\/wp-json\/wp\/v2\/media?parent=9257"}],"wp:term":[{"taxonomy":"product_brand","embeddable":true,"href":"https:\/\/reanpackaging.com\/pl\/wp-json\/wp\/v2\/product_brand?post=9257"},{"taxonomy":"product_cat","embeddable":true,"href":"https:\/\/reanpackaging.com\/pl\/wp-json\/wp\/v2\/product_cat?post=9257"},{"taxonomy":"product_tag","embeddable":true,"href":"https:\/\/reanpackaging.com\/pl\/wp-json\/wp\/v2\/product_tag?post=9257"}],"curies":[{"name":"wp","href":"https:\/\/api.w.org\/{rel}","templated":true}]}}