{"id":9521,"date":"2023-09-25T15:27:58","date_gmt":"2023-09-25T15:27:58","guid":{"rendered":"http:\/\/ibn.wyd.mybluehost.me\/reanpackaging.com\/product\/custom-logo-printed-kraft-paper-bag-embossing-handmade-carry-out-packaging-shopping-brown-kraft-paper-bag-with-handle\/"},"modified":"2024-10-01T16:50:06","modified_gmt":"2024-10-01T16:50:06","slug":"custom-logo-printed-kraft-paper-bag-embossing-handmade-carry-out-packaging-shopping-brown-kraft-paper-bag-with-handle","status":"publish","type":"product","link":"https:\/\/reanpackaging.com\/pl\/produkt\/custom-logo-printed-kraft-paper-bag-embossing-handmade-carry-out-packaging-shopping-brown-kraft-paper-bag-with-handle\/","title":{"rendered":"Niestandardowe logo z nadrukiem Torba papierowa Kraft T\u0142oczenie R\u0119cznie robione opakowanie na zakupy Br\u0105zowa torba papierowa Kraft z uchwytem"},"content":{"rendered":"<h4>Atrybuty specyficzne dla bran\u017cy<\/h4>\n<table border=\"1\">\n<tr>\n<td><strong>Zastosowanie przemys\u0142owe<\/strong><\/td>\n<td>Biznes i zakupy<\/td>\n<\/tr>\n<tr>\n<td><strong>Rodzaj papieru<\/strong><\/td>\n<td>Papier siarczanowy<\/td>\n<\/tr>\n<tr>\n<td><strong>Cecha<\/strong><\/td>\n<td>Jednorazowego u\u017cytku<\/td>\n<\/tr>\n<\/table>\n<h4>Inne atrybuty<\/h4>\n<table border=\"1\">\n<tr>\n<td><strong>Obs\u0142uga powierzchni<\/strong><\/td>\n<td>Druk fleksograficzny<\/td>\n<\/tr>\n<tr>\n<td><strong>Uszczelnienie i uchwyt<\/strong><\/td>\n<td>Uchwyt Flexiloop<\/td>\n<\/tr>\n<tr>\n<td><strong>Zam\u00f3wienie niestandardowe<\/strong><\/td>\n<td>Akceptuj<\/td>\n<\/tr>\n<tr>\n<td><strong>Nazwa produktu<\/strong><\/td>\n<td>Opakowanie na zakupy Br\u0105zowa papierowa torba z uchwytem<\/td>\n<\/tr>\n<tr>\n<td><strong>U\u017cycie<\/strong><\/td>\n<td>Zakupy, bia\u0142o-br\u0105zowa papierowa torba na zakupy Kraft Gift Craft<\/td>\n<\/tr>\n<tr>\n<td><strong>Drukowanie<\/strong><\/td>\n<td>Druk fleksograficzny<\/td>\n<\/tr>\n<tr>\n<td><strong>Grubo\u015b\u0107<\/strong><\/td>\n<td>80 g\/m\u00b2, 90 g\/m\u00b2, 100 g\/m\u00b2, 110 g\/m\u00b2, 120 g\/m\u00b2 lub niestandardowe<\/td>\n<\/tr>\n<tr>\n<td><strong>Projektowanie\/drukowanie<\/strong><\/td>\n<td>Niestandardowy projekt druku offsetowego\/CMYK<\/td>\n<\/tr>\n<tr>\n<td><strong>Struktura materia\u0142u<\/strong><\/td>\n<td>Kraft Paper Big<\/td>\n<\/tr>\n<tr>\n<td><strong>Uchwyt<\/strong><\/td>\n<td>Uchwyt skr\u0119cany (p\u0142aski)<\/td>\n<\/tr>\n<tr>\n<td><strong>Pojemno\u015b\u0107<\/strong><\/td>\n<td>8-10 kg, w zale\u017cno\u015bci od rozmiaru torby<\/td>\n<\/tr>\n<tr>\n<td><strong>Pakowanie<\/strong><\/td>\n<td>Standardowy karton do pakowania<\/td>\n<\/tr>\n<tr>\n<td><strong>MOQ<\/strong><\/td>\n<td>1000<\/td>\n<\/tr>\n<\/table>\n<p><img decoding=\"async\" class=\"detail-desc-decorate-image\" src=\"http:\/\/ibn.wyd.mybluehost.me\/reanpackaging.com\/wp-content\/uploads\/2023\/09\/5-description-Custom-Logo-Printed-Kraft-Paper-Bag-Embossing-Handmade-Carry-Out-Packaging-Shopping-Brown-Kraft-Paper-Bag-With-Handle.jpg\" slate-data-type=\"image\" style=\"max-width: 100%; height: auto; display: block; margin: 0 auto;\"><br \/>\n<img decoding=\"async\" class=\"detail-desc-decorate-image\" src=\"http:\/\/ibn.wyd.mybluehost.me\/reanpackaging.com\/wp-content\/uploads\/2023\/09\/6-description-Custom-Logo-Printed-Kraft-Paper-Bag-Embossing-Handmade-Carry-Out-Packaging-Shopping-Brown-Kraft-Paper-Bag-With-Handle.jpg\" slate-data-type=\"image\" style=\"max-width: 100%; height: auto; display: block; margin: 0 auto;\"><br \/>\n<img decoding=\"async\" class=\"detail-desc-decorate-image\" src=\"http:\/\/ibn.wyd.mybluehost.me\/reanpackaging.com\/wp-content\/uploads\/2023\/09\/7-description-Custom-Logo-Printed-Kraft-Paper-Bag-Embossing-Handmade-Carry-Out-Packaging-Shopping-Brown-Kraft-Paper-Bag-With-Handle.jpg\" slate-data-type=\"image\" style=\"max-width: 100%; height: auto; display: block; margin: 0 auto;\"><br \/>\n<img decoding=\"async\" class=\"detail-desc-decorate-image\" src=\"http:\/\/ibn.wyd.mybluehost.me\/reanpackaging.com\/wp-content\/uploads\/2023\/09\/8-description-Custom-Logo-Printed-Kraft-Paper-Bag-Embossing-Handmade-Carry-Out-Packaging-Shopping-Brown-Kraft-Paper-Bag-With-Handle.jpg\" slate-data-type=\"image\" style=\"max-width: 100%; height: auto; display: block; margin: 0 auto;\"><\/p>","protected":false},"excerpt":{"rendered":"<p>Industry-Specific Attributes Industrial Use Business&#038;Shopping Paper Type Kraft Paper Feature Disposable Other Attributes Surface Handling Flexo Printing Sealing &#038; Handle Flexiloop Handle Custom Order Accept Product name Carry Out Packaging Shopping Brown kraft Paper Bag With Handle Use Shopping ,White Brown Kraft Gift Craft Shopping Paper Bag Printing Flexo Printing Thickness 80gsm, 90gsm, 100gsm, 110gsm, [&hellip;]<\/p>\n","protected":false},"featured_media":9422,"template":"","meta":{"_seopress_robots_primary_cat":"none","_seopress_titles_title":"","_seopress_titles_desc":"","_seopress_robots_index":"","site-sidebar-layout":"default","site-content-layout":"","ast-site-content-layout":"default","site-content-style":"default","site-sidebar-style":"default","ast-global-header-display":"","ast-banner-title-visibility":"","ast-main-header-display":"","ast-hfb-above-header-display":"","ast-hfb-below-header-display":"","ast-hfb-mobile-header-display":"","site-post-title":"","ast-breadcrumbs-content":"","ast-featured-img":"","footer-sml-layout":"","ast-disable-related-posts":"","theme-transparent-header-meta":"default","adv-header-id-meta":"","stick-header-meta":"default","header-above-stick-meta":"","header-main-stick-meta":"","header-below-stick-meta":"","astra-migrate-meta-layouts":"set","ast-page-background-enabled":"default","ast-page-background-meta":{"desktop":{"background-color":"","background-image":"","background-repeat":"repeat","background-position":"center center","background-size":"auto","background-attachment":"scroll","background-type":"","background-media":"","overlay-type":"","overlay-color":"","overlay-opacity":"","overlay-gradient":""},"tablet":{"background-color":"","background-image":"","background-repeat":"repeat","background-position":"center center","background-size":"auto","background-attachment":"scroll","background-type":"","background-media":"","overlay-type":"","overlay-color":"","overlay-opacity":"","overlay-gradient":""},"mobile":{"background-color":"","background-image":"","background-repeat":"repeat","background-position":"center center","background-size":"auto","background-attachment":"scroll","background-type":"","background-media":"","overlay-type":"","overlay-color":"","overlay-opacity":"","overlay-gradient":""}},"ast-content-background-meta":{"desktop":{"background-color":"var(--ast-global-color-5)","background-image":"","background-repeat":"repeat","background-position":"center center","background-size":"auto","background-attachment":"scroll","background-type":"","background-media":"","overlay-type":"","overlay-color":"","overlay-opacity":"","overlay-gradient":""},"tablet":{"background-color":"var(--ast-global-color-5)","background-image":"","background-repeat":"repeat","background-position":"center center","background-size":"auto","background-attachment":"scroll","background-type":"","background-media":"","overlay-type":"","overlay-color":"","overlay-opacity":"","overlay-gradient":""},"mobile":{"background-color":"var(--ast-global-color-5)","background-image":"","background-repeat":"repeat","background-position":"center center","background-size":"auto","background-attachment":"scroll","background-type":"","background-media":"","overlay-type":"","overlay-color":"","overlay-opacity":"","overlay-gradient":""}}},"product_brand":[],"product_cat":[50,44],"product_tag":[],"class_list":{"0":"post-9521","1":"product","2":"type-product","3":"status-publish","4":"has-post-thumbnail","6":"product_cat-custom-paper-bags","7":"product_cat-paper-bags","8":"desktop-align-left","9":"tablet-align-left","10":"mobile-align-left","11":"ast-product-gallery-layout-horizontal","12":"ast-product-tabs-layout-horizontal","14":"first","15":"instock","16":"purchasable","17":"product-type-simple"},"_links":{"self":[{"href":"https:\/\/reanpackaging.com\/pl\/wp-json\/wp\/v2\/product\/9521","targetHints":{"allow":["GET"]}}],"collection":[{"href":"https:\/\/reanpackaging.com\/pl\/wp-json\/wp\/v2\/product"}],"about":[{"href":"https:\/\/reanpackaging.com\/pl\/wp-json\/wp\/v2\/types\/product"}],"wp:featuredmedia":[{"embeddable":true,"href":"https:\/\/reanpackaging.com\/pl\/wp-json\/wp\/v2\/media\/9422"}],"wp:attachment":[{"href":"https:\/\/reanpackaging.com\/pl\/wp-json\/wp\/v2\/media?parent=9521"}],"wp:term":[{"taxonomy":"product_brand","embeddable":true,"href":"https:\/\/reanpackaging.com\/pl\/wp-json\/wp\/v2\/product_brand?post=9521"},{"taxonomy":"product_cat","embeddable":true,"href":"https:\/\/reanpackaging.com\/pl\/wp-json\/wp\/v2\/product_cat?post=9521"},{"taxonomy":"product_tag","embeddable":true,"href":"https:\/\/reanpackaging.com\/pl\/wp-json\/wp\/v2\/product_tag?post=9521"}],"curies":[{"name":"wp","href":"https:\/\/api.w.org\/{rel}","templated":true}]}}