{"id":95391,"date":"2025-03-08T20:46:49","date_gmt":"2025-03-08T20:46:49","guid":{"rendered":"https:\/\/reanpackaging.com\/product\/china-wholesale-portable-wine-box-folding-printed-champagne-box-wine-box-cardboard-with-logo\/"},"modified":"2025-03-08T20:47:29","modified_gmt":"2025-03-08T20:47:29","slug":"china-wholesale-portable-wine-box-folding-printed-champagne-box-wine-box-cardboard-with-logo","status":"publish","type":"product","link":"https:\/\/reanpackaging.com\/pl\/produkt\/china-wholesale-portable-wine-box-folding-printed-champagne-box-wine-box-cardboard-with-logo\/","title":{"rendered":"Chiny Hurtownia Przeno\u015bne pude\u0142ko na wino Sk\u0142adane drukowane pude\u0142ko na szampana Karton na wino z logo"},"content":{"rendered":"<h4>Atrybuty specyficzne dla bran\u017cy<\/h4>\n<table border=\"1\">\n<tr>\n<td><strong>Zastosowanie przemys\u0142owe<\/strong><\/td>\n<td>Nap\u00f3j<\/td>\n<\/tr>\n<tr>\n<td><strong>Rodzaj papieru<\/strong><\/td>\n<td>Papier powlekany<\/td>\n<\/tr>\n<tr>\n<td><strong>Cecha<\/strong><\/td>\n<td>Nadaje si\u0119 do recyklingu<\/td>\n<\/tr>\n<tr>\n<td><strong>typ pude\u0142ka<\/strong><\/td>\n<td>Foldery<\/td>\n<\/tr>\n<\/table>\n<h4>Inne atrybuty<\/h4>\n<table border=\"1\">\n<tr>\n<td><strong>Kszta\u0142t<\/strong><\/td>\n<td>Dostosowany inny kszta\u0142t<\/td>\n<\/tr>\n<tr>\n<td><strong>Obs\u0142uga drukowania<\/strong><\/td>\n<td>Laminowanie matowe, lakierowanie, t\u0142oczenie, wyt\u0142aczanie, laminowanie b\u0142yszcz\u0105ce, powlekanie UV, VANISHING, z\u0142ota folia<\/td>\n<\/tr>\n<tr>\n<td><strong>Zam\u00f3wienie niestandardowe<\/strong><\/td>\n<td>Akceptuj<\/td>\n<\/tr>\n<tr>\n<td><strong>Rozmiar<\/strong><\/td>\n<td>L*W*H Cm<\/td>\n<\/tr>\n<tr>\n<td><strong>Logo<\/strong><\/td>\n<td>Logo klienta<\/td>\n<\/tr>\n<tr>\n<td><strong>S\u0142owo kluczowe<\/strong><\/td>\n<td>Niestandardowe opakowania na prezenty z logo<\/td>\n<\/tr>\n<\/table>","protected":false},"excerpt":{"rendered":"<p>Industry-Specific Attributes Industrial Use Beverage Paper Type Coated Paper Feature Recyclable box type Folders Other Attributes Shape Customized Different Shape Printing Handling Matt Lamination, Varnishing, Stamping, Embossing, Glossy Lamination, UV Coating, VANISHING, Gold Foil Custom Order Accept Size L*W*H Cm Logo Customer&#8217;s Logo Keyword Custom Logo Gift Packaging Boxes<\/p>","protected":false},"featured_media":94899,"template":"","meta":{"_seopress_robots_primary_cat":"","_seopress_titles_title":"","_seopress_titles_desc":"","_seopress_robots_index":"","site-sidebar-layout":"default","site-content-layout":"","ast-site-content-layout":"default","site-content-style":"default","site-sidebar-style":"default","ast-global-header-display":"","ast-banner-title-visibility":"","ast-main-header-display":"","ast-hfb-above-header-display":"","ast-hfb-below-header-display":"","ast-hfb-mobile-header-display":"","site-post-title":"","ast-breadcrumbs-content":"","ast-featured-img":"","footer-sml-layout":"","ast-disable-related-posts":"","theme-transparent-header-meta":"","adv-header-id-meta":"","stick-header-meta":"","header-above-stick-meta":"","header-main-stick-meta":"","header-below-stick-meta":"","astra-migrate-meta-layouts":"default","ast-page-background-enabled":"default","ast-page-background-meta":{"desktop":{"background-color":"","background-image":"","background-repeat":"repeat","background-position":"center center","background-size":"auto","background-attachment":"scroll","background-type":"","background-media":"","overlay-type":"","overlay-color":"","overlay-opacity":"","overlay-gradient":""},"tablet":{"background-color":"","background-image":"","background-repeat":"repeat","background-position":"center center","background-size":"auto","background-attachment":"scroll","background-type":"","background-media":"","overlay-type":"","overlay-color":"","overlay-opacity":"","overlay-gradient":""},"mobile":{"background-color":"","background-image":"","background-repeat":"repeat","background-position":"center center","background-size":"auto","background-attachment":"scroll","background-type":"","background-media":"","overlay-type":"","overlay-color":"","overlay-opacity":"","overlay-gradient":""}},"ast-content-background-meta":{"desktop":{"background-color":"var(--ast-global-color-5)","background-image":"","background-repeat":"repeat","background-position":"center center","background-size":"auto","background-attachment":"scroll","background-type":"","background-media":"","overlay-type":"","overlay-color":"","overlay-opacity":"","overlay-gradient":""},"tablet":{"background-color":"var(--ast-global-color-5)","background-image":"","background-repeat":"repeat","background-position":"center center","background-size":"auto","background-attachment":"scroll","background-type":"","background-media":"","overlay-type":"","overlay-color":"","overlay-opacity":"","overlay-gradient":""},"mobile":{"background-color":"var(--ast-global-color-5)","background-image":"","background-repeat":"repeat","background-position":"center center","background-size":"auto","background-attachment":"scroll","background-type":"","background-media":"","overlay-type":"","overlay-color":"","overlay-opacity":"","overlay-gradient":""}}},"product_brand":[],"product_cat":[95],"product_tag":[],"class_list":{"0":"post-95391","1":"product","2":"type-product","3":"status-publish","4":"has-post-thumbnail","6":"product_cat-wine-box","7":"desktop-align-left","8":"tablet-align-left","9":"mobile-align-left","10":"ast-product-gallery-layout-horizontal","11":"ast-product-tabs-layout-horizontal","13":"first","14":"instock","15":"product-type-simple"},"_links":{"self":[{"href":"https:\/\/reanpackaging.com\/pl\/wp-json\/wp\/v2\/product\/95391","targetHints":{"allow":["GET"]}}],"collection":[{"href":"https:\/\/reanpackaging.com\/pl\/wp-json\/wp\/v2\/product"}],"about":[{"href":"https:\/\/reanpackaging.com\/pl\/wp-json\/wp\/v2\/types\/product"}],"wp:featuredmedia":[{"embeddable":true,"href":"https:\/\/reanpackaging.com\/pl\/wp-json\/wp\/v2\/media\/94899"}],"wp:attachment":[{"href":"https:\/\/reanpackaging.com\/pl\/wp-json\/wp\/v2\/media?parent=95391"}],"wp:term":[{"taxonomy":"product_brand","embeddable":true,"href":"https:\/\/reanpackaging.com\/pl\/wp-json\/wp\/v2\/product_brand?post=95391"},{"taxonomy":"product_cat","embeddable":true,"href":"https:\/\/reanpackaging.com\/pl\/wp-json\/wp\/v2\/product_cat?post=95391"},{"taxonomy":"product_tag","embeddable":true,"href":"https:\/\/reanpackaging.com\/pl\/wp-json\/wp\/v2\/product_tag?post=95391"}],"curies":[{"name":"wp","href":"https:\/\/api.w.org\/{rel}","templated":true}]}}