{"id":9999,"date":"2023-09-26T06:51:01","date_gmt":"2023-09-26T06:51:01","guid":{"rendered":"http:\/\/ibn.wyd.mybluehost.me\/reanpackaging.com\/product\/disposable-stand-up-custom-printed-pouches-takeaway-plastic-cookie-candy-sweet-pastry-snack-food-packaging-christmas-gift-bags\/"},"modified":"2024-10-01T16:48:05","modified_gmt":"2024-10-01T16:48:05","slug":"disposable-stand-up-custom-printed-pouches-takeaway-plastic-cookie-candy-sweet-pastry-snack-food-packaging-christmas-gift-bags","status":"publish","type":"product","link":"https:\/\/reanpackaging.com\/pl\/produkt\/disposable-stand-up-custom-printed-pouches-takeaway-plastic-cookie-candy-sweet-pastry-snack-food-packaging-christmas-gift-bags\/","title":{"rendered":"Jednorazowe stoj\u0105ce woreczki z nadrukiem na wynos Plastikowe ciasteczka Cukierki S\u0142odkie przek\u0105ski Opakowania na \u017cywno\u015b\u0107 \u015awi\u0105teczne torby na prezenty"},"content":{"rendered":"<h4>Atrybuty specyficzne dla bran\u017cy<\/h4>\n<table border=\"1\">\n<tr>\n<td><strong>Zastosowanie przemys\u0142owe<\/strong><\/td>\n<td>Prezenty i r\u0119kodzie\u0142o<\/td>\n<\/tr>\n<tr>\n<td><strong>Typ torby<\/strong><\/td>\n<td>Etui stoj\u0105ce<\/td>\n<\/tr>\n<tr>\n<td><strong>Cecha<\/strong><\/td>\n<td>BIODEGRADOWALNY<\/td>\n<\/tr>\n<tr>\n<td><strong>Typ plastikowy<\/strong><\/td>\n<td>PP<\/td>\n<\/tr>\n<\/table>\n<h4>Inne atrybuty<\/h4>\n<table border=\"1\">\n<tr>\n<td><strong>Obs\u0142uga powierzchni<\/strong><\/td>\n<td>T\u0142oczenie na gor\u0105co<\/td>\n<\/tr>\n<tr>\n<td><strong>Struktura materia\u0142u<\/strong><\/td>\n<td>PP<\/td>\n<\/tr>\n<tr>\n<td><strong>Uszczelnienie i uchwyt<\/strong><\/td>\n<td>Zapi\u0119cie na guzik<\/td>\n<\/tr>\n<tr>\n<td><strong>Zam\u00f3wienie niestandardowe<\/strong><\/td>\n<td>Akceptuj<\/td>\n<\/tr>\n<tr>\n<td><strong>Nazwa produktu<\/strong><\/td>\n<td>Migda\u0142owa biodegradowalna torba foliowa przezroczysta morelowa torba na przek\u0105ski<\/td>\n<\/tr>\n<tr>\n<td><strong>U\u017cycie<\/strong><\/td>\n<td>Pakowanie \u017cywno\u015bci, pojemnik na \u017cywno\u015b\u0107, torba na wynos<\/td>\n<\/tr>\n<tr>\n<td><strong>Cecha<\/strong><\/td>\n<td>Prosty, nowoczesny<\/td>\n<\/tr>\n<tr>\n<td><strong>Kolor<\/strong><\/td>\n<td>Bia\u0142y, Naturalne drewno<\/td>\n<\/tr>\n<tr>\n<td><strong>MOQ<\/strong><\/td>\n<td>1000szt<\/td>\n<\/tr>\n<tr>\n<td><strong>Pakowanie<\/strong><\/td>\n<td>Worek foliowy i kartony eksportowe lub dostosowane<\/td>\n<\/tr>\n<tr>\n<td><strong>Wysy\u0142ka<\/strong><\/td>\n<td>Samolotem lub drog\u0105 morsk\u0105<\/td>\n<\/tr>\n<tr>\n<td><strong>OEM<\/strong><\/td>\n<td>Dopuszczalny<\/td>\n<\/tr>\n<tr>\n<td><strong>Czas pr\u00f3by<\/strong><\/td>\n<td>1~3 dni robocze<\/td>\n<\/tr>\n<tr>\n<td><strong>Do\u015bwiadczenie<\/strong><\/td>\n<td>10 lat do\u015bwiadczenia w produkcji wszelkiego rodzaju jednorazowych zastaw sto\u0142owych<\/td>\n<\/tr>\n<\/table>\n<p><img decoding=\"async\" class=\"detail-desc-decorate-image\" src=\"http:\/\/ibn.wyd.mybluehost.me\/reanpackaging.com\/wp-content\/uploads\/2023\/09\/1-description-Disposable-Stand-Up-Custom-Printed-Pouches-Takeaway-Plastic-Cookie-Candy-Sweet-Pastry-Snack-Food-Packaging-Christmas-Gift-Bags.jpg\" slate-data-type=\"image\" style=\"max-width: 100%; height: auto; display: block; margin: 0 auto;\"><br \/>\n<img decoding=\"async\" class=\"detail-desc-decorate-image\" src=\"http:\/\/ibn.wyd.mybluehost.me\/reanpackaging.com\/wp-content\/uploads\/2023\/09\/10-description-Disposable-Stand-Up-Custom-Printed-Pouches-Takeaway-Plastic-Cookie-Candy-Sweet-Pastry-Snack-Food-Packaging-Christmas-Gift-Bags.jpg\" slate-data-type=\"image\" style=\"max-width: 100%; height: auto; display: block; margin: 0 auto;\"><br \/>\n<img decoding=\"async\" class=\"detail-desc-decorate-image\" src=\"http:\/\/ibn.wyd.mybluehost.me\/reanpackaging.com\/wp-content\/uploads\/2023\/09\/11-description-Disposable-Stand-Up-Custom-Printed-Pouches-Takeaway-Plastic-Cookie-Candy-Sweet-Pastry-Snack-Food-Packaging-Christmas-Gift-Bags.jpg\" slate-data-type=\"image\" style=\"max-width: 100%; height: auto; display: block; margin: 0 auto;\"><br \/>\n<img decoding=\"async\" class=\"detail-desc-decorate-image\" src=\"http:\/\/ibn.wyd.mybluehost.me\/reanpackaging.com\/wp-content\/uploads\/2023\/09\/12-description-Disposable-Stand-Up-Custom-Printed-Pouches-Takeaway-Plastic-Cookie-Candy-Sweet-Pastry-Snack-Food-Packaging-Christmas-Gift-Bags.jpg\" slate-data-type=\"image\" style=\"max-width: 100%; height: auto; display: block; margin: 0 auto;\"><br \/>\n<img decoding=\"async\" class=\"detail-desc-decorate-image\" src=\"http:\/\/ibn.wyd.mybluehost.me\/reanpackaging.com\/wp-content\/uploads\/2023\/09\/13-description-Disposable-Stand-Up-Custom-Printed-Pouches-Takeaway-Plastic-Cookie-Candy-Sweet-Pastry-Snack-Food-Packaging-Christmas-Gift-Bags.jpg\" slate-data-type=\"image\" style=\"max-width: 100%; height: auto; display: block; margin: 0 auto;\"><br \/>\n<img decoding=\"async\" class=\"detail-desc-decorate-image\" src=\"http:\/\/ibn.wyd.mybluehost.me\/reanpackaging.com\/wp-content\/uploads\/2023\/09\/14-description-Disposable-Stand-Up-Custom-Printed-Pouches-Takeaway-Plastic-Cookie-Candy-Sweet-Pastry-Snack-Food-Packaging-Christmas-Gift-Bags.jpg\" slate-data-type=\"image\" style=\"max-width: 100%; height: auto; display: block; margin: 0 auto;\"><br \/>\n<img decoding=\"async\" class=\"detail-desc-decorate-image\" src=\"http:\/\/ibn.wyd.mybluehost.me\/reanpackaging.com\/wp-content\/uploads\/2023\/09\/2-description-Disposable-Stand-Up-Custom-Printed-Pouches-Takeaway-Plastic-Cookie-Candy-Sweet-Pastry-Snack-Food-Packaging-Christmas-Gift-Bags.jpg\" slate-data-type=\"image\" style=\"max-width: 100%; height: auto; display: block; margin: 0 auto;\"><br \/>\n<img decoding=\"async\" class=\"detail-desc-decorate-image\" src=\"http:\/\/ibn.wyd.mybluehost.me\/reanpackaging.com\/wp-content\/uploads\/2023\/09\/3-description-Disposable-Stand-Up-Custom-Printed-Pouches-Takeaway-Plastic-Cookie-Candy-Sweet-Pastry-Snack-Food-Packaging-Christmas-Gift-Bags.jpg\" slate-data-type=\"image\" style=\"max-width: 100%; height: auto; display: block; margin: 0 auto;\"><br \/>\n<img decoding=\"async\" class=\"detail-desc-decorate-image\" src=\"http:\/\/ibn.wyd.mybluehost.me\/reanpackaging.com\/wp-content\/uploads\/2023\/09\/4-description-Disposable-Stand-Up-Custom-Printed-Pouches-Takeaway-Plastic-Cookie-Candy-Sweet-Pastry-Snack-Food-Packaging-Christmas-Gift-Bags.jpg\" slate-data-type=\"image\" style=\"max-width: 100%; height: auto; display: block; margin: 0 auto;\"><br \/>\n<img decoding=\"async\" class=\"detail-desc-decorate-image\" src=\"http:\/\/ibn.wyd.mybluehost.me\/reanpackaging.com\/wp-content\/uploads\/2023\/09\/5-description-Disposable-Stand-Up-Custom-Printed-Pouches-Takeaway-Plastic-Cookie-Candy-Sweet-Pastry-Snack-Food-Packaging-Christmas-Gift-Bags.jpg\" slate-data-type=\"image\" style=\"max-width: 100%; height: auto; display: block; margin: 0 auto;\"><br \/>\n<img decoding=\"async\" class=\"detail-desc-decorate-image\" src=\"http:\/\/ibn.wyd.mybluehost.me\/reanpackaging.com\/wp-content\/uploads\/2023\/09\/6-description-Disposable-Stand-Up-Custom-Printed-Pouches-Takeaway-Plastic-Cookie-Candy-Sweet-Pastry-Snack-Food-Packaging-Christmas-Gift-Bags.jpg\" slate-data-type=\"image\" style=\"max-width: 100%; height: auto; display: block; margin: 0 auto;\"><br \/>\n<img decoding=\"async\" class=\"detail-desc-decorate-image\" src=\"http:\/\/ibn.wyd.mybluehost.me\/reanpackaging.com\/wp-content\/uploads\/2023\/09\/7-description-Disposable-Stand-Up-Custom-Printed-Pouches-Takeaway-Plastic-Cookie-Candy-Sweet-Pastry-Snack-Food-Packaging-Christmas-Gift-Bags.jpg\" slate-data-type=\"image\" style=\"max-width: 100%; height: auto; display: block; margin: 0 auto;\"><br \/>\n<img decoding=\"async\" class=\"detail-desc-decorate-image\" src=\"http:\/\/ibn.wyd.mybluehost.me\/reanpackaging.com\/wp-content\/uploads\/2023\/09\/8-description-Disposable-Stand-Up-Custom-Printed-Pouches-Takeaway-Plastic-Cookie-Candy-Sweet-Pastry-Snack-Food-Packaging-Christmas-Gift-Bags.jpg\" slate-data-type=\"image\" style=\"max-width: 100%; height: auto; display: block; margin: 0 auto;\"><br \/>\n<img decoding=\"async\" class=\"detail-desc-decorate-image\" src=\"http:\/\/ibn.wyd.mybluehost.me\/reanpackaging.com\/wp-content\/uploads\/2023\/09\/9-description-Disposable-Stand-Up-Custom-Printed-Pouches-Takeaway-Plastic-Cookie-Candy-Sweet-Pastry-Snack-Food-Packaging-Christmas-Gift-Bags.jpg\" slate-data-type=\"image\" style=\"max-width: 100%; height: auto; display: block; margin: 0 auto;\"><\/p>","protected":false},"excerpt":{"rendered":"<p>Industry-Specific Attributes Industrial Use Gift &#038; Craft Bag Type Stand Up Pouch Feature BIODEGRADABLE Plastic Type PP Other Attributes Surface Handling Hot Stamping Material Structure PP Sealing &#038; Handle Button Closure Custom Order Accept Product name Almond Biodegradable Poly Bag Translucent Apricot Packing Snack Bag Usage Food Packing , Food container, Takeaway Bag Feature Simple, [&hellip;]<\/p>\n","protected":false},"featured_media":9929,"template":"","meta":{"_seopress_robots_primary_cat":"none","_seopress_titles_title":"","_seopress_titles_desc":"","_seopress_robots_index":"","site-sidebar-layout":"default","site-content-layout":"","ast-site-content-layout":"default","site-content-style":"default","site-sidebar-style":"default","ast-global-header-display":"","ast-banner-title-visibility":"","ast-main-header-display":"","ast-hfb-above-header-display":"","ast-hfb-below-header-display":"","ast-hfb-mobile-header-display":"","site-post-title":"","ast-breadcrumbs-content":"","ast-featured-img":"","footer-sml-layout":"","ast-disable-related-posts":"","theme-transparent-header-meta":"default","adv-header-id-meta":"","stick-header-meta":"default","header-above-stick-meta":"","header-main-stick-meta":"","header-below-stick-meta":"","astra-migrate-meta-layouts":"set","ast-page-background-enabled":"default","ast-page-background-meta":{"desktop":{"background-color":"","background-image":"","background-repeat":"repeat","background-position":"center center","background-size":"auto","background-attachment":"scroll","background-type":"","background-media":"","overlay-type":"","overlay-color":"","overlay-opacity":"","overlay-gradient":""},"tablet":{"background-color":"","background-image":"","background-repeat":"repeat","background-position":"center center","background-size":"auto","background-attachment":"scroll","background-type":"","background-media":"","overlay-type":"","overlay-color":"","overlay-opacity":"","overlay-gradient":""},"mobile":{"background-color":"","background-image":"","background-repeat":"repeat","background-position":"center center","background-size":"auto","background-attachment":"scroll","background-type":"","background-media":"","overlay-type":"","overlay-color":"","overlay-opacity":"","overlay-gradient":""}},"ast-content-background-meta":{"desktop":{"background-color":"var(--ast-global-color-5)","background-image":"","background-repeat":"repeat","background-position":"center center","background-size":"auto","background-attachment":"scroll","background-type":"","background-media":"","overlay-type":"","overlay-color":"","overlay-opacity":"","overlay-gradient":""},"tablet":{"background-color":"var(--ast-global-color-5)","background-image":"","background-repeat":"repeat","background-position":"center center","background-size":"auto","background-attachment":"scroll","background-type":"","background-media":"","overlay-type":"","overlay-color":"","overlay-opacity":"","overlay-gradient":""},"mobile":{"background-color":"var(--ast-global-color-5)","background-image":"","background-repeat":"repeat","background-position":"center center","background-size":"auto","background-attachment":"scroll","background-type":"","background-media":"","overlay-type":"","overlay-color":"","overlay-opacity":"","overlay-gradient":""}}},"product_brand":[],"product_cat":[40,32],"product_tag":[],"class_list":{"0":"post-9999","1":"product","2":"type-product","3":"status-publish","4":"has-post-thumbnail","6":"product_cat-gift-bags","7":"product_cat-retail-packaging","8":"desktop-align-left","9":"tablet-align-left","10":"mobile-align-left","11":"ast-product-gallery-layout-horizontal","12":"ast-product-tabs-layout-horizontal","14":"first","15":"instock","16":"purchasable","17":"product-type-simple"},"_links":{"self":[{"href":"https:\/\/reanpackaging.com\/pl\/wp-json\/wp\/v2\/product\/9999","targetHints":{"allow":["GET"]}}],"collection":[{"href":"https:\/\/reanpackaging.com\/pl\/wp-json\/wp\/v2\/product"}],"about":[{"href":"https:\/\/reanpackaging.com\/pl\/wp-json\/wp\/v2\/types\/product"}],"wp:featuredmedia":[{"embeddable":true,"href":"https:\/\/reanpackaging.com\/pl\/wp-json\/wp\/v2\/media\/9929"}],"wp:attachment":[{"href":"https:\/\/reanpackaging.com\/pl\/wp-json\/wp\/v2\/media?parent=9999"}],"wp:term":[{"taxonomy":"product_brand","embeddable":true,"href":"https:\/\/reanpackaging.com\/pl\/wp-json\/wp\/v2\/product_brand?post=9999"},{"taxonomy":"product_cat","embeddable":true,"href":"https:\/\/reanpackaging.com\/pl\/wp-json\/wp\/v2\/product_cat?post=9999"},{"taxonomy":"product_tag","embeddable":true,"href":"https:\/\/reanpackaging.com\/pl\/wp-json\/wp\/v2\/product_tag?post=9999"}],"curies":[{"name":"wp","href":"https:\/\/api.w.org\/{rel}","templated":true}]}}