{"id":17200,"date":"2024-04-28T15:56:49","date_gmt":"2024-04-28T15:56:49","guid":{"rendered":"https:\/\/reanpackaging.com\/product\/custom-kraft-wine-carrier-paper-bag-2-bottle-for-wineries-gift-shops-paperboard-paper-bag-with-die-cut-window-carrying-handle\/"},"modified":"2024-10-01T16:32:54","modified_gmt":"2024-10-01T16:32:54","slug":"custom-kraft-wine-carrier-paper-bag-2-bottle-for-wineries-gift-shops-paperboard-paper-bag-with-die-cut-window-carrying-handle","status":"publish","type":"product","link":"https:\/\/reanpackaging.com\/ru\/product\/\u043f\u043e\u043b\u044c\u0437\u043e\u0432\u0430\u0442\u0435\u043b\u044c\u0441\u043a\u0438\u0435-\u043a\u0440\u0430\u0444\u0442-\u0432\u0438\u043d\u0430-\u043f\u0435\u0440\u0435\u0432\u043e\u0437\/","title":{"rendered":"\u041f\u043e\u043b\u044c\u0437\u043e\u0432\u0430\u0442\u0435\u043b\u044c\u0441\u043a\u0438\u0435 \u043a\u0440\u0430\u0444\u0442 \u0432\u0438\u043d\u0430 \u043f\u0435\u0440\u0435\u0432\u043e\u0437\u0447\u0438\u043a \u0431\u0443\u043c\u0430\u0436\u043d\u044b\u0439 \u043c\u0435\u0448\u043e\u043a 2 \u0431\u0443\u0442\u044b\u043b\u043a\u0438 \u0434\u043b\u044f \u0432\u0438\u043d\u043e\u0434\u0435\u043b\u044c\u043d\u0438 \u043f\u043e\u0434\u0430\u0440\u043e\u043a \u043c\u0430\u0433\u0430\u0437\u0438\u043d\u044b \u043a\u0430\u0440\u0442\u043e\u043d \u0431\u0443\u043c\u0430\u0436\u043d\u044b\u0439 \u043c\u0435\u0448\u043e\u043a \u0441 Die-\u0432\u044b\u0440\u0435\u0437\u0430\u0442\u044c \u043e\u043a\u043d\u043e \u0440\u0443\u0447\u043a\u0430 \u0434\u043b\u044f \u043f\u0435\u0440\u0435\u043d\u043e\u0441\u043a\u0438"},"content":{"rendered":"<h4>\u0410\u0442\u0440\u0438\u0431\u0443\u0442\u044b, \u0445\u0430\u0440\u0430\u043a\u0442\u0435\u0440\u043d\u044b\u0435 \u0434\u043b\u044f \u043a\u043e\u043d\u043a\u0440\u0435\u0442\u043d\u043e\u0439 \u043e\u0442\u0440\u0430\u0441\u043b\u0438<\/h4>\n<table border=\"1\">\n<tr>\n<td><strong>\u041f\u0440\u043e\u043c\u044b\u0448\u043b\u0435\u043d\u043d\u043e\u0435 \u0438\u0441\u043f\u043e\u043b\u044c\u0437\u043e\u0432\u0430\u043d\u0438\u0435<\/strong><\/td>\n<td>\u041f\u043e\u0434\u0430\u0440\u043a\u0438 \u0438 \u0440\u0435\u043c\u0435\u0441\u043b\u0430<\/td>\n<\/tr>\n<tr>\n<td><strong>\u0422\u0438\u043f \u0431\u0443\u043c\u0430\u0433\u0438<\/strong><\/td>\n<td>\u043a\u0440\u0430\u0444\u0442-\u0431\u0443\u043c\u0430\u0433\u0430\/\u043a\u0440\u0430\u0444\u0442-\u0431\u0443\u043c\u0430\u0436\u043d\u044b\u0439 \u043c\u0435\u0448\u043e\u043a<\/td>\n<\/tr>\n<tr>\n<td><strong>\u0425\u0430\u0440\u0430\u043a\u0442\u0435\u0440\u0438\u0441\u0442\u0438\u043a\u0430<\/strong><\/td>\n<td>\u041f\u0435\u0440\u0435\u0440\u0430\u0431\u0430\u0442\u044b\u0432\u0430\u0435\u043c\u044b\u0435<\/td>\n<\/tr>\n<\/table>\n<h4>\u0414\u0440\u0443\u0433\u0438\u0435 \u0430\u0442\u0440\u0438\u0431\u0443\u0442\u044b<\/h4>\n<table border=\"1\">\n<tr>\n<td><strong>\u041c\u0435\u0441\u0442\u043e \u043f\u0440\u043e\u0438\u0441\u0445\u043e\u0436\u0434\u0435\u043d\u0438\u044f<\/strong><\/td>\n<td>\u041a\u0438\u0442\u0430\u0439<\/td>\n<\/tr>\n<tr>\n<td><strong>\u041d\u0430\u0437\u0432\u0430\u043d\u0438\u0435 \u0431\u0440\u0435\u043d\u0434\u0430<\/strong><\/td>\n<td>\u041f\u0430\u043a\u0435\u0442 \"\u041c\u0430\u0439\u0431\u0430\u043e<\/td>\n<\/tr>\n<tr>\n<td><strong>\u041d\u043e\u043c\u0435\u0440 \u043c\u043e\u0434\u0435\u043b\u0438<\/strong><\/td>\n<td>MB-KP3<\/td>\n<\/tr>\n<tr>\n<td><strong>\u041e\u0431\u0440\u0430\u0431\u043e\u0442\u043a\u0430 \u043f\u043e\u0432\u0435\u0440\u0445\u043d\u043e\u0441\u0442\u0438<\/strong><\/td>\n<td>\u041e\u0444\u0441\u0435\u0442\u043d\u0430\u044f \u043f\u0435\u0447\u0430\u0442\u044c<\/td>\n<\/tr>\n<tr>\n<td><strong>\u0423\u043f\u043b\u043e\u0442\u043d\u0435\u043d\u0438\u0435 \u0438 \u0440\u0443\u043a\u043e\u044f\u0442\u043a\u0430<\/strong><\/td>\n<td>\u0414\u043b\u0438\u043d\u0430 \u0440\u0443\u043a\u043e\u044f\u0442\u043a\u0438<\/td>\n<\/tr>\n<tr>\n<td><strong>\u0418\u043d\u0434\u0438\u0432\u0438\u0434\u0443\u0430\u043b\u044c\u043d\u044b\u0439 \u0437\u0430\u043a\u0430\u0437<\/strong><\/td>\n<td>\u041f\u0440\u0438\u043d\u044f\u0442\u044c<\/td>\n<\/tr>\n<tr>\n<td><strong>\u0420\u0430\u0437\u043c\u0435\u0440<\/strong><\/td>\n<td>5\u00d73.75\u00d78,5.25x3x8.5,8\u00d74.75\u00d710,10x5x13,16x6x12inches, or Customized<\/td>\n<\/tr>\n<tr>\n<td><strong>\u041e\u0431\u0440\u0430\u0431\u043e\u0442\u043a\u0430 \u043f\u043e\u0432\u0435\u0440\u0445\u043d\u043e\u0441\u0442\u0438<\/strong><\/td>\n<td>\u0424\u043b\u0435\u043a\u0441\u043e\u043f\u0435\u0447\u0430\u0442\u044c, \u0433\u043b\u044f\u043d\u0446\u0435\u0432\u0430\u044f\/\u043c\u0430\u0442\u043e\u0432\u0430\u044f \u043b\u0430\u043c\u0438\u043d\u0430\u0446\u0438\u044f, \u0423\u0424-\u0441\u043f\u043e\u0442, \u0433\u043e\u0440\u044f\u0447\u0435\u0435 \u0442\u0438\u0441\u043d\u0435\u043d\u0438\u0435 \u0437\u043e\u043b\u043e\u0442\u043e\u043c\/\u0441\u0435\u0440\u0435\u0431\u0440\u043e\u043c<\/td>\n<\/tr>\n<tr>\n<td><strong>\u0426\u0432\u0435\u0442<\/strong><\/td>\n<td>\u041a\u043e\u0440\u0438\u0447\u043d\u0435\u0432\u044b\u0439, \u0431\u0435\u043b\u044b\u0439 \u0438 \u0434\u0440\u0443\u0433\u0438\u0435 \u0446\u0432\u0435\u0442\u0430 CMYK\/Pantone, \u0434\u043e 10 \u0446\u0432\u0435\u0442\u043e\u0432<\/td>\n<\/tr>\n<tr>\n<td><strong>\u0422\u043e\u043b\u0449\u0438\u043d\u0430<\/strong><\/td>\n<td>80gsm, 90gsm, 100gsm, 110gsm, 120gsm \u0438\u043b\u0438 \u043d\u0430 \u0437\u0430\u043a\u0430\u0437<\/td>\n<\/tr>\n<tr>\n<td><strong>\u0423\u043f\u043b\u043e\u0442\u043d\u0435\u043d\u0438\u0435 \u0438 \u0440\u0443\u043a\u043e\u044f\u0442\u043a\u0430<\/strong><\/td>\n<td>\u041a\u0440\u0443\u0447\u0435\u043d\u0430\u044f \u0440\u0443\u0447\u043a\u0430, \u043f\u043b\u043e\u0441\u043a\u0430\u044f \u0440\u0443\u0447\u043a\u0430, \u0432\u044b\u0440\u0435\u0437\u0430\u043d\u043d\u0430\u044f \u0440\u0443\u0447\u043a\u0430, \u043b\u0435\u043d\u0442\u0430, \u043f\u043e\u043b\u0438\u043f\u0440\u043e\u043f\u0438\u043b\u0435\u043d\u043e\u0432\u0430\u044f \u0432\u0435\u0440\u0435\u0432\u043a\u0430, \u0445\u043b\u043e\u043f\u043e\u043a \u0438 \u0442.\u0434.<\/td>\n<\/tr>\n<tr>\n<td><strong>\u0422\u0438\u043f \u0447\u0435\u0440\u043d\u0438\u043b<\/strong><\/td>\n<td>\u042d\u043a\u043e\u043b\u043e\u0433\u0438\u0447\u0435\u0441\u043a\u0438 \u0447\u0438\u0441\u0442\u044b\u0435 \u0441\u043e\u0435\u0432\u044b\u0435 \u0447\u0435\u0440\u043d\u0438\u043b\u0430 \u043d\u0430 \u0432\u043e\u0434\u043d\u043e\u0439 \u043e\u0441\u043d\u043e\u0432\u0435<\/td>\n<\/tr>\n<tr>\n<td><strong>\u0410\u0440\u0442\u0438\u043a\u0443\u043b<\/strong><\/td>\n<td>\u041a\u043e\u0440\u0438\u0447\u043d\u0435\u0432\u044b\u0439 \u043f\u0430\u043a\u0435\u0442 \u0438\u0437 \u043a\u0440\u0430\u0444\u0442-\u0431\u0443\u043c\u0430\u0433\u0438 \u0441 \u0440\u0443\u0447\u043a\u0430\u043c\u0438<\/td>\n<\/tr>\n<tr>\n<td><strong>\u041f\u0440\u043e\u043c\u044b\u0448\u043b\u0435\u043d\u043d\u043e\u0435 \u0438\u0441\u043f\u043e\u043b\u044c\u0437\u043e\u0432\u0430\u043d\u0438\u0435<\/strong><\/td>\n<td>\u041f\u0440\u043e\u0434\u0443\u043a\u0442\u044b \u043f\u0438\u0442\u0430\u043d\u0438\u044f \u041d\u0430\u043f\u0438\u0442\u043a\u0438 \u041f\u043e\u0434\u0430\u0440\u043a\u0438 \u041f\u043e\u043a\u0443\u043f\u043a\u0438 \u0423\u043f\u0430\u043a\u043e\u0432\u043a\u0430<\/td>\n<\/tr>\n<tr>\n<td><strong>\u0418\u0441\u043f\u043e\u043b\u044c\u0437\u0443\u0439\u0442\u0435<\/strong><\/td>\n<td>\u041f\u0440\u043e\u0434\u0443\u043a\u0442\u044b \u043f\u0438\u0442\u0430\u043d\u0438\u044f \u041d\u0430\u043f\u0438\u0442\u043a\u0438 \u041f\u043e\u0434\u0430\u0440\u043a\u0438 \u041f\u043e\u043a\u0443\u043f\u043a\u0438 \u041e\u0434\u0435\u0436\u0434\u0430<\/td>\n<\/tr>\n<\/table>\n<p><img decoding=\"async\" class=\"detail-desc-decorate-image\" src=\"https:\/\/reanpackaging.com\/wp-content\/uploads\/2024\/04\/3-description-Custom-Kraft-Wine-Carrier-Paper-Bag-2-Bottle-for-wineries-gift-shops-paperboard-Paper-Bag-with-Die-cut-window-carrying-handle.jpg\" slate-data-type=\"image\" style=\"max-width: 100%; height: auto; display: block; margin: 0 auto;\"><br \/>\n<img decoding=\"async\" class=\"detail-desc-decorate-image\" src=\"https:\/\/reanpackaging.com\/wp-content\/uploads\/2024\/04\/5-description-Custom-Kraft-Wine-Carrier-Paper-Bag-2-Bottle-for-wineries-gift-shops-paperboard-Paper-Bag-with-Die-cut-window-carrying-handle.jpg\" slate-data-type=\"image\" style=\"max-width: 100%; height: auto; display: block; margin: 0 auto;\"><br \/>\n<img decoding=\"async\" class=\"detail-desc-decorate-image\" src=\"https:\/\/reanpackaging.com\/wp-content\/uploads\/2024\/04\/7-description-Custom-Kraft-Wine-Carrier-Paper-Bag-2-Bottle-for-wineries-gift-shops-paperboard-Paper-Bag-with-Die-cut-window-carrying-handle.jpg\" slate-data-type=\"image\" style=\"max-width: 100%; height: auto; display: block; margin: 0 auto;\"><br \/>\n<img decoding=\"async\" class=\"detail-desc-decorate-image\" src=\"https:\/\/reanpackaging.com\/wp-content\/uploads\/2024\/04\/8-description-Custom-Kraft-Wine-Carrier-Paper-Bag-2-Bottle-for-wineries-gift-shops-paperboard-Paper-Bag-with-Die-cut-window-carrying-handle.jpg\" slate-data-type=\"image\" style=\"max-width: 100%; height: auto; display: block; margin: 0 auto;\"><br \/>\n<img decoding=\"async\" class=\"detail-desc-decorate-image\" src=\"https:\/\/reanpackaging.com\/wp-content\/uploads\/2024\/04\/9-description-Custom-Kraft-Wine-Carrier-Paper-Bag-2-Bottle-for-wineries-gift-shops-paperboard-Paper-Bag-with-Die-cut-window-carrying-handle.jpg\" slate-data-type=\"image\" style=\"max-width: 100%; height: auto; display: block; margin: 0 auto;\"><\/p>","protected":false},"excerpt":{"rendered":"<p>Industry-Specific Attributes Industrial Use Gift &#038; Craft Paper Type kraft paper\/craft paper bag Feature Recyclable Other Attributes Place of Origin China Brand Name Maibao Package Model Number MB&#8211;KP3 Surface Handling Offset printing Sealing &#038; Handle Hand Length Handle Custom Order Accept Size 5&#215;3.75&#215;8,5.25x3x8.5,8&#215;4.75&#215;10,10x5x13,16x6x12inches, or Customized Surface Handling Flexo Printing,Glossy\/Matt Lamination,Spot UV,Gold\/Silver Hot Stamping Color Brown, [&hellip;]<\/p>\n","protected":false},"featured_media":16967,"template":"","meta":{"_seopress_robots_primary_cat":"none","_seopress_titles_title":"","_seopress_titles_desc":"","_seopress_robots_index":"","site-sidebar-layout":"default","site-content-layout":"","ast-site-content-layout":"default","site-content-style":"default","site-sidebar-style":"default","ast-global-header-display":"","ast-banner-title-visibility":"","ast-main-header-display":"","ast-hfb-above-header-display":"","ast-hfb-below-header-display":"","ast-hfb-mobile-header-display":"","site-post-title":"","ast-breadcrumbs-content":"","ast-featured-img":"","footer-sml-layout":"","ast-disable-related-posts":"","theme-transparent-header-meta":"default","adv-header-id-meta":"","stick-header-meta":"default","header-above-stick-meta":"","header-main-stick-meta":"","header-below-stick-meta":"","astra-migrate-meta-layouts":"set","ast-page-background-enabled":"default","ast-page-background-meta":{"desktop":{"background-color":"","background-image":"","background-repeat":"repeat","background-position":"center center","background-size":"auto","background-attachment":"scroll","background-type":"","background-media":"","overlay-type":"","overlay-color":"","overlay-opacity":"","overlay-gradient":""},"tablet":{"background-color":"","background-image":"","background-repeat":"repeat","background-position":"center center","background-size":"auto","background-attachment":"scroll","background-type":"","background-media":"","overlay-type":"","overlay-color":"","overlay-opacity":"","overlay-gradient":""},"mobile":{"background-color":"","background-image":"","background-repeat":"repeat","background-position":"center center","background-size":"auto","background-attachment":"scroll","background-type":"","background-media":"","overlay-type":"","overlay-color":"","overlay-opacity":"","overlay-gradient":""}},"ast-content-background-meta":{"desktop":{"background-color":"var(--ast-global-color-5)","background-image":"","background-repeat":"repeat","background-position":"center center","background-size":"auto","background-attachment":"scroll","background-type":"","background-media":"","overlay-type":"","overlay-color":"","overlay-opacity":"","overlay-gradient":""},"tablet":{"background-color":"var(--ast-global-color-5)","background-image":"","background-repeat":"repeat","background-position":"center center","background-size":"auto","background-attachment":"scroll","background-type":"","background-media":"","overlay-type":"","overlay-color":"","overlay-opacity":"","overlay-gradient":""},"mobile":{"background-color":"var(--ast-global-color-5)","background-image":"","background-repeat":"repeat","background-position":"center center","background-size":"auto","background-attachment":"scroll","background-type":"","background-media":"","overlay-type":"","overlay-color":"","overlay-opacity":"","overlay-gradient":""}}},"product_brand":[],"product_cat":[59],"product_tag":[],"class_list":{"0":"post-17200","1":"product","2":"type-product","3":"status-publish","4":"has-post-thumbnail","6":"product_cat-paper-wine-bag","7":"desktop-align-left","8":"tablet-align-left","9":"mobile-align-left","10":"ast-product-gallery-layout-horizontal","11":"ast-product-tabs-layout-horizontal","13":"first","14":"instock","15":"purchasable","16":"product-type-simple"},"_links":{"self":[{"href":"https:\/\/reanpackaging.com\/ru\/wp-json\/wp\/v2\/product\/17200","targetHints":{"allow":["GET"]}}],"collection":[{"href":"https:\/\/reanpackaging.com\/ru\/wp-json\/wp\/v2\/product"}],"about":[{"href":"https:\/\/reanpackaging.com\/ru\/wp-json\/wp\/v2\/types\/product"}],"wp:featuredmedia":[{"embeddable":true,"href":"https:\/\/reanpackaging.com\/ru\/wp-json\/wp\/v2\/media\/16967"}],"wp:attachment":[{"href":"https:\/\/reanpackaging.com\/ru\/wp-json\/wp\/v2\/media?parent=17200"}],"wp:term":[{"taxonomy":"product_brand","embeddable":true,"href":"https:\/\/reanpackaging.com\/ru\/wp-json\/wp\/v2\/product_brand?post=17200"},{"taxonomy":"product_cat","embeddable":true,"href":"https:\/\/reanpackaging.com\/ru\/wp-json\/wp\/v2\/product_cat?post=17200"},{"taxonomy":"product_tag","embeddable":true,"href":"https:\/\/reanpackaging.com\/ru\/wp-json\/wp\/v2\/product_tag?post=17200"}],"curies":[{"name":"wp","href":"https:\/\/api.w.org\/{rel}","templated":true}]}}