{"id":10249,"date":"2023-09-27T01:55:19","date_gmt":"2023-09-27T01:55:19","guid":{"rendered":"http:\/\/ibn.wyd.mybluehost.me\/reanpackaging.com\/product\/custom-printed-eco-friendly-reusable-waterproof-die-cut-pp-laminated-non-woven-tote-shopping-bags\/"},"modified":"2023-09-27T01:55:22","modified_gmt":"2023-09-27T01:55:22","slug":"custom-printed-eco-friendly-reusable-waterproof-die-cut-pp-laminated-non-woven-tote-shopping-bags","status":"publish","type":"product","link":"https:\/\/reanpackaging.com\/sv\/produkt\/anpassade-tryckta-miljovanliga-ateranvandbara-vattentata-die-cut-pp-laminerade-icke-vavda-tote-shoppingvaskor\/","title":{"rendered":"Anpassad tryckt milj\u00f6v\u00e4nlig \u00e5teranv\u00e4ndbar vattent\u00e4t Die Cut Pp laminerad icke v\u00e4vd tote shoppingv\u00e4skor"},"content":{"rendered":"<h4>Branschspecifika attribut<\/h4>\n<table border=\"1\">\n<tr>\n<td><strong>Material<\/strong><\/td>\n<td>Icke-v\u00e4vd<\/td>\n<\/tr>\n<\/table>\n<h4>\u00d6vriga attribut<\/h4>\n<table border=\"1\">\n<tr>\n<td><strong>Stil<\/strong><\/td>\n<td>F\u00e4llbar<\/td>\n<\/tr>\n<tr>\n<td><strong>Artikelns namn<\/strong><\/td>\n<td>Shoppingkassar av fiberduk<\/td>\n<\/tr>\n<tr>\n<td><strong>Material<\/strong><\/td>\n<td>Icke-v\u00e4vd<\/td>\n<\/tr>\n<tr>\n<td><strong>F\u00e4rg<\/strong><\/td>\n<td>Anpassad f\u00e4rg<\/td>\n<\/tr>\n<tr>\n<td><strong>Storlek<\/strong><\/td>\n<td>30 * 40 * 10cm eller anpassad<\/td>\n<\/tr>\n<tr>\n<td><strong>Tryckning<\/strong><\/td>\n<td>anpassad<\/td>\n<\/tr>\n<tr>\n<td><strong>Anv\u00e4ndning<\/strong><\/td>\n<td>Annonsering<\/td>\n<\/tr>\n<tr>\n<td><strong>MOQ<\/strong><\/td>\n<td>1000 st<\/td>\n<\/tr>\n<tr>\n<td><strong>Paket<\/strong><\/td>\n<td>101 st\/ctn, 40*50*40cm, 18 kg<\/td>\n<\/tr>\n<tr>\n<td><strong>Produktionstid<\/strong><\/td>\n<td>15 dagar f\u00f6r 1000 st<\/td>\n<\/tr>\n<tr>\n<td><strong>Milj\u00f6v\u00e4nlig<\/strong><\/td>\n<td>JA<\/td>\n<\/tr>\n<\/table>","protected":false},"excerpt":{"rendered":"<p>Industry-Specific Attributes Material Non-Woven Other Attributes Style Folding Item name Non Woven Shopping Bags Material non woven Color Customized Color Size 30*40*10cm or customized Printing customized Usage Advertising MOQ 1000pcs Package 101pcs\/ctn, 40*50*40cm, 18kgs Production Time 15 Days for 1000pcs ECO-Friendly YES<\/p>","protected":false},"featured_media":10161,"template":"","meta":{"_seopress_robots_primary_cat":"","_seopress_titles_title":"","_seopress_titles_desc":"","_seopress_robots_index":"","site-sidebar-layout":"default","site-content-layout":"","ast-site-content-layout":"default","site-content-style":"default","site-sidebar-style":"default","ast-global-header-display":"","ast-banner-title-visibility":"","ast-main-header-display":"","ast-hfb-above-header-display":"","ast-hfb-below-header-display":"","ast-hfb-mobile-header-display":"","site-post-title":"","ast-breadcrumbs-content":"","ast-featured-img":"","footer-sml-layout":"","ast-disable-related-posts":"","theme-transparent-header-meta":"","adv-header-id-meta":"","stick-header-meta":"","header-above-stick-meta":"","header-main-stick-meta":"","header-below-stick-meta":"","astra-migrate-meta-layouts":"default","ast-page-background-enabled":"default","ast-page-background-meta":{"desktop":{"background-color":"","background-image":"","background-repeat":"repeat","background-position":"center center","background-size":"auto","background-attachment":"scroll","background-type":"","background-media":"","overlay-type":"","overlay-color":"","overlay-opacity":"","overlay-gradient":""},"tablet":{"background-color":"","background-image":"","background-repeat":"repeat","background-position":"center center","background-size":"auto","background-attachment":"scroll","background-type":"","background-media":"","overlay-type":"","overlay-color":"","overlay-opacity":"","overlay-gradient":""},"mobile":{"background-color":"","background-image":"","background-repeat":"repeat","background-position":"center center","background-size":"auto","background-attachment":"scroll","background-type":"","background-media":"","overlay-type":"","overlay-color":"","overlay-opacity":"","overlay-gradient":""}},"ast-content-background-meta":{"desktop":{"background-color":"var(--ast-global-color-5)","background-image":"","background-repeat":"repeat","background-position":"center center","background-size":"auto","background-attachment":"scroll","background-type":"","background-media":"","overlay-type":"","overlay-color":"","overlay-opacity":"","overlay-gradient":""},"tablet":{"background-color":"var(--ast-global-color-5)","background-image":"","background-repeat":"repeat","background-position":"center center","background-size":"auto","background-attachment":"scroll","background-type":"","background-media":"","overlay-type":"","overlay-color":"","overlay-opacity":"","overlay-gradient":""},"mobile":{"background-color":"var(--ast-global-color-5)","background-image":"","background-repeat":"repeat","background-position":"center center","background-size":"auto","background-attachment":"scroll","background-type":"","background-media":"","overlay-type":"","overlay-color":"","overlay-opacity":"","overlay-gradient":""}}},"product_brand":[],"product_cat":[41],"product_tag":[],"class_list":{"0":"post-10249","1":"product","2":"type-product","3":"status-publish","4":"has-post-thumbnail","6":"product_cat-shopping-bags","7":"desktop-align-left","8":"tablet-align-left","9":"mobile-align-left","10":"ast-product-gallery-layout-horizontal","11":"ast-product-tabs-layout-horizontal","13":"first","14":"instock","15":"product-type-simple"},"_links":{"self":[{"href":"https:\/\/reanpackaging.com\/sv\/wp-json\/wp\/v2\/product\/10249","targetHints":{"allow":["GET"]}}],"collection":[{"href":"https:\/\/reanpackaging.com\/sv\/wp-json\/wp\/v2\/product"}],"about":[{"href":"https:\/\/reanpackaging.com\/sv\/wp-json\/wp\/v2\/types\/product"}],"wp:featuredmedia":[{"embeddable":true,"href":"https:\/\/reanpackaging.com\/sv\/wp-json\/wp\/v2\/media\/10161"}],"wp:attachment":[{"href":"https:\/\/reanpackaging.com\/sv\/wp-json\/wp\/v2\/media?parent=10249"}],"wp:term":[{"taxonomy":"product_brand","embeddable":true,"href":"https:\/\/reanpackaging.com\/sv\/wp-json\/wp\/v2\/product_brand?post=10249"},{"taxonomy":"product_cat","embeddable":true,"href":"https:\/\/reanpackaging.com\/sv\/wp-json\/wp\/v2\/product_cat?post=10249"},{"taxonomy":"product_tag","embeddable":true,"href":"https:\/\/reanpackaging.com\/sv\/wp-json\/wp\/v2\/product_tag?post=10249"}],"curies":[{"name":"wp","href":"https:\/\/api.w.org\/{rel}","templated":true}]}}