{"id":10257,"date":"2023-09-27T01:55:19","date_gmt":"2023-09-27T01:55:19","guid":{"rendered":"http:\/\/ibn.wyd.mybluehost.me\/reanpackaging.com\/product\/wholesale-cheap-eco-pp-non-woven-shopping-bag-recycled-non-woven-grocery-tote-bag-custom-reusable-shopping-bag-with-logo-prin\/"},"modified":"2024-10-01T16:47:20","modified_gmt":"2024-10-01T16:47:20","slug":"wholesale-cheap-eco-pp-non-woven-shopping-bag-recycled-non-woven-grocery-tote-bag-custom-reusable-shopping-bag-with-logo-prin","status":"publish","type":"product","link":"https:\/\/reanpackaging.com\/sv\/produkt\/grossist-billig-eco-pp-non-woven-shoppingvaska-atervunnen-non-woven-livsmedelsbutik-tote-vaska-anpassad-ateranvandbar-shoppingvaska-med-logotyp-tryck\/","title":{"rendered":"Partihandel Billig Eco Pp Non Woven Shopping Bag \u00c5tervunnen Non-Woven Grocery Tote Bag Anpassad \u00e5teranv\u00e4ndbar shoppingv\u00e4ska med logotyp Prin"},"content":{"rendered":"<h4>Branschspecifika attribut<\/h4>\n<table border=\"1\">\n<tr>\n<td><strong>Material<\/strong><\/td>\n<td>Icke-v\u00e4vd<\/td>\n<\/tr>\n<\/table>\n<h4>\u00d6vriga attribut<\/h4>\n<table border=\"1\">\n<tr>\n<td><strong>Stil<\/strong><\/td>\n<td>Hanteras<\/td>\n<\/tr>\n<tr>\n<td><strong>M\u00f6nster typ<\/strong><\/td>\n<td>Brev<\/td>\n<\/tr>\n<tr>\n<td><strong>Storlek<\/strong><\/td>\n<td>Medium (30-50 cm)<\/td>\n<\/tr>\n<tr>\n<td><strong>ITEM<\/strong><\/td>\n<td>Non woven v\u00e4ska<\/td>\n<\/tr>\n<tr>\n<td><strong>Storlek<\/strong><\/td>\n<td>16\u2033H*15\u2033W*6\u2033G tum\/anpassad<\/td>\n<\/tr>\n<tr>\n<td><strong>F\u00e4rg<\/strong><\/td>\n<td>Anpassad pantonef\u00e4rg<\/td>\n<\/tr>\n<tr>\n<td><strong>MOQ<\/strong><\/td>\n<td>100 st<\/td>\n<\/tr>\n<tr>\n<td><strong>Stil<\/strong><\/td>\n<td>Handtag<\/td>\n<\/tr>\n<tr>\n<td><strong>Betalning<\/strong><\/td>\n<td>L\/C,D\/P,T\/T,Western Union<\/td>\n<\/tr>\n<tr>\n<td><strong>Anv\u00e4ndning<\/strong><\/td>\n<td>Shopping,F\u00f6rs\u00e4ljning,Kampanj,F\u00f6rpackning<\/td>\n<\/tr>\n<tr>\n<td><strong>H\u00e5llfasthetskapacitet<\/strong><\/td>\n<td>15-18 kg<\/td>\n<\/tr>\n<tr>\n<td><strong>provkostnad<\/strong><\/td>\n<td>Gratis, fraktkostnad tillkommer<\/td>\n<\/tr>\n<\/table>\n<p><img decoding=\"async\" class=\"detail-desc-decorate-image\" src=\"http:\/\/ibn.wyd.mybluehost.me\/reanpackaging.com\/wp-content\/uploads\/2023\/09\/10-description-Wholesale-Cheap-Eco-Pp-Non-Woven-Shopping-Bag-Recycled-Non-Woven-Grocery-Tote-Bag-Custom-Reusable-Shopping-Bag-With-Logo-Prin.jpg\" slate-data-type=\"image\" style=\"max-width: 100%; height: auto; display: block; margin: 0 auto;\"><br \/>\n<img decoding=\"async\" class=\"detail-desc-decorate-image\" src=\"http:\/\/ibn.wyd.mybluehost.me\/reanpackaging.com\/wp-content\/uploads\/2023\/09\/7-description-Wholesale-Cheap-Eco-Pp-Non-Woven-Shopping-Bag-Recycled-Non-Woven-Grocery-Tote-Bag-Custom-Reusable-Shopping-Bag-With-Logo-Prin.jpg\" slate-data-type=\"image\" style=\"max-width: 100%; height: auto; display: block; margin: 0 auto;\"><br \/>\n<img decoding=\"async\" class=\"detail-desc-decorate-image\" src=\"http:\/\/ibn.wyd.mybluehost.me\/reanpackaging.com\/wp-content\/uploads\/2023\/09\/8-description-Wholesale-Cheap-Eco-Pp-Non-Woven-Shopping-Bag-Recycled-Non-Woven-Grocery-Tote-Bag-Custom-Reusable-Shopping-Bag-With-Logo-Prin.jpg\" slate-data-type=\"image\" style=\"max-width: 100%; height: auto; display: block; margin: 0 auto;\"><br \/>\n<img decoding=\"async\" class=\"detail-desc-decorate-image\" src=\"http:\/\/ibn.wyd.mybluehost.me\/reanpackaging.com\/wp-content\/uploads\/2023\/09\/9-description-Wholesale-Cheap-Eco-Pp-Non-Woven-Shopping-Bag-Recycled-Non-Woven-Grocery-Tote-Bag-Custom-Reusable-Shopping-Bag-With-Logo-Prin.jpg\" slate-data-type=\"image\" style=\"max-width: 100%; height: auto; display: block; margin: 0 auto;\"><\/p>","protected":false},"excerpt":{"rendered":"<p>Industry-Specific Attributes Material Non-Woven Other Attributes Style Handled Pattern Type Letter Size Medium(30-50cm) ITEM Non Woven Bag Size 16&#8243;H*15&#8243;W*6&#8243;G inches\/customized Color Customized pantone color MOQ 100pcs Style Handle Payment L\/C,D\/P,T\/T,Western Union Usage Shopping,Sale,Promotion,Packing Holding capacity 15-18Kgs sample cost Free, shiping cost at your end<\/p>","protected":false},"featured_media":10209,"template":"","meta":{"_seopress_robots_primary_cat":"none","_seopress_titles_title":"","_seopress_titles_desc":"","_seopress_robots_index":"","site-sidebar-layout":"default","site-content-layout":"","ast-site-content-layout":"default","site-content-style":"default","site-sidebar-style":"default","ast-global-header-display":"","ast-banner-title-visibility":"","ast-main-header-display":"","ast-hfb-above-header-display":"","ast-hfb-below-header-display":"","ast-hfb-mobile-header-display":"","site-post-title":"","ast-breadcrumbs-content":"","ast-featured-img":"","footer-sml-layout":"","ast-disable-related-posts":"","theme-transparent-header-meta":"default","adv-header-id-meta":"","stick-header-meta":"default","header-above-stick-meta":"","header-main-stick-meta":"","header-below-stick-meta":"","astra-migrate-meta-layouts":"set","ast-page-background-enabled":"default","ast-page-background-meta":{"desktop":{"background-color":"","background-image":"","background-repeat":"repeat","background-position":"center center","background-size":"auto","background-attachment":"scroll","background-type":"","background-media":"","overlay-type":"","overlay-color":"","overlay-opacity":"","overlay-gradient":""},"tablet":{"background-color":"","background-image":"","background-repeat":"repeat","background-position":"center center","background-size":"auto","background-attachment":"scroll","background-type":"","background-media":"","overlay-type":"","overlay-color":"","overlay-opacity":"","overlay-gradient":""},"mobile":{"background-color":"","background-image":"","background-repeat":"repeat","background-position":"center center","background-size":"auto","background-attachment":"scroll","background-type":"","background-media":"","overlay-type":"","overlay-color":"","overlay-opacity":"","overlay-gradient":""}},"ast-content-background-meta":{"desktop":{"background-color":"var(--ast-global-color-5)","background-image":"","background-repeat":"repeat","background-position":"center center","background-size":"auto","background-attachment":"scroll","background-type":"","background-media":"","overlay-type":"","overlay-color":"","overlay-opacity":"","overlay-gradient":""},"tablet":{"background-color":"var(--ast-global-color-5)","background-image":"","background-repeat":"repeat","background-position":"center center","background-size":"auto","background-attachment":"scroll","background-type":"","background-media":"","overlay-type":"","overlay-color":"","overlay-opacity":"","overlay-gradient":""},"mobile":{"background-color":"var(--ast-global-color-5)","background-image":"","background-repeat":"repeat","background-position":"center center","background-size":"auto","background-attachment":"scroll","background-type":"","background-media":"","overlay-type":"","overlay-color":"","overlay-opacity":"","overlay-gradient":""}}},"product_brand":[],"product_cat":[41],"product_tag":[],"class_list":{"0":"post-10257","1":"product","2":"type-product","3":"status-publish","4":"has-post-thumbnail","6":"product_cat-shopping-bags","7":"desktop-align-left","8":"tablet-align-left","9":"mobile-align-left","10":"ast-product-gallery-layout-horizontal","11":"ast-product-tabs-layout-horizontal","13":"first","14":"instock","15":"purchasable","16":"product-type-simple"},"_links":{"self":[{"href":"https:\/\/reanpackaging.com\/sv\/wp-json\/wp\/v2\/product\/10257","targetHints":{"allow":["GET"]}}],"collection":[{"href":"https:\/\/reanpackaging.com\/sv\/wp-json\/wp\/v2\/product"}],"about":[{"href":"https:\/\/reanpackaging.com\/sv\/wp-json\/wp\/v2\/types\/product"}],"wp:featuredmedia":[{"embeddable":true,"href":"https:\/\/reanpackaging.com\/sv\/wp-json\/wp\/v2\/media\/10209"}],"wp:attachment":[{"href":"https:\/\/reanpackaging.com\/sv\/wp-json\/wp\/v2\/media?parent=10257"}],"wp:term":[{"taxonomy":"product_brand","embeddable":true,"href":"https:\/\/reanpackaging.com\/sv\/wp-json\/wp\/v2\/product_brand?post=10257"},{"taxonomy":"product_cat","embeddable":true,"href":"https:\/\/reanpackaging.com\/sv\/wp-json\/wp\/v2\/product_cat?post=10257"},{"taxonomy":"product_tag","embeddable":true,"href":"https:\/\/reanpackaging.com\/sv\/wp-json\/wp\/v2\/product_tag?post=10257"}],"curies":[{"name":"wp","href":"https:\/\/api.w.org\/{rel}","templated":true}]}}