{"id":12734,"date":"2023-10-14T17:57:49","date_gmt":"2023-10-14T17:57:49","guid":{"rendered":"http:\/\/ibn.wyd.mybluehost.me\/reanpackaging.com\/product\/corrugated-cardboard-carton-wine-box-paper-shipping-moving-box-with-4-6-8-10-12-14-bottles-assembled-dividers-insert\/"},"modified":"2024-07-30T07:04:34","modified_gmt":"2024-07-30T07:04:34","slug":"corrugated-cardboard-carton-wine-box-paper-shipping-moving-box-with-4-6-8-10-12-14-bottles-assembled-dividers-insert","status":"publish","type":"product","link":"https:\/\/reanpackaging.com\/sv\/produkt\/corrugated-cardboard-carton-wine-box-paper-shipping-moving-box-with-4-6-8-10-12-14-bottles-assembled-dividers-insert\/","title":{"rendered":"Korrugerad kartong kartong vinl\u00e5da papper frakt flyttl\u00e5da med 4 6 8 10 12 14 flaskor monterade avdelare insats"},"content":{"rendered":"<h4>Branschspecifika attribut<\/h4>\n<table border=\"1\">\n<tbody>\n<tr>\n<td><strong>Industriell anv\u00e4ndning<\/strong><\/td>\n<td>Mat<\/td>\n<\/tr>\n<tr>\n<td><strong>Typ av papper<\/strong><\/td>\n<td>Korrugerad kartong<\/td>\n<\/tr>\n<tr>\n<td><strong>Funktion<\/strong><\/td>\n<td>\u00c5tervinningsbar<\/td>\n<\/tr>\n<\/tbody>\n<\/table>\n<h4>\u00d6vriga attribut<\/h4>\n<table border=\"1\">\n<tbody>\n<tr>\n<td><strong>Typ av l\u00e5da<\/strong><\/td>\n<td>Styva l\u00e5dor<\/td>\n<\/tr>\n<tr>\n<td><strong>Tryckning Hantering<\/strong><\/td>\n<td>Matt laminering, lackering, st\u00e4mpling, glansig laminering, UV-bel\u00e4ggning<\/td>\n<\/tr>\n<tr>\n<td><strong>Anpassad best\u00e4llning<\/strong><\/td>\n<td>Acceptera<\/td>\n<\/tr>\n<tr>\n<td><strong>Form<\/strong><\/td>\n<td>Anpassad olika form<\/td>\n<\/tr>\n<tr>\n<td><strong>Material<\/strong><\/td>\n<td>Korrugerad kartong<\/td>\n<\/tr>\n<tr>\n<td><strong>Storlek<\/strong><\/td>\n<td>Anpassad storlek accepteras<\/td>\n<\/tr>\n<tr>\n<td><strong>Tryckning<\/strong><\/td>\n<td>Acceptera anpassad utskrift<\/td>\n<\/tr>\n<tr>\n<td><strong>MOQ<\/strong><\/td>\n<td>3000 st<\/td>\n<\/tr>\n<tr>\n<td><strong>Funktion<\/strong><\/td>\n<td>Produktskydd<\/td>\n<\/tr>\n<tr>\n<td><strong>Tjocklek<\/strong><\/td>\n<td>1,5-7,0 mm Tjocklek<\/td>\n<\/tr>\n<tr>\n<td><strong>Konstverk Format<\/strong><\/td>\n<td>AI PDF PSD CDR<\/td>\n<\/tr>\n<tr>\n<td><strong>Service<\/strong><\/td>\n<td>100% Perfekt service efter f\u00f6rs\u00e4ljning<\/td>\n<\/tr>\n<tr>\n<td><strong>F\u00f6rdel<\/strong><\/td>\n<td>Milj\u00f6v\u00e4nlig Naturlig H\u00e4lsosam<\/td>\n<\/tr>\n<\/tbody>\n<\/table>\n<p><img decoding=\"async\" class=\"detail-desc-decorate-image\" style=\"max-width: 100%; height: auto; display: block; margin: 0 auto;\" src=\"http:\/\/ibn.wyd.mybluehost.me\/reanpackaging.com\/wp-content\/uploads\/2023\/10\/1-description-Corrugated-Cardboard-Carton-Wine-Box-Paper-Shipping-Moving-Box-With-4-6-8-10-12-14-Bottles-Assembled-Dividers-Insert.jpg\" \/><br \/>\n<img decoding=\"async\" class=\"detail-desc-decorate-image\" style=\"max-width: 100%; height: auto; display: block; margin: 0 auto;\" src=\"http:\/\/ibn.wyd.mybluehost.me\/reanpackaging.com\/wp-content\/uploads\/2023\/10\/2-description-Corrugated-Cardboard-Carton-Wine-Box-Paper-Shipping-Moving-Box-With-4-6-8-10-12-14-Bottles-Assembled-Dividers-Insert.jpg\" \/><br \/>\n<img decoding=\"async\" class=\"detail-desc-decorate-image\" style=\"max-width: 100%; height: auto; display: block; margin: 0 auto;\" src=\"http:\/\/ibn.wyd.mybluehost.me\/reanpackaging.com\/wp-content\/uploads\/2023\/10\/3-description-Corrugated-Cardboard-Carton-Wine-Box-Paper-Shipping-Moving-Box-With-4-6-8-10-12-14-Bottles-Assembled-Dividers-Insert.jpg\" \/><\/p>\n<p><img decoding=\"async\" class=\"detail-desc-decorate-image\" style=\"max-width: 100%; height: auto; display: block; margin: 0 auto;\" src=\"http:\/\/ibn.wyd.mybluehost.me\/reanpackaging.com\/wp-content\/uploads\/2023\/10\/6-description-Corrugated-Cardboard-Carton-Wine-Box-Paper-Shipping-Moving-Box-With-4-6-8-10-12-14-Bottles-Assembled-Dividers-Insert.jpg\" \/><\/p>","protected":false},"excerpt":{"rendered":"<p>Industry-Specific Attributes Industrial Use Food Paper Type Corrugated Board Feature Recyclable Other Attributes Box Type Rigid Boxes Printing Handling Matt Lamination, Varnishing, Stamping, Glossy Lamination, UV Coating Custom Order Accept Shape Customized Different Shape Material Corrugated Cardboard Size Custom Size Accepted Printing Accept Custom Print MOQ 3000pcs Function Product Protection Thickness 1.5-7.0mm Thickness Artwork Format [&hellip;]<\/p>\n","protected":false},"featured_media":12636,"template":"","meta":{"_seopress_robots_primary_cat":"none","_seopress_titles_title":"","_seopress_titles_desc":"","_seopress_robots_index":"","site-sidebar-layout":"default","site-content-layout":"","ast-site-content-layout":"default","site-content-style":"default","site-sidebar-style":"default","ast-global-header-display":"","ast-banner-title-visibility":"","ast-main-header-display":"","ast-hfb-above-header-display":"","ast-hfb-below-header-display":"","ast-hfb-mobile-header-display":"","site-post-title":"","ast-breadcrumbs-content":"","ast-featured-img":"","footer-sml-layout":"","ast-disable-related-posts":"","theme-transparent-header-meta":"default","adv-header-id-meta":"","stick-header-meta":"default","header-above-stick-meta":"","header-main-stick-meta":"","header-below-stick-meta":"","astra-migrate-meta-layouts":"set","ast-page-background-enabled":"default","ast-page-background-meta":{"desktop":{"background-color":"","background-image":"","background-repeat":"repeat","background-position":"center center","background-size":"auto","background-attachment":"scroll","background-type":"","background-media":"","overlay-type":"","overlay-color":"","overlay-opacity":"","overlay-gradient":""},"tablet":{"background-color":"","background-image":"","background-repeat":"repeat","background-position":"center center","background-size":"auto","background-attachment":"scroll","background-type":"","background-media":"","overlay-type":"","overlay-color":"","overlay-opacity":"","overlay-gradient":""},"mobile":{"background-color":"","background-image":"","background-repeat":"repeat","background-position":"center center","background-size":"auto","background-attachment":"scroll","background-type":"","background-media":"","overlay-type":"","overlay-color":"","overlay-opacity":"","overlay-gradient":""}},"ast-content-background-meta":{"desktop":{"background-color":"var(--ast-global-color-5)","background-image":"","background-repeat":"repeat","background-position":"center center","background-size":"auto","background-attachment":"scroll","background-type":"","background-media":"","overlay-type":"","overlay-color":"","overlay-opacity":"","overlay-gradient":""},"tablet":{"background-color":"var(--ast-global-color-5)","background-image":"","background-repeat":"repeat","background-position":"center center","background-size":"auto","background-attachment":"scroll","background-type":"","background-media":"","overlay-type":"","overlay-color":"","overlay-opacity":"","overlay-gradient":""},"mobile":{"background-color":"var(--ast-global-color-5)","background-image":"","background-repeat":"repeat","background-position":"center center","background-size":"auto","background-attachment":"scroll","background-type":"","background-media":"","overlay-type":"","overlay-color":"","overlay-opacity":"","overlay-gradient":""}}},"product_brand":[],"product_cat":[29,48,51],"product_tag":[],"class_list":{"0":"post-12734","1":"product","2":"type-product","3":"status-publish","4":"has-post-thumbnail","6":"product_cat-packaging-boxes","7":"product_cat-shipping-boxes","8":"product_cat-shipping-supplies","9":"desktop-align-left","10":"tablet-align-left","11":"mobile-align-left","12":"ast-product-gallery-layout-horizontal","13":"ast-product-tabs-layout-horizontal","15":"first","16":"instock","17":"product-type-simple"},"_links":{"self":[{"href":"https:\/\/reanpackaging.com\/sv\/wp-json\/wp\/v2\/product\/12734","targetHints":{"allow":["GET"]}}],"collection":[{"href":"https:\/\/reanpackaging.com\/sv\/wp-json\/wp\/v2\/product"}],"about":[{"href":"https:\/\/reanpackaging.com\/sv\/wp-json\/wp\/v2\/types\/product"}],"wp:featuredmedia":[{"embeddable":true,"href":"https:\/\/reanpackaging.com\/sv\/wp-json\/wp\/v2\/media\/12636"}],"wp:attachment":[{"href":"https:\/\/reanpackaging.com\/sv\/wp-json\/wp\/v2\/media?parent=12734"}],"wp:term":[{"taxonomy":"product_brand","embeddable":true,"href":"https:\/\/reanpackaging.com\/sv\/wp-json\/wp\/v2\/product_brand?post=12734"},{"taxonomy":"product_cat","embeddable":true,"href":"https:\/\/reanpackaging.com\/sv\/wp-json\/wp\/v2\/product_cat?post=12734"},{"taxonomy":"product_tag","embeddable":true,"href":"https:\/\/reanpackaging.com\/sv\/wp-json\/wp\/v2\/product_tag?post=12734"}],"curies":[{"name":"wp","href":"https:\/\/api.w.org\/{rel}","templated":true}]}}