{"id":13165,"date":"2023-10-22T02:02:07","date_gmt":"2023-10-22T02:02:07","guid":{"rendered":"http:\/\/ibn.wyd.mybluehost.me\/reanpackaging.com\/product\/waterproof-biodegradable-mailing-poly-padded-envelope-custom-logo-bags-shipping-packaging-eco-friendly-bubble-mailer\/"},"modified":"2024-10-01T16:39:47","modified_gmt":"2024-10-01T16:39:47","slug":"waterproof-biodegradable-mailing-poly-padded-envelope-custom-logo-bags-shipping-packaging-eco-friendly-bubble-mailer","status":"publish","type":"product","link":"https:\/\/reanpackaging.com\/sv\/produkt\/vattentat-biologiskt-nedbrytbar-postning-poly-vadderat-kuvert-anpassad-logotyp-pasar-fraktforpackning-miljovanlig-bubbla-mailer\/","title":{"rendered":"Vattent\u00e4t biologiskt nedbrytbar post Poly vadderat kuvert Anpassad logotyp p\u00e5sar fraktf\u00f6rpackning milj\u00f6v\u00e4nlig bubbelpost"},"content":{"rendered":"<h4>Branschspecifika attribut<\/h4>\n<table border=\"1\">\n<tr>\n<td><strong>Material<\/strong><\/td>\n<td>Poly Bubble<\/td>\n<\/tr>\n<\/table>\n<h4>\u00d6vriga attribut<\/h4>\n<table border=\"1\">\n<tr>\n<td><strong>Industriell anv\u00e4ndning<\/strong><\/td>\n<td>Skor &amp; kl\u00e4der<\/td>\n<\/tr>\n<tr>\n<td><strong>Material<\/strong><\/td>\n<td>PET\/PE\/CPP\/anpassa<\/td>\n<\/tr>\n<tr>\n<td><strong>Produktens namn<\/strong><\/td>\n<td>Vita p\u00e5sar f\u00f6r postbefordran<\/td>\n<\/tr>\n<tr>\n<td><strong>Anv\u00e4ndning<\/strong><\/td>\n<td>kl\u00e4der, skor, underkl\u00e4der etc.<\/td>\n<\/tr>\n<tr>\n<td><strong>Ytbehandling<\/strong><\/td>\n<td>Gravyrtryck<\/td>\n<\/tr>\n<tr>\n<td><strong>Storlek<\/strong><\/td>\n<td>11*11+4cm\/11*13+4cm\/11*15+4cm\/12*18+4cm\/customized<\/td>\n<\/tr>\n<tr>\n<td><strong>Anv\u00e4ndning<\/strong><\/td>\n<td>e-handel, kl\u00e4der ,F\u00f6rpackning fraktp\u00e5sar<\/td>\n<\/tr>\n<tr>\n<td><strong>Nyckelord<\/strong><\/td>\n<td>Bubbla Poly Mailer Bubbla kuvert<\/td>\n<\/tr>\n<tr>\n<td><strong>MOQ<\/strong><\/td>\n<td>100 st<\/td>\n<\/tr>\n<tr>\n<td><strong>Industriell anv\u00e4ndning<\/strong><\/td>\n<td>Skor &amp; kl\u00e4der<\/td>\n<\/tr>\n<\/table>\n<p><img decoding=\"async\" class=\"detail-desc-decorate-image\" src=\"http:\/\/ibn.wyd.mybluehost.me\/reanpackaging.com\/wp-content\/uploads\/2023\/10\/2-description-Waterproof-Biodegradable-Mailing-Poly-Padded-Envelope-Custom-Logo-Bags-Shipping-Packaging-Eco-Friendly-Bubble-Mailer.jpg\" slate-data-type=\"image\" style=\"max-width: 100%; height: auto; display: block; margin: 0 auto;\"><br \/>\n<img decoding=\"async\" class=\"detail-desc-decorate-image\" src=\"http:\/\/ibn.wyd.mybluehost.me\/reanpackaging.com\/wp-content\/uploads\/2023\/10\/4-description-Waterproof-Biodegradable-Mailing-Poly-Padded-Envelope-Custom-Logo-Bags-Shipping-Packaging-Eco-Friendly-Bubble-Mailer.jpg\" slate-data-type=\"image\" style=\"max-width: 100%; height: auto; display: block; margin: 0 auto;\"><br \/>\n<img decoding=\"async\" class=\"detail-desc-decorate-image\" src=\"http:\/\/ibn.wyd.mybluehost.me\/reanpackaging.com\/wp-content\/uploads\/2023\/10\/5-description-Waterproof-Biodegradable-Mailing-Poly-Padded-Envelope-Custom-Logo-Bags-Shipping-Packaging-Eco-Friendly-Bubble-Mailer.jpg\" slate-data-type=\"image\" style=\"max-width: 100%; height: auto; display: block; margin: 0 auto;\"><br \/>\n<img decoding=\"async\" class=\"detail-desc-decorate-image\" src=\"http:\/\/ibn.wyd.mybluehost.me\/reanpackaging.com\/wp-content\/uploads\/2023\/10\/6-description-Waterproof-Biodegradable-Mailing-Poly-Padded-Envelope-Custom-Logo-Bags-Shipping-Packaging-Eco-Friendly-Bubble-Mailer.jpg\" slate-data-type=\"image\" style=\"max-width: 100%; height: auto; display: block; margin: 0 auto;\"><\/p>","protected":false},"excerpt":{"rendered":"<p>Industry-Specific Attributes Material Poly Bubble Other Attributes Industrial Use Shoes &#038; clothing Material PET\/PE\/CPP\/Customize Product name White Postal Mailing Bags Use clothes, shoes, underwear, etc Surface Handling Gravure printing Size 11*11+4cm\/11*13+4cm\/11*15+4cm\/12*18+4cm\/customized Usage e-commerce, clothing ,Packaging shipping bags Keywords Bubble Poly Mailer Bubble Envelope MOQ 100pcs Industrial Use Shoes &#038; clothing<\/p>","protected":false},"featured_media":13131,"template":"","meta":{"_seopress_robots_primary_cat":"none","_seopress_titles_title":"","_seopress_titles_desc":"","_seopress_robots_index":"","site-sidebar-layout":"default","site-content-layout":"","ast-site-content-layout":"default","site-content-style":"default","site-sidebar-style":"default","ast-global-header-display":"","ast-banner-title-visibility":"","ast-main-header-display":"","ast-hfb-above-header-display":"","ast-hfb-below-header-display":"","ast-hfb-mobile-header-display":"","site-post-title":"","ast-breadcrumbs-content":"","ast-featured-img":"","footer-sml-layout":"","ast-disable-related-posts":"","theme-transparent-header-meta":"default","adv-header-id-meta":"","stick-header-meta":"default","header-above-stick-meta":"","header-main-stick-meta":"","header-below-stick-meta":"","astra-migrate-meta-layouts":"set","ast-page-background-enabled":"default","ast-page-background-meta":{"desktop":{"background-color":"","background-image":"","background-repeat":"repeat","background-position":"center center","background-size":"auto","background-attachment":"scroll","background-type":"","background-media":"","overlay-type":"","overlay-color":"","overlay-opacity":"","overlay-gradient":""},"tablet":{"background-color":"","background-image":"","background-repeat":"repeat","background-position":"center center","background-size":"auto","background-attachment":"scroll","background-type":"","background-media":"","overlay-type":"","overlay-color":"","overlay-opacity":"","overlay-gradient":""},"mobile":{"background-color":"","background-image":"","background-repeat":"repeat","background-position":"center center","background-size":"auto","background-attachment":"scroll","background-type":"","background-media":"","overlay-type":"","overlay-color":"","overlay-opacity":"","overlay-gradient":""}},"ast-content-background-meta":{"desktop":{"background-color":"var(--ast-global-color-5)","background-image":"","background-repeat":"repeat","background-position":"center center","background-size":"auto","background-attachment":"scroll","background-type":"","background-media":"","overlay-type":"","overlay-color":"","overlay-opacity":"","overlay-gradient":""},"tablet":{"background-color":"var(--ast-global-color-5)","background-image":"","background-repeat":"repeat","background-position":"center center","background-size":"auto","background-attachment":"scroll","background-type":"","background-media":"","overlay-type":"","overlay-color":"","overlay-opacity":"","overlay-gradient":""},"mobile":{"background-color":"var(--ast-global-color-5)","background-image":"","background-repeat":"repeat","background-position":"center center","background-size":"auto","background-attachment":"scroll","background-type":"","background-media":"","overlay-type":"","overlay-color":"","overlay-opacity":"","overlay-gradient":""}}},"product_brand":[],"product_cat":[54,51],"product_tag":[],"class_list":{"0":"post-13165","1":"product","2":"type-product","3":"status-publish","4":"has-post-thumbnail","6":"product_cat-bubble-mailers","7":"product_cat-shipping-supplies","8":"desktop-align-left","9":"tablet-align-left","10":"mobile-align-left","11":"ast-product-gallery-layout-horizontal","12":"ast-product-tabs-layout-horizontal","14":"first","15":"instock","16":"purchasable","17":"product-type-simple"},"_links":{"self":[{"href":"https:\/\/reanpackaging.com\/sv\/wp-json\/wp\/v2\/product\/13165","targetHints":{"allow":["GET"]}}],"collection":[{"href":"https:\/\/reanpackaging.com\/sv\/wp-json\/wp\/v2\/product"}],"about":[{"href":"https:\/\/reanpackaging.com\/sv\/wp-json\/wp\/v2\/types\/product"}],"wp:featuredmedia":[{"embeddable":true,"href":"https:\/\/reanpackaging.com\/sv\/wp-json\/wp\/v2\/media\/13131"}],"wp:attachment":[{"href":"https:\/\/reanpackaging.com\/sv\/wp-json\/wp\/v2\/media?parent=13165"}],"wp:term":[{"taxonomy":"product_brand","embeddable":true,"href":"https:\/\/reanpackaging.com\/sv\/wp-json\/wp\/v2\/product_brand?post=13165"},{"taxonomy":"product_cat","embeddable":true,"href":"https:\/\/reanpackaging.com\/sv\/wp-json\/wp\/v2\/product_cat?post=13165"},{"taxonomy":"product_tag","embeddable":true,"href":"https:\/\/reanpackaging.com\/sv\/wp-json\/wp\/v2\/product_tag?post=13165"}],"curies":[{"name":"wp","href":"https:\/\/api.w.org\/{rel}","templated":true}]}}