{"id":13167,"date":"2023-10-22T02:02:07","date_gmt":"2023-10-22T02:02:07","guid":{"rendered":"http:\/\/ibn.wyd.mybluehost.me\/reanpackaging.com\/product\/custom-yellow-eco-friendly-shipping-envelopes-high-quality-padded-bubble-package-bag-kraft-bubble-mailers\/"},"modified":"2024-10-01T16:39:48","modified_gmt":"2024-10-01T16:39:48","slug":"custom-yellow-eco-friendly-shipping-envelopes-high-quality-padded-bubble-package-bag-kraft-bubble-mailers","status":"publish","type":"product","link":"https:\/\/reanpackaging.com\/sv\/produkt\/anpassade-gula-miljovanliga-fraktkuvert-hogkvalitativa-vadderade-bubbelpaketpase-kraftbubbla-mailers\/","title":{"rendered":"Anpassade gula milj\u00f6v\u00e4nliga fraktkuvert h\u00f6gkvalitativa vadderade bubbelpaketp\u00e5se Kraft Bubble Mailers"},"content":{"rendered":"<h4>Branschspecifika attribut<\/h4>\n<table border=\"1\">\n<tr>\n<td><strong>Material<\/strong><\/td>\n<td>Vit polybubbla<\/td>\n<\/tr>\n<\/table>\n<h4>\u00d6vriga attribut<\/h4>\n<table border=\"1\">\n<tr>\n<td><strong>Industriell anv\u00e4ndning<\/strong><\/td>\n<td>logistik<\/td>\n<\/tr>\n<tr>\n<td><strong>Produktens namn<\/strong><\/td>\n<td>Vadderat kuvert\/bubbelf\u00f6rs\u00e4ndelse\/bubbelf\u00f6rs\u00e4ndelse av papp<\/td>\n<\/tr>\n<tr>\n<td><strong>F\u00e4rg<\/strong><\/td>\n<td>Gyllene\/gul, vit, brun som tillval<\/td>\n<\/tr>\n<tr>\n<td><strong>Material<\/strong><\/td>\n<td>T\u00e5lig kraft laminerad med barri\u00e4rbubbla<\/td>\n<\/tr>\n<tr>\n<td><strong>F\u00f6rslutning<\/strong><\/td>\n<td>Sj\u00e4lvf\u00f6rseglande, starkt sm\u00e4ltlim<\/td>\n<\/tr>\n<tr>\n<td><strong>Anpassad utskrift<\/strong><\/td>\n<td>Godtagbar, kan skr\u00e4ddarsys<\/td>\n<\/tr>\n<tr>\n<td><strong>Till\u00e4mpning<\/strong><\/td>\n<td>Utskick, packning, sm\u00e5paket, postkontor, brevpapper<\/td>\n<\/tr>\n<tr>\n<td><strong>Standardstorlek<\/strong><\/td>\n<td>Tillg\u00e4nglig f\u00f6r den nordamerikanska marknaden<\/td>\n<\/tr>\n<tr>\n<td><strong>F\u00f6rs\u00e4ljningspaket<\/strong><\/td>\n<td>Bulkf\u00f6rpackning eller detaljhandelsf\u00f6rpackning<\/td>\n<\/tr>\n<tr>\n<td><strong>Leverans F\u00f6rpackning<\/strong><\/td>\n<td>Exportkartong eller pallf\u00f6rpackning<\/td>\n<\/tr>\n<tr>\n<td><strong>Anv\u00e4ndning<\/strong><\/td>\n<td>Utskick Kurir Express<\/td>\n<\/tr>\n<\/table>\n<p><img decoding=\"async\" class=\"detail-desc-decorate-image\" src=\"http:\/\/ibn.wyd.mybluehost.me\/reanpackaging.com\/wp-content\/uploads\/2023\/10\/1-description-Custom-Yellow-Eco-Friendly-Shipping-Envelopes-High-Quality-Padded-Bubble-Package-Bag-Kraft-Bubble-Mailers.jpg\" slate-data-type=\"image\" style=\"max-width: 100%; height: auto; display: block; margin: 0 auto;\"><\/p>","protected":false},"excerpt":{"rendered":"<p>Industry-Specific Attributes Material White Poly Bubble Other Attributes Industrial Use logistics Product name Padded Envelope\/Bubble Mailer\/Kraft Bubble Mailer Color Golden\/Yellow, White, Brown for option Material Tough kraft laminated with barrier bubble Closure Self-seal, Strong Hot Melt Adhesive Custom printing Acceptable, can be custom-made Application Mailing, Packing, Small Parcel, Post Office, Stationary Standard size Available for [&hellip;]<\/p>\n","protected":false},"featured_media":13043,"template":"","meta":{"_seopress_robots_primary_cat":"none","_seopress_titles_title":"","_seopress_titles_desc":"","_seopress_robots_index":"","site-sidebar-layout":"default","site-content-layout":"","ast-site-content-layout":"default","site-content-style":"default","site-sidebar-style":"default","ast-global-header-display":"","ast-banner-title-visibility":"","ast-main-header-display":"","ast-hfb-above-header-display":"","ast-hfb-below-header-display":"","ast-hfb-mobile-header-display":"","site-post-title":"","ast-breadcrumbs-content":"","ast-featured-img":"","footer-sml-layout":"","ast-disable-related-posts":"","theme-transparent-header-meta":"default","adv-header-id-meta":"","stick-header-meta":"default","header-above-stick-meta":"","header-main-stick-meta":"","header-below-stick-meta":"","astra-migrate-meta-layouts":"set","ast-page-background-enabled":"default","ast-page-background-meta":{"desktop":{"background-color":"","background-image":"","background-repeat":"repeat","background-position":"center center","background-size":"auto","background-attachment":"scroll","background-type":"","background-media":"","overlay-type":"","overlay-color":"","overlay-opacity":"","overlay-gradient":""},"tablet":{"background-color":"","background-image":"","background-repeat":"repeat","background-position":"center center","background-size":"auto","background-attachment":"scroll","background-type":"","background-media":"","overlay-type":"","overlay-color":"","overlay-opacity":"","overlay-gradient":""},"mobile":{"background-color":"","background-image":"","background-repeat":"repeat","background-position":"center center","background-size":"auto","background-attachment":"scroll","background-type":"","background-media":"","overlay-type":"","overlay-color":"","overlay-opacity":"","overlay-gradient":""}},"ast-content-background-meta":{"desktop":{"background-color":"var(--ast-global-color-5)","background-image":"","background-repeat":"repeat","background-position":"center center","background-size":"auto","background-attachment":"scroll","background-type":"","background-media":"","overlay-type":"","overlay-color":"","overlay-opacity":"","overlay-gradient":""},"tablet":{"background-color":"var(--ast-global-color-5)","background-image":"","background-repeat":"repeat","background-position":"center center","background-size":"auto","background-attachment":"scroll","background-type":"","background-media":"","overlay-type":"","overlay-color":"","overlay-opacity":"","overlay-gradient":""},"mobile":{"background-color":"var(--ast-global-color-5)","background-image":"","background-repeat":"repeat","background-position":"center center","background-size":"auto","background-attachment":"scroll","background-type":"","background-media":"","overlay-type":"","overlay-color":"","overlay-opacity":"","overlay-gradient":""}}},"product_brand":[],"product_cat":[54,51],"product_tag":[],"class_list":{"0":"post-13167","1":"product","2":"type-product","3":"status-publish","4":"has-post-thumbnail","6":"product_cat-bubble-mailers","7":"product_cat-shipping-supplies","8":"desktop-align-left","9":"tablet-align-left","10":"mobile-align-left","11":"ast-product-gallery-layout-horizontal","12":"ast-product-tabs-layout-horizontal","14":"first","15":"instock","16":"purchasable","17":"product-type-simple"},"_links":{"self":[{"href":"https:\/\/reanpackaging.com\/sv\/wp-json\/wp\/v2\/product\/13167","targetHints":{"allow":["GET"]}}],"collection":[{"href":"https:\/\/reanpackaging.com\/sv\/wp-json\/wp\/v2\/product"}],"about":[{"href":"https:\/\/reanpackaging.com\/sv\/wp-json\/wp\/v2\/types\/product"}],"wp:featuredmedia":[{"embeddable":true,"href":"https:\/\/reanpackaging.com\/sv\/wp-json\/wp\/v2\/media\/13043"}],"wp:attachment":[{"href":"https:\/\/reanpackaging.com\/sv\/wp-json\/wp\/v2\/media?parent=13167"}],"wp:term":[{"taxonomy":"product_brand","embeddable":true,"href":"https:\/\/reanpackaging.com\/sv\/wp-json\/wp\/v2\/product_brand?post=13167"},{"taxonomy":"product_cat","embeddable":true,"href":"https:\/\/reanpackaging.com\/sv\/wp-json\/wp\/v2\/product_cat?post=13167"},{"taxonomy":"product_tag","embeddable":true,"href":"https:\/\/reanpackaging.com\/sv\/wp-json\/wp\/v2\/product_tag?post=13167"}],"curies":[{"name":"wp","href":"https:\/\/api.w.org\/{rel}","templated":true}]}}