{"id":14144,"date":"2023-11-05T14:02:59","date_gmt":"2023-11-05T14:02:59","guid":{"rendered":"http:\/\/ibn.wyd.mybluehost.me\/reanpackaging.com\/product\/customized-3d-logo-grosgrain-ribbon-with-brand-ribbon-logo-custom-printed-polyester-ribbon-with-logo-thank-you\/"},"modified":"2024-10-01T16:38:43","modified_gmt":"2024-10-01T16:38:43","slug":"customized-3d-logo-grosgrain-ribbon-with-brand-ribbon-logo-custom-printed-polyester-ribbon-with-logo-thank-you","status":"publish","type":"product","link":"https:\/\/reanpackaging.com\/sv\/produkt\/anpassat-3d-logotyp-grosgrainband-med-varumarkesbandlogotyp-specialtryckt-polyesterband-med-logotyp-tack\/","title":{"rendered":"Anpassat 3D-logotyp Grosgrain-band med varum\u00e4rkesbandlogotyp Anpassad tryckt polyesterband med logotyp Tack"},"content":{"rendered":"<h4>Branschspecifika attribut<\/h4>\n<table border=\"1\">\n<tr>\n<td><strong>7 dagar ledtid f\u00f6r provbest\u00e4llning<\/strong><\/td>\n<td>St\u00f6d<\/td>\n<\/tr>\n<tr>\n<td><strong>Material<\/strong><\/td>\n<td>100% Polyester<\/td>\n<\/tr>\n<tr>\n<td><strong>Typ av tyg<\/strong><\/td>\n<td>Satin<\/td>\n<\/tr>\n<tr>\n<td><strong>Teknik<\/strong><\/td>\n<td>Tryckt<\/td>\n<\/tr>\n<\/table>\n<h4>\u00d6vriga attribut<\/h4>\n<table border=\"1\">\n<tr>\n<td><strong>Funktion<\/strong><\/td>\n<td>Recyled<\/td>\n<\/tr>\n<tr>\n<td><strong>Bredd<\/strong><\/td>\n<td>1\u2033, 1-1\/2\u2033, 1-1\/4\u2033, 1\/2\u2033, 1\/4\u2033, 1\/8\u2033, 2\u2033, 3\/4\u2033, 3\/8\u2033, 5\/8\u2033, Andra, 1 1\/2\u2033, 1 1\/4'', 2 1\/2'', 7\/8\u2033, 3\u2033<\/td>\n<\/tr>\n<tr>\n<td><strong>Stil<\/strong><\/td>\n<td>Enbart ansikte<\/td>\n<\/tr>\n<tr>\n<td><strong>M\u00f6nster<\/strong><\/td>\n<td>Logotyp<\/td>\n<\/tr>\n<tr>\n<td><strong>Produkttyp<\/strong><\/td>\n<td>RIBBONS<\/td>\n<\/tr>\n<tr>\n<td><strong>Material<\/strong><\/td>\n<td>100% polyester<\/td>\n<\/tr>\n<tr>\n<td><strong>Storlek<\/strong><\/td>\n<td>Anpassad 3mm-100mm<\/td>\n<\/tr>\n<tr>\n<td><strong>F\u00e4rg<\/strong><\/td>\n<td>\u00d6ver 196 f\u00e4rger<\/td>\n<\/tr>\n<tr>\n<td><strong>Anv\u00e4ndning<\/strong><\/td>\n<td>F\u00f6r presentf\u00f6rpackning\/dekoration etc.<\/td>\n<\/tr>\n<tr>\n<td><strong>MOQ<\/strong><\/td>\n<td>5000 Yards<\/td>\n<\/tr>\n<tr>\n<td><strong>F\u00f6rpackning<\/strong><\/td>\n<td>100 meter\/rulle, 50 meter\/rulle<\/td>\n<\/tr>\n<tr>\n<td><strong>logotyp\/m\u00f6nster<\/strong><\/td>\n<td>Anpassad tryckt logotyp<\/td>\n<\/tr>\n<tr>\n<td><strong>Tryckning av hantverk<\/strong><\/td>\n<td>Pr\u00e4glad\/bl\u00e4ck\/puff\/v\u00e4rme\u00f6verf\u00f6ring\/sublimering\/guld silverfolietryck<\/td>\n<\/tr>\n<tr>\n<td><strong>Provtagningstid<\/strong><\/td>\n<td>3-5 dagar<\/td>\n<\/tr>\n<tr>\n<td><strong>Leveranstid<\/strong><\/td>\n<td>7-15 dagar<\/td>\n<\/tr>\n<\/table>\n<p><img decoding=\"async\" class=\"detail-desc-decorate-image\" src=\"http:\/\/ibn.wyd.mybluehost.me\/reanpackaging.com\/wp-content\/uploads\/2023\/11\/4-description-Customized-3D-Logo-Grosgrain-Ribbon-With-Brand-Ribbon-Logo-Custom-Printed-Polyester-Ribbon-With-Logo-Thank-You.jpg\" slate-data-type=\"image\" style=\"max-width: 100%; height: auto; display: block; margin: 0 auto;\"><br \/>\n<img decoding=\"async\" class=\"detail-desc-decorate-image\" src=\"http:\/\/ibn.wyd.mybluehost.me\/reanpackaging.com\/wp-content\/uploads\/2023\/11\/5-description-Customized-3D-Logo-Grosgrain-Ribbon-With-Brand-Ribbon-Logo-Custom-Printed-Polyester-Ribbon-With-Logo-Thank-You.jpg\" slate-data-type=\"image\" style=\"max-width: 100%; height: auto; display: block; margin: 0 auto;\"><br \/>\n<img decoding=\"async\" class=\"detail-desc-decorate-image\" src=\"http:\/\/ibn.wyd.mybluehost.me\/reanpackaging.com\/wp-content\/uploads\/2023\/11\/6-description-Customized-3D-Logo-Grosgrain-Ribbon-With-Brand-Ribbon-Logo-Custom-Printed-Polyester-Ribbon-With-Logo-Thank-You.jpg\" slate-data-type=\"image\" style=\"max-width: 100%; height: auto; display: block; margin: 0 auto;\"><br \/>\n<img decoding=\"async\" class=\"detail-desc-decorate-image\" src=\"http:\/\/ibn.wyd.mybluehost.me\/reanpackaging.com\/wp-content\/uploads\/2023\/11\/7-description-Customized-3D-Logo-Grosgrain-Ribbon-With-Brand-Ribbon-Logo-Custom-Printed-Polyester-Ribbon-With-Logo-Thank-You.jpg\" slate-data-type=\"image\" style=\"max-width: 100%; height: auto; display: block; margin: 0 auto;\"><br \/>\n<img decoding=\"async\" class=\"detail-desc-decorate-image\" src=\"http:\/\/ibn.wyd.mybluehost.me\/reanpackaging.com\/wp-content\/uploads\/2023\/11\/8-description-Customized-3D-Logo-Grosgrain-Ribbon-With-Brand-Ribbon-Logo-Custom-Printed-Polyester-Ribbon-With-Logo-Thank-You.jpg\" slate-data-type=\"image\" style=\"max-width: 100%; height: auto; display: block; margin: 0 auto;\"><br \/>\n<img decoding=\"async\" class=\"detail-desc-decorate-image\" src=\"http:\/\/ibn.wyd.mybluehost.me\/reanpackaging.com\/wp-content\/uploads\/2023\/11\/9-description-Customized-3D-Logo-Grosgrain-Ribbon-With-Brand-Ribbon-Logo-Custom-Printed-Polyester-Ribbon-With-Logo-Thank-You.jpg\" slate-data-type=\"image\" style=\"max-width: 100%; height: auto; display: block; margin: 0 auto;\"><\/p>","protected":false},"excerpt":{"rendered":"<p>Industry-Specific Attributes 7 days sample order lead time Support Material 100% Polyester Fabric Type Satin Technics Printed Other Attributes Feature Recyled Width 1&#8243;, 1-1\/2&#8243;, 1-1\/4&#8243;, 1\/2&#8243;, 1\/4&#8243;, 1\/8&#8243;, 2&#8243;, 3\/4&#8243;, 3\/8&#8243;, 5\/8&#8243;, Other, 1 1\/2&#8243;, 1 1\/4\u2018\u2019, 2 1\/2\u2018\u2019, 7\/8&#8243;, 3&#8243; Style Single Face Pattern Logo Product Type RIBBONS Material 100% polyester Size Custom 3mm-100mm [&hellip;]<\/p>\n","protected":false},"featured_media":13671,"template":"","meta":{"_seopress_robots_primary_cat":"","_seopress_titles_title":"","_seopress_titles_desc":"","_seopress_robots_index":"","site-sidebar-layout":"default","site-content-layout":"","ast-site-content-layout":"default","site-content-style":"default","site-sidebar-style":"default","ast-global-header-display":"","ast-banner-title-visibility":"","ast-main-header-display":"","ast-hfb-above-header-display":"","ast-hfb-below-header-display":"","ast-hfb-mobile-header-display":"","site-post-title":"","ast-breadcrumbs-content":"","ast-featured-img":"","footer-sml-layout":"","ast-disable-related-posts":"","theme-transparent-header-meta":"","adv-header-id-meta":"","stick-header-meta":"","header-above-stick-meta":"","header-main-stick-meta":"","header-below-stick-meta":"","astra-migrate-meta-layouts":"default","ast-page-background-enabled":"default","ast-page-background-meta":{"desktop":{"background-color":"","background-image":"","background-repeat":"repeat","background-position":"center center","background-size":"auto","background-attachment":"scroll","background-type":"","background-media":"","overlay-type":"","overlay-color":"","overlay-opacity":"","overlay-gradient":""},"tablet":{"background-color":"","background-image":"","background-repeat":"repeat","background-position":"center center","background-size":"auto","background-attachment":"scroll","background-type":"","background-media":"","overlay-type":"","overlay-color":"","overlay-opacity":"","overlay-gradient":""},"mobile":{"background-color":"","background-image":"","background-repeat":"repeat","background-position":"center center","background-size":"auto","background-attachment":"scroll","background-type":"","background-media":"","overlay-type":"","overlay-color":"","overlay-opacity":"","overlay-gradient":""}},"ast-content-background-meta":{"desktop":{"background-color":"var(--ast-global-color-5)","background-image":"","background-repeat":"repeat","background-position":"center center","background-size":"auto","background-attachment":"scroll","background-type":"","background-media":"","overlay-type":"","overlay-color":"","overlay-opacity":"","overlay-gradient":""},"tablet":{"background-color":"var(--ast-global-color-5)","background-image":"","background-repeat":"repeat","background-position":"center center","background-size":"auto","background-attachment":"scroll","background-type":"","background-media":"","overlay-type":"","overlay-color":"","overlay-opacity":"","overlay-gradient":""},"mobile":{"background-color":"var(--ast-global-color-5)","background-image":"","background-repeat":"repeat","background-position":"center center","background-size":"auto","background-attachment":"scroll","background-type":"","background-media":"","overlay-type":"","overlay-color":"","overlay-opacity":"","overlay-gradient":""}}},"product_brand":[],"product_cat":[55,51],"product_tag":[],"class_list":{"0":"post-14144","1":"product","2":"type-product","3":"status-publish","4":"has-post-thumbnail","6":"product_cat-ribbon","7":"product_cat-shipping-supplies","8":"desktop-align-left","9":"tablet-align-left","10":"mobile-align-left","11":"ast-product-gallery-layout-horizontal","12":"ast-product-tabs-layout-horizontal","14":"first","15":"instock","16":"purchasable","17":"product-type-simple"},"_links":{"self":[{"href":"https:\/\/reanpackaging.com\/sv\/wp-json\/wp\/v2\/product\/14144","targetHints":{"allow":["GET"]}}],"collection":[{"href":"https:\/\/reanpackaging.com\/sv\/wp-json\/wp\/v2\/product"}],"about":[{"href":"https:\/\/reanpackaging.com\/sv\/wp-json\/wp\/v2\/types\/product"}],"wp:featuredmedia":[{"embeddable":true,"href":"https:\/\/reanpackaging.com\/sv\/wp-json\/wp\/v2\/media\/13671"}],"wp:attachment":[{"href":"https:\/\/reanpackaging.com\/sv\/wp-json\/wp\/v2\/media?parent=14144"}],"wp:term":[{"taxonomy":"product_brand","embeddable":true,"href":"https:\/\/reanpackaging.com\/sv\/wp-json\/wp\/v2\/product_brand?post=14144"},{"taxonomy":"product_cat","embeddable":true,"href":"https:\/\/reanpackaging.com\/sv\/wp-json\/wp\/v2\/product_cat?post=14144"},{"taxonomy":"product_tag","embeddable":true,"href":"https:\/\/reanpackaging.com\/sv\/wp-json\/wp\/v2\/product_tag?post=14144"}],"curies":[{"name":"wp","href":"https:\/\/api.w.org\/{rel}","templated":true}]}}