{"id":14148,"date":"2023-11-05T14:02:59","date_gmt":"2023-11-05T14:02:59","guid":{"rendered":"http:\/\/ibn.wyd.mybluehost.me\/reanpackaging.com\/product\/custom-width-black-and-color-grosgrain-ribbon-polyester-ribbon\/"},"modified":"2024-10-01T16:38:45","modified_gmt":"2024-10-01T16:38:45","slug":"custom-width-black-and-color-grosgrain-ribbon-polyester-ribbon","status":"publish","type":"product","link":"https:\/\/reanpackaging.com\/sv\/produkt\/custom-width-black-and-color-grosgrain-ribbon-polyester-ribbon\/","title":{"rendered":"Anpassad bredd svart och f\u00e4rg Grosgrain Ribbon Polyester Ribbon"},"content":{"rendered":"<h4>Branschspecifika attribut<\/h4>\n<table border=\"1\">\n<tr>\n<td><strong>7 dagar ledtid f\u00f6r provbest\u00e4llning<\/strong><\/td>\n<td>St\u00f6d<\/td>\n<\/tr>\n<tr>\n<td><strong>Material<\/strong><\/td>\n<td>100% Polyester<\/td>\n<\/tr>\n<tr>\n<td><strong>Typ av tyg<\/strong><\/td>\n<td>Grosgrain<\/td>\n<\/tr>\n<tr>\n<td><strong>Teknik<\/strong><\/td>\n<td>Tryckt<\/td>\n<\/tr>\n<\/table>\n<h4>\u00d6vriga attribut<\/h4>\n<table border=\"1\">\n<tr>\n<td><strong>Funktion<\/strong><\/td>\n<td>H\u00e5llbar<\/td>\n<\/tr>\n<tr>\n<td><strong>Bredd<\/strong><\/td>\n<td>1&#8243;, 3\/4&#8243;, 3\/8&#8243;, 5\/8&#8243;<\/td>\n<\/tr>\n<tr>\n<td><strong>Stil<\/strong><\/td>\n<td>Enbart ansikte<\/td>\n<\/tr>\n<tr>\n<td><strong>M\u00f6nster<\/strong><\/td>\n<td>SOLID F\u00c4RG<\/td>\n<\/tr>\n<tr>\n<td><strong>Produkttyp<\/strong><\/td>\n<td>RIBBONS<\/td>\n<\/tr>\n<tr>\n<td><strong>Produktens namn<\/strong><\/td>\n<td>Band av polyester<\/td>\n<\/tr>\n<tr>\n<td><strong>Funktion<\/strong><\/td>\n<td>Milj\u00f6v\u00e4nlig<\/td>\n<\/tr>\n<tr>\n<td><strong>Anv\u00e4ndning<\/strong><\/td>\n<td>Sockerask Presentp\u00e5se Handlinje<\/td>\n<\/tr>\n<tr>\n<td><strong>F\u00e4rg<\/strong><\/td>\n<td>gul,r\u00f6d,bl\u00e5,svart,vit,rosa,anpassad f\u00e4rg<\/td>\n<\/tr>\n<tr>\n<td><strong>Material<\/strong><\/td>\n<td>polyester<\/td>\n<\/tr>\n<tr>\n<td><strong>bredd<\/strong><\/td>\n<td>Anpassad<\/td>\n<\/tr>\n<tr>\n<td><strong>MOQ<\/strong><\/td>\n<td>100yard<\/td>\n<\/tr>\n<tr>\n<td><strong>Betalningsvillkor<\/strong><\/td>\n<td>T\/T50% Betalning<\/td>\n<\/tr>\n<tr>\n<td><strong>Storlek<\/strong><\/td>\n<td>1cm-3cm, och anpassad<\/td>\n<\/tr>\n<tr>\n<td><strong>Paket<\/strong><\/td>\n<td>100yard \/ rulle<\/td>\n<\/tr>\n<\/table>\n<p><img decoding=\"async\" class=\"detail-desc-decorate-image\" src=\"http:\/\/ibn.wyd.mybluehost.me\/reanpackaging.com\/wp-content\/uploads\/2023\/11\/2-description-Custom-Width-Black-And-Color-Grosgrain-Ribbon-Polyester-Ribbon.jpg\" slate-data-type=\"image\" style=\"max-width: 100%; height: auto; display: block; margin: 0 auto;\"><br \/>\n<img decoding=\"async\" class=\"detail-desc-decorate-image\" src=\"http:\/\/ibn.wyd.mybluehost.me\/reanpackaging.com\/wp-content\/uploads\/2023\/11\/3-description-Custom-Width-Black-And-Color-Grosgrain-Ribbon-Polyester-Ribbon.jpg\" slate-data-type=\"image\" style=\"max-width: 100%; height: auto; display: block; margin: 0 auto;\"><br \/>\n<img decoding=\"async\" class=\"detail-desc-decorate-image\" src=\"http:\/\/ibn.wyd.mybluehost.me\/reanpackaging.com\/wp-content\/uploads\/2023\/11\/4-description-Custom-Width-Black-And-Color-Grosgrain-Ribbon-Polyester-Ribbon.jpg\" slate-data-type=\"image\" style=\"max-width: 100%; height: auto; display: block; margin: 0 auto;\"><br \/>\n<img decoding=\"async\" class=\"detail-desc-decorate-image\" src=\"http:\/\/ibn.wyd.mybluehost.me\/reanpackaging.com\/wp-content\/uploads\/2023\/11\/5-description-Custom-Width-Black-And-Color-Grosgrain-Ribbon-Polyester-Ribbon.jpg\" slate-data-type=\"image\" style=\"max-width: 100%; height: auto; display: block; margin: 0 auto;\"><\/p>","protected":false},"excerpt":{"rendered":"<p>Industry-Specific Attributes 7 days sample order lead time Support Material 100% Polyester Fabric Type Grosgrain Technics Printed Other Attributes Feature Sustainable Width 1&#8243;, 3\/4&#8243;, 3\/8&#8243;, 5\/8&#8243; Style Single Face Pattern SOLID COLOR Product Type RIBBONS Product name Polyester ribbon Feature Eco-friendly Usage Sugar Box Gift Bag Handline Color yellow,red,blue,black,white,pink,Custom color Material polyester width Customized MOQ [&hellip;]<\/p>\n","protected":false},"featured_media":13663,"template":"","meta":{"_seopress_robots_primary_cat":"","_seopress_titles_title":"","_seopress_titles_desc":"","_seopress_robots_index":"","site-sidebar-layout":"default","site-content-layout":"","ast-site-content-layout":"default","site-content-style":"default","site-sidebar-style":"default","ast-global-header-display":"","ast-banner-title-visibility":"","ast-main-header-display":"","ast-hfb-above-header-display":"","ast-hfb-below-header-display":"","ast-hfb-mobile-header-display":"","site-post-title":"","ast-breadcrumbs-content":"","ast-featured-img":"","footer-sml-layout":"","ast-disable-related-posts":"","theme-transparent-header-meta":"","adv-header-id-meta":"","stick-header-meta":"","header-above-stick-meta":"","header-main-stick-meta":"","header-below-stick-meta":"","astra-migrate-meta-layouts":"default","ast-page-background-enabled":"default","ast-page-background-meta":{"desktop":{"background-color":"","background-image":"","background-repeat":"repeat","background-position":"center center","background-size":"auto","background-attachment":"scroll","background-type":"","background-media":"","overlay-type":"","overlay-color":"","overlay-opacity":"","overlay-gradient":""},"tablet":{"background-color":"","background-image":"","background-repeat":"repeat","background-position":"center center","background-size":"auto","background-attachment":"scroll","background-type":"","background-media":"","overlay-type":"","overlay-color":"","overlay-opacity":"","overlay-gradient":""},"mobile":{"background-color":"","background-image":"","background-repeat":"repeat","background-position":"center center","background-size":"auto","background-attachment":"scroll","background-type":"","background-media":"","overlay-type":"","overlay-color":"","overlay-opacity":"","overlay-gradient":""}},"ast-content-background-meta":{"desktop":{"background-color":"var(--ast-global-color-5)","background-image":"","background-repeat":"repeat","background-position":"center center","background-size":"auto","background-attachment":"scroll","background-type":"","background-media":"","overlay-type":"","overlay-color":"","overlay-opacity":"","overlay-gradient":""},"tablet":{"background-color":"var(--ast-global-color-5)","background-image":"","background-repeat":"repeat","background-position":"center center","background-size":"auto","background-attachment":"scroll","background-type":"","background-media":"","overlay-type":"","overlay-color":"","overlay-opacity":"","overlay-gradient":""},"mobile":{"background-color":"var(--ast-global-color-5)","background-image":"","background-repeat":"repeat","background-position":"center center","background-size":"auto","background-attachment":"scroll","background-type":"","background-media":"","overlay-type":"","overlay-color":"","overlay-opacity":"","overlay-gradient":""}}},"product_brand":[],"product_cat":[55,51],"product_tag":[],"class_list":{"0":"post-14148","1":"product","2":"type-product","3":"status-publish","4":"has-post-thumbnail","6":"product_cat-ribbon","7":"product_cat-shipping-supplies","8":"desktop-align-left","9":"tablet-align-left","10":"mobile-align-left","11":"ast-product-gallery-layout-horizontal","12":"ast-product-tabs-layout-horizontal","14":"first","15":"instock","16":"purchasable","17":"product-type-simple"},"_links":{"self":[{"href":"https:\/\/reanpackaging.com\/sv\/wp-json\/wp\/v2\/product\/14148","targetHints":{"allow":["GET"]}}],"collection":[{"href":"https:\/\/reanpackaging.com\/sv\/wp-json\/wp\/v2\/product"}],"about":[{"href":"https:\/\/reanpackaging.com\/sv\/wp-json\/wp\/v2\/types\/product"}],"wp:featuredmedia":[{"embeddable":true,"href":"https:\/\/reanpackaging.com\/sv\/wp-json\/wp\/v2\/media\/13663"}],"wp:attachment":[{"href":"https:\/\/reanpackaging.com\/sv\/wp-json\/wp\/v2\/media?parent=14148"}],"wp:term":[{"taxonomy":"product_brand","embeddable":true,"href":"https:\/\/reanpackaging.com\/sv\/wp-json\/wp\/v2\/product_brand?post=14148"},{"taxonomy":"product_cat","embeddable":true,"href":"https:\/\/reanpackaging.com\/sv\/wp-json\/wp\/v2\/product_cat?post=14148"},{"taxonomy":"product_tag","embeddable":true,"href":"https:\/\/reanpackaging.com\/sv\/wp-json\/wp\/v2\/product_tag?post=14148"}],"curies":[{"name":"wp","href":"https:\/\/api.w.org\/{rel}","templated":true}]}}