{"id":17735,"date":"2024-04-30T10:25:26","date_gmt":"2024-04-30T10:25:26","guid":{"rendered":"https:\/\/reanpackaging.com\/product\/custom-size-corrugated-cardboard-box-shipping-paper-mailer-box-high-quality-printed-carton-boxes-for-gift-packaging\/"},"modified":"2024-10-01T16:30:26","modified_gmt":"2024-10-01T16:30:26","slug":"custom-size-corrugated-cardboard-box-shipping-paper-mailer-box-high-quality-printed-carton-boxes-for-gift-packaging","status":"publish","type":"product","link":"https:\/\/reanpackaging.com\/sv\/produkt\/wellpapplada-med-anpassad-storlek-fraktpapper-mailerlada-hogkvalitativa-tryckta-kartonger-for-presentforpackningar\/","title":{"rendered":"Korrugerad kartongl\u00e5da med anpassad storlek Fraktpapper Mailer Box H\u00f6gkvalitativa tryckta kartonger f\u00f6r presentf\u00f6rpackning"},"content":{"rendered":"<h4>Branschspecifika attribut<\/h4>\n<table border=\"1\">\n<tr>\n<td><strong>Industriell anv\u00e4ndning<\/strong><\/td>\n<td>F\u00f6rpackning<\/td>\n<\/tr>\n<tr>\n<td><strong>Typ av papper<\/strong><\/td>\n<td>Korrugerad kartong<\/td>\n<\/tr>\n<tr>\n<td><strong>Funktion<\/strong><\/td>\n<td>\u00c5tervinningsbar<\/td>\n<\/tr>\n<\/table>\n<h4>\u00d6vriga attribut<\/h4>\n<table border=\"1\">\n<tr>\n<td><strong>Ursprungsort<\/strong><\/td>\n<td>Guangdong, Kina<\/td>\n<\/tr>\n<tr>\n<td><strong>Typ av l\u00e5da<\/strong><\/td>\n<td>Pappersl\u00e5da<\/td>\n<\/tr>\n<tr>\n<td><strong>Varum\u00e4rke<\/strong><\/td>\n<td>Hongyou<\/td>\n<\/tr>\n<tr>\n<td><strong>Modellnummer<\/strong><\/td>\n<td>Postbox f\u00f6r fraktpapper<\/td>\n<\/tr>\n<tr>\n<td><strong>Tryckning Hantering<\/strong><\/td>\n<td>Matt laminering, lackering, st\u00e4mpling, pr\u00e4gling, glansig laminering, UV-bel\u00e4ggning, VANISHING, guldfolie<\/td>\n<\/tr>\n<tr>\n<td><strong>Anpassad best\u00e4llning<\/strong><\/td>\n<td>Acceptera<\/td>\n<\/tr>\n<tr>\n<td><strong>Form<\/strong><\/td>\n<td>Anpassa<\/td>\n<\/tr>\n<tr>\n<td><strong>Produktens namn<\/strong><\/td>\n<td>Anpassad f\u00f6rpackning wellpapp g\u00e5va fraktl\u00e5da<\/td>\n<\/tr>\n<tr>\n<td><strong>Material<\/strong><\/td>\n<td>Papper, 100% \u00e5tervinningsbart material<\/td>\n<\/tr>\n<tr>\n<td><strong>Anv\u00e4ndning<\/strong><\/td>\n<td>F\u00f6rpackningsartiklar<\/td>\n<\/tr>\n<tr>\n<td><strong>Storlek<\/strong><\/td>\n<td>Anpassad storlek<\/td>\n<\/tr>\n<tr>\n<td><strong>F\u00e4rg<\/strong><\/td>\n<td>Pantone \/ CMYK<\/td>\n<\/tr>\n<tr>\n<td><strong>Logotyp<\/strong><\/td>\n<td>Anpassad logotyp tryckt<\/td>\n<\/tr>\n<tr>\n<td><strong>Ytfinish<\/strong><\/td>\n<td>Glansig\/matt laminering, varmst\u00e4mpling (folie) i guld\/silver etc.<\/td>\n<\/tr>\n<tr>\n<td><strong>Prov<\/strong><\/td>\n<td>Fria prover<\/td>\n<\/tr>\n<tr>\n<td><strong>MOQ<\/strong><\/td>\n<td>500 st<\/td>\n<\/tr>\n<\/table>\n<p><img decoding=\"async\" class=\"detail-desc-decorate-image\" src=\"https:\/\/reanpackaging.com\/wp-content\/uploads\/2024\/04\/1-description-Customized-Printing-Logo-Corrugated-Cardboard-Mailing-Shipping-Box-Manufacturers.jpg\" slate-data-type=\"image\" style=\"max-width: 100%; height: auto; display: block; margin: 0 auto;\"><br \/>\n<img decoding=\"async\" class=\"detail-desc-decorate-image\" src=\"https:\/\/reanpackaging.com\/wp-content\/uploads\/2024\/04\/2-description-Customized-Printing-Logo-Corrugated-Cardboard-Mailing-Shipping-Box-Manufacturers.jpg\" slate-data-type=\"image\" style=\"max-width: 100%; height: auto; display: block; margin: 0 auto;\"><br \/>\n<img decoding=\"async\" class=\"detail-desc-decorate-image\" src=\"https:\/\/reanpackaging.com\/wp-content\/uploads\/2024\/04\/3-description-Customized-Printing-Logo-Corrugated-Cardboard-Mailing-Shipping-Box-Manufacturers.jpg\" slate-data-type=\"image\" style=\"max-width: 100%; height: auto; display: block; margin: 0 auto;\"><br \/>\n<img decoding=\"async\" class=\"detail-desc-decorate-image\" src=\"https:\/\/reanpackaging.com\/wp-content\/uploads\/2024\/04\/4-description-Customized-Printing-Logo-Corrugated-Cardboard-Mailing-Shipping-Box-Manufacturers.jpg\" slate-data-type=\"image\" style=\"max-width: 100%; height: auto; display: block; margin: 0 auto;\"><\/p>","protected":false},"excerpt":{"rendered":"<p>Industry-Specific Attributes Industrial Use Packaging Paper Type Corrugated Board Feature Recyclable Other Attributes Place of Origin Guangdong, China Box Type Paper Box Brand Name Hongyou Model Number Shipping Paper Mailer Box Printing Handling Matt Lamination, Varnishing, Stamping, Embossing, Glossy Lamination, UV Coating, VANISHING, Gold Foil Custom Order Accept Shape Customize Product name Custom packaging corrugated [&hellip;]<\/p>\n","protected":false},"featured_media":17662,"template":"","meta":{"_seopress_robots_primary_cat":"none","_seopress_titles_title":"","_seopress_titles_desc":"","_seopress_robots_index":"","site-sidebar-layout":"default","site-content-layout":"","ast-site-content-layout":"default","site-content-style":"default","site-sidebar-style":"default","ast-global-header-display":"","ast-banner-title-visibility":"","ast-main-header-display":"","ast-hfb-above-header-display":"","ast-hfb-below-header-display":"","ast-hfb-mobile-header-display":"","site-post-title":"","ast-breadcrumbs-content":"","ast-featured-img":"","footer-sml-layout":"","ast-disable-related-posts":"","theme-transparent-header-meta":"default","adv-header-id-meta":"","stick-header-meta":"default","header-above-stick-meta":"","header-main-stick-meta":"","header-below-stick-meta":"","astra-migrate-meta-layouts":"set","ast-page-background-enabled":"default","ast-page-background-meta":{"desktop":{"background-color":"","background-image":"","background-repeat":"repeat","background-position":"center center","background-size":"auto","background-attachment":"scroll","background-type":"","background-media":"","overlay-type":"","overlay-color":"","overlay-opacity":"","overlay-gradient":""},"tablet":{"background-color":"","background-image":"","background-repeat":"repeat","background-position":"center center","background-size":"auto","background-attachment":"scroll","background-type":"","background-media":"","overlay-type":"","overlay-color":"","overlay-opacity":"","overlay-gradient":""},"mobile":{"background-color":"","background-image":"","background-repeat":"repeat","background-position":"center center","background-size":"auto","background-attachment":"scroll","background-type":"","background-media":"","overlay-type":"","overlay-color":"","overlay-opacity":"","overlay-gradient":""}},"ast-content-background-meta":{"desktop":{"background-color":"var(--ast-global-color-5)","background-image":"","background-repeat":"repeat","background-position":"center center","background-size":"auto","background-attachment":"scroll","background-type":"","background-media":"","overlay-type":"","overlay-color":"","overlay-opacity":"","overlay-gradient":""},"tablet":{"background-color":"var(--ast-global-color-5)","background-image":"","background-repeat":"repeat","background-position":"center center","background-size":"auto","background-attachment":"scroll","background-type":"","background-media":"","overlay-type":"","overlay-color":"","overlay-opacity":"","overlay-gradient":""},"mobile":{"background-color":"var(--ast-global-color-5)","background-image":"","background-repeat":"repeat","background-position":"center center","background-size":"auto","background-attachment":"scroll","background-type":"","background-media":"","overlay-type":"","overlay-color":"","overlay-opacity":"","overlay-gradient":""}}},"product_brand":[],"product_cat":[47],"product_tag":[],"class_list":{"0":"post-17735","1":"product","2":"type-product","3":"status-publish","4":"has-post-thumbnail","6":"product_cat-mailer-boxes","7":"desktop-align-left","8":"tablet-align-left","9":"mobile-align-left","10":"ast-product-gallery-layout-horizontal","11":"ast-product-tabs-layout-horizontal","13":"first","14":"instock","15":"purchasable","16":"product-type-simple"},"_links":{"self":[{"href":"https:\/\/reanpackaging.com\/sv\/wp-json\/wp\/v2\/product\/17735","targetHints":{"allow":["GET"]}}],"collection":[{"href":"https:\/\/reanpackaging.com\/sv\/wp-json\/wp\/v2\/product"}],"about":[{"href":"https:\/\/reanpackaging.com\/sv\/wp-json\/wp\/v2\/types\/product"}],"wp:featuredmedia":[{"embeddable":true,"href":"https:\/\/reanpackaging.com\/sv\/wp-json\/wp\/v2\/media\/17662"}],"wp:attachment":[{"href":"https:\/\/reanpackaging.com\/sv\/wp-json\/wp\/v2\/media?parent=17735"}],"wp:term":[{"taxonomy":"product_brand","embeddable":true,"href":"https:\/\/reanpackaging.com\/sv\/wp-json\/wp\/v2\/product_brand?post=17735"},{"taxonomy":"product_cat","embeddable":true,"href":"https:\/\/reanpackaging.com\/sv\/wp-json\/wp\/v2\/product_cat?post=17735"},{"taxonomy":"product_tag","embeddable":true,"href":"https:\/\/reanpackaging.com\/sv\/wp-json\/wp\/v2\/product_tag?post=17735"}],"curies":[{"name":"wp","href":"https:\/\/api.w.org\/{rel}","templated":true}]}}