{"id":17745,"date":"2024-04-30T10:25:26","date_gmt":"2024-04-30T10:25:26","guid":{"rendered":"https:\/\/reanpackaging.com\/product\/custom-color-printing-hard-aircraft-mailer-box-wigs-hat-packaging-apparel-cardboard-boxes-corrugated-cardboard-shipping-boxes\/"},"modified":"2024-10-01T16:30:33","modified_gmt":"2024-10-01T16:30:33","slug":"custom-color-printing-hard-aircraft-mailer-box-wigs-hat-packaging-apparel-cardboard-boxes-corrugated-cardboard-shipping-boxes","status":"publish","type":"product","link":"https:\/\/reanpackaging.com\/sv\/produkt\/anpassad-fargtryck-hart-flygplan-mailer-box-peruker-hatt-forpackning-klader-kartonger-wellpapp-fraktlador\/","title":{"rendered":"Anpassad f\u00e4rgtryck H\u00e5rd flygplan Mailer Box Peruker Hat F\u00f6rpackning Kl\u00e4der Kartongl\u00e5dor Korrugerad kartong Transportl\u00e5dor"},"content":{"rendered":"<h4>Branschspecifika attribut<\/h4>\n<table border=\"1\">\n<tr>\n<td><strong>Industriell anv\u00e4ndning<\/strong><\/td>\n<td>Modeaccessoarer<\/td>\n<\/tr>\n<tr>\n<td><strong>Typ av papper<\/strong><\/td>\n<td>Korrugerad kartong<\/td>\n<\/tr>\n<tr>\n<td><strong>Funktion<\/strong><\/td>\n<td>\u00c5tervunna material<\/td>\n<\/tr>\n<\/table>\n<h4>\u00d6vriga attribut<\/h4>\n<table border=\"1\">\n<tr>\n<td><strong>Ursprungsort<\/strong><\/td>\n<td>Guangdong, Kina<\/td>\n<\/tr>\n<tr>\n<td><strong>Typ av l\u00e5da<\/strong><\/td>\n<td>Styva l\u00e5dor<\/td>\n<\/tr>\n<tr>\n<td><strong>Varum\u00e4rke<\/strong><\/td>\n<td>Senlarry<\/td>\n<\/tr>\n<tr>\n<td><strong>Modellnummer<\/strong><\/td>\n<td>Anpassad l\u00e5da<\/td>\n<\/tr>\n<tr>\n<td><strong>Tryckning Hantering<\/strong><\/td>\n<td>Matt laminering, lackering, st\u00e4mpling, pr\u00e4gling, glansig laminering, UV-bel\u00e4ggning, VANISHING, guldfolie, kundanpassad<\/td>\n<\/tr>\n<tr>\n<td><strong>Anpassad best\u00e4llning<\/strong><\/td>\n<td>Acceptera<\/td>\n<\/tr>\n<tr>\n<td><strong>Form<\/strong><\/td>\n<td>Anpassad olika form<\/td>\n<\/tr>\n<tr>\n<td><strong>Tryck av logotyp<\/strong><\/td>\n<td>Acceptera<\/td>\n<\/tr>\n<tr>\n<td><strong>Tillbeh\u00f6r<\/strong><\/td>\n<td>Magnetisk st\u00e4ngning, band, handtag, cutomiserad<\/td>\n<\/tr>\n<tr>\n<td><strong>Typ av foder<\/strong><\/td>\n<td>Plast, kartong, svamp, kutomiserad<\/td>\n<\/tr>\n<tr>\n<td><strong>Produktens namn<\/strong><\/td>\n<td>Anpassade transportl\u00e5dor<\/td>\n<\/tr>\n<tr>\n<td><strong>S\u00f6kord<\/strong><\/td>\n<td>Postboxar f\u00f6r kl\u00e4der Kartonger av wellpapp<\/td>\n<\/tr>\n<tr>\n<td><strong>Artikelns namn<\/strong><\/td>\n<td>F\u00f6rpackningsl\u00e5dor med tryck<\/td>\n<\/tr>\n<tr>\n<td><strong>Industriell anv\u00e4ndning<\/strong><\/td>\n<td>F\u00f6rpackningsl\u00e5da av wellpapp<\/td>\n<\/tr>\n<tr>\n<td><strong>F\u00e4rg<\/strong><\/td>\n<td>Anpassad\/CMYK 4C-tryck\/Pantone-f\u00e4rg<\/td>\n<\/tr>\n<tr>\n<td><strong>Hantering av utskrifter<\/strong><\/td>\n<td>Guldst\u00e4mpling, Matt laminering, Glansig lackering, Pr\u00e4gling, UV-bel\u00e4ggning<\/td>\n<\/tr>\n<tr>\n<td><strong>Typ av papper<\/strong><\/td>\n<td>Konstpapper, specialpapper, kartong m.m.<\/td>\n<\/tr>\n<tr>\n<td><strong>Form &amp; stil<\/strong><\/td>\n<td>Pappersf\u00f6rpackningar med anpassad design<\/td>\n<\/tr>\n<tr>\n<td><strong>Certifikat<\/strong><\/td>\n<td>ISO9001\/ISO14001\/ISO45001\/EPR\/FAMA\/FSC\/SGS<\/td>\n<\/tr>\n<tr>\n<td><strong>Vi \u00e4r fabrik<\/strong><\/td>\n<td>OEM och ODM one-stop service<\/td>\n<\/tr>\n<\/table>\n<p><img decoding=\"async\" class=\"detail-desc-decorate-image\" src=\"https:\/\/reanpackaging.com\/wp-content\/uploads\/2024\/04\/1-description-Hair-Packaging-Box-Custom-Logo-Clothing-coloured-mailer-boxes.jpg\" slate-data-type=\"image\" style=\"max-width: 100%; height: auto; display: block; margin: 0 auto;\"><br \/>\n<img decoding=\"async\" class=\"detail-desc-decorate-image\" src=\"https:\/\/reanpackaging.com\/wp-content\/uploads\/2024\/04\/2-description-Hair-Packaging-Box-Custom-Logo-Clothing-coloured-mailer-boxes.jpg\" slate-data-type=\"image\" style=\"max-width: 100%; height: auto; display: block; margin: 0 auto;\"><br \/>\n<img decoding=\"async\" class=\"detail-desc-decorate-image\" src=\"https:\/\/reanpackaging.com\/wp-content\/uploads\/2024\/04\/3-description-Hair-Packaging-Box-Custom-Logo-Clothing-coloured-mailer-boxes.jpg\" slate-data-type=\"image\" style=\"max-width: 100%; height: auto; display: block; margin: 0 auto;\"><br \/>\n<img decoding=\"async\" class=\"detail-desc-decorate-image\" src=\"https:\/\/reanpackaging.com\/wp-content\/uploads\/2024\/04\/4-description-Hair-Packaging-Box-Custom-Logo-Clothing-coloured-mailer-boxes.jpg\" slate-data-type=\"image\" style=\"max-width: 100%; height: auto; display: block; margin: 0 auto;\"><br \/>\n<img decoding=\"async\" class=\"detail-desc-decorate-image\" src=\"https:\/\/reanpackaging.com\/wp-content\/uploads\/2024\/04\/5-description-Hair-Packaging-Box-Custom-Logo-Clothing-coloured-mailer-boxes.jpg\" slate-data-type=\"image\" style=\"max-width: 100%; height: auto; display: block; margin: 0 auto;\"><\/p>","protected":false},"excerpt":{"rendered":"<p>Industry-Specific Attributes Industrial Use Fashion Accessories Paper Type Corrugated Board Feature Recycled Materials Other Attributes Place of Origin Guangdong, China Box Type Rigid Boxes Brand Name Senlarry Model Number Custom Box Printing Handling Matt Lamination, Varnishing, Stamping, Embossing, Glossy Lamination, UV Coating, VANISHING, Gold Foil, customized Custom Order Accept Shape Customized Different Shape Logo printing [&hellip;]<\/p>\n","protected":false},"featured_media":17680,"template":"","meta":{"_seopress_robots_primary_cat":"none","_seopress_titles_title":"","_seopress_titles_desc":"","_seopress_robots_index":"","site-sidebar-layout":"default","site-content-layout":"","ast-site-content-layout":"default","site-content-style":"default","site-sidebar-style":"default","ast-global-header-display":"","ast-banner-title-visibility":"","ast-main-header-display":"","ast-hfb-above-header-display":"","ast-hfb-below-header-display":"","ast-hfb-mobile-header-display":"","site-post-title":"","ast-breadcrumbs-content":"","ast-featured-img":"","footer-sml-layout":"","ast-disable-related-posts":"","theme-transparent-header-meta":"default","adv-header-id-meta":"","stick-header-meta":"default","header-above-stick-meta":"","header-main-stick-meta":"","header-below-stick-meta":"","astra-migrate-meta-layouts":"set","ast-page-background-enabled":"default","ast-page-background-meta":{"desktop":{"background-color":"","background-image":"","background-repeat":"repeat","background-position":"center center","background-size":"auto","background-attachment":"scroll","background-type":"","background-media":"","overlay-type":"","overlay-color":"","overlay-opacity":"","overlay-gradient":""},"tablet":{"background-color":"","background-image":"","background-repeat":"repeat","background-position":"center center","background-size":"auto","background-attachment":"scroll","background-type":"","background-media":"","overlay-type":"","overlay-color":"","overlay-opacity":"","overlay-gradient":""},"mobile":{"background-color":"","background-image":"","background-repeat":"repeat","background-position":"center center","background-size":"auto","background-attachment":"scroll","background-type":"","background-media":"","overlay-type":"","overlay-color":"","overlay-opacity":"","overlay-gradient":""}},"ast-content-background-meta":{"desktop":{"background-color":"var(--ast-global-color-5)","background-image":"","background-repeat":"repeat","background-position":"center center","background-size":"auto","background-attachment":"scroll","background-type":"","background-media":"","overlay-type":"","overlay-color":"","overlay-opacity":"","overlay-gradient":""},"tablet":{"background-color":"var(--ast-global-color-5)","background-image":"","background-repeat":"repeat","background-position":"center center","background-size":"auto","background-attachment":"scroll","background-type":"","background-media":"","overlay-type":"","overlay-color":"","overlay-opacity":"","overlay-gradient":""},"mobile":{"background-color":"var(--ast-global-color-5)","background-image":"","background-repeat":"repeat","background-position":"center center","background-size":"auto","background-attachment":"scroll","background-type":"","background-media":"","overlay-type":"","overlay-color":"","overlay-opacity":"","overlay-gradient":""}}},"product_brand":[],"product_cat":[47],"product_tag":[],"class_list":{"0":"post-17745","1":"product","2":"type-product","3":"status-publish","4":"has-post-thumbnail","6":"product_cat-mailer-boxes","7":"desktop-align-left","8":"tablet-align-left","9":"mobile-align-left","10":"ast-product-gallery-layout-horizontal","11":"ast-product-tabs-layout-horizontal","13":"first","14":"instock","15":"purchasable","16":"product-type-simple"},"_links":{"self":[{"href":"https:\/\/reanpackaging.com\/sv\/wp-json\/wp\/v2\/product\/17745","targetHints":{"allow":["GET"]}}],"collection":[{"href":"https:\/\/reanpackaging.com\/sv\/wp-json\/wp\/v2\/product"}],"about":[{"href":"https:\/\/reanpackaging.com\/sv\/wp-json\/wp\/v2\/types\/product"}],"wp:featuredmedia":[{"embeddable":true,"href":"https:\/\/reanpackaging.com\/sv\/wp-json\/wp\/v2\/media\/17680"}],"wp:attachment":[{"href":"https:\/\/reanpackaging.com\/sv\/wp-json\/wp\/v2\/media?parent=17745"}],"wp:term":[{"taxonomy":"product_brand","embeddable":true,"href":"https:\/\/reanpackaging.com\/sv\/wp-json\/wp\/v2\/product_brand?post=17745"},{"taxonomy":"product_cat","embeddable":true,"href":"https:\/\/reanpackaging.com\/sv\/wp-json\/wp\/v2\/product_cat?post=17745"},{"taxonomy":"product_tag","embeddable":true,"href":"https:\/\/reanpackaging.com\/sv\/wp-json\/wp\/v2\/product_tag?post=17745"}],"curies":[{"name":"wp","href":"https:\/\/api.w.org\/{rel}","templated":true}]}}