{"id":23417,"date":"2024-08-01T15:11:02","date_gmt":"2024-08-01T15:11:02","guid":{"rendered":"https:\/\/reanpackaging.com\/product\/foldable-square-brown-kraft-boxes-with-window-kraft-gift-box-for-handmade-soap-party-favor-treats\/"},"modified":"2024-10-01T16:12:54","modified_gmt":"2024-10-01T16:12:54","slug":"foldable-square-brown-kraft-boxes-with-window-kraft-gift-box-for-handmade-soap-party-favor-treats","status":"publish","type":"product","link":"https:\/\/reanpackaging.com\/sv\/produkt\/foldable-square-brown-kraft-boxes-with-window-kraft-gift-box-for-handmade-soap-party-favor-treats\/","title":{"rendered":"Vikbara kvadratiska bruna kraftl\u00e5dor med f\u00f6nster Kraft presentf\u00f6rpackning f\u00f6r handgjord tv\u00e5l Party Favor Godis"},"content":{"rendered":"<h4>Branschspecifika attribut<\/h4>\n<table border=\"1\">\n<tbody>\n<tr>\n<td><strong>Industriell anv\u00e4ndning<\/strong><\/td>\n<td>Kosmetisk<\/td>\n<\/tr>\n<tr>\n<td><strong>Typ av papper<\/strong><\/td>\n<td>Kraftpapper<\/td>\n<\/tr>\n<tr>\n<td><strong>Funktion<\/strong><\/td>\n<td>\u00c5tervinningsbar<\/td>\n<\/tr>\n<\/tbody>\n<\/table>\n<h4>\u00d6vriga attribut<\/h4>\n<table border=\"1\">\n<tbody>\n<tr>\n<td><strong>Typ av l\u00e5da<\/strong><\/td>\n<td>Styva l\u00e5dor<\/td>\n<\/tr>\n<tr>\n<td><strong>Tryckning Hantering<\/strong><\/td>\n<td>Pr\u00e4gling, glansig laminering, matt laminering, stansning, UV-bel\u00e4ggning, lackering, VANISHING, guldfolie<\/td>\n<\/tr>\n<tr>\n<td><strong>Anpassad best\u00e4llning<\/strong><\/td>\n<td>Acceptera<\/td>\n<\/tr>\n<tr>\n<td><strong>Form<\/strong><\/td>\n<td>OEM<\/td>\n<\/tr>\n<tr>\n<td><strong>Produktens namn<\/strong><\/td>\n<td>Kraftl\u00e5dor med f\u00f6nster<\/td>\n<\/tr>\n<tr>\n<td><strong>Materialstruktur<\/strong><\/td>\n<td>Kraftpapper<\/td>\n<\/tr>\n<tr>\n<td><strong>Till\u00e4mpning<\/strong><\/td>\n<td>F\u00f6rpackningar f\u00f6r tv\u00e5l<\/td>\n<\/tr>\n<tr>\n<td><strong>F\u00f6rdel<\/strong><\/td>\n<td>\u00c5tervinningsbar Milj\u00f6v\u00e4nlig<\/td>\n<\/tr>\n<tr>\n<td><strong>MOQ<\/strong><\/td>\n<td>1000 st<\/td>\n<\/tr>\n<tr>\n<td><strong>Handtagstyp<\/strong><\/td>\n<td>Anpassad<\/td>\n<\/tr>\n<tr>\n<td><strong>Tjocklek<\/strong><\/td>\n<td>Kundens Damands<\/td>\n<\/tr>\n<tr>\n<td><strong>Efterbehandling<\/strong><\/td>\n<td>Spot UV Offset<\/td>\n<\/tr>\n<tr>\n<td><strong>Tryckning<\/strong><\/td>\n<td>CMYK 4-f\u00e4rgs offsettryck<\/td>\n<\/tr>\n<tr>\n<td><strong>Ledtid<\/strong><\/td>\n<td>5-15 dagar<\/td>\n<\/tr>\n<\/tbody>\n<\/table>\n<p><img decoding=\"async\" class=\"detail-desc-decorate-image\" style=\"max-width: 100%; height: auto; display: block; margin: 0 auto;\" src=\"https:\/\/reanpackaging.com\/wp-content\/uploads\/2024\/08\/1-description-Foldable-Square-Brown-Kraft-Boxes-with-Window-Kraft-Gift-Box-for-Handmade-Soap-Party-Favor-Treats.jpg\" \/><br \/>\n<img decoding=\"async\" class=\"detail-desc-decorate-image\" style=\"max-width: 100%; height: auto; display: block; margin: 0 auto;\" src=\"https:\/\/reanpackaging.com\/wp-content\/uploads\/2024\/08\/2-description-Foldable-Square-Brown-Kraft-Boxes-with-Window-Kraft-Gift-Box-for-Handmade-Soap-Party-Favor-Treats.jpg\" \/><br \/>\n<img decoding=\"async\" class=\"detail-desc-decorate-image\" style=\"max-width: 100%; height: auto; display: block; margin: 0 auto;\" src=\"https:\/\/reanpackaging.com\/wp-content\/uploads\/2024\/08\/3-description-Foldable-Square-Brown-Kraft-Boxes-with-Window-Kraft-Gift-Box-for-Handmade-Soap-Party-Favor-Treats.jpg\" \/><br \/>\n<img decoding=\"async\" class=\"detail-desc-decorate-image\" style=\"max-width: 100%; height: auto; display: block; margin: 0 auto;\" src=\"https:\/\/reanpackaging.com\/wp-content\/uploads\/2024\/08\/4-description-Foldable-Square-Brown-Kraft-Boxes-with-Window-Kraft-Gift-Box-for-Handmade-Soap-Party-Favor-Treats.jpg\" \/><br \/>\n<img decoding=\"async\" class=\"detail-desc-decorate-image\" style=\"max-width: 100%; height: auto; display: block; margin: 0 auto;\" src=\"https:\/\/reanpackaging.com\/wp-content\/uploads\/2024\/08\/5-description-Foldable-Square-Brown-Kraft-Boxes-with-Window-Kraft-Gift-Box-for-Handmade-Soap-Party-Favor-Treats.jpg\" \/><\/p>","protected":false},"excerpt":{"rendered":"<p>Industry-Specific Attributes Industrial Use Cosmetic Paper Type Kraft Paper Feature Recyclable Other Attributes Box Type Rigid Boxes Printing Handling Embossing, Glossy Lamination, Matt Lamination, Stamping, UV Coating, Varnishing, VANISHING, Gold Foil Custom Order Accept Shape OEM Product name Kraft Boxes with Window Material Structure Kraft Paper Application Soap Packaging Advantage Recyclable Ecofriendly MOQ 1000pcs Handle [&hellip;]<\/p>\n","protected":false},"featured_media":23355,"template":"","meta":{"_seopress_robots_primary_cat":"none","_seopress_titles_title":"","_seopress_titles_desc":"","_seopress_robots_index":"","site-sidebar-layout":"default","site-content-layout":"","ast-site-content-layout":"default","site-content-style":"default","site-sidebar-style":"default","ast-global-header-display":"","ast-banner-title-visibility":"","ast-main-header-display":"","ast-hfb-above-header-display":"","ast-hfb-below-header-display":"","ast-hfb-mobile-header-display":"","site-post-title":"","ast-breadcrumbs-content":"","ast-featured-img":"","footer-sml-layout":"","ast-disable-related-posts":"","theme-transparent-header-meta":"default","adv-header-id-meta":"","stick-header-meta":"default","header-above-stick-meta":"","header-main-stick-meta":"","header-below-stick-meta":"","astra-migrate-meta-layouts":"set","ast-page-background-enabled":"default","ast-page-background-meta":{"desktop":{"background-color":"","background-image":"","background-repeat":"repeat","background-position":"center center","background-size":"auto","background-attachment":"scroll","background-type":"","background-media":"","overlay-type":"","overlay-color":"","overlay-opacity":"","overlay-gradient":""},"tablet":{"background-color":"","background-image":"","background-repeat":"repeat","background-position":"center center","background-size":"auto","background-attachment":"scroll","background-type":"","background-media":"","overlay-type":"","overlay-color":"","overlay-opacity":"","overlay-gradient":""},"mobile":{"background-color":"","background-image":"","background-repeat":"repeat","background-position":"center center","background-size":"auto","background-attachment":"scroll","background-type":"","background-media":"","overlay-type":"","overlay-color":"","overlay-opacity":"","overlay-gradient":""}},"ast-content-background-meta":{"desktop":{"background-color":"var(--ast-global-color-5)","background-image":"","background-repeat":"repeat","background-position":"center center","background-size":"auto","background-attachment":"scroll","background-type":"","background-media":"","overlay-type":"","overlay-color":"","overlay-opacity":"","overlay-gradient":""},"tablet":{"background-color":"var(--ast-global-color-5)","background-image":"","background-repeat":"repeat","background-position":"center center","background-size":"auto","background-attachment":"scroll","background-type":"","background-media":"","overlay-type":"","overlay-color":"","overlay-opacity":"","overlay-gradient":""},"mobile":{"background-color":"var(--ast-global-color-5)","background-image":"","background-repeat":"repeat","background-position":"center center","background-size":"auto","background-attachment":"scroll","background-type":"","background-media":"","overlay-type":"","overlay-color":"","overlay-opacity":"","overlay-gradient":""}}},"product_brand":[],"product_cat":[69],"product_tag":[],"class_list":{"0":"post-23417","1":"product","2":"type-product","3":"status-publish","4":"has-post-thumbnail","6":"product_cat-kraft-boxes","7":"desktop-align-left","8":"tablet-align-left","9":"mobile-align-left","10":"ast-product-gallery-layout-horizontal","11":"ast-product-tabs-layout-horizontal","13":"first","14":"instock","15":"purchasable","16":"product-type-simple"},"_links":{"self":[{"href":"https:\/\/reanpackaging.com\/sv\/wp-json\/wp\/v2\/product\/23417","targetHints":{"allow":["GET"]}}],"collection":[{"href":"https:\/\/reanpackaging.com\/sv\/wp-json\/wp\/v2\/product"}],"about":[{"href":"https:\/\/reanpackaging.com\/sv\/wp-json\/wp\/v2\/types\/product"}],"wp:featuredmedia":[{"embeddable":true,"href":"https:\/\/reanpackaging.com\/sv\/wp-json\/wp\/v2\/media\/23355"}],"wp:attachment":[{"href":"https:\/\/reanpackaging.com\/sv\/wp-json\/wp\/v2\/media?parent=23417"}],"wp:term":[{"taxonomy":"product_brand","embeddable":true,"href":"https:\/\/reanpackaging.com\/sv\/wp-json\/wp\/v2\/product_brand?post=23417"},{"taxonomy":"product_cat","embeddable":true,"href":"https:\/\/reanpackaging.com\/sv\/wp-json\/wp\/v2\/product_cat?post=23417"},{"taxonomy":"product_tag","embeddable":true,"href":"https:\/\/reanpackaging.com\/sv\/wp-json\/wp\/v2\/product_tag?post=23417"}],"curies":[{"name":"wp","href":"https:\/\/api.w.org\/{rel}","templated":true}]}}