{"id":23875,"date":"2024-08-03T06:18:26","date_gmt":"2024-08-03T06:18:26","guid":{"rendered":"https:\/\/reanpackaging.com\/product\/high-quality-ziplock-mailer-zipper-box-shipping-box-with-tear-strip-press-on-free-shipping-clothing-packaging-boxes\/"},"modified":"2024-10-01T16:12:01","modified_gmt":"2024-10-01T16:12:01","slug":"high-quality-ziplock-mailer-zipper-box-shipping-box-with-tear-strip-press-on-free-shipping-clothing-packaging-boxes","status":"publish","type":"product","link":"https:\/\/reanpackaging.com\/sv\/produkt\/high-quality-ziplock-mailer-zipper-box-shipping-box-with-tear-strip-press-on-free-shipping-clothing-packaging-boxes\/","title":{"rendered":"h\u00f6g kvalitet Ziplock mailer blixtl\u00e5s l\u00e5da fraktl\u00e5da med rivremsa pressa p\u00e5 fri frakt kl\u00e4der f\u00f6rpackningsl\u00e5dor"},"content":{"rendered":"<h4>Branschspecifika attribut<\/h4>\n<table border=\"1\">\n<tbody>\n<tr>\n<td><strong>Industriell anv\u00e4ndning<\/strong><\/td>\n<td>Skor &amp; kl\u00e4der, Alla f\u00f6rpackningar<\/td>\n<\/tr>\n<tr>\n<td><strong>Typ av papper<\/strong><\/td>\n<td>Korrugerat papper<\/td>\n<\/tr>\n<tr>\n<td><strong>Funktion<\/strong><\/td>\n<td>\u00c5tervinningsbar<\/td>\n<\/tr>\n<\/tbody>\n<\/table>\n<h4>\u00d6vriga attribut<\/h4>\n<table border=\"1\">\n<tbody>\n<tr>\n<td><strong>Typ av l\u00e5da<\/strong><\/td>\n<td>Mappar<\/td>\n<\/tr>\n<tr>\n<td><strong>Tryckning Hantering<\/strong><\/td>\n<td>Pr\u00e4gling, glansig laminering, matt laminering, stansning, UV-bel\u00e4ggning, lackering, guldfolie, VANISHING<\/td>\n<\/tr>\n<tr>\n<td><strong>Anpassad best\u00e4llning<\/strong><\/td>\n<td>Acceptera<\/td>\n<\/tr>\n<tr>\n<td><strong>Form<\/strong><\/td>\n<td>kvadrat<\/td>\n<\/tr>\n<tr>\n<td><strong>Tillbeh\u00f6r<\/strong><\/td>\n<td>Band, handtag<\/td>\n<\/tr>\n<tr>\n<td><strong>Typ av foder<\/strong><\/td>\n<td>Plast, kartong, svamp, EVA-skum<\/td>\n<\/tr>\n<tr>\n<td><strong>Produktens namn<\/strong><\/td>\n<td>Rosa postbox<\/td>\n<\/tr>\n<tr>\n<td><strong>Material<\/strong><\/td>\n<td>korrugerat papper<\/td>\n<\/tr>\n<tr>\n<td><strong>Logotyp<\/strong><\/td>\n<td>Godtagbar kundlogotyp<\/td>\n<\/tr>\n<tr>\n<td><strong>F\u00f6rpackning<\/strong><\/td>\n<td>Anpassad f\u00f6rpackning<\/td>\n<\/tr>\n<tr>\n<td><strong>Ytfinish<\/strong><\/td>\n<td>4C\/UV\/Laminering\/Pr\u00e4gling\/St\u00e4mpling<\/td>\n<\/tr>\n<tr>\n<td><strong>Storlek<\/strong><\/td>\n<td>Anpassad storlek accepteras<\/td>\n<\/tr>\n<tr>\n<td><strong>Provtagningstid<\/strong><\/td>\n<td>3-7 arbetsdagar<\/td>\n<\/tr>\n<tr>\n<td><strong>Form<\/strong><\/td>\n<td>Anpassad form<\/td>\n<\/tr>\n<tr>\n<td><strong>Service<\/strong><\/td>\n<td>24 timmar online<\/td>\n<\/tr>\n<tr>\n<td><strong>Frakt<\/strong><\/td>\n<td>med b\u00e5t\/flyg\/express<\/td>\n<\/tr>\n<\/tbody>\n<\/table>\n<p><img decoding=\"async\" class=\"detail-desc-decorate-image\" style=\"max-width: 100%; height: auto; display: block; margin: 0 auto;\" src=\"https:\/\/reanpackaging.com\/wp-content\/uploads\/2024\/08\/1-description-high-quality-Ziplock-mailer-zipper-box-shipping-box-with-tear-strip-press-on-free-shipping-clothing-packaging-boxes.jpg\" \/><br \/>\n<img decoding=\"async\" class=\"detail-desc-decorate-image\" style=\"max-width: 100%; height: auto; display: block; margin: 0 auto;\" src=\"https:\/\/reanpackaging.com\/wp-content\/uploads\/2024\/08\/2-description-high-quality-Ziplock-mailer-zipper-box-shipping-box-with-tear-strip-press-on-free-shipping-clothing-packaging-boxes.jpg\" \/><br \/>\n<img decoding=\"async\" class=\"detail-desc-decorate-image\" style=\"max-width: 100%; height: auto; display: block; margin: 0 auto;\" src=\"https:\/\/reanpackaging.com\/wp-content\/uploads\/2024\/08\/3-description-high-quality-Ziplock-mailer-zipper-box-shipping-box-with-tear-strip-press-on-free-shipping-clothing-packaging-boxes.jpg\" \/><br \/>\n<img decoding=\"async\" class=\"detail-desc-decorate-image\" style=\"max-width: 100%; height: auto; display: block; margin: 0 auto;\" src=\"https:\/\/reanpackaging.com\/wp-content\/uploads\/2024\/08\/4-description-high-quality-Ziplock-mailer-zipper-box-shipping-box-with-tear-strip-press-on-free-shipping-clothing-packaging-boxes.jpg\" \/><\/p>","protected":false},"excerpt":{"rendered":"<p>Industry-Specific Attributes Industrial Use Shoes &amp; clothing, All Packaging Paper Type Corrugated Paper Feature Recyclable Other Attributes Box Type Folders Printing Handling Embossing, Glossy Lamination, Matt Lamination, Stamping, UV Coating, Varnishing, Gold Foil, VANISHING Custom Order Accept Shape square Accessories Ribbon, Handle Liner type Plastics, Paperboard, Sponge, EVA foam Product name Pink Mailer Box Material [&hellip;]<\/p>\n","protected":false},"featured_media":23826,"template":"","meta":{"_seopress_robots_primary_cat":"none","_seopress_titles_title":"","_seopress_titles_desc":"","_seopress_robots_index":"","site-sidebar-layout":"default","site-content-layout":"","ast-site-content-layout":"default","site-content-style":"default","site-sidebar-style":"default","ast-global-header-display":"","ast-banner-title-visibility":"","ast-main-header-display":"","ast-hfb-above-header-display":"","ast-hfb-below-header-display":"","ast-hfb-mobile-header-display":"","site-post-title":"","ast-breadcrumbs-content":"","ast-featured-img":"","footer-sml-layout":"","ast-disable-related-posts":"","theme-transparent-header-meta":"default","adv-header-id-meta":"","stick-header-meta":"default","header-above-stick-meta":"","header-main-stick-meta":"","header-below-stick-meta":"","astra-migrate-meta-layouts":"set","ast-page-background-enabled":"default","ast-page-background-meta":{"desktop":{"background-color":"","background-image":"","background-repeat":"repeat","background-position":"center center","background-size":"auto","background-attachment":"scroll","background-type":"","background-media":"","overlay-type":"","overlay-color":"","overlay-opacity":"","overlay-gradient":""},"tablet":{"background-color":"","background-image":"","background-repeat":"repeat","background-position":"center center","background-size":"auto","background-attachment":"scroll","background-type":"","background-media":"","overlay-type":"","overlay-color":"","overlay-opacity":"","overlay-gradient":""},"mobile":{"background-color":"","background-image":"","background-repeat":"repeat","background-position":"center center","background-size":"auto","background-attachment":"scroll","background-type":"","background-media":"","overlay-type":"","overlay-color":"","overlay-opacity":"","overlay-gradient":""}},"ast-content-background-meta":{"desktop":{"background-color":"var(--ast-global-color-5)","background-image":"","background-repeat":"repeat","background-position":"center center","background-size":"auto","background-attachment":"scroll","background-type":"","background-media":"","overlay-type":"","overlay-color":"","overlay-opacity":"","overlay-gradient":""},"tablet":{"background-color":"var(--ast-global-color-5)","background-image":"","background-repeat":"repeat","background-position":"center center","background-size":"auto","background-attachment":"scroll","background-type":"","background-media":"","overlay-type":"","overlay-color":"","overlay-opacity":"","overlay-gradient":""},"mobile":{"background-color":"var(--ast-global-color-5)","background-image":"","background-repeat":"repeat","background-position":"center center","background-size":"auto","background-attachment":"scroll","background-type":"","background-media":"","overlay-type":"","overlay-color":"","overlay-opacity":"","overlay-gradient":""}}},"product_brand":[],"product_cat":[70],"product_tag":[],"class_list":{"0":"post-23875","1":"product","2":"type-product","3":"status-publish","4":"has-post-thumbnail","6":"product_cat-rigid-boxes","7":"desktop-align-left","8":"tablet-align-left","9":"mobile-align-left","10":"ast-product-gallery-layout-horizontal","11":"ast-product-tabs-layout-horizontal","13":"first","14":"instock","15":"purchasable","16":"product-type-simple"},"_links":{"self":[{"href":"https:\/\/reanpackaging.com\/sv\/wp-json\/wp\/v2\/product\/23875","targetHints":{"allow":["GET"]}}],"collection":[{"href":"https:\/\/reanpackaging.com\/sv\/wp-json\/wp\/v2\/product"}],"about":[{"href":"https:\/\/reanpackaging.com\/sv\/wp-json\/wp\/v2\/types\/product"}],"wp:featuredmedia":[{"embeddable":true,"href":"https:\/\/reanpackaging.com\/sv\/wp-json\/wp\/v2\/media\/23826"}],"wp:attachment":[{"href":"https:\/\/reanpackaging.com\/sv\/wp-json\/wp\/v2\/media?parent=23875"}],"wp:term":[{"taxonomy":"product_brand","embeddable":true,"href":"https:\/\/reanpackaging.com\/sv\/wp-json\/wp\/v2\/product_brand?post=23875"},{"taxonomy":"product_cat","embeddable":true,"href":"https:\/\/reanpackaging.com\/sv\/wp-json\/wp\/v2\/product_cat?post=23875"},{"taxonomy":"product_tag","embeddable":true,"href":"https:\/\/reanpackaging.com\/sv\/wp-json\/wp\/v2\/product_tag?post=23875"}],"curies":[{"name":"wp","href":"https:\/\/api.w.org\/{rel}","templated":true}]}}