{"id":25173,"date":"2024-08-10T13:58:26","date_gmt":"2024-08-10T13:58:26","guid":{"rendered":"https:\/\/reanpackaging.com\/product\/luxury-empty-6-piece-magnetic-paper-valentines-chocolate-folding-packaging-box-with-plastic-tray-small-chocolate-gift-box\/"},"modified":"2024-08-10T14:34:13","modified_gmt":"2024-08-10T14:34:13","slug":"luxury-empty-6-piece-magnetic-paper-valentines-chocolate-folding-packaging-box-with-plastic-tray-small-chocolate-gift-box","status":"publish","type":"product","link":"https:\/\/reanpackaging.com\/sv\/produkt\/luxury-empty-6-piece-magnetic-paper-valentines-chocolate-folding-packaging-box-with-plastic-tray-small-chocolate-gift-box\/","title":{"rendered":"Lyxig tom 6-bitars magnetisk papper Valentines choklad vikbar f\u00f6rpackningsl\u00e5da med plastbricka liten choklad presentf\u00f6rpackning"},"content":{"rendered":"<h4>Branschspecifika attribut<\/h4>\n<table border=\"1\">\n<tbody>\n<tr>\n<td><strong>Industriell anv\u00e4ndning<\/strong><\/td>\n<td>Mat<\/td>\n<\/tr>\n<tr>\n<td><strong>Typ av papper<\/strong><\/td>\n<td>Gr\u00e5 kartong<\/td>\n<\/tr>\n<tr>\n<td><strong>Funktion<\/strong><\/td>\n<td>\u00c5tervunna material<\/td>\n<\/tr>\n<\/tbody>\n<\/table>\n<h4>\u00d6vriga attribut<\/h4>\n<table border=\"1\">\n<tbody>\n<tr>\n<td><strong>Typ av l\u00e5da<\/strong><\/td>\n<td>Styva l\u00e5dor<\/td>\n<\/tr>\n<tr>\n<td><strong>Tryckning Hantering<\/strong><\/td>\n<td>Matt laminering, lackering, st\u00e4mpling, pr\u00e4gling, glansig laminering, UV-bel\u00e4ggning, guldfolie<\/td>\n<\/tr>\n<tr>\n<td><strong>Anpassad best\u00e4llning<\/strong><\/td>\n<td>Acceptera<\/td>\n<\/tr>\n<tr>\n<td><strong>Form<\/strong><\/td>\n<td>Rektangel ,Fyrkant ,Hj\u00e4rtform<\/td>\n<\/tr>\n<tr>\n<td><strong>Produktens namn<\/strong><\/td>\n<td>chokladf\u00f6rpackningsl\u00e5da<\/td>\n<\/tr>\n<tr>\n<td><strong>Form<\/strong><\/td>\n<td>Rektangul\u00e4r, fyrkantig, rund, anpassad<\/td>\n<\/tr>\n<tr>\n<td><strong>Anv\u00e4ndning<\/strong><\/td>\n<td>Macaron, Mat ,Choklad,Godis<\/td>\n<\/tr>\n<tr>\n<td><strong>Material<\/strong><\/td>\n<td>2 mm gr\u00e5board+konstpapper\/texturerat papper<\/td>\n<\/tr>\n<tr>\n<td><strong>Funktion<\/strong><\/td>\n<td>Handgjord,\u00c5tervinningsbar<\/td>\n<\/tr>\n<tr>\n<td><strong>Stil<\/strong><\/td>\n<td>Casual,Elegant<\/td>\n<\/tr>\n<tr>\n<td><strong>Storlek<\/strong><\/td>\n<td>Anpassad storlek accepteras<\/td>\n<\/tr>\n<tr>\n<td><strong>MOQ<\/strong><\/td>\n<td>500 stycken<\/td>\n<\/tr>\n<tr>\n<td><strong>Provtagningstid<\/strong><\/td>\n<td>5-7 arbetsdagar<\/td>\n<\/tr>\n<tr>\n<td><strong>Design<\/strong><\/td>\n<td>Anpassa design (erbjud OEM-tj\u00e4nst)<\/td>\n<\/tr>\n<\/tbody>\n<\/table>\n<p><img decoding=\"async\" class=\"detail-desc-decorate-image\" style=\"max-width: 100%; height: auto; display: block; margin: 0 auto;\" src=\"https:\/\/reanpackaging.com\/wp-content\/uploads\/2024\/08\/3-description-Luxury-Empty-6-Piece-Magnetic-Paper-Valentines-Chocolate-Folding-Packaging-Box-With-Plastic-Tray-Small-Chocolate-Gift-Box.jpg\" \/><br \/>\n<img decoding=\"async\" class=\"detail-desc-decorate-image\" style=\"max-width: 100%; height: auto; display: block; margin: 0 auto;\" src=\"https:\/\/reanpackaging.com\/wp-content\/uploads\/2024\/08\/4-description-Luxury-Empty-6-Piece-Magnetic-Paper-Valentines-Chocolate-Folding-Packaging-Box-With-Plastic-Tray-Small-Chocolate-Gift-Box.jpg\" \/><br \/>\n<img decoding=\"async\" class=\"detail-desc-decorate-image\" style=\"max-width: 100%; height: auto; display: block; margin: 0 auto;\" src=\"https:\/\/reanpackaging.com\/wp-content\/uploads\/2024\/08\/5-description-Luxury-Empty-6-Piece-Magnetic-Paper-Valentines-Chocolate-Folding-Packaging-Box-With-Plastic-Tray-Small-Chocolate-Gift-Box.jpg\" \/><br \/>\n<img decoding=\"async\" class=\"detail-desc-decorate-image\" style=\"max-width: 100%; height: auto; display: block; margin: 0 auto;\" src=\"https:\/\/reanpackaging.com\/wp-content\/uploads\/2024\/08\/6-description-Luxury-Empty-6-Piece-Magnetic-Paper-Valentines-Chocolate-Folding-Packaging-Box-With-Plastic-Tray-Small-Chocolate-Gift-Box.jpg\" \/><br \/>\n<img decoding=\"async\" class=\"detail-desc-decorate-image\" style=\"max-width: 100%; height: auto; display: block; margin: 0 auto;\" src=\"https:\/\/reanpackaging.com\/wp-content\/uploads\/2024\/08\/7-description-Luxury-Empty-6-Piece-Magnetic-Paper-Valentines-Chocolate-Folding-Packaging-Box-With-Plastic-Tray-Small-Chocolate-Gift-Box.jpg\" \/><br \/>\n<img decoding=\"async\" class=\"detail-desc-decorate-image\" style=\"max-width: 100%; height: auto; display: block; margin: 0 auto;\" src=\"https:\/\/reanpackaging.com\/wp-content\/uploads\/2024\/08\/8-description-Luxury-Empty-6-Piece-Magnetic-Paper-Valentines-Chocolate-Folding-Packaging-Box-With-Plastic-Tray-Small-Chocolate-Gift-Box.jpg\" \/><br \/>\n<img decoding=\"async\" class=\"detail-desc-decorate-image\" style=\"max-width: 100%; height: auto; display: block; margin: 0 auto;\" src=\"https:\/\/reanpackaging.com\/wp-content\/uploads\/2024\/08\/9-description-Luxury-Empty-6-Piece-Magnetic-Paper-Valentines-Chocolate-Folding-Packaging-Box-With-Plastic-Tray-Small-Chocolate-Gift-Box.jpg\" \/><br \/>\n<img decoding=\"async\" class=\"detail-desc-decorate-image\" style=\"max-width: 100%; height: auto; display: block; margin: 0 auto;\" src=\"https:\/\/reanpackaging.com\/wp-content\/uploads\/2024\/08\/10-description-Luxury-Empty-6-Piece-Magnetic-Paper-Valentines-Chocolate-Folding-Packaging-Box-With-Plastic-Tray-Small-Chocolate-Gift-Box.jpg\" \/><br \/>\n<img decoding=\"async\" class=\"detail-desc-decorate-image\" style=\"max-width: 100%; height: auto; display: block; margin: 0 auto;\" src=\"https:\/\/reanpackaging.com\/wp-content\/uploads\/2024\/08\/11-description-Luxury-Empty-6-Piece-Magnetic-Paper-Valentines-Chocolate-Folding-Packaging-Box-With-Plastic-Tray-Small-Chocolate-Gift-Box.jpg\" \/><br \/>\n<img decoding=\"async\" class=\"detail-desc-decorate-image\" style=\"max-width: 100%; height: auto; display: block; margin: 0 auto;\" src=\"https:\/\/reanpackaging.com\/wp-content\/uploads\/2024\/08\/12-description-Luxury-Empty-6-Piece-Magnetic-Paper-Valentines-Chocolate-Folding-Packaging-Box-With-Plastic-Tray-Small-Chocolate-Gift-Box.jpg\" \/><br \/>\n<img decoding=\"async\" class=\"detail-desc-decorate-image\" style=\"max-width: 100%; height: auto; display: block; margin: 0 auto;\" src=\"https:\/\/reanpackaging.com\/wp-content\/uploads\/2024\/08\/13-description-Luxury-Empty-6-Piece-Magnetic-Paper-Valentines-Chocolate-Folding-Packaging-Box-With-Plastic-Tray-Small-Chocolate-Gift-Box.jpg\" \/><br \/>\n<img decoding=\"async\" class=\"detail-desc-decorate-image\" style=\"max-width: 100%; height: auto; display: block; margin: 0 auto;\" src=\"https:\/\/reanpackaging.com\/wp-content\/uploads\/2024\/08\/14-description-Luxury-Empty-6-Piece-Magnetic-Paper-Valentines-Chocolate-Folding-Packaging-Box-With-Plastic-Tray-Small-Chocolate-Gift-Box.jpg\" \/><br \/>\n<img decoding=\"async\" class=\"detail-desc-decorate-image\" style=\"max-width: 100%; height: auto; display: block; margin: 0 auto;\" src=\"https:\/\/reanpackaging.com\/wp-content\/uploads\/2024\/08\/15-description-Luxury-Empty-6-Piece-Magnetic-Paper-Valentines-Chocolate-Folding-Packaging-Box-With-Plastic-Tray-Small-Chocolate-Gift-Box.jpg\" \/><br \/>\n<img decoding=\"async\" class=\"detail-desc-decorate-image\" style=\"max-width: 100%; height: auto; display: block; margin: 0 auto;\" src=\"https:\/\/reanpackaging.com\/wp-content\/uploads\/2024\/08\/16-description-Luxury-Empty-6-Piece-Magnetic-Paper-Valentines-Chocolate-Folding-Packaging-Box-With-Plastic-Tray-Small-Chocolate-Gift-Box.jpg\" \/><br \/>\n<img decoding=\"async\" class=\"detail-desc-decorate-image\" style=\"max-width: 100%; height: auto; display: block; margin: 0 auto;\" src=\"https:\/\/reanpackaging.com\/wp-content\/uploads\/2024\/08\/17-description-Luxury-Empty-6-Piece-Magnetic-Paper-Valentines-Chocolate-Folding-Packaging-Box-With-Plastic-Tray-Small-Chocolate-Gift-Box.jpg\" \/><\/p>","protected":false},"excerpt":{"rendered":"<p>Industry-Specific Attributes Industrial Use Food Paper Type Grey Board Feature Recycled Materials Other Attributes Box Type Rigid Boxes Printing Handling Matt Lamination, Varnishing, Stamping, Embossing, Glossy Lamination, UV Coating, Gold Foil Custom Order Accept Shape Rectangle ,Square ,Heart shape Product name chocolate packaging box Shape Rectangular, Square, Round, Customized Usage Macaron, Food ,Chocolate,Candy Material 2mm [&hellip;]<\/p>\n","protected":false},"featured_media":25079,"template":"","meta":{"_seopress_robots_primary_cat":"none","_seopress_titles_title":"","_seopress_titles_desc":"","_seopress_robots_index":"","site-sidebar-layout":"default","site-content-layout":"","ast-site-content-layout":"default","site-content-style":"default","site-sidebar-style":"default","ast-global-header-display":"","ast-banner-title-visibility":"","ast-main-header-display":"","ast-hfb-above-header-display":"","ast-hfb-below-header-display":"","ast-hfb-mobile-header-display":"","site-post-title":"","ast-breadcrumbs-content":"","ast-featured-img":"","footer-sml-layout":"","ast-disable-related-posts":"","theme-transparent-header-meta":"default","adv-header-id-meta":"","stick-header-meta":"default","header-above-stick-meta":"","header-main-stick-meta":"","header-below-stick-meta":"","astra-migrate-meta-layouts":"set","ast-page-background-enabled":"default","ast-page-background-meta":{"desktop":{"background-color":"","background-image":"","background-repeat":"repeat","background-position":"center center","background-size":"auto","background-attachment":"scroll","background-type":"","background-media":"","overlay-type":"","overlay-color":"","overlay-opacity":"","overlay-gradient":""},"tablet":{"background-color":"","background-image":"","background-repeat":"repeat","background-position":"center center","background-size":"auto","background-attachment":"scroll","background-type":"","background-media":"","overlay-type":"","overlay-color":"","overlay-opacity":"","overlay-gradient":""},"mobile":{"background-color":"","background-image":"","background-repeat":"repeat","background-position":"center center","background-size":"auto","background-attachment":"scroll","background-type":"","background-media":"","overlay-type":"","overlay-color":"","overlay-opacity":"","overlay-gradient":""}},"ast-content-background-meta":{"desktop":{"background-color":"var(--ast-global-color-5)","background-image":"","background-repeat":"repeat","background-position":"center center","background-size":"auto","background-attachment":"scroll","background-type":"","background-media":"","overlay-type":"","overlay-color":"","overlay-opacity":"","overlay-gradient":""},"tablet":{"background-color":"var(--ast-global-color-5)","background-image":"","background-repeat":"repeat","background-position":"center center","background-size":"auto","background-attachment":"scroll","background-type":"","background-media":"","overlay-type":"","overlay-color":"","overlay-opacity":"","overlay-gradient":""},"mobile":{"background-color":"var(--ast-global-color-5)","background-image":"","background-repeat":"repeat","background-position":"center center","background-size":"auto","background-attachment":"scroll","background-type":"","background-media":"","overlay-type":"","overlay-color":"","overlay-opacity":"","overlay-gradient":""}}},"product_brand":[],"product_cat":[72],"product_tag":[],"class_list":{"0":"post-25173","1":"product","2":"type-product","3":"status-publish","4":"has-post-thumbnail","6":"product_cat-chocolate-box","7":"desktop-align-left","8":"tablet-align-left","9":"mobile-align-left","10":"ast-product-gallery-layout-horizontal","11":"ast-product-tabs-layout-horizontal","13":"first","14":"instock","15":"product-type-simple"},"_links":{"self":[{"href":"https:\/\/reanpackaging.com\/sv\/wp-json\/wp\/v2\/product\/25173","targetHints":{"allow":["GET"]}}],"collection":[{"href":"https:\/\/reanpackaging.com\/sv\/wp-json\/wp\/v2\/product"}],"about":[{"href":"https:\/\/reanpackaging.com\/sv\/wp-json\/wp\/v2\/types\/product"}],"wp:featuredmedia":[{"embeddable":true,"href":"https:\/\/reanpackaging.com\/sv\/wp-json\/wp\/v2\/media\/25079"}],"wp:attachment":[{"href":"https:\/\/reanpackaging.com\/sv\/wp-json\/wp\/v2\/media?parent=25173"}],"wp:term":[{"taxonomy":"product_brand","embeddable":true,"href":"https:\/\/reanpackaging.com\/sv\/wp-json\/wp\/v2\/product_brand?post=25173"},{"taxonomy":"product_cat","embeddable":true,"href":"https:\/\/reanpackaging.com\/sv\/wp-json\/wp\/v2\/product_cat?post=25173"},{"taxonomy":"product_tag","embeddable":true,"href":"https:\/\/reanpackaging.com\/sv\/wp-json\/wp\/v2\/product_tag?post=25173"}],"curies":[{"name":"wp","href":"https:\/\/api.w.org\/{rel}","templated":true}]}}