{"id":26473,"date":"2024-09-13T13:01:42","date_gmt":"2024-09-13T13:01:42","guid":{"rendered":"https:\/\/reanpackaging.com\/product\/perfume-bottle-packaging-fashion-design-black-cylinder-box-cardboard-gift-packaging-boxes-perfume-paper-tube\/"},"modified":"2024-09-29T04:01:18","modified_gmt":"2024-09-29T04:01:18","slug":"perfume-bottle-packaging-fashion-design-black-cylinder-box-cardboard-gift-packaging-boxes-perfume-paper-tube","status":"publish","type":"product","link":"https:\/\/reanpackaging.com\/sv\/produkt\/perfume-bottle-packaging-fashion-design-black-cylinder-box-cardboard-gift-packaging-boxes-perfume-paper-tube\/","title":{"rendered":"Parfymflaska f\u00f6rpackning mode design svart cylinder l\u00e5da kartong presentf\u00f6rpackningar l\u00e5dor parfym pappersr\u00f6r"},"content":{"rendered":"<h4>Branschspecifika attribut<\/h4>\n<table border=\"1\">\n<tr>\n<td><strong>Industriell anv\u00e4ndning<\/strong><\/td>\n<td>Pappersf\u00f6rpackningar<\/td>\n<\/tr>\n<tr>\n<td><strong>Typ av papper<\/strong><\/td>\n<td>Pappersf\u00f6rpackningar<\/td>\n<\/tr>\n<tr>\n<td><strong>Funktion<\/strong><\/td>\n<td>Biologiskt nedbrytbar<\/td>\n<\/tr>\n<\/table>\n<h4>\u00d6vriga attribut<\/h4>\n<table border=\"1\">\n<tr>\n<td><strong>Tryckning Hantering<\/strong><\/td>\n<td>Olika tryckprocesser att v\u00e4lja mellan<\/td>\n<\/tr>\n<tr>\n<td><strong>Tryck av logotyp<\/strong><\/td>\n<td>Olika tryckprocesser att v\u00e4lja mellan<\/td>\n<\/tr>\n<tr>\n<td><strong>Storlek<\/strong><\/td>\n<td>Anpassad storlek<\/td>\n<\/tr>\n<tr>\n<td><strong>Anpassad best\u00e4llning<\/strong><\/td>\n<td>Acceptera<\/td>\n<\/tr>\n<tr>\n<td><strong>F\u00f6rem\u00e5l<\/strong><\/td>\n<td>Biologiskt nedbrytbar aluminiumfolie inuti<\/td>\n<\/tr>\n<tr>\n<td><strong>Tryckf\u00e4rg<\/strong><\/td>\n<td>Bl\u00e4ck med sojaolja<\/td>\n<\/tr>\n<tr>\n<td><strong>F\u00e4rg<\/strong><\/td>\n<td>cmyk eller pantonef\u00e4rg<\/td>\n<\/tr>\n<tr>\n<td><strong>Bel\u00e4ggning<\/strong><\/td>\n<td>Matt Lamintation<\/td>\n<\/tr>\n<tr>\n<td><strong>Material<\/strong><\/td>\n<td>vit kartongk\u00e4rna+C2S \/Art Paper<\/td>\n<\/tr>\n<tr>\n<td><strong>Form<\/strong><\/td>\n<td>Runda<\/td>\n<\/tr>\n<tr>\n<td><strong>Upptill och nedtill<\/strong><\/td>\n<td>Rullad kant<\/td>\n<\/tr>\n<tr>\n<td><strong>Anv\u00e4ndning<\/strong><\/td>\n<td>superfood \/godis \/livsmedel \/chokladf\u00f6rpackningar<\/td>\n<\/tr>\n<tr>\n<td><strong>Logotyp<\/strong><\/td>\n<td>Kundens logotyp<\/td>\n<\/tr>\n<tr>\n<td><strong>MOQ<\/strong><\/td>\n<td>1000 st<\/td>\n<\/tr>\n<\/table>","protected":false},"excerpt":{"rendered":"<p>Industry-Specific Attributes Industrial Use Paper packaging Paper Type Paper packaging Feature Bio-degradable Other Attributes Printing Handling Various printing processes to choose from Logo printing Various printing processes to choose from Size Customized size Custom Order Accept Item Biodegradable aluminum foil inside Printing ink Soyoil Ink Color cmyk or pantone color Coating Matt Lamintation Material white [&hellip;]<\/p>\n","protected":false},"featured_media":26431,"template":"","meta":{"_seopress_robots_primary_cat":"","_seopress_titles_title":"","_seopress_titles_desc":"","_seopress_robots_index":"","site-sidebar-layout":"default","site-content-layout":"","ast-site-content-layout":"default","site-content-style":"default","site-sidebar-style":"default","ast-global-header-display":"","ast-banner-title-visibility":"","ast-main-header-display":"","ast-hfb-above-header-display":"","ast-hfb-below-header-display":"","ast-hfb-mobile-header-display":"","site-post-title":"","ast-breadcrumbs-content":"","ast-featured-img":"","footer-sml-layout":"","ast-disable-related-posts":"","theme-transparent-header-meta":"","adv-header-id-meta":"","stick-header-meta":"","header-above-stick-meta":"","header-main-stick-meta":"","header-below-stick-meta":"","astra-migrate-meta-layouts":"default","ast-page-background-enabled":"default","ast-page-background-meta":{"desktop":{"background-color":"","background-image":"","background-repeat":"repeat","background-position":"center center","background-size":"auto","background-attachment":"scroll","background-type":"","background-media":"","overlay-type":"","overlay-color":"","overlay-opacity":"","overlay-gradient":""},"tablet":{"background-color":"","background-image":"","background-repeat":"repeat","background-position":"center center","background-size":"auto","background-attachment":"scroll","background-type":"","background-media":"","overlay-type":"","overlay-color":"","overlay-opacity":"","overlay-gradient":""},"mobile":{"background-color":"","background-image":"","background-repeat":"repeat","background-position":"center center","background-size":"auto","background-attachment":"scroll","background-type":"","background-media":"","overlay-type":"","overlay-color":"","overlay-opacity":"","overlay-gradient":""}},"ast-content-background-meta":{"desktop":{"background-color":"var(--ast-global-color-5)","background-image":"","background-repeat":"repeat","background-position":"center center","background-size":"auto","background-attachment":"scroll","background-type":"","background-media":"","overlay-type":"","overlay-color":"","overlay-opacity":"","overlay-gradient":""},"tablet":{"background-color":"var(--ast-global-color-5)","background-image":"","background-repeat":"repeat","background-position":"center center","background-size":"auto","background-attachment":"scroll","background-type":"","background-media":"","overlay-type":"","overlay-color":"","overlay-opacity":"","overlay-gradient":""},"mobile":{"background-color":"var(--ast-global-color-5)","background-image":"","background-repeat":"repeat","background-position":"center center","background-size":"auto","background-attachment":"scroll","background-type":"","background-media":"","overlay-type":"","overlay-color":"","overlay-opacity":"","overlay-gradient":""}}},"product_brand":[],"product_cat":[73],"product_tag":[],"class_list":{"0":"post-26473","1":"product","2":"type-product","3":"status-publish","4":"has-post-thumbnail","6":"product_cat-perfume-boxes","7":"desktop-align-left","8":"tablet-align-left","9":"mobile-align-left","10":"ast-product-gallery-layout-horizontal","11":"ast-product-tabs-layout-horizontal","13":"first","14":"instock","15":"purchasable","16":"product-type-simple"},"_links":{"self":[{"href":"https:\/\/reanpackaging.com\/sv\/wp-json\/wp\/v2\/product\/26473","targetHints":{"allow":["GET"]}}],"collection":[{"href":"https:\/\/reanpackaging.com\/sv\/wp-json\/wp\/v2\/product"}],"about":[{"href":"https:\/\/reanpackaging.com\/sv\/wp-json\/wp\/v2\/types\/product"}],"wp:featuredmedia":[{"embeddable":true,"href":"https:\/\/reanpackaging.com\/sv\/wp-json\/wp\/v2\/media\/26431"}],"wp:attachment":[{"href":"https:\/\/reanpackaging.com\/sv\/wp-json\/wp\/v2\/media?parent=26473"}],"wp:term":[{"taxonomy":"product_brand","embeddable":true,"href":"https:\/\/reanpackaging.com\/sv\/wp-json\/wp\/v2\/product_brand?post=26473"},{"taxonomy":"product_cat","embeddable":true,"href":"https:\/\/reanpackaging.com\/sv\/wp-json\/wp\/v2\/product_cat?post=26473"},{"taxonomy":"product_tag","embeddable":true,"href":"https:\/\/reanpackaging.com\/sv\/wp-json\/wp\/v2\/product_tag?post=26473"}],"curies":[{"name":"wp","href":"https:\/\/api.w.org\/{rel}","templated":true}]}}